{"id":39,"date":"2007-07-13T12:58:22","date_gmt":"2007-07-13T15:58:22","guid":{"rendered":"http:\/\/blog.ufba.br\/wifisalvador\/parcitipe\/"},"modified":"2007-07-13T12:58:22","modified_gmt":"2007-07-13T15:58:22","slug":"parcitipe","status":"publish","type":"page","link":"https:\/\/blog.ufba.br\/wifisalvador\/parcitipe\/","title":{"rendered":"Participe!"},"content":{"rendered":"<p>O objetivo do Projeto \u201cWi-Fi Salvador\u201d \u00e9 tornar vis\u00edvel, a partir de um mapeamento da cidade de Salvador, os pontos de acesso sem fio \u00e0 internet P\u00daBLICOS por tecnologia <a href=\"http:\/\/en.wikipedia.org\/wiki\/Wi-Fi\">Wi-Fi<\/a> (\u201chotspots\u201d). Para isso, criamos esse blog colaborativo onde sua ajuda \u00e9 fundamental para:<\/p>\n<p>1. Indicar novos hotspots,<br \/>\n2. Enviar coment\u00e1rios sobre os pontos, sobre sua experi\u00eancia,<br \/>\n3. Enviar fotos, v\u00eddeos e sons dos hotspots<\/p>\n<p>Quanto maior a colabora\u00e7\u00e3o mais rico ser\u00e1 o Projeto.<\/p>\n<p>Queremos assim informa\u00e7\u00f5es sobre zonas de acesso P\u00daBLICAS, gratuitas ou pagas, que podem ser de empresas (caf\u00e9, restaurante, lounge de hotel, shoppings, etc.) ou dom\u00e9stica (usu\u00e1rios que deixam as suas conex\u00f5es abertas para compartilhamento da rede). Se voc\u00ea \u00e9 uma dessas pessoas, ou se voc\u00ea conhece algu\u00e9m ou algum ponto, por favor, nos fa\u00e7a saber.<\/p>\n<p>Para tanto, basta enviar uma mensagem para o nosso twitter: http:\/\/twiter.com\/wifi_salvador, ou usar a hashtag #wifi_salvador.<\/p>\n<p>Siga-nos no Twitter.<\/p>\n<p>V\u00e1rias quest\u00f5es emergem e gostar\u00edamos de ouv\u00ed-los. Por exemplo, o que muda na sua rela\u00e7\u00e3o com a cidade ao poder receber e emitir informa\u00e7\u00e3o em mobilidade? Poder se conectar com palms, laptops ou celulares em zonas Wi-Fi te trouxe uma outra viv\u00eancia do espa\u00e7o urbano? O que voc\u00ea acha dos hotspots visitados? Como est\u00e1 funcionando a conex\u00e3o? Como se d\u00e1 essa experi\u00eancia em uma cidade com diversos problemas estruturais e sociais (viol\u00eancia, exclus\u00e3o, pobreza\u2026)?<\/p>\n<p>Participe!<\/p>\n","protected":false},"excerpt":{"rendered":"<p>O objetivo do Projeto \u201cWi-Fi Salvador\u201d \u00e9 tornar vis\u00edvel, a partir de um mapeamento da cidade de Salvador, os pontos de acesso sem fio \u00e0 internet P\u00daBLICOS por tecnologia Wi-Fi (\u201chotspots\u201d). Para isso, criamos esse blog colaborativo onde sua ajuda \u00e9 fundamental para: 1. Indicar novos hotspots, 2. Enviar coment\u00e1rios sobre os pontos, sobre sua [&hellip;]<\/p>\n","protected":false},"author":1,"featured_media":0,"parent":0,"menu_order":2,"comment_status":"open","ping_status":"open","template":"","meta":{"_coblocks_attr":"","_coblocks_dimensions":"","_coblocks_responsive_height":"","_coblocks_accordion_ie_support":"","_themeisle_gutenberg_block_has_review":false,"footnotes":""},"class_list":["post-39","page","type-page","status-publish","hentry"],"_links":{"self":[{"href":"https:\/\/blog.ufba.br\/wifisalvador\/wp-json\/wp\/v2\/pages\/39"}],"collection":[{"href":"https:\/\/blog.ufba.br\/wifisalvador\/wp-json\/wp\/v2\/pages"}],"about":[{"href":"https:\/\/blog.ufba.br\/wifisalvador\/wp-json\/wp\/v2\/types\/page"}],"author":[{"embeddable":true,"href":"https:\/\/blog.ufba.br\/wifisalvador\/wp-json\/wp\/v2\/users\/1"}],"replies":[{"embeddable":true,"href":"https:\/\/blog.ufba.br\/wifisalvador\/wp-json\/wp\/v2\/comments?post=39"}],"version-history":[{"count":0,"href":"https:\/\/blog.ufba.br\/wifisalvador\/wp-json\/wp\/v2\/pages\/39\/revisions"}],"wp:attachment":[{"href":"https:\/\/blog.ufba.br\/wifisalvador\/wp-json\/wp\/v2\/media?parent=39"}],"curies":[{"name":"wp","href":"https:\/\/api.w.org\/{rel}","templated":true}]}}