{"id":1233,"date":"2020-06-09T20:06:31","date_gmt":"2020-06-09T23:06:31","guid":{"rendered":"http:\/\/blog.ufba.br\/polemicas\/?page_id=1233"},"modified":"2020-06-09T20:06:31","modified_gmt":"2020-06-09T23:06:31","slug":"polemicas-contemporaneas-2018-1","status":"publish","type":"page","link":"https:\/\/blog.ufba.br\/webpolemicas\/?page_id=1233","title":{"rendered":"Pol\u00eamicas Contempor\u00e2neas 2018.2"},"content":{"rendered":"<h1><strong>Programa\u00e7\u00e3o 2018.2<\/strong><\/h1>\n<h2>10.12.18 &#8211;\u00a0 Seguran\u00e7a na UFBA<\/h2>\n<h2>V\u00eddeo aqui<\/h2>\n<p><strong>Convidados:<\/strong>\u00a0Jo\u00e3o Carlos Sales, Jaime Neto e Luciene Fernandes<\/p>\n<h2 id=\"yui_3_17_2_1_1539264350002_3823\">03.12.18 &#8211; Religi\u00e3o e Poder<\/h2>\n<h2>V\u00eddeo aqui<\/h2>\n<p><strong>Convidados<\/strong>: Marlon Marcos, Pe L\u00e1zaro Muniz e Helder Targino<\/p>\n<h2 id=\"yui_3_17_2_1_1539264350002_3806\">26.11.18 &#8211; Viol\u00eancia na sociedade<\/h2>\n<h2><a href=\"https:\/\/noosfero.ufba.br\/polemicas-contemporaneas#video-box-anchor\" target=\"_blank\" rel=\"noopener\">V\u00eddeo aqui<\/a><\/h2>\n<p><strong>Convidados:<\/strong>\u00a0Carlos Eduardo Soares\u00a0Freitas,\u00a0Cloves Ara\u00fajo,\u00a0Mariana Possas e\u00a0Lisana Sampaio<\/p>\n<h2 id=\"yui_3_17_2_1_1539264350002_3765\">12.11.18 &#8211; A educa\u00e7\u00e3o e o novo governo do Brasil<\/h2>\n<h2><a href=\"https:\/\/noosfero.ufba.br\/polemicas-contemporaneas#video-box-anchor\" target=\"_blank\" rel=\"noopener\">V\u00eddeo aqui<\/a><\/h2>\n<p><strong>Convidados:\u00a0<\/strong>Aur\u00e9lio Schommer, Raquel Nery,\u00a0Allyson Mustafa,\u00a0Rerisson Cavalcante e\u00a0Antonio Lobo<\/p>\n<h2>05.11.18 &#8211;\u00a0<span id=\"yui_3_17_2_1_1539264350002_3740\" style=\"color: #000000\">A luta dos povos ind\u00edgenas na Brasil contempor\u00e2neo<\/span><\/h2>\n<h2><a href=\"https:\/\/noosfero.ufba.br\/polemicas-contemporaneas#video-box-anchor\" target=\"_blank\" rel=\"noopener\">V\u00eddeo aqui<\/a><\/h2>\n<p><strong>Convidados:<\/strong>\u00a0<span id=\"yui_3_17_2_1_1541506569902_566\">Menandro Ramos,\u00a0<span id=\"yui_3_17_2_1_1541506569902_566\">Mauricea de Souza e Silva,\u00a0<span id=\"yui_3_17_2_1_1541506569902_566\">Paulo Titi\u00e1,\u00a0<span id=\"yui_3_17_2_1_1541506569902_566\">Francisco Alfredo Morais Guimar\u00e3es e Rafaella Madalena Tux\u00e1.\u00a0<\/span><\/span><\/span><\/span><\/p>\n<h2 id=\"yui_3_17_2_1_1539264350002_3699\">29.10.18:\u00a0Educa\u00e7\u00e3o e as tecnologias: passado, presente e futuro<\/h2>\n<h2><a href=\"https:\/\/noosfero.ufba.br\/polemicas-contemporaneas#video-box-anchor\" target=\"_blank\" rel=\"noopener\">V\u00eddeo aqui<\/a><\/h2>\n<p><strong>Convidados:<\/strong>\u00a0Lynn Alves, Margarete Carvalho, Miguel Dourado, Maria Helena Bonilla e Ramon Rebou\u00e7as.<\/p>\n<h2 id=\"yui_3_17_2_1_1539264350002_3689\">22.10.18:\u00a0Direitos humanos, intoler\u00e2ncias e o futuro do Brasil<\/h2>\n<h2><a href=\"https:\/\/noosfero.ufba.br\/polemicas-contemporaneas#video-box-anchor\" target=\"_blank\" rel=\"noopener\">V\u00eddeo aqui\u00a0<\/a><\/h2>\n<p><strong>Convidados:\u00a0<\/strong>Mar\u00edlia Lomanto, Waldemar Oliveira, Monica Arag\u00e3o e Julio Rocha.<strong>\u00a0<\/strong><\/p>\n<h2>15.10.18 &#8211;\u00a0Reformas do Estado brasileiro<\/h2>\n<h2><a href=\"https:\/\/noosfero.ufba.br\/polemicas-contemporaneas#video-box-anchor\" target=\"_blank\" rel=\"noopener\">V\u00eddeo aqui<\/a><\/h2>\n<p><strong>Convidados:<\/strong>\u00a0Ualace Moreira, Simon Souza, Gra\u00e7a Druck e Miguel Calmon<\/p>\n<h2>08.10.18 &#8211; Avalia\u00e7\u00e3o das elei\u00e7\u00f5es 2018<\/h2>\n<h2><a href=\"https:\/\/noosfero.ufba.br\/polemicas-contemporaneas#video-box-anchor\" target=\"_blank\" rel=\"noopener\">V\u00eddeo aqui<\/a><\/h2>\n<p><strong>Convidados:\u00a0<\/strong>Carlos Zacarias,\u00a0Wilson Gomes,\u00a0Armando Avena\u00a0e\u00a0Osvaldo Lyra<\/p>\n<h2>24.09.18 &#8211; Cultura, pol\u00edtica e elei\u00e7\u00f5es<\/h2>\n<h2><a href=\"https:\/\/noosfero.ufba.br\/articles\/public\/0002\/6722\/web\/tiny.webm\">V\u00eddeo aqui<\/a><\/h2>\n<p><strong>Convidados:\u00a0<\/strong>Mr. Armeng,\u00a0\u00a0Felipe Dias, \u00cdcaro Jorge, Rose Lima, Mario Soares Neto, Leandro Cunha e Ana Vaneska\u00a0Santos<\/p>\n<h2>17.09.18 &#8211; Sofrimento na vida universit\u00e1ria, h\u00e1 bra\u00e7os que cuidam!<\/h2>\n<h2><a href=\"https:\/\/noosfero.ufba.br\/polemicas-contemporaneas#video-box-anchor\">v\u00eddeo aqui<\/a><\/h2>\n<h3><strong>Convidadas:<\/strong>\u00a0Thais Goldstein,\u00a0L\u00eada Lessa,\u00a0Ang\u00e9lica Mendes,\u00a0Denise Vieira da Silva<span id=\"yui_3_17_2_1_1536837794442_3630\">,\u00a0<span id=\"yui_3_17_2_1_1536837794442_3652\">Soraya Carvalho e\u00a0Roberta Ferreira.<\/span><\/span><\/h3>\n<h2>10.09.18 &#8211;\u00a0Comunica\u00e7\u00e3o e pol\u00edtica<\/h2>\n<p><strong>Convidados:\u00a0<\/strong>Miguel Cotrim, Poena Carmo, Cesar Leiro e Donaldson Gomes<br \/>\n<a href=\"https:\/\/noosfero.ufba.br\/polemicas-contemporaneas#video-box-anchor\">V\u00eddeo do debate &#8220;Comunica\u00e7\u00e3o e Pol\u00edtica&#8221; aqui.<\/a><br \/>\n&nbsp;<\/p>\n","protected":false},"excerpt":{"rendered":"<p>Programa\u00e7\u00e3o 2018.2 10.12.18 &#8211;\u00a0 Seguran\u00e7a na UFBA V\u00eddeo aqui Convidados:\u00a0Jo\u00e3o Carlos Sales, Jaime Neto e Luciene Fernandes 03.12.18 &#8211; Religi\u00e3o e Poder V\u00eddeo aqui Convidados: Marlon Marcos, Pe L\u00e1zaro Muniz e Helder Targino 26.11.18 &#8211; Viol\u00eancia na sociedade V\u00eddeo aqui &hellip; <a href=\"https:\/\/blog.ufba.br\/webpolemicas\/?page_id=1233\">Continue lendo <span class=\"meta-nav\">&rarr;<\/span><\/a><\/p>\n","protected":false},"author":1,"featured_media":0,"parent":1263,"menu_order":0,"comment_status":"closed","ping_status":"closed","template":"","meta":{"_coblocks_attr":"","_coblocks_dimensions":"","_coblocks_responsive_height":"","_coblocks_accordion_ie_support":"","_themeisle_gutenberg_block_has_review":false,"footnotes":""},"class_list":["post-1233","page","type-page","status-publish","hentry"],"_links":{"self":[{"href":"https:\/\/blog.ufba.br\/webpolemicas\/index.php?rest_route=\/wp\/v2\/pages\/1233"}],"collection":[{"href":"https:\/\/blog.ufba.br\/webpolemicas\/index.php?rest_route=\/wp\/v2\/pages"}],"about":[{"href":"https:\/\/blog.ufba.br\/webpolemicas\/index.php?rest_route=\/wp\/v2\/types\/page"}],"author":[{"embeddable":true,"href":"https:\/\/blog.ufba.br\/webpolemicas\/index.php?rest_route=\/wp\/v2\/users\/1"}],"replies":[{"embeddable":true,"href":"https:\/\/blog.ufba.br\/webpolemicas\/index.php?rest_route=%2Fwp%2Fv2%2Fcomments&post=1233"}],"version-history":[{"count":0,"href":"https:\/\/blog.ufba.br\/webpolemicas\/index.php?rest_route=\/wp\/v2\/pages\/1233\/revisions"}],"up":[{"embeddable":true,"href":"https:\/\/blog.ufba.br\/webpolemicas\/index.php?rest_route=\/wp\/v2\/pages\/1263"}],"wp:attachment":[{"href":"https:\/\/blog.ufba.br\/webpolemicas\/index.php?rest_route=%2Fwp%2Fv2%2Fmedia&parent=1233"}],"curies":[{"name":"wp","href":"https:\/\/api.w.org\/{rel}","templated":true}]}}