{"id":5019,"date":"2024-06-06T19:17:26","date_gmt":"2024-06-06T22:17:26","guid":{"rendered":"https:\/\/blog.ufba.br\/webgec\/?page_id=5019"},"modified":"2024-09-30T20:37:38","modified_gmt":"2024-09-30T23:37:38","slug":"fazendo-ciencia-atraves-da-radio-da-producao-de-conteudos-a-comunicacao-cientifica","status":"publish","type":"page","link":"https:\/\/blog.ufba.br\/webgec\/fazendo-ciencia-atraves-da-radio-da-producao-de-conteudos-a-comunicacao-cientifica\/","title":{"rendered":"Fazendo ci\u00eancia atrav\u00e9s da r\u00e1dio: da produ\u00e7\u00e3o de conte\u00fados \u00e0 comunica\u00e7\u00e3o cient\u00edfica"},"content":{"rendered":"\n<figure class=\"wp-block-image size-large\"><img fetchpriority=\"high\" decoding=\"async\" width=\"1024\" height=\"241\" src=\"https:\/\/blog.ufba.br\/webgec\/wp-content\/uploads\/sites\/7\/2024\/06\/Elementos-pagina-GEC-1024x241.png\" alt=\"\" class=\"wp-image-5022\" srcset=\"https:\/\/blog.ufba.br\/webgec\/wp-content\/uploads\/sites\/7\/2024\/06\/Elementos-pagina-GEC-1024x241.png 1024w, https:\/\/blog.ufba.br\/webgec\/wp-content\/uploads\/sites\/7\/2024\/06\/Elementos-pagina-GEC-300x71.png 300w, https:\/\/blog.ufba.br\/webgec\/wp-content\/uploads\/sites\/7\/2024\/06\/Elementos-pagina-GEC-768x181.png 768w, https:\/\/blog.ufba.br\/webgec\/wp-content\/uploads\/sites\/7\/2024\/06\/Elementos-pagina-GEC.png 1446w\" sizes=\"(max-width: 1024px) 100vw, 1024px\" \/><\/figure>\n\n\n\n<p>Um evento realizado pela Sociedade Brasileira pelo Progresso da Ci\u00eancia &#8211; SBPC vai \u00e0 Escola, promove minicursos em escolas p\u00fablicas de Salvador Bahia e outras atividades gratuitas, abertas ao p\u00fablico. Veja s\u00f3: <\/p>\n\n\n\n<p>CI\u00caNCIA E CINEMA SE ENCONTRAM<\/p>\n\n\n\n<p>Sala de Arte Cinema da UFBA<br>Vale do Canela<\/p>\n\n\n\n<h2 class=\"wp-block-heading\">03\/07\/24 &#8211; 15 h: Estrelas al\u00e9m do tempo<\/h2>\n\n\n<div class=\"wp-block-image\">\n<figure class=\"aligncenter size-large is-resized\"><img decoding=\"async\" width=\"1024\" height=\"576\" src=\"https:\/\/blog.ufba.br\/webgec\/wp-content\/uploads\/sites\/7\/2024\/06\/estrelas_alem-1024x576.jpg\" alt=\"\" class=\"wp-image-5026\" style=\"width:309px;height:auto\" srcset=\"https:\/\/blog.ufba.br\/webgec\/wp-content\/uploads\/sites\/7\/2024\/06\/estrelas_alem-1024x576.jpg 1024w, https:\/\/blog.ufba.br\/webgec\/wp-content\/uploads\/sites\/7\/2024\/06\/estrelas_alem-300x169.jpg 300w, https:\/\/blog.ufba.br\/webgec\/wp-content\/uploads\/sites\/7\/2024\/06\/estrelas_alem-768x432.jpg 768w, https:\/\/blog.ufba.br\/webgec\/wp-content\/uploads\/sites\/7\/2024\/06\/estrelas_alem.jpg 1042w\" sizes=\"(max-width: 1024px) 100vw, 1024px\" \/><figcaption class=\"wp-element-caption\">Katherine Johnson, Dorothy Vaughan e Mary Jackson<\/figcaption><\/figure><\/div>\n\n\n<blockquote class=\"wp-block-quote is-layout-flow wp-block-quote-is-layout-flow\">\n<p>O filme &#8220;Estrelas Al\u00e9m do Tempo&#8221; (t\u00edtulo original: &#8220;Hidden Figures&#8221;) tem uma rela\u00e7\u00e3o direta e inspiradora com a produ\u00e7\u00e3o de conhecimento cient\u00edfico, destacando a contribui\u00e7\u00e3o crucial de mulheres afro-americanas na ci\u00eancia, tecnologia, engenharia e matem\u00e1tica (STEM). O filme \u00e9 baseado no livro hom\u00f4nimo de Margot Lee Shetterly e conta a hist\u00f3ria ver\u00eddica de tr\u00eas matem\u00e1ticas e cientistas da NASA: Katherine Johnson, Dorothy Vaughan e Mary Jackson.<\/p>\n\n\n\n<p><strong>Debate ap\u00f3s o filme com a presen\u00e7a de Simone Moraes<\/strong>, docente do Instituto de Matem\u00e1tica e Estat\u00edstica da UFBA e <strong>D\u00e9bora Abdala<\/strong>, docente do departamento de Computa\u00e7\u00e3o Interdisciplinar do Instituto de Computa\u00e7\u00e3o da UFBA.<br><\/p>\n<\/blockquote>\n\n\n\n<h2 class=\"wp-block-heading\">04\/07\/24 &#8211; 15 h: Ar\u00e1bia<\/h2>\n\n\n\n<blockquote class=\"wp-block-quote is-layout-flow wp-block-quote-is-layout-flow\">\n<p>&#8220;Ar\u00e1bia&#8221; narra a vida de Cristiano, um trabalhador itinerante no Brasil, atrav\u00e9s de seu di\u00e1rio encontrado por Andr\u00e9, um jovem da periferia de Ouro Preto. O filme retrata as dificuldades e esperan\u00e7as da classe trabalhadora, explorando temas como dignidade, sobreviv\u00eancia e autodescoberta. A jornada de Cristiano, marcada por empregos tempor\u00e1rios e condi\u00e7\u00f5es adversas, revela momentos de camaradagem e amor. &#8220;Ar\u00e1bia&#8221; oferece uma reflex\u00e3o po\u00e9tica sobre a condi\u00e7\u00e3o humana e a luta di\u00e1ria por um sentido na vida. O filme contribui para a produ\u00e7\u00e3o de conhecimento em v\u00e1rias disciplinas das ci\u00eancias sociais e humanas, oferecendo um retrato profundo e reflexivo da vida e das lutas da classe trabalhadora, e promovendo uma compreens\u00e3o mais ampla e emp\u00e1tica da realidade social.<\/p>\n\n\n\n<p><em><strong><strong>Debate ap\u00f3s o filme com a presen\u00e7a de <\/strong>Isabela Fadul, professora da Faculdade de Direito\/UFBA e <strong>C\u00ednzia Barreto de Carvalho<\/strong>, advogada, Professora, membro do Comit\u00ea Gestor da Agenda Bahia para o Trabalho Decente. Mestre em Direito Privado e Econ\u00f4mico pela UFBA.<\/strong><\/em><\/p>\n<\/blockquote>\n\n\n\n<h2 class=\"wp-block-heading\"><br>04\/07\/24 &#8211; 18 h: Bicenten\u00e1rio da Independ\u00eancia: Her\u00f3is e Hero\u00ednas da Liberdade<\/h2>\n\n\n\n<blockquote class=\"wp-block-quote is-layout-flow wp-block-quote-is-layout-flow\">\n<p>O document\u00e1rio jornal\u00edstico marca o bicenten\u00e1rio da Independ\u00eancia do Brasil na Bahia, celebrado no dia 2 de julho de 2023. A equipe de produ\u00e7\u00e3o foi at\u00e9 Bras\u00edlia para apresentar ao p\u00fablico o Livro de A\u00e7o, que fica no Pante\u00e3o da P\u00e1tria e da Liberdade. L\u00e1 est\u00e3o inscritos os nomes de quatro protagonistas das lutas da Independ\u00eancia do Brasil na Bahia: Joana Ang\u00e9lica, Maria Quit\u00e9ria, Jo\u00e3o das Botas e Maria Felipa. Por lei, s\u00e3o considerados her\u00f3is e hero\u00ednas do Brasil. Personagens populares, de uma hist\u00f3ria desconhecida da maioria dos brasileiros, e que tiveram protagonismo nas lutas pela independ\u00eancia do pa\u00eds. Depois de Bras\u00edlia, a equipe percorreu a capital baiana e o interior do estado para desbravar a hist\u00f3ria de cada um deles. O que se encontrou foram relatos que marcam o hero\u00edsmo feminino e do povo negro nas lutas por liberdade.<\/p>\n\n\n\n<p>Premia\u00e7\u00e3o: Em novembro de 2023, o document\u00e1rio &#8220;Bicenten\u00e1rio da Independ\u00eancia: Her\u00f3is e Hero\u00ednas da Liberdade&#8221;, produzido pela Rede Bahia, foi um dos vencedores da 40\u00aa edi\u00e7\u00e3o do Pr\u00eamio Direitos Humanos de Jornalismo, organizado pelo Movimento de Justi\u00e7a e Direitos Humanos, em parceria com a Ordem dos Advogados do Brasil do Rio Grande do Sul. O especial concorreu com produ\u00e7\u00f5es de todo o pa\u00eds, e conquistou o terceiro lugar na categoria document\u00e1rio. Ao todo, foram 412 trabalhos inscritos em nove categorias. A cerim\u00f4nia de premia\u00e7\u00e3o aconteceu em Porto Alegre.<\/p>\n\n\n\n<p><em>Debate ap\u00f3s o filme com a presen\u00e7a de <\/em><strong>Henrique Mendes<\/strong>, jornalista e coordenador do projeto, e <strong>Ricardo Ishmael<\/strong>, jornalista e apresentador do projeto.<\/p>\n<\/blockquote>\n\n\n\n<h2 class=\"wp-block-heading\">DEBATE P\u00daBLICO, EM REDE<\/h2>\n\n\n\n<h2 class=\"wp-block-heading\">05\/07\/24 &#8211; Intelig\u00eancia Artificial e a atual divis\u00e3o internacional do trabalho<\/h2>\n\n\n<div class=\"wp-block-image\">\n<figure class=\"aligncenter size-large is-resized\"><img decoding=\"async\" width=\"564\" height=\"430\" src=\"https:\/\/blog.ufba.br\/webgec\/wp-content\/uploads\/sites\/7\/2024\/06\/arthur-edited.jpg\" alt=\"\" class=\"wp-image-5029\" style=\"width:286px;height:auto\" srcset=\"https:\/\/blog.ufba.br\/webgec\/wp-content\/uploads\/sites\/7\/2024\/06\/arthur-edited.jpg 564w, https:\/\/blog.ufba.br\/webgec\/wp-content\/uploads\/sites\/7\/2024\/06\/arthur-edited-300x229.jpg 300w\" sizes=\"(max-width: 564px) 100vw, 564px\" \/><figcaption class=\"wp-element-caption\">ARTHuR FrancSTEAM. Rob\u00f4 humanoide do Instituto de Geoci\u00eancias da Universidade Federal da Bahia (Ufba)<\/figcaption><\/figure><\/div>\n\n\n<p>Local: Instituto An\u00edsio Teixeira (IAT) SEC\/Bahia<\/p>\n\n\n\n<p>Iuri Rubim &#8211; Diretor Geral do IAT<br>Manoel Barral &#8211; Presidente da Academia de Ci\u1ebdncias da Bahia<br>Ernesto Marques &#8211; Presidente da Associa\u00e7\u00e3o Baiana de Imprensa (ABI)<br>Nanci Franco &#8211; Diretora da Faculdade de Educa\u00e7\u00e3o da UFBA (FACED\/UFBA)<br>Nelson Pretto &#8211; Professor da FACED UFBA<\/p>\n\n\n\n<p><strong>Conferencista: Sergio Amadeu da Silveira (UFABC)<\/strong><\/p>\n\n\n\n<p>Debatedoras:<\/p>\n\n\n\n<p>Karina Menezes &#8211; Professora FACED\/UFBA, integrante Raul Hacker Club<br>Tania Hetloski &#8211; Secret\u00e1ria Regional da SBPC<br>Rita Fernandes &#8211; Professora da Faculdade de Medicina da Bahia, Programa de p\u00f3s-gradua\u00e7\u00e3o em Sa\u00fade, Ambiente e Trabalho e do PPgSC\/ISC &#8211; UFBA.<\/p>\n\n\n\n<p>Coordena\u00e7\u00e3o: Salete Noro &#8211; professora FACED\/UFBA e secretaria regional da SBPC<\/p>\n\n\n\n<p>Faculdade de Educa\u00e7\u00e3o UFBA &#8211; Vale do Canela<\/p>\n\n\n\n<p><\/p>\n\n\n\n<h2 class=\"wp-block-heading\">MINICURSOS de Instala\u00e7\u00e3o de R\u00e1dio Web e Comunica\u00e7\u00e3o Cient\u00edfica P\u00fablica:<\/h2>\n\n\n\n<p><a href=\"http:\/\/escolas.educacao.ba.gov.br\/node\/12072\">Col\u00e9gio Estadual Luis Rogerio de Souza &#8211; Bairro Plataforma<br><\/a><a href=\"http:\/\/escolas.educacao.ba.gov.br\/node\/12115\">Centro Estadual de Educa\u00e7\u00e3o e Eventos Isaias Alves CEEPIA (ICEIA) &#8211; Bairro Barbalho<\/a><br><a href=\"https:\/\/institutooya.org\/web\/o-instituto\/\">Instituto Oy\u00e1 &#8211; Bairro Piraj\u00e1<\/a><br><a href=\"https:\/\/faced.ufba.br\/\">Faculdade de Educa\u00e7\u00e3o da UFBA &#8211; Vale do Canela<\/a><br><\/p>\n\n\n\n<p><\/p>\n\n\n\n<p><\/p>\n\n\n\n<p><\/p>\n\n\n\n<figure class=\"wp-block-image size-large is-resized\"><img loading=\"lazy\" decoding=\"async\" width=\"1024\" height=\"185\" src=\"https:\/\/blog.ufba.br\/webgec\/wp-content\/uploads\/sites\/7\/2024\/06\/rodape-1024x185.png\" alt=\"\" class=\"wp-image-5031\" style=\"width:670px;height:auto\" srcset=\"https:\/\/blog.ufba.br\/webgec\/wp-content\/uploads\/sites\/7\/2024\/06\/rodape-1024x185.png 1024w, https:\/\/blog.ufba.br\/webgec\/wp-content\/uploads\/sites\/7\/2024\/06\/rodape-300x54.png 300w, https:\/\/blog.ufba.br\/webgec\/wp-content\/uploads\/sites\/7\/2024\/06\/rodape-768x139.png 768w, https:\/\/blog.ufba.br\/webgec\/wp-content\/uploads\/sites\/7\/2024\/06\/rodape-1536x278.png 1536w, https:\/\/blog.ufba.br\/webgec\/wp-content\/uploads\/sites\/7\/2024\/06\/rodape-2048x371.png 2048w\" sizes=\"(max-width: 1024px) 100vw, 1024px\" \/><\/figure>\n","protected":false},"excerpt":{"rendered":"<p>Um evento realizado pela Sociedade Brasileira pelo Progresso da Ci\u00eancia &#8211; SBPC vai \u00e0 Escola, promove minicursos em escolas p\u00fablicas de Salvador Bahia e outras atividades gratuitas, abertas ao p\u00fablico. Veja s\u00f3: CI\u00caNCIA E CINEMA SE ENCONTRAM Sala de Arte Cinema da UFBAVale do Canela 03\/07\/24 &#8211; 15 h: Estrelas al\u00e9m do tempo O filme &#8220;Estrelas Al\u00e9m do Tempo&#8221; (t\u00edtulo original: &#8220;Hidden Figures&#8221;) tem uma rela\u00e7\u00e3o direta e inspiradora com a produ\u00e7\u00e3o de conhecimento cient\u00edfico, destacando a contribui\u00e7\u00e3o crucial de mulheres afro-americanas na ci\u00eancia, tecnologia, engenharia e matem\u00e1tica (STEM). O filme \u00e9 baseado no livro hom\u00f4nimo de Margot Lee Shetterly e conta a hist\u00f3ria ver\u00eddica de tr\u00eas matem\u00e1ticas e cientistas da NASA: Katherine Johnson, Dorothy Vaughan e Mary Jackson. Debate ap\u00f3s o filme com a presen\u00e7a de Simone Moraes, docente do Instituto de Matem\u00e1tica e Estat\u00edstica da UFBA e D\u00e9bora Abdala, docente do departamento de Computa\u00e7\u00e3o Interdisciplinar do Instituto de Computa\u00e7\u00e3o da UFBA. 04\/07\/24 &#8211; 15 h: Ar\u00e1bia &#8220;Ar\u00e1bia&#8221; narra a vida de Cristiano, um trabalhador itinerante no Brasil, atrav\u00e9s de seu di\u00e1rio encontrado por Andr\u00e9, um jovem da periferia de Ouro Preto. O filme retrata as dificuldades e esperan\u00e7as da classe trabalhadora, explorando temas como dignidade, sobreviv\u00eancia e autodescoberta. A jornada de Cristiano, marcada por empregos tempor\u00e1rios e condi\u00e7\u00f5es adversas, revela momentos de camaradagem e amor. &#8220;Ar\u00e1bia&#8221; oferece uma reflex\u00e3o po\u00e9tica sobre a condi\u00e7\u00e3o humana e a luta di\u00e1ria por um sentido na vida. O filme contribui para a produ\u00e7\u00e3o de conhecimento em v\u00e1rias disciplinas das ci\u00eancias sociais e humanas, oferecendo um retrato profundo e reflexivo da vida e das lutas da classe trabalhadora, e promovendo uma compreens\u00e3o mais ampla e emp\u00e1tica da realidade social. Debate ap\u00f3s o filme com a presen\u00e7a de Isabela Fadul, professora da Faculdade de Direito\/UFBA e C\u00ednzia Barreto de Carvalho, advogada, Professora, membro do Comit\u00ea Gestor da Agenda Bahia para o Trabalho Decente. Mestre em Direito Privado e Econ\u00f4mico pela UFBA. 04\/07\/24 &#8211; 18 h: Bicenten\u00e1rio da Independ\u00eancia: Her\u00f3is e Hero\u00ednas da Liberdade O document\u00e1rio jornal\u00edstico marca o bicenten\u00e1rio da Independ\u00eancia do Brasil na Bahia, celebrado no dia 2 de julho de 2023. A equipe de produ\u00e7\u00e3o foi at\u00e9 Bras\u00edlia para apresentar ao p\u00fablico o Livro de A\u00e7o, que fica no Pante\u00e3o da P\u00e1tria e da Liberdade. L\u00e1 est\u00e3o inscritos os nomes de quatro protagonistas das lutas da Independ\u00eancia do Brasil na Bahia: Joana Ang\u00e9lica, Maria Quit\u00e9ria, Jo\u00e3o das Botas e Maria Felipa. Por lei, s\u00e3o considerados her\u00f3is e hero\u00ednas do Brasil. Personagens populares, de uma hist\u00f3ria desconhecida da maioria dos brasileiros, e que tiveram protagonismo nas lutas pela independ\u00eancia do pa\u00eds. Depois de Bras\u00edlia, a equipe percorreu a capital baiana e o interior do estado para desbravar a hist\u00f3ria de cada um deles. O que se encontrou foram relatos que marcam o hero\u00edsmo feminino e do povo negro nas lutas por liberdade. Premia\u00e7\u00e3o: Em novembro de 2023, o document\u00e1rio &#8220;Bicenten\u00e1rio da Independ\u00eancia: Her\u00f3is e Hero\u00ednas da Liberdade&#8221;, produzido pela Rede Bahia, foi um dos vencedores da 40\u00aa edi\u00e7\u00e3o do Pr\u00eamio Direitos Humanos de Jornalismo, organizado pelo Movimento de Justi\u00e7a e Direitos Humanos, em parceria com a Ordem dos Advogados do Brasil do Rio Grande do Sul. O especial concorreu com produ\u00e7\u00f5es de todo o pa\u00eds, e conquistou o terceiro lugar na categoria document\u00e1rio. Ao todo, foram 412 trabalhos inscritos em nove categorias. A cerim\u00f4nia de premia\u00e7\u00e3o aconteceu em Porto Alegre. Debate ap\u00f3s o filme com a presen\u00e7a de Henrique Mendes, jornalista e coordenador do projeto, e Ricardo Ishmael, jornalista e apresentador do projeto. DEBATE P\u00daBLICO, EM REDE 05\/07\/24 &#8211; Intelig\u00eancia Artificial e a atual divis\u00e3o internacional do trabalho Local: Instituto An\u00edsio Teixeira (IAT) SEC\/Bahia Iuri Rubim &#8211; Diretor Geral do IATManoel Barral &#8211; Presidente da Academia de Ci\u1ebdncias da BahiaErnesto Marques &#8211; Presidente da Associa\u00e7\u00e3o Baiana de Imprensa (ABI)Nanci Franco &#8211; Diretora da Faculdade de Educa\u00e7\u00e3o da UFBA (FACED\/UFBA)Nelson Pretto &#8211; Professor da FACED UFBA Conferencista: Sergio Amadeu da Silveira (UFABC) Debatedoras: Karina Menezes &#8211; Professora FACED\/UFBA, integrante Raul Hacker ClubTania Hetloski &#8211; Secret\u00e1ria Regional da SBPCRita Fernandes &#8211; Professora da Faculdade de Medicina da Bahia, Programa de p\u00f3s-gradua\u00e7\u00e3o em Sa\u00fade, Ambiente e Trabalho e do PPgSC\/ISC &#8211; UFBA. Coordena\u00e7\u00e3o: Salete Noro &#8211; professora FACED\/UFBA e secretaria regional da SBPC Faculdade de Educa\u00e7\u00e3o UFBA &#8211; Vale do Canela MINICURSOS de Instala\u00e7\u00e3o de R\u00e1dio Web e Comunica\u00e7\u00e3o Cient\u00edfica P\u00fablica: Col\u00e9gio Estadual Luis Rogerio de Souza &#8211; Bairro PlataformaCentro Estadual de Educa\u00e7\u00e3o e Eventos Isaias Alves CEEPIA (ICEIA) &#8211; Bairro BarbalhoInstituto Oy\u00e1 &#8211; Bairro Piraj\u00e1Faculdade de Educa\u00e7\u00e3o da UFBA &#8211; Vale do Canela<\/p>\n","protected":false},"author":45,"featured_media":0,"parent":0,"menu_order":0,"comment_status":"closed","ping_status":"closed","template":"","meta":{"_coblocks_attr":"","_coblocks_dimensions":"","_coblocks_responsive_height":"","_coblocks_accordion_ie_support":"","ocean_post_layout":"","ocean_both_sidebars_style":"","ocean_both_sidebars_content_width":0,"ocean_both_sidebars_sidebars_width":0,"ocean_sidebar":"","ocean_second_sidebar":"","ocean_disable_margins":"enable","ocean_add_body_class":"","ocean_shortcode_before_top_bar":"","ocean_shortcode_after_top_bar":"","ocean_shortcode_before_header":"","ocean_shortcode_after_header":"","ocean_has_shortcode":"","ocean_shortcode_after_title":"","ocean_shortcode_before_footer_widgets":"","ocean_shortcode_after_footer_widgets":"","ocean_shortcode_before_footer_bottom":"","ocean_shortcode_after_footer_bottom":"","ocean_display_top_bar":"default","ocean_display_header":"default","ocean_header_style":"","ocean_center_header_left_menu":"","ocean_custom_header_template":"","ocean_custom_logo":0,"ocean_custom_retina_logo":0,"ocean_custom_logo_max_width":0,"ocean_custom_logo_tablet_max_width":0,"ocean_custom_logo_mobile_max_width":0,"ocean_custom_logo_max_height":0,"ocean_custom_logo_tablet_max_height":0,"ocean_custom_logo_mobile_max_height":0,"ocean_header_custom_menu":"","ocean_menu_typo_font_family":"","ocean_menu_typo_font_subset":"","ocean_menu_typo_font_size":0,"ocean_menu_typo_font_size_tablet":0,"ocean_menu_typo_font_size_mobile":0,"ocean_menu_typo_font_size_unit":"px","ocean_menu_typo_font_weight":"","ocean_menu_typo_font_weight_tablet":"","ocean_menu_typo_font_weight_mobile":"","ocean_menu_typo_transform":"","ocean_menu_typo_transform_tablet":"","ocean_menu_typo_transform_mobile":"","ocean_menu_typo_line_height":0,"ocean_menu_typo_line_height_tablet":0,"ocean_menu_typo_line_height_mobile":0,"ocean_menu_typo_line_height_unit":"","ocean_menu_typo_spacing":0,"ocean_menu_typo_spacing_tablet":0,"ocean_menu_typo_spacing_mobile":0,"ocean_menu_typo_spacing_unit":"","ocean_menu_link_color":"","ocean_menu_link_color_hover":"","ocean_menu_link_color_active":"","ocean_menu_link_background":"","ocean_menu_link_hover_background":"","ocean_menu_link_active_background":"","ocean_menu_social_links_bg":"","ocean_menu_social_hover_links_bg":"","ocean_menu_social_links_color":"","ocean_menu_social_hover_links_color":"","ocean_disable_title":"default","ocean_disable_heading":"default","ocean_post_title":"","ocean_post_subheading":"","ocean_post_title_style":"","ocean_post_title_background_color":"","ocean_post_title_background":0,"ocean_post_title_bg_image_position":"","ocean_post_title_bg_image_attachment":"","ocean_post_title_bg_image_repeat":"","ocean_post_title_bg_image_size":"","ocean_post_title_height":0,"ocean_post_title_bg_overlay":0.5,"ocean_post_title_bg_overlay_color":"","ocean_disable_breadcrumbs":"default","ocean_breadcrumbs_color":"","ocean_breadcrumbs_separator_color":"","ocean_breadcrumbs_links_color":"","ocean_breadcrumbs_links_hover_color":"","ocean_display_footer_widgets":"default","ocean_display_footer_bottom":"default","ocean_custom_footer_template":"","_themeisle_gutenberg_block_has_review":false,"footnotes":""},"class_list":["post-5019","page","type-page","status-publish","hentry","entry"],"_links":{"self":[{"href":"https:\/\/blog.ufba.br\/webgec\/wp-json\/wp\/v2\/pages\/5019"}],"collection":[{"href":"https:\/\/blog.ufba.br\/webgec\/wp-json\/wp\/v2\/pages"}],"about":[{"href":"https:\/\/blog.ufba.br\/webgec\/wp-json\/wp\/v2\/types\/page"}],"author":[{"embeddable":true,"href":"https:\/\/blog.ufba.br\/webgec\/wp-json\/wp\/v2\/users\/45"}],"replies":[{"embeddable":true,"href":"https:\/\/blog.ufba.br\/webgec\/wp-json\/wp\/v2\/comments?post=5019"}],"version-history":[{"count":10,"href":"https:\/\/blog.ufba.br\/webgec\/wp-json\/wp\/v2\/pages\/5019\/revisions"}],"predecessor-version":[{"id":5055,"href":"https:\/\/blog.ufba.br\/webgec\/wp-json\/wp\/v2\/pages\/5019\/revisions\/5055"}],"wp:attachment":[{"href":"https:\/\/blog.ufba.br\/webgec\/wp-json\/wp\/v2\/media?parent=5019"}],"curies":[{"name":"wp","href":"https:\/\/api.w.org\/{rel}","templated":true}]}}