{"id":446,"date":"2010-09-20T23:35:43","date_gmt":"2010-09-20T23:35:43","guid":{"rendered":"http:\/\/blog.ufba.br\/gec\/?page_id=446"},"modified":"2023-09-13T16:21:08","modified_gmt":"2023-09-13T19:21:08","slug":"objetivos","status":"publish","type":"page","link":"https:\/\/blog.ufba.br\/webgec\/reunioes\/eticahacker\/objetivos\/","title":{"rendered":"Objetivos"},"content":{"rendered":"<div style=\"background: url('http:\/\/blog.ufba.br\/webgec\/wp-content\/uploads\/sites\/7\/2020\/01\/backgrund.jpg') no-repeat;\">\n<\/div>\n<div style=\"width: 30%; float: left;\">\n<p style=\"font-weight: bold; margin-top: 0%;\"><big><big>MENU<\/big><\/big><\/p>\n<ul>\n<li><a href=\"http:\/\/blog.ufba.br\/webgec\/?page_id=329\"><span style=\"font-weight: bold;\">Apresenta\u00e7\u00e3o<\/span><\/a><\/li>\n<li><a href=\"http:\/\/blog.ufba.br\/webgec\/?page_id=446\"><span style=\"font-weight: bold;\">Objetivo<\/span><\/a><\/li>\n<li><a href=\"http:\/\/blog.ufba.br\/webgec\/?page_id=447\"><span style=\"font-weight: bold;\">Por que?<\/span><\/a><\/li>\n<li><a href=\"http:\/\/blog.ufba.br\/webgec\/?page_id=448\"><span style=\"font-weight: bold;\">O evento<\/span><\/a><\/li>\n<li><a href=\"https:\/\/blog.ufba.br\/webgec\/?page_id=345\"><span style=\"font-weight: bold;\">Os convidados<\/span><\/a><\/li>\n<li><a href=\"http:\/\/blog.ufba.br\/webgec\/?page_id=449\"><span style=\"font-weight: bold;\">Programa\u00e7\u00e3o<\/span><\/a><\/li>\n<li><span style=\"font-weight: bold;\"><a href=\"http:\/\/blog.ufba.br\/webgec\/?page_id=3703\">Cartazes, \u00c1udios e V\u00eddeos<\/a><\/span><\/li>\n<li><span style=\"font-weight: bold;\"><a href=\"http:\/\/blog.ufba.br\/webgec\/?page_id=673\">Links<\/a><\/span><\/li>\n<li><span style=\"font-weight: bold;\"><a href=\"http:\/\/blog.ufba.br\/webgec\/?page_id=713\">Artigos<\/a><\/span><\/li>\n<li><span style=\"font-weight: bold;\"><a href=\"http:\/\/blog.ufba.br\/webgec\/?page_id=850\">A EQUIPE<\/a><\/span><\/li>\n<\/ul>\n<p><a href=\"https:\/\/blog.ufba.br\/gec\/?page_id=347#videos\"><img decoding=\"async\" style=\"border: 0px solid; width: 178px; height: 24px;\" src=\"http:\/\/blog.ufba.br\/webgec\/wp-content\/uploads\/sites\/7\/2011\/02\/assista_vid_evento.gif\" alt=\"\" \/><\/a><\/p>\n<table style=\"width: 180px; height: 98px;\" border=\"0\" cellspacing=\"0\" cellpadding=\"0\">\n<tbody>\n<tr>\n<td style=\"vertical-align: top; text-align: center;\"><a href=\"http:\/\/www.youtube.com\/user\/ufbagec?gl=BR&amp;feature=mhum\" target=\"_blank\" rel=\"noopener\"><img decoding=\"async\" style=\"width: 55px; height: 57px;\" src=\"http:\/\/blog.ufba.br\/gec\/files\/2010\/09\/youtube_logo_14.png\" alt=\"\" \/><\/a><\/td>\n<td style=\"vertical-align: top; text-align: center;\"><a href=\"http:\/\/twitter.com\/eticahacker\" target=\"_blank\" rel=\"noopener\"><img decoding=\"async\" style=\"width: 55px; height: 57px;\" src=\"http:\/\/blog.ufba.br\/webgec\/wp-content\/uploads\/sites\/7\/2010\/09\/twitter_logo.png\" alt=\"\" \/><\/a><\/td>\n<\/tr>\n<tr>\n<td style=\"vertical-align: top; text-align: center;\"><img decoding=\"async\" style=\"width: 55px; height: 57px;\" src=\"http:\/\/blog.ufba.br\/webgec\/wp-content\/uploads\/sites\/7\/2010\/09\/facebook.png\" alt=\"\" \/><\/td>\n<td style=\"vertical-align: top; text-align: center;\"><img decoding=\"async\" style=\"width: 55px; height: 57px;\" src=\"http:\/\/blog.ufba.br\/webgec\/wp-content\/uploads\/sites\/7\/2010\/09\/identica_logo.png\" alt=\"\" \/><\/td>\n<\/tr>\n<\/tbody>\n<\/table>\n<\/div>\n<div style=\"text-align: justify; width: 70%; float: left;\">\n<div>\n<h2><strong>Objetivo das a\u00e7\u00f5es<\/strong><\/h2>\n<ul>\n<li>Mobilizar as comunidades para o debate sobre as quest\u00f5es da \u00c9tica Hacker, Educa\u00e7\u00e3o, Cultura, Ci\u00eancia e Tecnologia.<\/li>\n<li>Divulgar, com conte\u00fado cient\u00edfico, a Semana Nacional de C&amp;T 2010.<\/li>\n<li>Organizar espa\u00e7os-tempos de reflex\u00e3o sobre a \u00e9tica hacker na sociedade contempor\u00e2nea.<\/li>\n<li>Estimular a reflex\u00e3o e a produ\u00e7\u00e3o acad\u00eamica na forma\u00e7\u00e3o da cidadania.<\/li>\n<li>Estabelecer uma rela\u00e7\u00e3o de aproxima\u00e7\u00e3o entre os princ\u00edpios da \u00e9tica hacker e os diferentes segmentos da sociedade.<\/li>\n<li>Estabelecer uma aproxima\u00e7\u00e3o entre a academia, os meios de comunica\u00e7\u00e3o e a sociedade em torno de temas culturais, educacionais, cient\u00edficos e tecnol\u00f3gicos.<\/li>\n<\/ul>\n<\/div>\n<\/div>\n<div>\n<h2 style=\"padding-left: 30px;\">Promo\u00e7\u00e3o<\/h2>\n<table style=\"margin-left: auto; margin-right: auto;\">\n<tbody>\n<tr>\n<td><a href=\"http:\/\/www.ufba.br\/\"><img decoding=\"async\" src=\"http:\/\/blog.ufba.br\/webgec\/wp-content\/uploads\/sites\/7\/2010\/09\/g3316.png\" alt=\"\" \/><\/a><\/td>\n<td><a href=\"http:\/\/www2.faced.ufba.br\/\"><img decoding=\"async\" src=\"http:\/\/blog.ufba.br\/webgec\/wp-content\/uploads\/sites\/7\/2010\/09\/faced.png\" alt=\"\" \/><\/a><\/td>\n<td><a href=\"http:\/\/www.irdeb.ba.gov.br\/\"><img decoding=\"async\" src=\"http:\/\/blog.ufba.br\/gec\/files\/2010\/09\/irdeb.png\" alt=\"\" \/><\/a><\/td>\n<td><a href=\"http:\/\/www.irdeb.ba.gov.br\/\"><img decoding=\"async\" src=\"http:\/\/blog.ufba.br\/webgec\/wp-content\/uploads\/sites\/7\/2010\/09\/fapesb.png\" alt=\"\" \/><\/a><\/td>\n<\/tr>\n<\/tbody>\n<\/table>\n<\/div>\n<div><\/div>\n<div>\n<table class=\"aligncenter\" style=\"width: 600px; height: 77px; margin-left: auto; margin-right: auto;\" border=\"0\" cellspacing=\"0\" cellpadding=\"0\" align=\"center\">\n<tbody>\n<tr>\n<td style=\"vertical-align: top;\" colspan=\"4\">\n<p style=\"text-align: center;\"><a href=\"http:\/\/creativecommons.org\/licenses\/by-nc-sa\/3.0\/\" rel=\"license\"><img decoding=\"async\" style=\"border-width: 0pt;\" src=\"http:\/\/i.creativecommons.org\/l\/by-nc-sa\/3.0\/88x31.png\" alt=\"Licen\u00e7a Creative Commons\" \/><\/a><\/p>\n<p style=\"text-align: center;\"><span style=\"font-size: x-small;\"><strong><span style=\"font-size: small;\">A obra Evento \u00c9tica Hacker e o desenvolvimento da Ci\u00eancia e Tecnologia de <\/span><\/strong><strong><span style=\"font-size: small;\"><a href=\"www.eticahacker.faced.ufba.br\" rel=\"cc:attributionURL\">Gec-Faced-UFBA<\/a> <\/span><\/strong><strong><span style=\"font-size: small;\">foi licenciada com uma Licen\u00e7a <\/span><\/strong><a href=\"http:\/\/creativecommons.org\/licenses\/by-nc-sa\/3.0\/\" rel=\"license\"><strong><span style=\"font-size: small;\">Creative Commons &#8211; Atribui\u00e7\u00e3o &#8211; Uso N\u00e3o-Comercial &#8211; Partilha nos Mesmos Termos 3.0 N\u00e3o Adaptada<\/span><\/strong><\/a><strong><span style=\"font-size: small;\">. Com base na obra dispon\u00edvel em <\/span><\/strong><a href=\"www.eticahacker.faced.ufba.br\" rel=\"dct:source\"><strong><span style=\"font-size: small;\">www.eticahacker.faced.ufba.br<\/span><\/strong><\/a><strong><span style=\"font-size: small;\">.<\/span><\/strong><\/span><\/p>\n<\/td>\n<\/tr>\n<\/tbody>\n<\/table>\n<\/div>\n","protected":false},"excerpt":{"rendered":"<p>MENU Apresenta\u00e7\u00e3o Objetivo Por que? O evento Os convidados Programa\u00e7\u00e3o Cartazes, \u00c1udios e V\u00eddeos Links Artigos A EQUIPE Objetivo das a\u00e7\u00f5es Mobilizar as comunidades para o debate sobre as quest\u00f5es da \u00c9tica Hacker, Educa\u00e7\u00e3o, Cultura, Ci\u00eancia e Tecnologia. Divulgar, com conte\u00fado cient\u00edfico, a Semana Nacional de C&amp;T 2010. Organizar espa\u00e7os-tempos de reflex\u00e3o sobre a \u00e9tica hacker na sociedade contempor\u00e2nea. Estimular a reflex\u00e3o e a produ\u00e7\u00e3o acad\u00eamica na forma\u00e7\u00e3o da cidadania. Estabelecer uma rela\u00e7\u00e3o de aproxima\u00e7\u00e3o entre os princ\u00edpios da \u00e9tica hacker e os diferentes segmentos da sociedade. Estabelecer uma aproxima\u00e7\u00e3o entre a academia, os meios de comunica\u00e7\u00e3o e a sociedade em torno de temas culturais, educacionais, cient\u00edficos e tecnol\u00f3gicos. Promo\u00e7\u00e3o A obra Evento \u00c9tica Hacker e o desenvolvimento da Ci\u00eancia e Tecnologia de Gec-Faced-UFBA foi licenciada com uma Licen\u00e7a Creative Commons &#8211; Atribui\u00e7\u00e3o &#8211; Uso N\u00e3o-Comercial &#8211; Partilha nos Mesmos Termos 3.0 N\u00e3o Adaptada. Com base na obra dispon\u00edvel em www.eticahacker.faced.ufba.br.<\/p>\n","protected":false},"author":1,"featured_media":0,"parent":329,"menu_order":0,"comment_status":"closed","ping_status":"closed","template":"onecolumn-page.php","meta":{"_coblocks_attr":"","_coblocks_dimensions":"","_coblocks_responsive_height":"","_coblocks_accordion_ie_support":"","ocean_post_layout":"","ocean_both_sidebars_style":"","ocean_both_sidebars_content_width":0,"ocean_both_sidebars_sidebars_width":0,"ocean_sidebar":"","ocean_second_sidebar":"","ocean_disable_margins":"enable","ocean_add_body_class":"","ocean_shortcode_before_top_bar":"","ocean_shortcode_after_top_bar":"","ocean_shortcode_before_header":"","ocean_shortcode_after_header":"","ocean_has_shortcode":"","ocean_shortcode_after_title":"","ocean_shortcode_before_footer_widgets":"","ocean_shortcode_after_footer_widgets":"","ocean_shortcode_before_footer_bottom":"","ocean_shortcode_after_footer_bottom":"","ocean_display_top_bar":"default","ocean_display_header":"default","ocean_header_style":"","ocean_center_header_left_menu":"","ocean_custom_header_template":"","ocean_custom_logo":0,"ocean_custom_retina_logo":0,"ocean_custom_logo_max_width":0,"ocean_custom_logo_tablet_max_width":0,"ocean_custom_logo_mobile_max_width":0,"ocean_custom_logo_max_height":0,"ocean_custom_logo_tablet_max_height":0,"ocean_custom_logo_mobile_max_height":0,"ocean_header_custom_menu":"","ocean_menu_typo_font_family":"","ocean_menu_typo_font_subset":"","ocean_menu_typo_font_size":0,"ocean_menu_typo_font_size_tablet":0,"ocean_menu_typo_font_size_mobile":0,"ocean_menu_typo_font_size_unit":"px","ocean_menu_typo_font_weight":"","ocean_menu_typo_font_weight_tablet":"","ocean_menu_typo_font_weight_mobile":"","ocean_menu_typo_transform":"","ocean_menu_typo_transform_tablet":"","ocean_menu_typo_transform_mobile":"","ocean_menu_typo_line_height":0,"ocean_menu_typo_line_height_tablet":0,"ocean_menu_typo_line_height_mobile":0,"ocean_menu_typo_line_height_unit":"","ocean_menu_typo_spacing":0,"ocean_menu_typo_spacing_tablet":0,"ocean_menu_typo_spacing_mobile":0,"ocean_menu_typo_spacing_unit":"","ocean_menu_link_color":"","ocean_menu_link_color_hover":"","ocean_menu_link_color_active":"","ocean_menu_link_background":"","ocean_menu_link_hover_background":"","ocean_menu_link_active_background":"","ocean_menu_social_links_bg":"","ocean_menu_social_hover_links_bg":"","ocean_menu_social_links_color":"","ocean_menu_social_hover_links_color":"","ocean_disable_title":"default","ocean_disable_heading":"default","ocean_post_title":"","ocean_post_subheading":"","ocean_post_title_style":"","ocean_post_title_background_color":"","ocean_post_title_background":0,"ocean_post_title_bg_image_position":"","ocean_post_title_bg_image_attachment":"","ocean_post_title_bg_image_repeat":"","ocean_post_title_bg_image_size":"","ocean_post_title_height":0,"ocean_post_title_bg_overlay":0.5,"ocean_post_title_bg_overlay_color":"","ocean_disable_breadcrumbs":"default","ocean_breadcrumbs_color":"","ocean_breadcrumbs_separator_color":"","ocean_breadcrumbs_links_color":"","ocean_breadcrumbs_links_hover_color":"","ocean_display_footer_widgets":"default","ocean_display_footer_bottom":"default","ocean_custom_footer_template":"","_themeisle_gutenberg_block_has_review":false,"footnotes":""},"class_list":["post-446","page","type-page","status-publish","hentry","entry"],"_links":{"self":[{"href":"https:\/\/blog.ufba.br\/webgec\/wp-json\/wp\/v2\/pages\/446"}],"collection":[{"href":"https:\/\/blog.ufba.br\/webgec\/wp-json\/wp\/v2\/pages"}],"about":[{"href":"https:\/\/blog.ufba.br\/webgec\/wp-json\/wp\/v2\/types\/page"}],"author":[{"embeddable":true,"href":"https:\/\/blog.ufba.br\/webgec\/wp-json\/wp\/v2\/users\/1"}],"replies":[{"embeddable":true,"href":"https:\/\/blog.ufba.br\/webgec\/wp-json\/wp\/v2\/comments?post=446"}],"version-history":[{"count":2,"href":"https:\/\/blog.ufba.br\/webgec\/wp-json\/wp\/v2\/pages\/446\/revisions"}],"predecessor-version":[{"id":3959,"href":"https:\/\/blog.ufba.br\/webgec\/wp-json\/wp\/v2\/pages\/446\/revisions\/3959"}],"up":[{"embeddable":true,"href":"https:\/\/blog.ufba.br\/webgec\/wp-json\/wp\/v2\/pages\/329"}],"wp:attachment":[{"href":"https:\/\/blog.ufba.br\/webgec\/wp-json\/wp\/v2\/media?parent=446"}],"curies":[{"name":"wp","href":"https:\/\/api.w.org\/{rel}","templated":true}]}}