{"id":312,"date":"2010-08-31T17:48:47","date_gmt":"2010-08-31T17:48:47","guid":{"rendered":"http:\/\/blog.ufba.br\/gec\/?page_id=312"},"modified":"2010-08-31T17:48:47","modified_gmt":"2010-08-31T17:48:47","slug":"projetos-de-formacao-orientacoes","status":"publish","type":"page","link":"https:\/\/blog.ufba.br\/webgec\/projetos\/projetos-de-formacao-orientacoes\/","title":{"rendered":"Projetos de Forma\u00e7\u00e3o (orienta\u00e7\u00f5es)"},"content":{"rendered":"<h3>Grupos de estudos:<\/h3>\n<h5><a name=\"Inclus\u00e3o_Digital\"><\/a> <a href=\"http:\/\/www.gec.faced.ufba.br\/twiki\/bin\/view\/GEC\/ProjetosInclus%e3oDigital\" target=\"_top\" rel=\"noopener\">Inclus\u00e3o Digital<\/a><\/h5>\n<h5><a name=\"Educa\u00e7\u00e3o_a_Dist\u00e2ncia\"><\/a> Educa\u00e7\u00e3o a Dist\u00e2ncia<\/h5>\n<h5><a name=\"Cibercultura\"><\/a> Cibercultura<\/h5>\n<h5><a name=\"Converg\u00eancia_de_M\u00eddias\"><\/a> <a href=\"http:\/\/www.moodle.ufba.br\/course\/view.php?id=2\" target=\"_top\" rel=\"noopener\">Converg\u00eancia de M\u00eddias<\/a><\/h5>\n<p>&nbsp;<\/p>\n<h2><a name=\"Trabalhos_de_orienta\u00e7\u00e3o_dos_prof\"><\/a> Trabalhos de orienta\u00e7\u00e3o dos professores pesquisadores do grupo<\/h2>\n<p>&nbsp;<\/p>\n<h4><a name=\"Quadro_Bolsistas_Mestrandos_Dout\"><\/a> <a href=\"http:\/\/www.twiki.faced.ufba.br\/twiki\/bin\/view\/GEC\/QuadroBolsistas2008\">Quadro Bolsistas, Mestrandos, Doutorandos e Volunt\u00e1rios do GEC<\/a><\/h4>\n<p>&nbsp;<\/p>\n<h4><a name=\"Monografias_Disserta\u00e7\u00f5es_e_Teses\"><\/a> <a href=\"http:\/\/www.twiki.faced.ufba.br\/twiki\/bin\/view\/GEC\/QuadroGeral\">Monografias, Disserta\u00e7\u00f5es e Teses CONCLU\u00cdDAS<\/a><\/h4>\n<p>&nbsp;<\/p>\n<h4><a name=\"P\u00f3s_Doc_e_Miss\u00e3o_de_trabalho\"><\/a> P\u00f3s-Doc e Miss\u00e3o de trabalho<\/h4>\n<p><a href=\"http:\/\/www.twiki.faced.ufba.br\/twiki\/bin\/view\/FACED\/CooperacaoInternacional\" target=\"_top\" rel=\"noopener\">Programa de Coopera\u00e7\u00e3o com a Universidade de Ume\u00e4\/Su\u00e9cia<\/a>&#8211; coordena\u00e7\u00e3o Prof. Nelson Pretto Interc\u00e2mbio: Dart Ara\u00fajo, Tiago Figueiredo<br \/>\n&nbsp;<\/p>\n<h4><a name=\"Orienta\u00e7\u00f5es_em_andamento_Monogra\"><\/a><a name=\"_Orienta\u00e7\u00f5es_em_andamento_Monogr\"><\/a> <strong>Orienta\u00e7\u00f5es em andamento \/ Monografia, Mestrado e Doutorado<\/strong><\/h4>\n<p>&nbsp;<br \/>\n&nbsp;<br \/>\n<a name=\"edittable1\"><\/a><\/p>\n<div>\n<table id=\"table1\" border=\"1\" rules=\"rows\" cellspacing=\"0\" cellpadding=\"0\">\n<thead>\n<tr style=\"font-family: Verdana,Arial,Helvetica,sans-serif;font-size: 12px;color: #070602\">\n<th valign=\"top\" bgcolor=\"#687684\"><strong><a title=\"Sort by this column\" href=\"http:\/\/www.twiki.faced.ufba.br\/twiki\/bin\/view\/GEC\/WebFormacao?sortcol=0;table=1;up=0#sorted_table\" rel=\"nofollow\"><span style=\"color: #ffffff\">Autor<\/span><\/a><\/strong><\/th>\n<th valign=\"top\" bgcolor=\"#687684\"><strong><a title=\"Sort by this column\" href=\"http:\/\/www.twiki.faced.ufba.br\/twiki\/bin\/view\/GEC\/WebFormacao?sortcol=1;table=1;up=0#sorted_table\" rel=\"nofollow\"><span style=\"color: #ffffff\">T\u00edtulo<\/span><\/a><\/strong><\/th>\n<th valign=\"top\" bgcolor=\"#687684\"><strong><a title=\"Sort by this column\" href=\"http:\/\/www.twiki.faced.ufba.br\/twiki\/bin\/view\/GEC\/WebFormacao?sortcol=2;table=1;up=0#sorted_table\" rel=\"nofollow\"><span style=\"color: #ffffff\">N\u00edvel<\/span><\/a><\/strong><\/th>\n<th valign=\"top\" bgcolor=\"#687684\"><strong><a title=\"Sort by this column\" href=\"http:\/\/www.twiki.faced.ufba.br\/twiki\/bin\/view\/GEC\/WebFormacao?sortcol=3;table=1;up=0#sorted_table\" rel=\"nofollow\"><span style=\"color: #ffffff\">Orientador<\/span><\/a><\/strong><\/th>\n<th valign=\"top\" bgcolor=\"#687684\"><strong><a title=\"Sort by this column\" href=\"http:\/\/www.twiki.faced.ufba.br\/twiki\/bin\/view\/GEC\/WebFormacao?sortcol=4;table=1;up=0#sorted_table\" rel=\"nofollow\"><span style=\"color: #ffffff\">Ano de ingresso<\/span><\/a><\/strong><\/th>\n<th valign=\"top\" bgcolor=\"#687684\"><strong><a title=\"Sort by this column\" href=\"http:\/\/www.twiki.faced.ufba.br\/twiki\/bin\/view\/GEC\/WebFormacao?sortcol=5;table=1;up=0#sorted_table\" rel=\"nofollow\"><span style=\"color: #ffffff\">E-mail do autor<\/span><\/a><\/strong><\/th>\n<th valign=\"top\" bgcolor=\"#687684\"><a title=\"Sort by this column\" href=\"http:\/\/www.twiki.faced.ufba.br\/twiki\/bin\/view\/GEC\/WebFormacao?sortcol=6;table=1;up=0#sorted_table\" rel=\"nofollow\"><span style=\"color: #ffffff\">Ag\u00eancia de fomento<\/span><\/a><\/th>\n<\/tr>\n<\/thead>\n<tbody>\n<tr>\n<td valign=\"top\" bgcolor=\"#ffffff\">Sule Sampaio (Joseilda)<\/td>\n<td valign=\"top\" bgcolor=\"#ffffff\"><a href=\"http:\/\/www.twiki.faced.ufba.br\/twiki\/bin\/view\/GEC\/TabuleiroFormacaoProfessores\">Tabuleiro Digital de Irec\u00ea e articula\u00e7\u00e3o com o Programa de Forma\u00e7\u00e3o de Professores de Irec\u00ea<\/a><\/td>\n<td valign=\"top\" bgcolor=\"#ffffff\">Disserta\u00e7\u00e3o (Mestrado em Educa\u00e7\u00e3o)<\/td>\n<td valign=\"top\" bgcolor=\"#ffffff\">Maria Helena Bonilla<\/td>\n<td valign=\"top\" bgcolor=\"#ffffff\">2009<\/td>\n<td valign=\"top\" bgcolor=\"#ffffff\"><a href=\"mailto:sule_sp@yahoo.com.br\">sule_sp@yahoo.com.br<\/a><\/td>\n<td valign=\"top\" bgcolor=\"#ffffff\">&#8212;<\/td>\n<\/tr>\n<tr>\n<td valign=\"top\" bgcolor=\"#edf4f9\">Livia Andrade Coelho<\/td>\n<td valign=\"top\" bgcolor=\"#edf4f9\">Alfabetiza\u00e7\u00e3o de Jovens e Adultos e as Novas Tecnologias<\/td>\n<td valign=\"top\" bgcolor=\"#edf4f9\">Mestrado<\/td>\n<td valign=\"top\" bgcolor=\"#edf4f9\">Maria Helena Bonilla<\/td>\n<td valign=\"top\" bgcolor=\"#edf4f9\">2009<\/td>\n<td valign=\"top\" bgcolor=\"#edf4f9\"><a href=\"mailto:coelho.livia2@gmail.com\">coelho.livia2@gmail.com<\/a><\/td>\n<td valign=\"top\" bgcolor=\"#edf4f9\">&#8212;<\/td>\n<\/tr>\n<tr>\n<td valign=\"top\" bgcolor=\"#ffffff\">Doriedson Alves de Almeida<\/td>\n<td valign=\"top\" bgcolor=\"#ffffff\">TEMA: TIC e pol\u00edticas p\u00fablicas no Brasil: discurso e pr\u00e1tica construindo autonomias no cotidiano dos Pontos de Cultura<a title=\"Create this topic\" href=\"http:\/\/www.twiki.faced.ufba.br\/twiki\/bin\/edit\/GEC\/TEMA:TICEPol%C3%ADticasP%C3%BAblicasNoBrasil:DiscursoEPr%C3%A1ticaConstruindoAutonomiasNoCotidianoDosPontosDeCultura?topicparent=GEC.WebFormacao\" rel=\"nofollow\">?<\/a><\/td>\n<td valign=\"top\" bgcolor=\"#ffffff\">Tese (Doutorado em Educa\u00e7\u00e3o)<\/td>\n<td align=\"right\" valign=\"top\" bgcolor=\"#ffffff\">Maria Helena Bonilla<\/td>\n<td valign=\"top\" bgcolor=\"#ffffff\">2007<\/td>\n<td valign=\"top\" bgcolor=\"#ffffff\"><a href=\"mailto:doriaa@katabrtudo.com\">doriaa@katabrtudo.com<\/a><\/td>\n<td valign=\"top\" bgcolor=\"#ffffff\">CAPES<\/td>\n<\/tr>\n<tr>\n<td valign=\"top\" bgcolor=\"#edf4f9\">Darlene Almada<\/td>\n<td valign=\"top\" bgcolor=\"#edf4f9\"><\/td>\n<td valign=\"top\" bgcolor=\"#edf4f9\">Disserta\u00e7\u00e3o (Mestrado em Educa\u00e7\u00e3o)<\/td>\n<td align=\"right\" valign=\"top\" bgcolor=\"#edf4f9\">Nelson de Luca Pretto<\/td>\n<td valign=\"top\" bgcolor=\"#edf4f9\">2009<\/td>\n<td valign=\"top\" bgcolor=\"#edf4f9\"><a href=\"mailto:darlenealmada@yahoo.com.br\">darlenealmada@yahoo.com.br<\/a><\/td>\n<td valign=\"top\" bgcolor=\"#edf4f9\"><\/td>\n<\/tr>\n<tr>\n<td valign=\"top\" bgcolor=\"#ffffff\">Sergio Sganzerlla<\/td>\n<td valign=\"top\" bgcolor=\"#ffffff\"><\/td>\n<td valign=\"top\" bgcolor=\"#ffffff\">Disserta\u00e7\u00e3o (Mestrado em Educa\u00e7\u00e3o)<\/td>\n<td align=\"right\" valign=\"top\" bgcolor=\"#ffffff\">Nelson de Luca Pretto<\/td>\n<td valign=\"top\" bgcolor=\"#ffffff\">2009<\/td>\n<td valign=\"top\" bgcolor=\"#ffffff\"><a href=\"mailto:sergiosganzerlla@gmail.com\">sergiosganzerlla@gmail.com<\/a><\/td>\n<td valign=\"top\" bgcolor=\"#ffffff\"><\/td>\n<\/tr>\n<tr>\n<td valign=\"top\" bgcolor=\"#edf4f9\">Adriane Lizbehd Halmann<\/td>\n<td valign=\"top\" bgcolor=\"#edf4f9\"><a href=\"http:\/\/www.twiki.faced.ufba.br\/twiki\/bin\/view\/GEC\/ConteudoDigital\">Conte\u00fado Digital para Difus\u00e3o Cient\u00edfica<\/a><\/td>\n<td valign=\"top\" bgcolor=\"#edf4f9\">Tese (Doutorado em Educa\u00e7\u00e3o)<\/td>\n<td align=\"right\" valign=\"top\" bgcolor=\"#edf4f9\">Nelson de Luca Pretto<\/td>\n<td valign=\"top\" bgcolor=\"#edf4f9\">2008<\/td>\n<td align=\"right\" valign=\"top\" bgcolor=\"#edf4f9\"><a href=\"mailto:adriane_halmann@yahoo.com.br\">adriane_halmann@yahoo.com.br<\/a><br \/>\nadriane@ufba.br<\/td>\n<td valign=\"top\" bgcolor=\"#edf4f9\">cnpq<\/td>\n<\/tr>\n<tr>\n<td valign=\"top\" bgcolor=\"#ffffff\">Nicia Cristina Rocha Riccio<\/td>\n<td valign=\"top\" bgcolor=\"#ffffff\"><a href=\"http:\/\/www.twiki.faced.ufba.br\/twiki\/bin\/view\/GEC\/AvanaUfba\">Ambientes virtuais de aprendizagem na UFBA: a possibilidade de autonomia e novas educa\u00e7\u00f5es<\/a><\/td>\n<td valign=\"top\" bgcolor=\"#ffffff\">Tese (Doutorado em Educa\u00e7\u00e3o)<\/td>\n<td align=\"right\" valign=\"top\" bgcolor=\"#ffffff\">Nelson de Luca Pretto<\/td>\n<td valign=\"top\" bgcolor=\"#ffffff\">2006<\/td>\n<td valign=\"top\" bgcolor=\"#ffffff\"><a href=\"mailto:nicia@ufba.br\">nicia@ufba.br<\/a><\/td>\n<td valign=\"top\" bgcolor=\"#ffffff\"><\/td>\n<\/tr>\n<tr>\n<td valign=\"top\" bgcolor=\"#edf4f9\">Simone Lucena<\/td>\n<td valign=\"top\" bgcolor=\"#edf4f9\"><a href=\"http:\/\/www.twiki.ufba.br\/twiki\/bin\/view\/GEC\/TvdigitalSimone\" target=\"_top\" rel=\"noopener\">Possibilidades de novas educa\u00e7\u00f5es com a TV digital<\/a><\/td>\n<td valign=\"top\" bgcolor=\"#edf4f9\">Tese (Doutorado em Educa\u00e7\u00e3o)<\/td>\n<td align=\"right\" valign=\"top\" bgcolor=\"#edf4f9\">Nelson de Luca Pretto<\/td>\n<td valign=\"top\" bgcolor=\"#edf4f9\">2004<\/td>\n<td valign=\"top\" bgcolor=\"#edf4f9\"><a href=\"mailto:slucen@ufba.br\">slucen@ufba.br<\/a><\/td>\n<td valign=\"top\" bgcolor=\"#edf4f9\"><\/td>\n<\/tr>\n<tr>\n<td valign=\"top\" bgcolor=\"#ffffff\">Caio Monteiro Melo<\/td>\n<td valign=\"top\" bgcolor=\"#ffffff\">Informa\u00e7\u00e3o, Entretenimento e Prazer: as tele-aulas como &#8220;show&#8221; \u00e0 parte na EaD<a title=\"Create this topic\" href=\"http:\/\/www.twiki.faced.ufba.br\/twiki\/bin\/edit\/GEC\/Comunica%C3%A7%C3%A3oEduca%C3%A7%C3%A3oDist%C3%A2ncia?topicparent=GEC.WebFormacao\" rel=\"nofollow\">?<\/a><\/td>\n<td valign=\"top\" bgcolor=\"#ffffff\">Disserta\u00e7\u00e3o (Mestrado em Educa\u00e7\u00e3o)<\/td>\n<td align=\"right\" valign=\"top\" bgcolor=\"#ffffff\">Edvaldo Souza Couto<\/td>\n<td valign=\"top\" bgcolor=\"#ffffff\">2007<\/td>\n<td valign=\"top\" bgcolor=\"#ffffff\"><a href=\"mailto:caiocmm@hotmail.com\">caiocmm@hotmail.com<\/a><\/td>\n<td valign=\"top\" bgcolor=\"#ffffff\"><\/td>\n<\/tr>\n<tr>\n<td valign=\"top\" bgcolor=\"#edf4f9\">Tania Motta<\/td>\n<td valign=\"top\" bgcolor=\"#edf4f9\">Pr\u00e1ticas pedag\u00f3gicas com softwares livres: cria\u00e7\u00e3o e propaga\u00e7\u00e3o com autoria e liberdade<\/td>\n<td valign=\"top\" bgcolor=\"#edf4f9\">Disserta\u00e7\u00e3o (Mestrado em Educa\u00e7\u00e3o)<\/td>\n<td align=\"right\" valign=\"top\" bgcolor=\"#edf4f9\">Edvaldo Souza Couto<\/td>\n<td valign=\"top\" bgcolor=\"#edf4f9\">2006<\/td>\n<td valign=\"top\" bgcolor=\"#edf4f9\"><\/td>\n<td valign=\"top\" bgcolor=\"#edf4f9\"><\/td>\n<\/tr>\n<tr>\n<td valign=\"top\" bgcolor=\"#ffffff\">J\u00falio Cesar Gomes Santos<\/td>\n<td valign=\"top\" bgcolor=\"#ffffff\">A teoria est\u00e9tica como projeto de emancipa\u00e7\u00e3o em Theodor W. Adorno<\/td>\n<td valign=\"top\" bgcolor=\"#ffffff\">Disserta\u00e7\u00e3o (Mestrado em Filosofia)<\/td>\n<td align=\"right\" valign=\"top\" bgcolor=\"#ffffff\">Edvaldo Souza Couto<\/td>\n<td valign=\"top\" bgcolor=\"#ffffff\">2006<\/td>\n<td valign=\"top\" bgcolor=\"#ffffff\"><\/td>\n<td valign=\"top\" bgcolor=\"#ffffff\"><\/td>\n<\/tr>\n<tr>\n<td valign=\"top\" bgcolor=\"#edf4f9\">Jos\u00e9 Am\u00e9rico<\/td>\n<td valign=\"top\" bgcolor=\"#edf4f9\"><\/td>\n<td valign=\"top\" bgcolor=\"#edf4f9\">Tese (Doutorado em Educa\u00e7\u00e3o)<\/td>\n<td align=\"right\" valign=\"top\" bgcolor=\"#edf4f9\">Edvaldo Souza Couto<\/td>\n<td valign=\"top\" bgcolor=\"#edf4f9\">2009<\/td>\n<td valign=\"top\" bgcolor=\"#edf4f9\"><a href=\"mailto:americoufs@bol.com.br\">americoufs@bol.com.br<\/a><\/td>\n<td valign=\"top\" bgcolor=\"#edf4f9\">FAPESB<\/td>\n<\/tr>\n<tr>\n<td valign=\"top\" bgcolor=\"#ffffff\">Rita Virginia Alves Santos Argollo<\/td>\n<td valign=\"top\" bgcolor=\"#ffffff\"><a href=\"http:\/\/www.twiki.faced.ufba.br\/twiki\/bin\/view\/GEC\/GramaticaTelevisiva\">Proposta de sistematiza\u00e7\u00e3o de uma gram\u00e1tica televisiva<\/a><\/td>\n<td valign=\"top\" bgcolor=\"#ffffff\">Tese (Doutorado em Educa\u00e7\u00e3o)<\/td>\n<td align=\"right\" valign=\"top\" bgcolor=\"#ffffff\">Edvaldo Souza Couto<\/td>\n<td valign=\"top\" bgcolor=\"#ffffff\">2008<\/td>\n<td valign=\"top\" bgcolor=\"#ffffff\"><\/td>\n<td valign=\"top\" bgcolor=\"#ffffff\"><\/td>\n<\/tr>\n<tr>\n<td valign=\"top\" bgcolor=\"#edf4f9\">Telma Brito Rocha<\/td>\n<td valign=\"top\" bgcolor=\"#edf4f9\">Crian\u00e7as e adolescentes na cultura digital: atitudes e comportamentos<a title=\"Create this topic\" href=\"http:\/\/www.twiki.faced.ufba.br\/twiki\/bin\/edit\/GEC\/CulturaDigital?topicparent=GEC.WebFormacao\" rel=\"nofollow\">?<\/a><\/td>\n<td valign=\"top\" bgcolor=\"#edf4f9\">Tese (Doutorado em Educa\u00e7\u00e3o)<\/td>\n<td align=\"right\" valign=\"top\" bgcolor=\"#edf4f9\">Edvaldo Souza Couto<\/td>\n<td valign=\"top\" bgcolor=\"#edf4f9\">2007<\/td>\n<td align=\"right\" valign=\"top\" bgcolor=\"#edf4f9\"><a href=\"mailto:.t.e.l.m.a.b.r.@.u.f.b.a\">telmabr@ufba<\/a>.br<\/td>\n<td valign=\"top\" bgcolor=\"#edf4f9\"><\/td>\n<\/tr>\n<tr>\n<td valign=\"top\" bgcolor=\"#ffffff\">Rosa Meire Carvalho de Oliveira<\/td>\n<td valign=\"top\" bgcolor=\"#ffffff\"><a href=\"http:\/\/www.twiki.faced.ufba.br\/twiki\/bin\/view\/GEC\/Educa%e7%e3oEContemporaneidade\">Aprendizagens colaborativas e a escola da nova gera\u00e7\u00e3o: wikis, blogs, tabuleiros e terreiros &#8211; o caso da faculdade de educa\u00e7\u00e3o da UFBA<\/a><\/td>\n<td valign=\"top\" bgcolor=\"#ffffff\">Tese (Doutorado em Educa\u00e7\u00e3o)<\/td>\n<td align=\"right\" valign=\"top\" bgcolor=\"#ffffff\">Edvaldo Souza Couto<\/td>\n<td valign=\"top\" bgcolor=\"#ffffff\">2007<\/td>\n<td align=\"right\" valign=\"top\" bgcolor=\"#ffffff\"><a href=\"mailto:.r.o.s.a.m.e.i.r.e.8.@.u.o.l\">rosameire8@uol<\/a>.com.br<\/td>\n<td valign=\"top\" bgcolor=\"#ffffff\"><\/td>\n<\/tr>\n<tr>\n<td valign=\"top\" bgcolor=\"#edf4f9\">Jos\u00e9 Dami\u00e3o Trindade<\/td>\n<td valign=\"top\" bgcolor=\"#edf4f9\"><a href=\"http:\/\/www.twiki.faced.ufba.br\/twiki\/bin\/view\/GEC\/PedagogiaTecnologias\">Tecnologias de (in)forma\u00e7\u00e3o e Comunica\u00e7\u00e3o e as identidades h\u00edbridas no Tocantins<\/a><\/td>\n<td valign=\"top\" bgcolor=\"#edf4f9\">Tese (Doutorado em Educa\u00e7\u00e3o)<\/td>\n<td align=\"right\" valign=\"top\" bgcolor=\"#edf4f9\">Edvaldo Souza Couto<\/td>\n<td valign=\"top\" bgcolor=\"#edf4f9\">2005<\/td>\n<td valign=\"top\" bgcolor=\"#edf4f9\"><a href=\"mailto:damiao@uft.edu.br\">damiao@uft.edu.br<\/a><\/td>\n<td valign=\"top\" bgcolor=\"#edf4f9\"><\/td>\n<\/tr>\n<\/tbody>\n<\/table>\n<\/div>\n<p>&nbsp;<br \/>\n&nbsp;<br \/>\n&nbsp;<\/p>\n<table id=\"table2\" border=\"1\" rules=\"rows\" cellspacing=\"0\" cellpadding=\"0\">\n<tbody>\n<tr>\n<td valign=\"top\" bgcolor=\"#ffffff\">Danilo Rodrigues C\u00e9sar<\/td>\n<td valign=\"top\" bgcolor=\"#ffffff\"><a href=\"http:\/\/www.twiki.faced.ufba.br\/twiki\/bin\/view\/GEC\/RoboticaLivre\">Processos de ensino-aprendizagem de ci\u00eancias no contexto de desenvolvimento de artefatos tecnol\u00f3gicos<\/a><\/td>\n<td valign=\"top\" bgcolor=\"#ffffff\">Disserta\u00e7\u00e3o (Mestrado em Educa\u00e7\u00e3o)<\/td>\n<td align=\"right\" valign=\"top\" bgcolor=\"#ffffff\">Maria Helena Bonilla<\/td>\n<td valign=\"top\" bgcolor=\"#ffffff\">2007<\/td>\n<td valign=\"top\" bgcolor=\"#ffffff\"><a href=\"mailto:danilorcesar@gmail.com\">danilorcesar@gmail.com<\/a><\/td>\n<td valign=\"top\" bgcolor=\"#ffffff\"><\/td>\n<\/tr>\n<tr>\n<td valign=\"top\" bgcolor=\"#edf4f9\">Paulo Cezar Oliveira<\/td>\n<td valign=\"top\" bgcolor=\"#edf4f9\">Cultura hacker<\/td>\n<td valign=\"top\" bgcolor=\"#edf4f9\">Tese (Doutorado em Educa\u00e7\u00e3o)<\/td>\n<td align=\"right\" valign=\"top\" bgcolor=\"#edf4f9\">Maria Helena Bonilla<\/td>\n<td valign=\"top\" bgcolor=\"#edf4f9\">2008<\/td>\n<td valign=\"top\" bgcolor=\"#edf4f9\"><\/td>\n<td valign=\"top\" bgcolor=\"#edf4f9\"><\/td>\n<\/tr>\n<\/tbody>\n<\/table>\n<p>&nbsp;<br \/>\n&nbsp;<br \/>\n&nbsp;<\/p>\n<ul>\n<li><a href=\"http:\/\/www.twiki.faced.ufba.br\/twiki\/pub\/GEC\/WebFormacao\/check_list.doc\" target=\"_top\" rel=\"noopener\">check_list.doc<\/a>: Arquivo para pareceres, utilizado em Projeto de Tese I<\/li>\n<\/ul>\n<p>&nbsp;<br \/>\n<a href=\"http:\/\/www.twiki.faced.ufba.br\/twiki\/bin\/view\/GEC\/OutrosEstudantesGec\">Outros estudantes do grupo<\/a><br \/>\n&nbsp;<\/p>\n","protected":false},"excerpt":{"rendered":"<p>Grupos de estudos: Inclus\u00e3o Digital Educa\u00e7\u00e3o a Dist\u00e2ncia Cibercultura Converg\u00eancia de M\u00eddias &nbsp; Trabalhos de orienta\u00e7\u00e3o dos professores pesquisadores do grupo &nbsp; Quadro Bolsistas, Mestrandos, Doutorandos e Volunt\u00e1rios do GEC &nbsp; Monografias, Disserta\u00e7\u00f5es e Teses CONCLU\u00cdDAS &nbsp; P\u00f3s-Doc e Miss\u00e3o de trabalho Programa de Coopera\u00e7\u00e3o com a Universidade de Ume\u00e4\/Su\u00e9cia&#8211; coordena\u00e7\u00e3o Prof. Nelson Pretto Interc\u00e2mbio: Dart Ara\u00fajo, Tiago Figueiredo &nbsp; Orienta\u00e7\u00f5es em andamento \/ Monografia, Mestrado e Doutorado &nbsp; &nbsp; Autor T\u00edtulo N\u00edvel Orientador Ano de ingresso E-mail do autor Ag\u00eancia de fomento Sule Sampaio (Joseilda) Tabuleiro Digital de Irec\u00ea e articula\u00e7\u00e3o com o Programa de Forma\u00e7\u00e3o de Professores de Irec\u00ea Disserta\u00e7\u00e3o (Mestrado em Educa\u00e7\u00e3o) Maria Helena Bonilla 2009 sule_sp@yahoo.com.br &#8212; Livia Andrade Coelho Alfabetiza\u00e7\u00e3o de Jovens e Adultos e as Novas Tecnologias Mestrado Maria Helena Bonilla 2009 coelho.livia2@gmail.com &#8212; Doriedson Alves de Almeida TEMA: TIC e pol\u00edticas p\u00fablicas no Brasil: discurso e pr\u00e1tica construindo autonomias no cotidiano dos Pontos de Cultura? Tese (Doutorado em Educa\u00e7\u00e3o) Maria Helena Bonilla 2007 doriaa@katabrtudo.com CAPES Darlene Almada Disserta\u00e7\u00e3o (Mestrado em Educa\u00e7\u00e3o) Nelson de Luca Pretto 2009 darlenealmada@yahoo.com.br Sergio Sganzerlla Disserta\u00e7\u00e3o (Mestrado em Educa\u00e7\u00e3o) Nelson de Luca Pretto 2009 sergiosganzerlla@gmail.com Adriane Lizbehd Halmann Conte\u00fado Digital para Difus\u00e3o Cient\u00edfica Tese (Doutorado em Educa\u00e7\u00e3o) Nelson de Luca Pretto 2008 adriane_halmann@yahoo.com.br adriane@ufba.br cnpq Nicia Cristina Rocha Riccio Ambientes virtuais de aprendizagem na UFBA: a possibilidade de autonomia e novas educa\u00e7\u00f5es Tese (Doutorado em Educa\u00e7\u00e3o) Nelson de Luca Pretto 2006 nicia@ufba.br Simone Lucena Possibilidades de novas educa\u00e7\u00f5es com a TV digital Tese (Doutorado em Educa\u00e7\u00e3o) Nelson de Luca Pretto 2004 slucen@ufba.br Caio Monteiro Melo Informa\u00e7\u00e3o, Entretenimento e Prazer: as tele-aulas como &#8220;show&#8221; \u00e0 parte na EaD? Disserta\u00e7\u00e3o (Mestrado em Educa\u00e7\u00e3o) Edvaldo Souza Couto 2007 caiocmm@hotmail.com Tania Motta Pr\u00e1ticas pedag\u00f3gicas com softwares livres: cria\u00e7\u00e3o e propaga\u00e7\u00e3o com autoria e liberdade Disserta\u00e7\u00e3o (Mestrado em Educa\u00e7\u00e3o) Edvaldo Souza Couto 2006 J\u00falio Cesar Gomes Santos A teoria est\u00e9tica como projeto de emancipa\u00e7\u00e3o em Theodor W. Adorno Disserta\u00e7\u00e3o (Mestrado em Filosofia) Edvaldo Souza Couto 2006 Jos\u00e9 Am\u00e9rico Tese (Doutorado em Educa\u00e7\u00e3o) Edvaldo Souza Couto 2009 americoufs@bol.com.br FAPESB Rita Virginia Alves Santos Argollo Proposta de sistematiza\u00e7\u00e3o de uma gram\u00e1tica televisiva Tese (Doutorado em Educa\u00e7\u00e3o) Edvaldo Souza Couto 2008 Telma Brito Rocha Crian\u00e7as e adolescentes na cultura digital: atitudes e comportamentos? Tese (Doutorado em Educa\u00e7\u00e3o) Edvaldo Souza Couto 2007 telmabr@ufba.br Rosa Meire Carvalho de Oliveira Aprendizagens colaborativas e a escola da nova gera\u00e7\u00e3o: wikis, blogs, tabuleiros e terreiros &#8211; o caso da faculdade de educa\u00e7\u00e3o da UFBA Tese (Doutorado em Educa\u00e7\u00e3o) Edvaldo Souza Couto 2007 rosameire8@uol.com.br Jos\u00e9 Dami\u00e3o Trindade Tecnologias de (in)forma\u00e7\u00e3o e Comunica\u00e7\u00e3o e as identidades h\u00edbridas no Tocantins Tese (Doutorado em Educa\u00e7\u00e3o) Edvaldo Souza Couto 2005 damiao@uft.edu.br &nbsp; &nbsp; &nbsp; Danilo Rodrigues C\u00e9sar Processos de ensino-aprendizagem de ci\u00eancias no contexto de desenvolvimento de artefatos tecnol\u00f3gicos Disserta\u00e7\u00e3o (Mestrado em Educa\u00e7\u00e3o) Maria Helena Bonilla 2007 danilorcesar@gmail.com Paulo Cezar Oliveira Cultura hacker Tese (Doutorado em Educa\u00e7\u00e3o) Maria Helena Bonilla 2008 &nbsp; &nbsp; &nbsp; check_list.doc: Arquivo para pareceres, utilizado em Projeto de Tese I &nbsp; Outros estudantes do grupo &nbsp;<\/p>\n","protected":false},"author":1,"featured_media":0,"parent":221,"menu_order":5,"comment_status":"closed","ping_status":"closed","template":"","meta":{"_coblocks_attr":"","_coblocks_dimensions":"","_coblocks_responsive_height":"","_coblocks_accordion_ie_support":"","ocean_post_layout":"","ocean_both_sidebars_style":"","ocean_both_sidebars_content_width":0,"ocean_both_sidebars_sidebars_width":0,"ocean_sidebar":"","ocean_second_sidebar":"","ocean_disable_margins":"enable","ocean_add_body_class":"","ocean_shortcode_before_top_bar":"","ocean_shortcode_after_top_bar":"","ocean_shortcode_before_header":"","ocean_shortcode_after_header":"","ocean_has_shortcode":"","ocean_shortcode_after_title":"","ocean_shortcode_before_footer_widgets":"","ocean_shortcode_after_footer_widgets":"","ocean_shortcode_before_footer_bottom":"","ocean_shortcode_after_footer_bottom":"","ocean_display_top_bar":"default","ocean_display_header":"default","ocean_header_style":"","ocean_center_header_left_menu":"","ocean_custom_header_template":"","ocean_custom_logo":0,"ocean_custom_retina_logo":0,"ocean_custom_logo_max_width":0,"ocean_custom_logo_tablet_max_width":0,"ocean_custom_logo_mobile_max_width":0,"ocean_custom_logo_max_height":0,"ocean_custom_logo_tablet_max_height":0,"ocean_custom_logo_mobile_max_height":0,"ocean_header_custom_menu":"","ocean_menu_typo_font_family":"","ocean_menu_typo_font_subset":"","ocean_menu_typo_font_size":0,"ocean_menu_typo_font_size_tablet":0,"ocean_menu_typo_font_size_mobile":0,"ocean_menu_typo_font_size_unit":"px","ocean_menu_typo_font_weight":"","ocean_menu_typo_font_weight_tablet":"","ocean_menu_typo_font_weight_mobile":"","ocean_menu_typo_transform":"","ocean_menu_typo_transform_tablet":"","ocean_menu_typo_transform_mobile":"","ocean_menu_typo_line_height":0,"ocean_menu_typo_line_height_tablet":0,"ocean_menu_typo_line_height_mobile":0,"ocean_menu_typo_line_height_unit":"","ocean_menu_typo_spacing":0,"ocean_menu_typo_spacing_tablet":0,"ocean_menu_typo_spacing_mobile":0,"ocean_menu_typo_spacing_unit":"","ocean_menu_link_color":"","ocean_menu_link_color_hover":"","ocean_menu_link_color_active":"","ocean_menu_link_background":"","ocean_menu_link_hover_background":"","ocean_menu_link_active_background":"","ocean_menu_social_links_bg":"","ocean_menu_social_hover_links_bg":"","ocean_menu_social_links_color":"","ocean_menu_social_hover_links_color":"","ocean_disable_title":"default","ocean_disable_heading":"default","ocean_post_title":"","ocean_post_subheading":"","ocean_post_title_style":"","ocean_post_title_background_color":"","ocean_post_title_background":0,"ocean_post_title_bg_image_position":"","ocean_post_title_bg_image_attachment":"","ocean_post_title_bg_image_repeat":"","ocean_post_title_bg_image_size":"","ocean_post_title_height":0,"ocean_post_title_bg_overlay":0.5,"ocean_post_title_bg_overlay_color":"","ocean_disable_breadcrumbs":"default","ocean_breadcrumbs_color":"","ocean_breadcrumbs_separator_color":"","ocean_breadcrumbs_links_color":"","ocean_breadcrumbs_links_hover_color":"","ocean_display_footer_widgets":"default","ocean_display_footer_bottom":"default","ocean_custom_footer_template":"","_themeisle_gutenberg_block_has_review":false,"footnotes":""},"class_list":["post-312","page","type-page","status-publish","hentry","entry"],"_links":{"self":[{"href":"https:\/\/blog.ufba.br\/webgec\/wp-json\/wp\/v2\/pages\/312"}],"collection":[{"href":"https:\/\/blog.ufba.br\/webgec\/wp-json\/wp\/v2\/pages"}],"about":[{"href":"https:\/\/blog.ufba.br\/webgec\/wp-json\/wp\/v2\/types\/page"}],"author":[{"embeddable":true,"href":"https:\/\/blog.ufba.br\/webgec\/wp-json\/wp\/v2\/users\/1"}],"replies":[{"embeddable":true,"href":"https:\/\/blog.ufba.br\/webgec\/wp-json\/wp\/v2\/comments?post=312"}],"version-history":[{"count":0,"href":"https:\/\/blog.ufba.br\/webgec\/wp-json\/wp\/v2\/pages\/312\/revisions"}],"up":[{"embeddable":true,"href":"https:\/\/blog.ufba.br\/webgec\/wp-json\/wp\/v2\/pages\/221"}],"wp:attachment":[{"href":"https:\/\/blog.ufba.br\/webgec\/wp-json\/wp\/v2\/media?parent=312"}],"curies":[{"name":"wp","href":"https:\/\/api.w.org\/{rel}","templated":true}]}}