{"id":310,"date":"2010-08-31T17:49:43","date_gmt":"2010-08-31T17:49:43","guid":{"rendered":"http:\/\/blog.ufba.br\/gec\/?page_id=310"},"modified":"2010-08-31T17:49:43","modified_gmt":"2010-08-31T17:49:43","slug":"projetos-de-extensao","status":"publish","type":"page","link":"https:\/\/blog.ufba.br\/webgec\/projetos\/projetos-de-extensao\/","title":{"rendered":"Projetos de Extens\u00e3o"},"content":{"rendered":"<p><strong><span style=\"font-family: verdana,geneva;font-size: 14px;color: #006600\">Articula\u00e7\u00e3o ensino, pesquisa e extens\u00e3o<\/span><\/strong><\/p>\n<h4><span style=\"font-family: verdana,geneva;font-size: 12px\"><a name=\"Licenciatura_em_Educa\u00e7\u00e3o_do_Camp\"><\/a><a name=\"_Licenciatura_em_Educa\u00e7\u00e3o_do_Cam\"><\/a>Licenciatura em Educa\u00e7\u00e3o do Campo<\/span><\/h4>\n<p><span style=\"font-family: verdana,geneva;font-size: 12px\">Desde 2008, o grupo tem atuado em a\u00e7\u00f5es de ensino, pesquisa e extens\u00e3o junto ao curso de Licenciatura em Educa\u00e7\u00e3o do Campo. Para mais informa\u00e7\u00f5es, ver os projetos\u00a0<a href=\"http:\/\/www.gec.faced.ufba.br\/twiki\/bin\/view\/GEC\/WebPesquisa#licampopesquisa\" target=\"_top\" rel=\"noopener\">Tecnologias da informa\u00e7\u00e3o e comunica\u00e7\u00e3o e forma\u00e7\u00e3o de professores no contexto do campo: possibilidades de transforma\u00e7\u00e3o da realidade social<\/a>\u00a0e\u00a0<a href=\"http:\/\/www.gec.faced.ufba.br\/twiki\/bin\/view\/GEC\/WebPesquisa#licampopolo\" target=\"_top\" rel=\"noopener\">P\u00f3lo de Refer\u00eacia de Forma\u00e7\u00e3o e Pesquisa em Educa\u00e7\u00e3o do Campo da FACED\/UFBA<\/a><\/span><\/p>\n<h4><span style=\"font-family: verdana,geneva;font-size: 12px\"><a name=\"Tabuleiros_Digitais\"><\/a><a name=\"_Tabuleiros_Digitais_\"><\/a><strong><a href=\"http:\/\/www.tabuleirodigital.org\/\" target=\"_top\" rel=\"noopener\">Tabuleiros Digitais<\/a><\/strong><\/span><\/h4>\n<h6><span style=\"font-family: verdana, geneva\"><a name=\"Monitoria\"><\/a><a name=\"_Monitoria_\"><\/a><strong><a href=\"http:\/\/twiki.ufba.br\/twiki\/bin\/view\/Tabuleiro\/MonitoresTabuleiro\" target=\"_top\" rel=\"noopener\">Monitoria<\/a><\/strong><\/span><\/h6>\n<h4><span style=\"font-family: verdana,geneva;font-size: 12px\"><a name=\"R\u00e1dio_FACED\"><\/a><a name=\"_R\u00e1dio_FACED_\"><\/a><strong><a href=\"http:\/\/www.radio.faced.ufba.br\/twiki\/bin\/view\/RadioFACED\/WebHome\" target=\"_top\" rel=\"noopener\">R\u00e1dio FACED<\/a><\/strong><\/span><\/h4>\n<h4 style=\"font-family: Verdana,Arial,Helvetica,sans-serif;font-size: 12px\"><strong><a href=\"http:\/\/www.faced.ufba.br\/~educanal\" target=\"_top\" rel=\"noopener\">Educanal<\/a><\/strong><\/h4>\n<h4><span style=\"font-family: verdana,geneva;font-size: 12px\"><a name=\"Territ\u00f3rios_Digitais\"><\/a><a name=\"_Territ\u00f3rios_Digitais_\"><\/a><strong><a href=\"http:\/\/www.gec.faced.ufba.br\/twiki\/bin\/view\/GEC\/Territ%f3riosDigitais\" target=\"_top\" rel=\"noopener\">Territ\u00f3rios Digitais<\/a><\/strong><\/span><\/h4>\n<h4><span style=\"font-family: verdana, geneva\"><a name=\"Sou_Livre_Tamb\u00e9m\"><\/a><a name=\"_Sou_Livre_Tamb\u00e9m_\"><\/a><strong><a href=\"https:\/\/twiki.ufba.br\/twiki\/bin\/view\/GEC\/SouLivreTb\">Sou Livre Tamb\u00e9m<\/a><br \/>\n<\/strong><\/span><\/h4>\n<h2><span style=\"font-family: Verdana,Arial,Helvetica,sans-serif;font-size: 14px;color: #000000\"><a name=\"Monitorias\"><\/a><a name=\"_Monitorias_\"><\/a><strong>Monitorias<\/strong><\/span><\/h2>\n<h5><span style=\"font-family: verdana, geneva\"><a name=\"Projeto_Monitoria_dos_Tabuleiros\"><\/a><a name=\"_Projeto_Monitoria_dos_Tabuleiro\"><\/a><strong><a href=\"https:\/\/twiki.ufba.br\/twiki\/bin\/view\/GEC\/ProjetoMonitoria2010\">Projeto Monitoria dos Tabuleiros Digital 2010 &#8211; Permanecer<\/a><\/strong><\/span><\/h5>\n<h5><span style=\"font-family: verdana, geneva\"><a name=\"Projeto_Monitoria_dos_Tabuleiros\"><\/a><a name=\"_Projeto_Monitoria_dos_Tabuleiro\"><\/a><strong><a href=\"https:\/\/twiki.ufba.br\/twiki\/bin\/view\/GEC\/ProjetoMonitoria\">Projeto Monitoria dos Tabuleiros Digital 2009 &#8211; Permanecer<\/a><\/strong><\/span><\/h5>\n<h5><span style=\"font-family: verdana, geneva\"><a name=\"Projeto_Monitoria_da_Especializa\"><\/a><a name=\"_Projeto_Monitoria_da_Especializ\"><\/a><strong><a href=\"https:\/\/twiki.ufba.br\/twiki\/bin\/view\/GEC\/ProjetoPermanecerEspecializacao\">Projeto Monitoria da Especializa\u00e7\u00e3o 2009 &#8211; Permanecer<\/a><\/strong><\/span><\/h5>\n<h5><span style=\"font-family: verdana, geneva\"><a name=\"Projeto_Ensinar_e_aprender_na_cu\"><\/a><a name=\"_Projeto_Ensinar_e_aprender_na_c\"><\/a><strong><a href=\"https:\/\/twiki.ufba.br\/twiki\/bin\/view\/GEC\/ProjetoEnsinarEaprendernaCulturaDigital\">Projeto Ensinar e aprender na cultura digital, 2009 &#8211; Permanecer<\/a><\/strong><\/span><\/h5>\n<h2><span style=\"font-family: verdana, geneva\"><a name=\"Eventos\"><\/a><a name=\"_Eventos_\"><\/a><span style=\"font-family: Verdana,Arial,Helvetica,sans-serif;font-size: 12px;color: #03030d\">Eventos<\/span><\/span><\/h2>\n<table id=\"table1\" border=\"1\" rules=\"rows\" cellspacing=\"0\" cellpadding=\"0\">\n<tbody>\n<tr>\n<td valign=\"top\" bgcolor=\"#ffffff\"><\/td>\n<td valign=\"top\" bgcolor=\"#ffffff\"><\/td>\n<\/tr>\n<tr>\n<td align=\"right\" valign=\"top\" bgcolor=\"#edf4f9\"><a href=\"http:\/\/www.twiki.ufba.br\/twiki\/bin\/view\/GEC\/SwlCalourada\" target=\"_top\" rel=\"noopener\"><img decoding=\"async\" src=\"https:\/\/twiki.ufba.br\/twiki\/pub\/GEC\/WebExtensao\/logo_semana.png\" alt=\"logo_semana.png\" width=\"120\" height=\"85\" border=\"0\" \/><\/a><\/td>\n<td style=\"background-color: #edf4f9\" dir=\"\" scope=\"\" align=\"\" valign=\"middle\"><span style=\"font-family: verdana, geneva\"><strong>Primeira Semana de Software Livre da Faced\/UFBA<\/strong><\/span><\/td>\n<\/tr>\n<tr>\n<td valign=\"top\" bgcolor=\"#ffffff\"><\/td>\n<td valign=\"top\" bgcolor=\"#ffffff\"><\/td>\n<\/tr>\n<tr>\n<td valign=\"top\" bgcolor=\"#edf4f9\"><a href=\"http:\/\/www.twiki.ufba.br\/twiki\/bin\/view\/EDC\/IISSLFaced\" target=\"_top\" rel=\"noopener\"><img decoding=\"async\" src=\"https:\/\/twiki.ufba.br\/twiki\/pub\/GEC\/WebExtensao\/logo_II_semanatransp.png\" alt=\"logo_II_semanatransp.png\" width=\"120\" height=\"95\" border=\"0\" \/><\/a><\/td>\n<th valign=\"top\" bgcolor=\"#687684\"><span style=\"font-family: Verdana, Arial, Helvetica, sans-serif;font-size: 12px;color: #141414\">Segunda Semana de Software Livre da Faced\/UFBA*<br \/>\n*Semin\u00e1rio Tecnologia e Novas Educa\u00e7\u00f5es<\/span><\/th>\n<\/tr>\n<tr>\n<td valign=\"top\" bgcolor=\"#ffffff\"><\/td>\n<td valign=\"top\" bgcolor=\"#ffffff\"><\/td>\n<\/tr>\n<tr>\n<td valign=\"top\" bgcolor=\"#edf4f9\"><a href=\"http:\/\/www.ssl.faced.ufba.br\/twiki\/bin\/view\/SSL\" target=\"_top\" rel=\"noopener\"><img decoding=\"async\" src=\"https:\/\/twiki.ufba.br\/twiki\/pub\/GEC\/WebExtensao\/g3287.png\" alt=\"g3287.png\" width=\"120\" height=\"95\" border=\"0\" \/><\/a><\/td>\n<th valign=\"top\" bgcolor=\"#687684\"><span style=\"color: #ffffff\"><span style=\"font-family: Verdana, Arial, Helvetica, sans-serif;font-size: 12px;color: #141414\">Terceira Semana de Software Livre da Faced\/UFBA*<br \/>\n*I Semana de Software Livre de Irec\u00ea<\/span><\/span><\/th>\n<\/tr>\n<\/tbody>\n<\/table>\n<h4 style=\"font-family: Verdana,Arial,Helvetica,sans-serif;font-size: 12px\"><a href=\"http:\/\/www.ciberparque.faced.ufba.br\/twiki\/bin\/view\/CiberParque\/WebHome\" target=\"_top\" rel=\"noopener\">CiberParque An\u00edsio Teixeira<\/a><\/h4>\n<p>&nbsp;<\/p>\n<h5><a name=\"Col\u00e9gio_Central_e_Col\u00e9gio_Manoel\"><\/a><span style=\"font-family: verdana,geneva\">Col\u00e9gio Central e Col\u00e9gio Manoel Devoto<\/span><\/h5>\n<p><span style=\"font-family: verdana,geneva;font-size: 12px\">Alguns membros do GEC participaram em atividades de extens\u00e3o realizadas em conjunto com Educa\u00e7\u00e3o B\u00e1sica no Col\u00e9gio Central e Manoel Devoto.<\/span><\/p>\n<h3><a name=\"Projetos_conclu\u00eddos\"><\/a>Projetos conclu\u00eddos<\/h3>\n<h4><span style=\"font-family: verdana,geneva\"><a name=\"BVEAD\"><\/a><a name=\"_BVEAD_\"><\/a><strong><a href=\"http:\/\/www.prossiga.br\/edistancia\" target=\"_top\" rel=\"noopener\">BVEAD<\/a><\/strong><\/span><\/h4>\n<h4><span style=\"font-family: verdana,geneva\"><a name=\"Cefet\"><\/a><a name=\"_Cefet_\"><\/a><strong><a href=\"http:\/\/www.faced.ufba.br\/~cefet\/\" target=\"_top\" rel=\"noopener\">Cefet<\/a><\/strong><\/span><\/h4>\n<h4><a name=\"Projeto_Permanecer_Monitoria_Tab\"><\/a><a href=\"https:\/\/twiki.ufba.br\/twiki\/bin\/view\/GEC\/ProjetoMonitoriaTabuleiros\">Projeto Permanecer Monitoria Tabuleiros Digitais- 2007<\/a><\/h4>\n","protected":false},"excerpt":{"rendered":"<p>Articula\u00e7\u00e3o ensino, pesquisa e extens\u00e3o Licenciatura em Educa\u00e7\u00e3o do Campo Desde 2008, o grupo tem atuado em a\u00e7\u00f5es de ensino, pesquisa e extens\u00e3o junto ao curso de Licenciatura em Educa\u00e7\u00e3o do Campo. Para mais informa\u00e7\u00f5es, ver os projetos\u00a0Tecnologias da informa\u00e7\u00e3o e comunica\u00e7\u00e3o e forma\u00e7\u00e3o de professores no contexto do campo: possibilidades de transforma\u00e7\u00e3o da realidade social\u00a0e\u00a0P\u00f3lo de Refer\u00eacia de Forma\u00e7\u00e3o e Pesquisa em Educa\u00e7\u00e3o do Campo da FACED\/UFBA Tabuleiros Digitais Monitoria R\u00e1dio FACED Educanal Territ\u00f3rios Digitais Sou Livre Tamb\u00e9m Monitorias Projeto Monitoria dos Tabuleiros Digital 2010 &#8211; Permanecer Projeto Monitoria dos Tabuleiros Digital 2009 &#8211; Permanecer Projeto Monitoria da Especializa\u00e7\u00e3o 2009 &#8211; Permanecer Projeto Ensinar e aprender na cultura digital, 2009 &#8211; Permanecer Eventos Primeira Semana de Software Livre da Faced\/UFBA Segunda Semana de Software Livre da Faced\/UFBA* *Semin\u00e1rio Tecnologia e Novas Educa\u00e7\u00f5es Terceira Semana de Software Livre da Faced\/UFBA* *I Semana de Software Livre de Irec\u00ea CiberParque An\u00edsio Teixeira &nbsp; Col\u00e9gio Central e Col\u00e9gio Manoel Devoto Alguns membros do GEC participaram em atividades de extens\u00e3o realizadas em conjunto com Educa\u00e7\u00e3o B\u00e1sica no Col\u00e9gio Central e Manoel Devoto. Projetos conclu\u00eddos BVEAD Cefet Projeto Permanecer Monitoria Tabuleiros Digitais- 2007<\/p>\n","protected":false},"author":1,"featured_media":0,"parent":221,"menu_order":3,"comment_status":"closed","ping_status":"closed","template":"","meta":{"_coblocks_attr":"","_coblocks_dimensions":"","_coblocks_responsive_height":"","_coblocks_accordion_ie_support":"","ocean_post_layout":"","ocean_both_sidebars_style":"","ocean_both_sidebars_content_width":0,"ocean_both_sidebars_sidebars_width":0,"ocean_sidebar":"","ocean_second_sidebar":"","ocean_disable_margins":"enable","ocean_add_body_class":"","ocean_shortcode_before_top_bar":"","ocean_shortcode_after_top_bar":"","ocean_shortcode_before_header":"","ocean_shortcode_after_header":"","ocean_has_shortcode":"","ocean_shortcode_after_title":"","ocean_shortcode_before_footer_widgets":"","ocean_shortcode_after_footer_widgets":"","ocean_shortcode_before_footer_bottom":"","ocean_shortcode_after_footer_bottom":"","ocean_display_top_bar":"default","ocean_display_header":"default","ocean_header_style":"","ocean_center_header_left_menu":"","ocean_custom_header_template":"","ocean_custom_logo":0,"ocean_custom_retina_logo":0,"ocean_custom_logo_max_width":0,"ocean_custom_logo_tablet_max_width":0,"ocean_custom_logo_mobile_max_width":0,"ocean_custom_logo_max_height":0,"ocean_custom_logo_tablet_max_height":0,"ocean_custom_logo_mobile_max_height":0,"ocean_header_custom_menu":"","ocean_menu_typo_font_family":"","ocean_menu_typo_font_subset":"","ocean_menu_typo_font_size":0,"ocean_menu_typo_font_size_tablet":0,"ocean_menu_typo_font_size_mobile":0,"ocean_menu_typo_font_size_unit":"px","ocean_menu_typo_font_weight":"","ocean_menu_typo_font_weight_tablet":"","ocean_menu_typo_font_weight_mobile":"","ocean_menu_typo_transform":"","ocean_menu_typo_transform_tablet":"","ocean_menu_typo_transform_mobile":"","ocean_menu_typo_line_height":0,"ocean_menu_typo_line_height_tablet":0,"ocean_menu_typo_line_height_mobile":0,"ocean_menu_typo_line_height_unit":"","ocean_menu_typo_spacing":0,"ocean_menu_typo_spacing_tablet":0,"ocean_menu_typo_spacing_mobile":0,"ocean_menu_typo_spacing_unit":"","ocean_menu_link_color":"","ocean_menu_link_color_hover":"","ocean_menu_link_color_active":"","ocean_menu_link_background":"","ocean_menu_link_hover_background":"","ocean_menu_link_active_background":"","ocean_menu_social_links_bg":"","ocean_menu_social_hover_links_bg":"","ocean_menu_social_links_color":"","ocean_menu_social_hover_links_color":"","ocean_disable_title":"default","ocean_disable_heading":"default","ocean_post_title":"","ocean_post_subheading":"","ocean_post_title_style":"","ocean_post_title_background_color":"","ocean_post_title_background":0,"ocean_post_title_bg_image_position":"","ocean_post_title_bg_image_attachment":"","ocean_post_title_bg_image_repeat":"","ocean_post_title_bg_image_size":"","ocean_post_title_height":0,"ocean_post_title_bg_overlay":0.5,"ocean_post_title_bg_overlay_color":"","ocean_disable_breadcrumbs":"default","ocean_breadcrumbs_color":"","ocean_breadcrumbs_separator_color":"","ocean_breadcrumbs_links_color":"","ocean_breadcrumbs_links_hover_color":"","ocean_display_footer_widgets":"default","ocean_display_footer_bottom":"default","ocean_custom_footer_template":"","_themeisle_gutenberg_block_has_review":false,"footnotes":""},"class_list":["post-310","page","type-page","status-publish","hentry","entry"],"_links":{"self":[{"href":"https:\/\/blog.ufba.br\/webgec\/wp-json\/wp\/v2\/pages\/310"}],"collection":[{"href":"https:\/\/blog.ufba.br\/webgec\/wp-json\/wp\/v2\/pages"}],"about":[{"href":"https:\/\/blog.ufba.br\/webgec\/wp-json\/wp\/v2\/types\/page"}],"author":[{"embeddable":true,"href":"https:\/\/blog.ufba.br\/webgec\/wp-json\/wp\/v2\/users\/1"}],"replies":[{"embeddable":true,"href":"https:\/\/blog.ufba.br\/webgec\/wp-json\/wp\/v2\/comments?post=310"}],"version-history":[{"count":0,"href":"https:\/\/blog.ufba.br\/webgec\/wp-json\/wp\/v2\/pages\/310\/revisions"}],"up":[{"embeddable":true,"href":"https:\/\/blog.ufba.br\/webgec\/wp-json\/wp\/v2\/pages\/221"}],"wp:attachment":[{"href":"https:\/\/blog.ufba.br\/webgec\/wp-json\/wp\/v2\/media?parent=310"}],"curies":[{"name":"wp","href":"https:\/\/api.w.org\/{rel}","templated":true}]}}