{"id":217,"date":"2010-08-27T02:42:05","date_gmt":"2010-08-27T02:42:05","guid":{"rendered":"http:\/\/blog.ufba.br\/gec\/?page_id=217"},"modified":"2023-11-26T20:17:53","modified_gmt":"2023-11-26T23:17:53","slug":"pagina-inicial","status":"publish","type":"page","link":"https:\/\/blog.ufba.br\/webgec\/pagina-inicial\/","title":{"rendered":"In\u00edcio"},"content":{"rendered":"<p style=\"text-align: justify\"><a href=\"http:\/\/blog.ufba.br\/gec\/?page_id=254\">O nosso grupo de pesquisa nasceu<\/a> em 1994, com o intuito de implantar uma linha de estudos articulada com as dimens\u00f5es de ensino e extens\u00e3o, pretendendo problematizar a presen\u00e7a de tecnologias da informa\u00e7\u00e3o e comunica\u00e7\u00e3o na educa\u00e7\u00e3o. Neste S\u00edtio <em>Web<\/em> todos os membros do GEC criam condi\u00e7\u00f5es para mais estudo e mais trabalho coletivo, atrav\u00e9s da escrita colaborativa. Voc\u00ea tamb\u00e9m pode participar dessa rede!<br \/>\nEste Grupo de Pesquisa est\u00e1 ligado ao <a href=\"http:\/\/www2.faced.ufba.br\/pos_grad\" target=\"_top\" rel=\"noopener\">Programa de P\u00f3s-Gradua\u00e7\u00e3o em Educa\u00e7\u00e3o<\/a> da <a href=\"http:\/\/www.portal.ufba.br\/\" target=\"_top\" rel=\"noopener\">Universidade Federal da Bahia<\/a>, vinculado \u00e0 <a href=\"http:\/\/www2.faced.ufba.br\/pos_grad\/linhas\" target=\"_top\" rel=\"noopener\">linha de pesquisa Curr\u00edculo e (In)Forma\u00e7\u00e3o<\/a>.<\/p>\n<p style=\"text-align: justify\">Palavra-chaves do GEC: Curr\u00edculo Hipertextual, Educa\u00e7\u00e3o a Dist\u00e2ncia, Educa\u00e7\u00e3o e Cibercultura, Educa\u00e7\u00e3o e Comunica\u00e7\u00e3o, Educa\u00e7\u00e3o e Tecnologias, Forma\u00e7\u00e3o de Professores, Inclus\u00e3o Digital, Inform\u00e1tica Educativa, Novas Educa\u00e7\u00f5es, Pol\u00edticas P\u00fablicas, Software Livre, Tecnologia Educacional,Tecnologias da Informa\u00e7\u00e3o e Comunica\u00e7\u00e3o, TV Digital.<\/p>\n<p style=\"text-align: center\"><strong><span style=\"font-size: x-large\"><a href=\"http:\/\/blog.ufba.br\/gec\/?page_id=232\" target=\"_blank\" rel=\"noopener\" data-wplink-edit=\"true\">Visite o blog do GEC<\/a><\/span><\/strong><\/p>\n<hr \/>\n<h1>Destaques do GEC<\/h1>\n<div style=\"text-align: center\"><a href=\"http:\/\/blog.ufba.br\/radiofaced\" target=\"_top\" rel=\"noopener\"> <img decoding=\"async\" style=\"border: 0px solid;width: 120px;height: 85px\" src=\"http:\/\/www.gec.faced.ufba.br\/twiki\/pub\/GEC\/WebHome\/logoradio.png\" alt=\"logoradio.png\" \/><\/a> <a href=\"http:\/\/www.ciberparque.faced.ufba.br\/twiki\/bin\/view\/CiberParque\/WebHome\" target=\"_top\" rel=\"noopener\"> <img decoding=\"async\" src=\"http:\/\/www.gec.faced.ufba.br\/twiki\/pub\/GEC\/WebHome\/logo_ponto.png\" alt=\"logo_ponto.png\" width=\"120\" height=\"85\" border=\"0\" \/><\/a> <a href=\"http:\/\/www.tabuleirodigital.org\/\" target=\"_top\" rel=\"noopener\"><img decoding=\"async\" src=\"http:\/\/www.gec.faced.ufba.br\/twiki\/pub\/GEC\/WebHome\/td_logo.png\" alt=\"td_logo.png\" width=\"150\" height=\"85\" border=\"0\" \/><\/a><\/div>\n<hr \/>\n<h1>Quem somos<\/h1>\n<p style=\"text-align: justify\">O Grupo de Pesquisa Educa\u00e7\u00e3o, Comunica\u00e7\u00e3o e Tecnologias (GEC) est\u00e1 sediado na Faculdade de Educa\u00e7\u00e3o da Universidade Federal da Bahia e vem atuando no estudo da presen\u00e7a das tecnologias na educa\u00e7\u00e3o com o objetivo de investigar e aprofundar o significado pedag\u00f3gico dos novos recursos tecnol\u00f3gicos, propondo alternativas de incorpora\u00e7\u00e3o dos mesmos aos processos educacionais, considerando-os como elementos fundamentais e vitais da nova sociedade que se est\u00e1 construindo. Temos tido sempre a preocupa\u00e7\u00e3o de atuar de forma a produzir\/socializar conhecimentos, centrado na utiliza\u00e7\u00e3o de redes de comunica\u00e7\u00e3o e informa\u00e7\u00e3o como meio estrat\u00e9gico para a inser\u00e7\u00e3o no mundo contempor\u00e2neo, tanto no \u00e2mbito do ensino e da pesquisa, quanto no da extens\u00e3o.<\/p>\n<p><a href=\"http:\/\/blog.ufba.br\/gec\/?page_id=276\">Saiba mais sobre o GEC<\/a><br \/>\nCoordena\u00e7\u00e3o: <a href=\"http:\/\/www.pretto.info\/\" target=\"_blank\" rel=\"noopener\">Nelson De Luca Pretto<\/a> e <a href=\"http:\/\/www.faced.ufba.br\/%7Ebonilla\" target=\"_blank\" rel=\"noopener\">Maria Helena Bonilla<\/a><\/p>\n<hr \/>\n<h1>Veja tamb\u00e9m<\/h1>\n<ul>\n<li><a href=\"http:\/\/lattes.cnpq.br\/buscaoperacional\/detalhegrupo.jsp?grupo=0291708B48IPKS\" target=\"_top\" rel=\"noopener\">Diret\u00f3rio de Pesquisa CNPq<\/a><\/li>\n<li><a href=\"http:\/\/www.faced.ufba.br\/%7Eeducom\/\" target=\"_top\" rel=\"noopener\">P\u00e1gina do GEC em html<\/a><\/li>\n<li><a href=\"\/\">Eventos organizados pelo GEC<\/a><\/li>\n<li><a href=\"http:\/\/blog.ufba.br\/gec\/?page_id=265\">Lista de Telefones<\/a><\/li>\n<\/ul>\n","protected":false},"excerpt":{"rendered":"<p>O nosso grupo de pesquisa nasceu em 1994, com o intuito de implantar uma linha de estudos articulada com as dimens\u00f5es de ensino e extens\u00e3o, pretendendo problematizar a presen\u00e7a de tecnologias da informa\u00e7\u00e3o e comunica\u00e7\u00e3o na educa\u00e7\u00e3o. Neste S\u00edtio Web todos os membros do GEC criam condi\u00e7\u00f5es para mais estudo e mais trabalho coletivo, atrav\u00e9s da escrita colaborativa. Voc\u00ea tamb\u00e9m pode participar dessa rede! Este Grupo de Pesquisa est\u00e1 ligado ao Programa de P\u00f3s-Gradua\u00e7\u00e3o em Educa\u00e7\u00e3o da Universidade Federal da Bahia, vinculado \u00e0 linha de pesquisa Curr\u00edculo e (In)Forma\u00e7\u00e3o. Palavra-chaves do GEC: Curr\u00edculo Hipertextual, Educa\u00e7\u00e3o a Dist\u00e2ncia, Educa\u00e7\u00e3o e Cibercultura, Educa\u00e7\u00e3o e Comunica\u00e7\u00e3o, Educa\u00e7\u00e3o e Tecnologias, Forma\u00e7\u00e3o de Professores, Inclus\u00e3o Digital, Inform\u00e1tica Educativa, Novas Educa\u00e7\u00f5es, Pol\u00edticas P\u00fablicas, Software Livre, Tecnologia Educacional,Tecnologias da Informa\u00e7\u00e3o e Comunica\u00e7\u00e3o, TV Digital. Visite o blog do GEC Destaques do GEC Quem somos O Grupo de Pesquisa Educa\u00e7\u00e3o, Comunica\u00e7\u00e3o e Tecnologias (GEC) est\u00e1 sediado na Faculdade de Educa\u00e7\u00e3o da Universidade Federal da Bahia e vem atuando no estudo da presen\u00e7a das tecnologias na educa\u00e7\u00e3o com o objetivo de investigar e aprofundar o significado pedag\u00f3gico dos novos recursos tecnol\u00f3gicos, propondo alternativas de incorpora\u00e7\u00e3o dos mesmos aos processos educacionais, considerando-os como elementos fundamentais e vitais da nova sociedade que se est\u00e1 construindo. Temos tido sempre a preocupa\u00e7\u00e3o de atuar de forma a produzir\/socializar conhecimentos, centrado na utiliza\u00e7\u00e3o de redes de comunica\u00e7\u00e3o e informa\u00e7\u00e3o como meio estrat\u00e9gico para a inser\u00e7\u00e3o no mundo contempor\u00e2neo, tanto no \u00e2mbito do ensino e da pesquisa, quanto no da extens\u00e3o. Saiba mais sobre o GEC Coordena\u00e7\u00e3o: Nelson De Luca Pretto e Maria Helena Bonilla Veja tamb\u00e9m Diret\u00f3rio de Pesquisa CNPq P\u00e1gina do GEC em html Eventos organizados pelo GEC Lista de Telefones<\/p>\n","protected":false},"author":1,"featured_media":0,"parent":0,"menu_order":1,"comment_status":"closed","ping_status":"closed","template":"","meta":{"_coblocks_attr":"","_coblocks_dimensions":"","_coblocks_responsive_height":"","_coblocks_accordion_ie_support":"","ocean_post_layout":"","ocean_both_sidebars_style":"","ocean_both_sidebars_content_width":0,"ocean_both_sidebars_sidebars_width":0,"ocean_sidebar":"","ocean_second_sidebar":"","ocean_disable_margins":"enable","ocean_add_body_class":"","ocean_shortcode_before_top_bar":"","ocean_shortcode_after_top_bar":"","ocean_shortcode_before_header":"","ocean_shortcode_after_header":"","ocean_has_shortcode":"","ocean_shortcode_after_title":"","ocean_shortcode_before_footer_widgets":"","ocean_shortcode_after_footer_widgets":"","ocean_shortcode_before_footer_bottom":"","ocean_shortcode_after_footer_bottom":"","ocean_display_top_bar":"default","ocean_display_header":"default","ocean_header_style":"","ocean_center_header_left_menu":"","ocean_custom_header_template":"","ocean_custom_logo":0,"ocean_custom_retina_logo":0,"ocean_custom_logo_max_width":0,"ocean_custom_logo_tablet_max_width":0,"ocean_custom_logo_mobile_max_width":0,"ocean_custom_logo_max_height":0,"ocean_custom_logo_tablet_max_height":0,"ocean_custom_logo_mobile_max_height":0,"ocean_header_custom_menu":"","ocean_menu_typo_font_family":"","ocean_menu_typo_font_subset":"","ocean_menu_typo_font_size":0,"ocean_menu_typo_font_size_tablet":0,"ocean_menu_typo_font_size_mobile":0,"ocean_menu_typo_font_size_unit":"px","ocean_menu_typo_font_weight":"","ocean_menu_typo_font_weight_tablet":"","ocean_menu_typo_font_weight_mobile":"","ocean_menu_typo_transform":"","ocean_menu_typo_transform_tablet":"","ocean_menu_typo_transform_mobile":"","ocean_menu_typo_line_height":0,"ocean_menu_typo_line_height_tablet":0,"ocean_menu_typo_line_height_mobile":0,"ocean_menu_typo_line_height_unit":"","ocean_menu_typo_spacing":0,"ocean_menu_typo_spacing_tablet":0,"ocean_menu_typo_spacing_mobile":0,"ocean_menu_typo_spacing_unit":"","ocean_menu_link_color":"","ocean_menu_link_color_hover":"","ocean_menu_link_color_active":"","ocean_menu_link_background":"","ocean_menu_link_hover_background":"","ocean_menu_link_active_background":"","ocean_menu_social_links_bg":"","ocean_menu_social_hover_links_bg":"","ocean_menu_social_links_color":"","ocean_menu_social_hover_links_color":"","ocean_disable_title":"default","ocean_disable_heading":"default","ocean_post_title":"","ocean_post_subheading":"","ocean_post_title_style":"","ocean_post_title_background_color":"","ocean_post_title_background":0,"ocean_post_title_bg_image_position":"","ocean_post_title_bg_image_attachment":"","ocean_post_title_bg_image_repeat":"","ocean_post_title_bg_image_size":"","ocean_post_title_height":0,"ocean_post_title_bg_overlay":0.5,"ocean_post_title_bg_overlay_color":"","ocean_disable_breadcrumbs":"default","ocean_breadcrumbs_color":"","ocean_breadcrumbs_separator_color":"","ocean_breadcrumbs_links_color":"","ocean_breadcrumbs_links_hover_color":"","ocean_display_footer_widgets":"default","ocean_display_footer_bottom":"default","ocean_custom_footer_template":"","_themeisle_gutenberg_block_has_review":false,"footnotes":""},"class_list":["post-217","page","type-page","status-publish","hentry","entry"],"_links":{"self":[{"href":"https:\/\/blog.ufba.br\/webgec\/wp-json\/wp\/v2\/pages\/217"}],"collection":[{"href":"https:\/\/blog.ufba.br\/webgec\/wp-json\/wp\/v2\/pages"}],"about":[{"href":"https:\/\/blog.ufba.br\/webgec\/wp-json\/wp\/v2\/types\/page"}],"author":[{"embeddable":true,"href":"https:\/\/blog.ufba.br\/webgec\/wp-json\/wp\/v2\/users\/1"}],"replies":[{"embeddable":true,"href":"https:\/\/blog.ufba.br\/webgec\/wp-json\/wp\/v2\/comments?post=217"}],"version-history":[{"count":1,"href":"https:\/\/blog.ufba.br\/webgec\/wp-json\/wp\/v2\/pages\/217\/revisions"}],"predecessor-version":[{"id":3898,"href":"https:\/\/blog.ufba.br\/webgec\/wp-json\/wp\/v2\/pages\/217\/revisions\/3898"}],"wp:attachment":[{"href":"https:\/\/blog.ufba.br\/webgec\/wp-json\/wp\/v2\/media?parent=217"}],"curies":[{"name":"wp","href":"https:\/\/api.w.org\/{rel}","templated":true}]}}