{"id":1208,"date":"2013-07-04T13:18:33","date_gmt":"2013-07-04T13:18:33","guid":{"rendered":"http:\/\/blog.ufba.br\/gec\/?page_id=1208"},"modified":"2013-07-04T13:18:33","modified_gmt":"2013-07-04T13:18:33","slug":"2002-2","status":"publish","type":"page","link":"https:\/\/blog.ufba.br\/webgec\/projetos\/projetos-de-pesquisa\/2002-2\/","title":{"rendered":"2002"},"content":{"rendered":"<p style=\"font-family: Verdana,Arial,Helvetica,sans-serif;font-size: 16px;color: #006600\"><span style=\"font-family: verdana,geneva\"><strong>Forma\u00e7\u00e3o de Professores e Software Livre<\/strong><\/span><\/p>\n<p style=\"font-family: Verdana,Arial,Helvetica,sans-serif;font-size: 12px\">A partir da necessidade de forma\u00e7\u00e3o de uma cultura digital na Faculdade de Educa\u00e7\u00e3o da Universidade Federal da Bahia, \u00e9 que a mesma (Faculdade de Educa\u00e7\u00e3o) tem criado novos espa\u00e7os e possibilidades de constru\u00e7\u00e3o de compet\u00eancias na \u00e1rea de Educa\u00e7\u00e3o e Tecnologias. Tais possibilidades t\u00eam se configurado tanto no \u00e2mbito das disciplinas, como na implanta\u00e7\u00e3o de ambientes de forma\u00e7\u00e3o e desenvolvimento dessa cultura. Assim, a Faced est\u00e1 inserida no movimento pelo uso de Software Livre, buscando tamb\u00e9m difundir a cultura linux, atrav\u00e9s dos laborat\u00f3rios de inform\u00e1tica equipados com computadores em rede, ilha de edi\u00e7\u00e3o de v\u00eddeo, r\u00e1dio FM, canal interno de TV, webdesigner e terminais de acesso a Internet( tabuleiro eletr\u00f4nico), todos com o sistema operacional Linux. Desta maneira, considerando esse contexto vivenciado atualmente pela Faced , torna-se necess\u00e1rio fazer o mapeamento dos sentidos, quer dizer, das concep\u00e7\u00f5es que a comunidade possui a respeito dessa a\u00e7\u00e3o desencadeada na Faculdade buscando detectar as poss\u00edveis dificuldades que se apresentam para a constitui\u00e7\u00e3o da cultura, assim como possibilidades de supera\u00e7\u00e3o das tais dificuldades, \u00e9 para esse fim que se prop\u00f5e a pesquisa.<\/p>\n<p style=\"font-family: Verdana,Arial,Helvetica,sans-serif;font-size: 12px\"><strong>Coordena\u00e7\u00e3o:<\/strong> <a href=\"mailto:bonilla@ufba.br\">Maria Helena Bonilla<\/a><br \/>\n<strong>Bolsista:<\/strong> Sandra Loiola<\/p>\n<h2 style=\"font-family: Verdana,Arial,Helvetica,sans-serif;font-size: 18px\"><img decoding=\"async\" src=\"http:\/\/blog.ufba.br\/gec\/files\/2013\/03\/gec.png\" alt=\"\" width=\"615\" height=\"18\" \/><\/h2>\n<h2 style=\"font-family: Verdana,Arial,Helvetica,sans-serif;font-size: 16px;color: #006600\"><span style=\"font-family: verdana,geneva\"><strong>Educa\u00e7\u00e3o e Tecnologias Contempor\u00e2neas: analisando as pol\u00ed\u00adticas p\u00fablicas<\/strong><\/span><\/h2>\n<p style=\"font-family: Verdana,Arial,Helvetica,sans-serif;font-size: 12px\">O governo prop\u00f5e pol\u00edticas p\u00fablicas que articulem as tecnologias de informa\u00e7\u00e3o e comunica\u00e7\u00e3o \u00e0 educa\u00e7\u00e3o. Analisamos essas pol\u00edticas implementadas na \u00e1rea para percebermos transforma\u00e7\u00f5es no sistema e contradi\u00e7\u00f5es presentes. A nova proposta \u00e9 investir na educa\u00e7\u00e3o a dist\u00e2ncia, alternativa para forma\u00e7\u00e3o de professores e educa\u00e7\u00e3o inclusiva; bem como em programas para democratiza\u00e7\u00e3o das telecomunica\u00e7\u00f5es. Acontece que o FUST, fundo criado no governo anterior com tais objetivos entre outros, vive um impasse desde 2002, prejudicando programas como Socinfo e Telecomunidade. Tal situa\u00e7\u00e3o sugere centralidade nas decis\u00f5es pela Uni\u00e3o e desarticula\u00e7\u00e3o entre planos de inclus\u00e3o. Vimos como acerto a integra\u00e7\u00e3o entre n\u00edveis b\u00e1sico e superior para certificar forma\u00e7\u00e3o dos professores. Mas \u00e9 question\u00e1vel a inclus\u00e3o, em lei, de funda\u00e7\u00f5es como alternativo apoio financeiro, para otimiza\u00e7\u00e3o de recursos e\/ou absten\u00e7\u00e3o da responsabilidade com o sistema. Analisando implica\u00e7\u00f5es da educa\u00e7\u00e3o a dist\u00e2ncia no sentido qualitativo para o setor e interesses pol\u00edticos envolvidos, destaca-se as dificuldades encontradas pelas bibliotecas virtuais do PROSSIGA, ap\u00f3s um golpe de desarticula\u00e7\u00e3o em 2003. Verificamos que mesmo com o potencial da interatividade, a utiliza\u00e7\u00e3o dos meios de informa\u00e7\u00e3o e comunica\u00e7\u00e3o ainda reproduz a l\u00f3gica unidirecional, broadcasting. Esta pesquisa apresenta os caminhos das pol\u00edticas p\u00fablicas para a \u00e1rea e analisa de forma preliminar a possibilidade da implanta\u00e7\u00e3o de pr\u00e1ticas colaborativas na educa\u00e7\u00e3o atrav\u00e9s das tecnologias da informa\u00e7\u00e3o e comunica\u00e7\u00e3o.<\/p>\n<p style=\"font-family: Verdana,Arial,Helvetica,sans-serif;font-size: 12px\"><strong>Per\u00edodo:<\/strong> ago.2002 a julho.2003<br \/>\n<strong>Coordena\u00e7\u00e3o:<\/strong> <a href=\"mailto:nelson@pretto.info\">Nelson Pretto<\/a> (bolsa PQ\/CNPq)<br \/>\n<strong>Bolsista de IC:<\/strong> Renata Nascimento<\/p>\n","protected":false},"excerpt":{"rendered":"<p>Forma\u00e7\u00e3o de Professores e Software Livre A partir da necessidade de forma\u00e7\u00e3o de uma cultura digital na Faculdade de Educa\u00e7\u00e3o da Universidade Federal da Bahia, \u00e9 que a mesma (Faculdade de Educa\u00e7\u00e3o) tem criado novos espa\u00e7os e possibilidades de constru\u00e7\u00e3o de compet\u00eancias na \u00e1rea de Educa\u00e7\u00e3o e Tecnologias. Tais possibilidades t\u00eam se configurado tanto no \u00e2mbito das disciplinas, como na implanta\u00e7\u00e3o de ambientes de forma\u00e7\u00e3o e desenvolvimento dessa cultura. Assim, a Faced est\u00e1 inserida no movimento pelo uso de Software Livre, buscando tamb\u00e9m difundir a cultura linux, atrav\u00e9s dos laborat\u00f3rios de inform\u00e1tica equipados com computadores em rede, ilha de edi\u00e7\u00e3o de v\u00eddeo, r\u00e1dio FM, canal interno de TV, webdesigner e terminais de acesso a Internet( tabuleiro eletr\u00f4nico), todos com o sistema operacional Linux. Desta maneira, considerando esse contexto vivenciado atualmente pela Faced , torna-se necess\u00e1rio fazer o mapeamento dos sentidos, quer dizer, das concep\u00e7\u00f5es que a comunidade possui a respeito dessa a\u00e7\u00e3o desencadeada na Faculdade buscando detectar as poss\u00edveis dificuldades que se apresentam para a constitui\u00e7\u00e3o da cultura, assim como possibilidades de supera\u00e7\u00e3o das tais dificuldades, \u00e9 para esse fim que se prop\u00f5e a pesquisa. Coordena\u00e7\u00e3o: Maria Helena Bonilla Bolsista: Sandra Loiola Educa\u00e7\u00e3o e Tecnologias Contempor\u00e2neas: analisando as pol\u00ed\u00adticas p\u00fablicas O governo prop\u00f5e pol\u00edticas p\u00fablicas que articulem as tecnologias de informa\u00e7\u00e3o e comunica\u00e7\u00e3o \u00e0 educa\u00e7\u00e3o. Analisamos essas pol\u00edticas implementadas na \u00e1rea para percebermos transforma\u00e7\u00f5es no sistema e contradi\u00e7\u00f5es presentes. A nova proposta \u00e9 investir na educa\u00e7\u00e3o a dist\u00e2ncia, alternativa para forma\u00e7\u00e3o de professores e educa\u00e7\u00e3o inclusiva; bem como em programas para democratiza\u00e7\u00e3o das telecomunica\u00e7\u00f5es. Acontece que o FUST, fundo criado no governo anterior com tais objetivos entre outros, vive um impasse desde 2002, prejudicando programas como Socinfo e Telecomunidade. Tal situa\u00e7\u00e3o sugere centralidade nas decis\u00f5es pela Uni\u00e3o e desarticula\u00e7\u00e3o entre planos de inclus\u00e3o. Vimos como acerto a integra\u00e7\u00e3o entre n\u00edveis b\u00e1sico e superior para certificar forma\u00e7\u00e3o dos professores. Mas \u00e9 question\u00e1vel a inclus\u00e3o, em lei, de funda\u00e7\u00f5es como alternativo apoio financeiro, para otimiza\u00e7\u00e3o de recursos e\/ou absten\u00e7\u00e3o da responsabilidade com o sistema. Analisando implica\u00e7\u00f5es da educa\u00e7\u00e3o a dist\u00e2ncia no sentido qualitativo para o setor e interesses pol\u00edticos envolvidos, destaca-se as dificuldades encontradas pelas bibliotecas virtuais do PROSSIGA, ap\u00f3s um golpe de desarticula\u00e7\u00e3o em 2003. Verificamos que mesmo com o potencial da interatividade, a utiliza\u00e7\u00e3o dos meios de informa\u00e7\u00e3o e comunica\u00e7\u00e3o ainda reproduz a l\u00f3gica unidirecional, broadcasting. Esta pesquisa apresenta os caminhos das pol\u00edticas p\u00fablicas para a \u00e1rea e analisa de forma preliminar a possibilidade da implanta\u00e7\u00e3o de pr\u00e1ticas colaborativas na educa\u00e7\u00e3o atrav\u00e9s das tecnologias da informa\u00e7\u00e3o e comunica\u00e7\u00e3o. Per\u00edodo: ago.2002 a julho.2003 Coordena\u00e7\u00e3o: Nelson Pretto (bolsa PQ\/CNPq) Bolsista de IC: Renata Nascimento<\/p>\n","protected":false},"author":1,"featured_media":0,"parent":309,"menu_order":13,"comment_status":"closed","ping_status":"open","template":"","meta":{"_coblocks_attr":"","_coblocks_dimensions":"","_coblocks_responsive_height":"","_coblocks_accordion_ie_support":"","ocean_post_layout":"","ocean_both_sidebars_style":"","ocean_both_sidebars_content_width":0,"ocean_both_sidebars_sidebars_width":0,"ocean_sidebar":"","ocean_second_sidebar":"","ocean_disable_margins":"enable","ocean_add_body_class":"","ocean_shortcode_before_top_bar":"","ocean_shortcode_after_top_bar":"","ocean_shortcode_before_header":"","ocean_shortcode_after_header":"","ocean_has_shortcode":"","ocean_shortcode_after_title":"","ocean_shortcode_before_footer_widgets":"","ocean_shortcode_after_footer_widgets":"","ocean_shortcode_before_footer_bottom":"","ocean_shortcode_after_footer_bottom":"","ocean_display_top_bar":"default","ocean_display_header":"default","ocean_header_style":"","ocean_center_header_left_menu":"","ocean_custom_header_template":"","ocean_custom_logo":0,"ocean_custom_retina_logo":0,"ocean_custom_logo_max_width":0,"ocean_custom_logo_tablet_max_width":0,"ocean_custom_logo_mobile_max_width":0,"ocean_custom_logo_max_height":0,"ocean_custom_logo_tablet_max_height":0,"ocean_custom_logo_mobile_max_height":0,"ocean_header_custom_menu":"","ocean_menu_typo_font_family":"","ocean_menu_typo_font_subset":"","ocean_menu_typo_font_size":0,"ocean_menu_typo_font_size_tablet":0,"ocean_menu_typo_font_size_mobile":0,"ocean_menu_typo_font_size_unit":"px","ocean_menu_typo_font_weight":"","ocean_menu_typo_font_weight_tablet":"","ocean_menu_typo_font_weight_mobile":"","ocean_menu_typo_transform":"","ocean_menu_typo_transform_tablet":"","ocean_menu_typo_transform_mobile":"","ocean_menu_typo_line_height":0,"ocean_menu_typo_line_height_tablet":0,"ocean_menu_typo_line_height_mobile":0,"ocean_menu_typo_line_height_unit":"","ocean_menu_typo_spacing":0,"ocean_menu_typo_spacing_tablet":0,"ocean_menu_typo_spacing_mobile":0,"ocean_menu_typo_spacing_unit":"","ocean_menu_link_color":"","ocean_menu_link_color_hover":"","ocean_menu_link_color_active":"","ocean_menu_link_background":"","ocean_menu_link_hover_background":"","ocean_menu_link_active_background":"","ocean_menu_social_links_bg":"","ocean_menu_social_hover_links_bg":"","ocean_menu_social_links_color":"","ocean_menu_social_hover_links_color":"","ocean_disable_title":"default","ocean_disable_heading":"default","ocean_post_title":"","ocean_post_subheading":"","ocean_post_title_style":"","ocean_post_title_background_color":"","ocean_post_title_background":0,"ocean_post_title_bg_image_position":"","ocean_post_title_bg_image_attachment":"","ocean_post_title_bg_image_repeat":"","ocean_post_title_bg_image_size":"","ocean_post_title_height":0,"ocean_post_title_bg_overlay":0.5,"ocean_post_title_bg_overlay_color":"","ocean_disable_breadcrumbs":"default","ocean_breadcrumbs_color":"","ocean_breadcrumbs_separator_color":"","ocean_breadcrumbs_links_color":"","ocean_breadcrumbs_links_hover_color":"","ocean_display_footer_widgets":"default","ocean_display_footer_bottom":"default","ocean_custom_footer_template":"","_themeisle_gutenberg_block_has_review":false,"footnotes":""},"class_list":["post-1208","page","type-page","status-publish","hentry","entry"],"_links":{"self":[{"href":"https:\/\/blog.ufba.br\/webgec\/wp-json\/wp\/v2\/pages\/1208"}],"collection":[{"href":"https:\/\/blog.ufba.br\/webgec\/wp-json\/wp\/v2\/pages"}],"about":[{"href":"https:\/\/blog.ufba.br\/webgec\/wp-json\/wp\/v2\/types\/page"}],"author":[{"embeddable":true,"href":"https:\/\/blog.ufba.br\/webgec\/wp-json\/wp\/v2\/users\/1"}],"replies":[{"embeddable":true,"href":"https:\/\/blog.ufba.br\/webgec\/wp-json\/wp\/v2\/comments?post=1208"}],"version-history":[{"count":0,"href":"https:\/\/blog.ufba.br\/webgec\/wp-json\/wp\/v2\/pages\/1208\/revisions"}],"up":[{"embeddable":true,"href":"https:\/\/blog.ufba.br\/webgec\/wp-json\/wp\/v2\/pages\/309"}],"wp:attachment":[{"href":"https:\/\/blog.ufba.br\/webgec\/wp-json\/wp\/v2\/media?parent=1208"}],"curies":[{"name":"wp","href":"https:\/\/api.w.org\/{rel}","templated":true}]}}