{"id":645,"date":"2010-09-24T17:13:33","date_gmt":"2010-09-24T17:13:33","guid":{"rendered":"https:\/\/blog2.ufba.br\/ucabahia\/sobre\/"},"modified":"2010-09-24T17:13:33","modified_gmt":"2010-09-24T17:13:33","slug":"sobre","status":"publish","type":"page","link":"https:\/\/blog.ufba.br\/ucabahia\/sobre\/","title":{"rendered":"Inscri\u00e7\u00f5es semin\u00e1rio"},"content":{"rendered":"<p>&nbsp;<\/p>\n<p><strong>INSCRI\u00c7\u00d5ES ABERTAS<\/strong>\u00a0&#8211;\u00a0<a href=\"https:\/\/docs.google.com\/forms\/d\/1wJsnzsWOXN2f1AlTJzJTpNtBrPVNaxNGvBrA_QcIdOM\/viewform\" target=\"_blank\" rel=\"noopener\">CLIQUE AQUI<\/a><\/p>\n<p>&nbsp;<\/p>\n<p><img loading=\"lazy\" decoding=\"async\" src=\"http:\/\/blog.ufba.br\/ucabahia\/wp-content\/uploads\/sites\/50\/2013\/10\/convite1.jpg\" alt=\".\" width=\"537\" height=\"380\" \/><\/p>\n<p>&nbsp;<\/p>\n<p>&nbsp;<\/p>\n<p>&nbsp;<\/p>\n<p><strong>Programa\u00e7\u00e3o<\/strong><\/p>\n<p>&nbsp;<\/p>\n<p><img loading=\"lazy\" decoding=\"async\" src=\"http:\/\/blog.ufba.br\/ucabahia\/wp-content\/uploads\/sites\/50\/2013\/10\/folder-interno.jpg\" alt=\"folder\" width=\"579\" height=\"792\" \/><\/p>\n<p><a href=\"http:\/\/blog.ufba.br\/ucabahia\/wp-content\/uploads\/sites\/50\/2010\/09\/Mapinha-UCA22.png\"><br \/>\n<\/a><\/p>\n","protected":false},"excerpt":{"rendered":"<p>&nbsp; INSCRI\u00c7\u00d5ES ABERTAS\u00a0&#8211;\u00a0CLIQUE AQUI &nbsp; &nbsp; &nbsp; &nbsp; Programa\u00e7\u00e3o &nbsp;<\/p>\n","protected":false},"author":78,"featured_media":0,"parent":0,"menu_order":7,"comment_status":"closed","ping_status":"closed","template":"","meta":{"_coblocks_attr":"","_coblocks_dimensions":"","_coblocks_responsive_height":"","_coblocks_accordion_ie_support":"","_themeisle_gutenberg_block_has_review":false,"footnotes":""},"class_list":["post-645","page","type-page","status-publish","hentry","count-0","even alt","author-ucaadmin","last"],"_links":{"self":[{"href":"https:\/\/blog.ufba.br\/ucabahia\/wp-json\/wp\/v2\/pages\/645"}],"collection":[{"href":"https:\/\/blog.ufba.br\/ucabahia\/wp-json\/wp\/v2\/pages"}],"about":[{"href":"https:\/\/blog.ufba.br\/ucabahia\/wp-json\/wp\/v2\/types\/page"}],"author":[{"embeddable":true,"href":"https:\/\/blog.ufba.br\/ucabahia\/wp-json\/wp\/v2\/users\/78"}],"replies":[{"embeddable":true,"href":"https:\/\/blog.ufba.br\/ucabahia\/wp-json\/wp\/v2\/comments?post=645"}],"version-history":[{"count":0,"href":"https:\/\/blog.ufba.br\/ucabahia\/wp-json\/wp\/v2\/pages\/645\/revisions"}],"wp:attachment":[{"href":"https:\/\/blog.ufba.br\/ucabahia\/wp-json\/wp\/v2\/media?parent=645"}],"curies":[{"name":"wp","href":"https:\/\/api.w.org\/{rel}","templated":true}]}}