{"id":21,"date":"2010-10-26T03:25:44","date_gmt":"2010-10-26T03:25:44","guid":{"rendered":"http:\/\/blog.ufba.br\/ucabahia\/?page_id=21"},"modified":"2010-10-26T03:25:44","modified_gmt":"2010-10-26T03:25:44","slug":"breve-historico-do-projeto-uca","status":"publish","type":"page","link":"https:\/\/blog.ufba.br\/ucabahia\/breve-historico-do-projeto-uca\/","title":{"rendered":"Breve hist\u00f3rico do Projeto UCA"},"content":{"rendered":"<p>O programa Um Computador por Aluno (UCA) nasceu da iniciativa de distribui\u00e7\u00e3o de computadores port\u00e1teis para crian\u00e7as no Brasil, em 2005, quando o fundador do <em>Media Lab<\/em> (Laborat\u00f3rio de M\u00eddia) <em>do Massachusetts Institute of Technology<\/em> (MIT), o pesquisador Nicholas Negroponte, apresentou, em fevereiro, no F\u00f3rum Econ\u00f4mico Mundial em Davos, na Su\u00ed\u00e7a, o projeto de distribuir<em> laptops <\/em>de US$ 100 para alunos de escolas p\u00fablicas de pa\u00edses em desenvolvimento.<\/p>\n<p>O presidente Lula ap\u00f3s conversar com Negroponte e expressar o seu interesse pelo projeto, contratou tr\u00eas centros de pesquisas para analisar e validar os laptops que seriam testados.<\/p>\n<p>O governo brasileiro resolveu implementar o programa ap\u00f3s receber a confirma\u00e7\u00e3o dos centros de pesquisa de que a iniciativa do projeto era vi\u00e1vel. Assim,\u00a0 em 2007, foi criado um grupo de trabalho composto por representantes do MEC e assessores pedag\u00f3gicos respons\u00e1veis por avaliar e acompanhar os projetos pr\u00e9-pilotos nas escolas.<\/p>\n<p>Os respons\u00e1veis pela execu\u00e7\u00e3o do projeto s\u00e3o os Minist\u00e9rios da Educa\u00e7\u00e3o, Desenvolvimento, Ind\u00fastria e Com\u00e9rcio Exterior; e Ci\u00eancia e Tecnologia. A Casa Civil e o Servi\u00e7o de Processamento de Dados do Governo Federal (Serpro), al\u00e9m de universidades de todo o pa\u00eds.<\/p>\n<p>A experi\u00eancia\u00a0 pr\u00e9-piloto aconteceu nos estados do RJ, SP, RS e Tocantins, e tamb\u00e9m no DF &#8211; Bras\u00edlia. As escolas\u00a0utilizaram tr\u00eas tipos de<em> laptops<\/em> de baixo custo (<em>Classmate<\/em> PC, <em>Mobilis<\/em> e o XO), que foram doados pelas empresas fabricantes dos equipamentos.<\/p>\n<p>Para a fase piloto do projeto UCA, o governo realizou um leil\u00e3o no final de 2007 para a compra de 150 mil <em>laptops<\/em>, mas a a\u00e7\u00e3o foi cancelada, pois o MEC, na \u00e9poca, considerou o pre\u00e7o pedido pela empresa vencedora, caro demais.<\/p>\n<p>Em 2008 o governo realizou outra licita\u00e7\u00e3o para a compra dos 150 mil computadores e dessa vez o leil\u00e3o atingiu o seu objetivo.\u00a0 O MEC conseguiu comprar os computadores por um pre\u00e7o mais barato. No entanto, o leil\u00e3o foi suspenso por conta de alguns questionamentos referentes a legalidade de alguns itens do edital.\u00a0 No \u00ednicio de 2009 o TCU revogou a medida cautelar que suspendia o leil\u00e3o para a aquisi\u00e7\u00e3o dos 150 mil <em>laptops<\/em>. Assim, o MEC p\u00f4de dar prosseguimento ao processo, realizando testes de ader\u00eancia dos equipamentos.<\/p>\n<p>Depois de um longo processo de testes, o TCU desclassificou a\u00a0empresa vencedora da licita\u00e7\u00e3o\u00a0no processo para o fornecimento dos l<em>aptops<\/em>, convocando a segunda empresa classificada no leil\u00e3o, para dar prosseguimento \u00e0 aquisi\u00e7\u00e3o dos 150 mil computadores Classmate.<\/p>\n<p>Ap\u00f3s a compra dos computadores, o Projeto piloto UCA\u00a0contemplou\u00a0300 escolas brasileiras com os laptops.<\/p>\n","protected":false},"excerpt":{"rendered":"<p>O programa Um Computador por Aluno (UCA) nasceu da iniciativa de distribui\u00e7\u00e3o de computadores port\u00e1teis para crian\u00e7as no Brasil, em 2005, quando o fundador do Media Lab (Laborat\u00f3rio de M\u00eddia) do Massachusetts Institute of Technology (MIT), o pesquisador Nicholas Negroponte, apresentou, em fevereiro, no F\u00f3rum Econ\u00f4mico Mundial em Davos, na Su\u00ed\u00e7a, o projeto de distribuir [&hellip;]<\/p>\n","protected":false},"author":78,"featured_media":0,"parent":0,"menu_order":0,"comment_status":"closed","ping_status":"open","template":"","meta":{"_coblocks_attr":"","_coblocks_dimensions":"","_coblocks_responsive_height":"","_coblocks_accordion_ie_support":"","_themeisle_gutenberg_block_has_review":false,"footnotes":""},"class_list":["post-21","page","type-page","status-publish","hentry","count-0","even alt","author-ucaadmin","last"],"_links":{"self":[{"href":"https:\/\/blog.ufba.br\/ucabahia\/wp-json\/wp\/v2\/pages\/21"}],"collection":[{"href":"https:\/\/blog.ufba.br\/ucabahia\/wp-json\/wp\/v2\/pages"}],"about":[{"href":"https:\/\/blog.ufba.br\/ucabahia\/wp-json\/wp\/v2\/types\/page"}],"author":[{"embeddable":true,"href":"https:\/\/blog.ufba.br\/ucabahia\/wp-json\/wp\/v2\/users\/78"}],"replies":[{"embeddable":true,"href":"https:\/\/blog.ufba.br\/ucabahia\/wp-json\/wp\/v2\/comments?post=21"}],"version-history":[{"count":0,"href":"https:\/\/blog.ufba.br\/ucabahia\/wp-json\/wp\/v2\/pages\/21\/revisions"}],"wp:attachment":[{"href":"https:\/\/blog.ufba.br\/ucabahia\/wp-json\/wp\/v2\/media?parent=21"}],"curies":[{"name":"wp","href":"https:\/\/api.w.org\/{rel}","templated":true}]}}