{"id":7,"date":"2010-10-26T12:13:25","date_gmt":"2010-10-26T15:13:25","guid":{"rendered":"http:\/\/blog.ufba.br\/tabuleirodigital\/?page_id=7"},"modified":"2010-10-26T12:13:25","modified_gmt":"2010-10-26T15:13:25","slug":"breve-historico","status":"publish","type":"page","link":"https:\/\/blog.ufba.br\/tabuleirodigital\/breve-historico\/","title":{"rendered":"Breve Hist\u00f3rico"},"content":{"rendered":"<p>O <strong>Tabuleiro Digital<\/strong> \u00e9 o projeto de inclus\u00e3o digital, proposto pelo <a href=\"http:\/\/www.gec.faced.ufba.br\/twiki\/bin\/view\/GEC\/WebHome\" target=\"_top\" rel=\"noopener\">GEC (Grupo de Pesquisa em Educa\u00e7\u00e3o, Comunica\u00e7\u00e3o e Tecnologias)<\/a>, com computadores dispon\u00edveis nos tr\u00eas andares da <a href=\"http:\/\/www2.faced.ufba.br\/\" target=\"_top\" rel=\"noopener\">Faced<\/a>, e que tem como objetivo favorecer a inclus\u00e3o sociodigital, <strong>atrav\u00e9s do acesso p\u00fablico \u00e0 internet para a comunidade acad\u00eamica da <a href=\"http:\/\/www.portal.ufba.br\/\" target=\"_top\" rel=\"noopener\">UFBA<\/a>, assim como para a comunidade em geral que estuda, mora, trabalha no entorno do Vale do Canela<\/strong>. A organiza\u00e7\u00e3o dos TD est\u00e1 centrada na l\u00f3gica das REDES, de forma que o acesso ao mundo digital possa se dar de forma plena e intensa. Al\u00e9m do acesso \u00e0 REDE, esse projeto tem como compromisso pol\u00edtico a divulga\u00e7\u00e3o e utiliza\u00e7\u00e3o de <a href=\"http:\/\/twiki.dcc.ufba.br\/bin\/view\/PSL\/OQueESL\" target=\"_top\" rel=\"noopener\">Software Livre<\/a> (sistemas operacionais que permitem a liberdade de executar, estudar, modificar e distribuir o programa). Essa op\u00e7\u00e3o est\u00e1 conceitualmente articulada aos princ\u00edpios do Projeto, que visa o uso das tecnologias numa din\u00e2mica de <strong>LIBERDADE<\/strong> plena de acesso e navega\u00e7\u00e3o, sem restri\u00e7\u00f5es a sites, nem controle t\u00e9cnico sobre o tempo de uso ou para a identifica\u00e7\u00e3o pr\u00e9via dos usu\u00e1rios que o procuram, sendo assim um ambiente de <strong>autogest\u00e3o.<\/strong><\/p>\n<p>Essa din\u00e2mica do projeto acaba por gerar tens\u00f5es entre os usu\u00e1rios, essa tem\u00e1tica foi utilizada para a realiza\u00e7\u00e3o de um trabalho de monografia entitulada: <a href=\"http:\/\/www.gec.faced.ufba.br\/twiki\/pub\/GEC\/TabuleiroInclusaoDigital\/Versao_final.pdf\" target=\"_top\" rel=\"noopener\">TABULEIRO DIGITAL: VIV\u00caNCIAS, DIN\u00c2MICAS E TENS\u00d5ES. UM ESTUDO DE CASO<\/a>, por Joseilda Sampaio de Souza.<\/p>\n","protected":false},"excerpt":{"rendered":"<p>O Tabuleiro Digital \u00e9 o projeto de inclus\u00e3o digital, proposto pelo GEC (Grupo de Pesquisa em Educa\u00e7\u00e3o, Comunica\u00e7\u00e3o e Tecnologias), com computadores dispon\u00edveis nos tr\u00eas andares da Faced, e que tem como objetivo favorecer a inclus\u00e3o sociodigital, atrav\u00e9s do acesso &hellip; <a href=\"https:\/\/blog.ufba.br\/tabuleirodigital\/breve-historico\/\">Continue lendo <span class=\"meta-nav\">&rarr;<\/span><\/a><\/p>\n","protected":false},"author":76,"featured_media":0,"parent":0,"menu_order":0,"comment_status":"closed","ping_status":"closed","template":"","meta":{"_coblocks_attr":"","_coblocks_dimensions":"","_coblocks_responsive_height":"","_coblocks_accordion_ie_support":"","_themeisle_gutenberg_block_has_review":false,"footnotes":""},"class_list":["post-7","page","type-page","status-publish","hentry"],"_links":{"self":[{"href":"https:\/\/blog.ufba.br\/tabuleirodigital\/wp-json\/wp\/v2\/pages\/7"}],"collection":[{"href":"https:\/\/blog.ufba.br\/tabuleirodigital\/wp-json\/wp\/v2\/pages"}],"about":[{"href":"https:\/\/blog.ufba.br\/tabuleirodigital\/wp-json\/wp\/v2\/types\/page"}],"author":[{"embeddable":true,"href":"https:\/\/blog.ufba.br\/tabuleirodigital\/wp-json\/wp\/v2\/users\/76"}],"replies":[{"embeddable":true,"href":"https:\/\/blog.ufba.br\/tabuleirodigital\/wp-json\/wp\/v2\/comments?post=7"}],"version-history":[{"count":0,"href":"https:\/\/blog.ufba.br\/tabuleirodigital\/wp-json\/wp\/v2\/pages\/7\/revisions"}],"wp:attachment":[{"href":"https:\/\/blog.ufba.br\/tabuleirodigital\/wp-json\/wp\/v2\/media?parent=7"}],"curies":[{"name":"wp","href":"https:\/\/api.w.org\/{rel}","templated":true}]}}