{"id":59,"date":"2010-10-19T14:24:33","date_gmt":"2010-10-19T17:24:33","guid":{"rendered":"https:\/\/blog2.ufba.br\/tabuleirodigital\/sobre\/"},"modified":"2010-10-19T14:24:33","modified_gmt":"2010-10-19T17:24:33","slug":"sobre","status":"publish","type":"page","link":"https:\/\/blog.ufba.br\/tabuleirodigital\/sobre\/","title":{"rendered":"Equipe"},"content":{"rendered":"<p>Nelson Pretto &#8211; Coordenador Geral<br \/>\nKarina Moreira Menezes &#8211; Coordenadora Adjunta<br \/>\nCaio Marcelo Formiga &#8211; Apoio \u00e0 Coordena\u00e7\u00e3o<\/p>\n<p>Bolsistas:<\/p>\n<p>Ana\u00edra Lobo e Pinheiro &#8211; Jornalismo<br \/>\nAur\u00e9lio Adnauer Heckert &#8211; Pedagogia<br \/>\nDiego de Jesus &#8211; Geografia<br \/>\nJaguaraci Ramos de Oliveira &#8211; Pedagogia<br \/>\nLeonardo Lu\u00eds Sales Sousa Gama &#8211; Ci\u00eancia da Computa\u00e7\u00e3o<br \/>\nRodrigo Correia &#8211; Ci\u00eancia da Computa\u00e7\u00e3o<\/p>\n","protected":false},"excerpt":{"rendered":"<p>Nelson Pretto &#8211; Coordenador Geral Karina Moreira Menezes &#8211; Coordenadora Adjunta Caio Marcelo Formiga &#8211; Apoio \u00e0 Coordena\u00e7\u00e3o Bolsistas: Ana\u00edra Lobo e Pinheiro &#8211; Jornalismo Aur\u00e9lio Adnauer Heckert &#8211; Pedagogia Diego de Jesus &#8211; Geografia Jaguaraci Ramos de Oliveira &#8211; &hellip; <a href=\"https:\/\/blog.ufba.br\/tabuleirodigital\/sobre\/\">Continue lendo <span class=\"meta-nav\">&rarr;<\/span><\/a><\/p>\n","protected":false},"author":1,"featured_media":0,"parent":0,"menu_order":0,"comment_status":"open","ping_status":"open","template":"","meta":{"_coblocks_attr":"","_coblocks_dimensions":"","_coblocks_responsive_height":"","_coblocks_accordion_ie_support":"","_themeisle_gutenberg_block_has_review":false,"footnotes":""},"class_list":["post-59","page","type-page","status-publish","hentry"],"_links":{"self":[{"href":"https:\/\/blog.ufba.br\/tabuleirodigital\/wp-json\/wp\/v2\/pages\/59"}],"collection":[{"href":"https:\/\/blog.ufba.br\/tabuleirodigital\/wp-json\/wp\/v2\/pages"}],"about":[{"href":"https:\/\/blog.ufba.br\/tabuleirodigital\/wp-json\/wp\/v2\/types\/page"}],"author":[{"embeddable":true,"href":"https:\/\/blog.ufba.br\/tabuleirodigital\/wp-json\/wp\/v2\/users\/1"}],"replies":[{"embeddable":true,"href":"https:\/\/blog.ufba.br\/tabuleirodigital\/wp-json\/wp\/v2\/comments?post=59"}],"version-history":[{"count":0,"href":"https:\/\/blog.ufba.br\/tabuleirodigital\/wp-json\/wp\/v2\/pages\/59\/revisions"}],"wp:attachment":[{"href":"https:\/\/blog.ufba.br\/tabuleirodigital\/wp-json\/wp\/v2\/media?parent=59"}],"curies":[{"name":"wp","href":"https:\/\/api.w.org\/{rel}","templated":true}]}}