{"id":95,"date":"2013-07-29T20:01:31","date_gmt":"2013-07-29T20:01:31","guid":{"rendered":"http:\/\/blog.ufba.br\/sbpcbahia\/?page_id=95"},"modified":"2013-07-29T20:01:31","modified_gmt":"2013-07-29T20:01:31","slug":"codigo-nacional-de-ciencia-tecnologia-e-inovacao","status":"publish","type":"page","link":"https:\/\/blog.ufba.br\/sbpcbahia\/codigo-nacional-de-ciencia-tecnologia-e-inovacao\/","title":{"rendered":"C\u00f3digo Nacional de Ci\u00eancia, Tecnologia e Inova\u00e7\u00e3o"},"content":{"rendered":"<h1><strong>C\u00f3digo Nacional de Ci\u00eancia, Tecnologia e Inova\u00e7\u00e3o<\/strong><\/h1>\n<p>P\u00e1gina para subsidiar os debates que est\u00e3o sendo realizados na Bahia promovidos pelo Centro de Pesquisas Gon\u00e7alo Moniz (CPqGM &#8211; FIOCRUZ BAHIA), em parceria com a\u00a0Academia de Ci\u00eancias da Bahia, a Associa\u00e7\u00e3o Brasileira de Sa\u00fade Coletiva &#8211; ABRASCO,\u00a0 o Conselho de Inova\u00e7\u00e3o da Federa\u00e7\u00e3o das Ind\u00fastrias do Estado da Bahia, o F\u00f3rum Nacional de Gestores de Inova\u00e7\u00e3o e Transfer\u00eancia de Tecnologia \u2013 FORTEC e a Sociedade Brasileira para o Progresso da Ci\u00eancia \u2013 Regional Bahia<\/p>\n<p style=\"text-align: center\">| O EVENTO | PROGRAMA\u00c7\u00c3O PRELIMINAR | MAIORES INFORMA\u00c7\u00d5ES|\u00a0DOCUMENTOS PARA DISCUSS\u00c3O |<\/p>\n<p>&nbsp;<\/p>\n<p><a href=\"http:\/\/blog.ufba.br\/sbpcbahia\/wp-content\/uploads\/sites\/64\/2013\/07\/DebateCTI.jpg\"><img loading=\"lazy\" decoding=\"async\" class=\"aligncenter size-full wp-image-116\" src=\"http:\/\/blog.ufba.br\/sbpcbahia\/wp-content\/uploads\/sites\/64\/2013\/07\/DebateCTI.jpg\" alt=\"\" width=\"595\" height=\"841\" srcset=\"https:\/\/blog.ufba.br\/sbpcbahia\/wp-content\/uploads\/sites\/64\/2013\/07\/DebateCTI.jpg 595w, https:\/\/blog.ufba.br\/sbpcbahia\/wp-content\/uploads\/sites\/64\/2013\/07\/DebateCTI-212x300.jpg 212w, https:\/\/blog.ufba.br\/sbpcbahia\/wp-content\/uploads\/sites\/64\/2013\/07\/DebateCTI-106x150.jpg 106w\" sizes=\"(max-width: 595px) 100vw, 595px\" \/><\/a><\/p>\n<p><strong>Participe<\/strong><\/p>\n<p>Dia 15 de agosto de 2013<\/p>\n<p>das 14 \u00e0s 18 horas<\/p>\n<p>Local: Fiocruz Bahia &#8211; <span style=\"font-family: tahoma\">Rua Waldemar Falc\u00e3o, n. 121, Brotas (Horto Florestal, ao lado do LACEN).<\/span><\/p>\n<p>Com transmiss\u00e3o ao vivo pela R\u00e1dio Fiocruz Web [aguarde o link],\u00a0implantada\u00a0com o apoio da R\u00e1dio Faced Web [<a title=\"R\u00e1dio Faced Web\" href=\"http:\/\/www.radio.faced.ufba.br\" target=\"_blank\" rel=\"noopener\">www.radio.faced.ufba.br<\/a>]<\/p>\n<p>O EVENTO<\/p>\n<p><span style=\"font-family: Arial\">O Centro de Pesquisas Gon\u00e7alo Moniz (CPqGM &#8211; FIOCRUZ BAHIA), em parceria com a\u00a0Academia de Ci\u00eancias da Bahia, a Associa\u00e7\u00e3o Brasileira de Sa\u00fade Coletiva &#8211; ABRASCO,\u00a0 o Conselho de Inova\u00e7\u00e3o da Federa\u00e7\u00e3o das Ind\u00fastrias do Estado da Bahia, o F\u00f3rum Nacional de Gestores de Inova\u00e7\u00e3o e Transfer\u00eancia de Tecnologia \u2013 FORTEC e a Sociedade Brasileira para o Progresso da Ci\u00eancia \u2013 Regional Bahia realizar\u00e1 debate sobre o Projeto de Lei 2177\/2011 que trata do C\u00f3digo Nacional de Ci\u00eancia, Tecnologia e Inova\u00e7\u00e3o (CT&amp;I).<br \/>\n<\/span><\/p>\n<p><span style=\"font-family: Arial\">As mudan\u00e7as em discuss\u00e3o no Congresso Nacional envolvem altera\u00e7\u00f5es na legisla\u00e7\u00e3o sobre o acesso \u00e0 Biodiversidade, uma proposta de Regime Diferenciado de Compras e Contrata\u00e7\u00f5es para a \u00e1rea de CT&amp;I e um novo Marco Legal para a Inova\u00e7\u00e3o.<br \/>\nO debate, que reunir\u00e1 representantes do governo, do segmento empresarial e da comunidade acad\u00eamica, tem como objetivo estimular a discuss\u00e3o sobre as mudan\u00e7as poss\u00edveis atrav\u00e9s do novo marco legal de CT&amp;I e coletar contribui\u00e7\u00f5es para o aperfei\u00e7oamento da legisla\u00e7\u00e3o. <\/span><\/p>\n<p><span style=\"font-family: Arial\">Na oportunidade, o relator do Projeto de Lei, o Deputado Sib\u00e1 Machado (PT-AC), apresentar\u00e1 os resultados obtidos at\u00e9 o momento pelo grupo de trabalho respons\u00e1vel pela elabora\u00e7\u00e3o de substitutivo ao PL.<\/span><\/p>\n<p><strong>PROGRAMA\u00c7\u00c3O PRELIMIAR<\/strong><\/p>\n<p>14h Mesa de Abertura<br \/>\n14h30 Exposi\u00e7\u00e3o PL 2177\/2011 (C\u00f3digo de CT&amp;I)<br \/>\nDeputado Sib\u00e1 Machado (PT\/AC), relator da Comiss\u00e3o Especial da C\u00e2mara (PRESEN\u00c7A CONFIMADA)<br \/>\nDebate<\/p>\n<p>15 30h Tema 1| Proposta de Emenda Constitucional (PEC)<br \/>\nFacilitador: a confirmar<br \/>\n16hTema 2| Lei de Inova\u00e7\u00e3o<br \/>\nFacilitador: a confirmar<br \/>\n16 30h Tema 3| Acesso \u00e0 Biodiversidade<br \/>\nFacilitador: a confirmar<br \/>\n17h00 Tema 4| Regime Diferenciado de Contrata\u00e7\u00f5es P\u00fablicas (RDC)<br \/>\nFacilitador: Gesil Sampaio Amarante Segundo \u2013 UESC\/CITEC-FIEB\/FORTEC<br \/>\n17h30 Encerramento<\/p>\n<div>\n<p><span style=\"font-size: 1.17em\">DOCUMENTOS PARA DISCUSS\u00c3O<\/span><\/p>\n<\/div>\n<p align=\"JUSTIFY\">Proposta de emenda de \u00e0 Constitui\u00e7\u00e3o do Deputado\u00a0Sib\u00e1 Machado e outros: Altera e adiciona dispositivos na Constitui\u00e7\u00e3o Federal para atualizar o tratamento das atividades de ci\u00eancia, tecnologia e inova\u00e7\u00e3o.|\u00a0<a href=\"http:\/\/blog.ufba.br\/sbpcbahia\/files\/2013\/07\/PEC.doc\">PEC<\/a> |<\/p>\n<p>Apresenta\u00e7\u00e3o do Deputado Sib\u00e1 Machado | <a href=\"http:\/\/blog.ufba.br\/sbpcbahia\/files\/2013\/07\/SibaMachado_oht1.ppt\">em .ppt<\/a>\u00a0 |<\/p>\n<p>Apresenta\u00e7\u00e3o de Marcos Elias (MCT) na 65\u00aa Reuni\u00e3o Anual da SBPC | <a href=\"http:\/\/blog.ufba.br\/sbpcbahia\/files\/2013\/07\/MTCI_Elias_SBPC_CodifoCeT22072013.pptx\">em .ppt<\/a> |<\/p>\n<p>Documento da Presid\u00eancia da Fiocruz &#8211; sugest\u00f5es para a PEC, em 10.07.2013 | <a href=\"http:\/\/blog.ufba.br\/sbpcbahia\/files\/2013\/07\/PECsugestoesFIOCRUZPresidencia100713_3.pdf\">em pdf<\/a>|<\/p>\n<p>Tabela s\u00edntese com contribui\u00e7\u00f5es da Fiocruz e Fortec de 17.07.2013 | <a href=\"http:\/\/blog.ufba.br\/sbpcbahia\/files\/2013\/07\/TABELAcontribuicoesFIOCRUZ17072013.doc\">em .doc<\/a> |<\/p>\n<p>&nbsp;<\/p>\n<div>\n<p>MAIORES INFORMA\u00c7\u00d5ES<\/p>\n<p>Matheus Pereira de Queiroz<br \/>\nN\u00facleo de Inova\u00e7\u00e3o Tecnol\u00f3gica<br \/>\nCentro de Pesquisas Gon\u00e7alo Moniz<br \/>\nFunda\u00e7\u00e3o Oswaldo Cruz &#8211; Bahia<br \/>\nTel: 71 3176-2308<\/p>\n<\/div>\n<div><\/div>\n","protected":false},"excerpt":{"rendered":"<p>C\u00f3digo Nacional de Ci\u00eancia, Tecnologia e Inova\u00e7\u00e3o P\u00e1gina para subsidiar os debates que est\u00e3o sendo realizados na Bahia promovidos pelo Centro de Pesquisas Gon\u00e7alo Moniz (CPqGM &#8211; FIOCRUZ BAHIA), em parceria com a\u00a0Academia de Ci\u00eancias da Bahia, a Associa\u00e7\u00e3o Brasileira de Sa\u00fade Coletiva &#8211; ABRASCO,\u00a0 o Conselho de Inova\u00e7\u00e3o da Federa\u00e7\u00e3o das Ind\u00fastrias do Estado [&hellip;]<\/p>\n","protected":false},"author":1,"featured_media":0,"parent":0,"menu_order":0,"comment_status":"open","ping_status":"open","template":"","meta":{"_coblocks_attr":"","_coblocks_dimensions":"","_coblocks_responsive_height":"","_coblocks_accordion_ie_support":"","_themeisle_gutenberg_block_has_review":false,"footnotes":""},"class_list":["post-95","page","type-page","status-publish","hentry","count-0","even alt","author-admin","last"],"_links":{"self":[{"href":"https:\/\/blog.ufba.br\/sbpcbahia\/wp-json\/wp\/v2\/pages\/95"}],"collection":[{"href":"https:\/\/blog.ufba.br\/sbpcbahia\/wp-json\/wp\/v2\/pages"}],"about":[{"href":"https:\/\/blog.ufba.br\/sbpcbahia\/wp-json\/wp\/v2\/types\/page"}],"author":[{"embeddable":true,"href":"https:\/\/blog.ufba.br\/sbpcbahia\/wp-json\/wp\/v2\/users\/1"}],"replies":[{"embeddable":true,"href":"https:\/\/blog.ufba.br\/sbpcbahia\/wp-json\/wp\/v2\/comments?post=95"}],"version-history":[{"count":0,"href":"https:\/\/blog.ufba.br\/sbpcbahia\/wp-json\/wp\/v2\/pages\/95\/revisions"}],"wp:attachment":[{"href":"https:\/\/blog.ufba.br\/sbpcbahia\/wp-json\/wp\/v2\/media?parent=95"}],"curies":[{"name":"wp","href":"https:\/\/api.w.org\/{rel}","templated":true}]}}