{"id":61,"date":"2012-08-16T22:18:40","date_gmt":"2012-08-16T22:18:40","guid":{"rendered":"http:\/\/blog.ufba.br\/sbpcbahia\/?page_id=61"},"modified":"2012-08-16T22:18:40","modified_gmt":"2012-08-16T22:18:40","slug":"manifestacoes-da-sbpc","status":"publish","type":"page","link":"https:\/\/blog.ufba.br\/sbpcbahia\/manifestacoes-da-sbpc\/","title":{"rendered":"Manifesta\u00e7\u00f5es da SBPC"},"content":{"rendered":"<p>Nesta p\u00e1gina est\u00e3o dispon\u00edveis as manifesta\u00e7\u00f5es da SBPC em n\u00edvel regional (Bahia) e nacional.<\/p>\n<h2>Em defesa do Plano Nacional de Educa\u00e7\u00e3o 2011-2012<\/h2>\n<ul>\n<li>Manifesto do F\u00f3rum Nacional da Educa\u00e7\u00e3o: <a href=\"http:\/\/blog.ufba.br\/sbpcbahia\/files\/2012\/08\/Declara\u00e7\u00e3o-de-Apoio-FEE-CE.pdf\">clique aqui (em pdf)<\/a>.<\/li>\n<li>Carta da SBPC ao Deputado Marco maia, Presidente da C\u00e2mara dos Deputados e a todos os 512 deputados federais, em 15.08.2012: <a href=\"http:\/\/blog.ufba.br\/sbpcbahia\/files\/2012\/08\/087-Dep-Marco-Maia-1.pdf\">clique aqui (em pdf)<\/a><\/li>\n<\/ul>\n<p>&nbsp;<\/p>\n","protected":false},"excerpt":{"rendered":"<p>Nesta p\u00e1gina est\u00e3o dispon\u00edveis as manifesta\u00e7\u00f5es da SBPC em n\u00edvel regional (Bahia) e nacional. Em defesa do Plano Nacional de Educa\u00e7\u00e3o 2011-2012 Manifesto do F\u00f3rum Nacional da Educa\u00e7\u00e3o: clique aqui (em pdf). Carta da SBPC ao Deputado Marco maia, Presidente da C\u00e2mara dos Deputados e a todos os 512 deputados federais, em 15.08.2012: clique aqui [&hellip;]<\/p>\n","protected":false},"author":1,"featured_media":0,"parent":0,"menu_order":2,"comment_status":"open","ping_status":"open","template":"","meta":{"_coblocks_attr":"","_coblocks_dimensions":"","_coblocks_responsive_height":"","_coblocks_accordion_ie_support":"","_themeisle_gutenberg_block_has_review":false,"footnotes":""},"class_list":["post-61","page","type-page","status-publish","hentry","count-0","even alt","author-admin","last"],"_links":{"self":[{"href":"https:\/\/blog.ufba.br\/sbpcbahia\/wp-json\/wp\/v2\/pages\/61"}],"collection":[{"href":"https:\/\/blog.ufba.br\/sbpcbahia\/wp-json\/wp\/v2\/pages"}],"about":[{"href":"https:\/\/blog.ufba.br\/sbpcbahia\/wp-json\/wp\/v2\/types\/page"}],"author":[{"embeddable":true,"href":"https:\/\/blog.ufba.br\/sbpcbahia\/wp-json\/wp\/v2\/users\/1"}],"replies":[{"embeddable":true,"href":"https:\/\/blog.ufba.br\/sbpcbahia\/wp-json\/wp\/v2\/comments?post=61"}],"version-history":[{"count":0,"href":"https:\/\/blog.ufba.br\/sbpcbahia\/wp-json\/wp\/v2\/pages\/61\/revisions"}],"wp:attachment":[{"href":"https:\/\/blog.ufba.br\/sbpcbahia\/wp-json\/wp\/v2\/media?parent=61"}],"curies":[{"name":"wp","href":"https:\/\/api.w.org\/{rel}","templated":true}]}}