{"id":55,"date":"2011-06-27T12:14:06","date_gmt":"2011-06-27T12:14:06","guid":{"rendered":"http:\/\/blog.ufba.br\/sbpcbahia\/?page_id=2"},"modified":"2011-06-27T12:14:06","modified_gmt":"2011-06-27T12:14:06","slug":"sample-page","status":"publish","type":"page","link":"https:\/\/blog.ufba.br\/sbpcbahia\/sample-page\/","title":{"rendered":"SBPC &#8211; Bahia"},"content":{"rendered":"<p style=\"text-align: center\"><a href=\"https:\/\/encrypted-tbn1.google.com\/images?q=tbn:ANd9GcQqF2O1EnewmRNSL48y7vxlpYRcCsXa5DPPoq2tiwZFMxU-wcqH2w\"><img loading=\"lazy\" decoding=\"async\" class=\"alignnone\" src=\"https:\/\/encrypted-tbn1.google.com\/images?q=tbn:ANd9GcQqF2O1EnewmRNSL48y7vxlpYRcCsXa5DPPoq2tiwZFMxU-wcqH2w\" alt=\"\" width=\"200\" height=\"161\" \/><\/a><\/p>\n<h3>Secretaria Regional da Bahia<\/h3>\n<p><span style=\"font-size: medium\">Secret\u00e1rio Regional (2015\/2017) &#8211; \u00a0Jaime dos Santos Filho \u00a0&#8211; Instituto Federal de Educa\u00e7\u00e3o &#8211; Campus Vit\u00f3ria da Conquista &#8211; secretaria.ba@sbpcnet.org.br<\/span><\/p>\n<p>Secret\u00e1rio regional adjunto (2015\/2017) &#8211; Alberto Brum Novaes &#8211; Instituto de F\u00edsica &#8211; UFBA<\/p>\n<p><span style=\"font-size: 1.17em\">T<\/span><span style=\"font-size: medium\">twitter da SBPC Bahia: @sbpcba<\/span><\/p>\n<p><span style=\"font-size: medium\">SBPC \u2013 http:\/\/www.sbpcnet.org.br<\/span><\/p>\n<div id=\"attachment_121\" style=\"width: 310px\" class=\"wp-caption aligncenter\"><a href=\"http:\/\/blog.ufba.br\/sbpcbahia\/wp-content\/uploads\/sites\/64\/2011\/06\/Foto-Revista-Veja-de-1981.png\"><img loading=\"lazy\" decoding=\"async\" aria-describedby=\"caption-attachment-121\" class=\"size-medium wp-image-121\" src=\"http:\/\/blog.ufba.br\/sbpcbahia\/wp-content\/uploads\/sites\/64\/2011\/06\/Foto-Revista-Veja-de-1981-300x187.png\" alt=\"33a reuni\u00e3o anual da SBPC, em Salvador, Bahia. 1981.\" width=\"300\" height=\"187\" srcset=\"https:\/\/blog.ufba.br\/sbpcbahia\/wp-content\/uploads\/sites\/64\/2011\/06\/Foto-Revista-Veja-de-1981-300x187.png 300w, https:\/\/blog.ufba.br\/sbpcbahia\/wp-content\/uploads\/sites\/64\/2011\/06\/Foto-Revista-Veja-de-1981-150x94.png 150w, https:\/\/blog.ufba.br\/sbpcbahia\/wp-content\/uploads\/sites\/64\/2011\/06\/Foto-Revista-Veja-de-1981.png 643w\" sizes=\"(max-width: 300px) 100vw, 300px\" \/><\/a><p id=\"caption-attachment-121\" class=\"wp-caption-text\">33a reuni\u00e3o anual da SBPC, em Salvador, Bahia. 1981.<\/p><\/div>\n<h1 style=\"text-align: center\"><span style=\"color: #ff0000\">Associe-se \u00e0 SBPC: <a title=\"Formul\u00e1rio para associa\u00e7\u00e3o \u00e0 SBPC\" href=\"http:\/\/www.sbpcnet.org.br\/socios\/servicos\/cadastro.asp\" target=\"_blank\" rel=\"noopener\"><span style=\"color: #ff0000\">clique aqui<\/span><\/a><\/span><\/h1>\n<p>&nbsp;<\/p>\n<h2>Sociedades Cient\u00edficas filiadas \u00e0 SBPC<\/h2>\n<p>Associa\u00e7\u00e3o Brasileira de \u00c1guas Subterr\u00e2neas &#8211; ABAS<br \/>\nAssocia\u00e7\u00e3o Brasileira de Antropologia &#8211; ABA<br \/>\nAssocia\u00e7\u00e3o Brasileira de Ci\u00eancia Pol\u00edtica &#8211; ABCP<br \/>\nAssocia\u00e7\u00e3o Brasileira de Ci\u00eancias Farmac\u00eauticas &#8211; ABCF<br \/>\nAssocia\u00e7\u00e3o Brasileira de Ci\u00eancias Mec\u00e2nicas &#8211; ABCM<br \/>\nAssocia\u00e7\u00e3o Brasileira de Editores Cient\u00edficos &#8211; ABEC<br \/>\nAssocia\u00e7\u00e3o Brasileira de Educa\u00e7\u00e3o \u00e0 Dist\u00e2ncia &#8211; ABED<br \/>\nAssocia\u00e7\u00e3o Brasileira de Eletr\u00f4nica de Pot\u00eancia &#8211; SOBRAEP<br \/>\nAssocia\u00e7\u00e3o Brasileira de Enfermagem &#8211; ABEn<br \/>\nAssocia\u00e7\u00e3o Brasileira de Engenharia de Produ\u00e7\u00e3o &#8211; ABEPRO<br \/>\nAssocia\u00e7\u00e3o Brasileira de Ensino Odontol\u00f3gico &#8211; ABENO<br \/>\nAssocia\u00e7\u00e3o Brasileira de Ergonomia &#8211; ABERGO<br \/>\nAssocia\u00e7\u00e3o Brasileira de Estat\u00edstica &#8211; ABE<br \/>\nAssocia\u00e7\u00e3o Brasileira de Estudos Populacionais &#8211; ABEP<br \/>\nAssocia\u00e7\u00e3o Brasileira de F\u00edsica M\u00e9dica &#8211; ABFM<br \/>\nAssocia\u00e7\u00e3o Brasileira de Jornalismo Cient\u00edfico &#8211; ABJC<br \/>\nAssocia\u00e7\u00e3o Brasileira de Limnologia &#8211; ABL imno<br \/>\nAssocia\u00e7\u00e3o Brasileira de Ling\u00fc\u00edstica &#8211; ABRALIN<br \/>\nAssocia\u00e7\u00e3o Brasileira de Pesquisa em Educa\u00e7\u00e3o em Ci\u00eancias &#8211; ABRAPEC<br \/>\nAssocia\u00e7\u00e3o Brasileira de Pesquisa em Educa\u00e7\u00e3o Especial &#8211; ABPEE<br \/>\nAssocia\u00e7\u00e3o Brasileira de Pesquisadores de Comunica\u00e7\u00e3o<br \/>\nOrganizacional e de Rela\u00e7\u00f5es P\u00fablicas &#8211; ABRAPCORP<br \/>\nAssocia\u00e7\u00e3o Brasileira de Pesquisadores em Jornalismo &#8211; SBPJor<br \/>\nAssocia\u00e7\u00e3o Brasileira de P\u00f3s-Gradua\u00e7\u00e3o em Sa\u00fade Coletiva &#8211; ABRASCO<br \/>\nAssocia\u00e7\u00e3o Brasileira de Psicologia Social &#8211; ABRAPSO<br \/>\nAssocia\u00e7\u00e3o Brasileira de Psicoterapia e Medicina Comportamental &#8211; ABPMC<br \/>\nAssocia\u00e7\u00e3o Brasileira de Qu\u00edmica &#8211; ABQ<br \/>\nAssocia\u00e7\u00e3o dos Ge\u00f3grafos Brasileiros &#8211; AGB<br \/>\nAssocia\u00e7\u00e3o Nacional de Hist\u00f3ria &#8211; ANPUH<br \/>\nAssocia\u00e7\u00e3o Nacional de Pesquisa e P\u00f3s Gradua\u00e7\u00e3o em Ci\u00eancia da Informa\u00e7\u00e3o &#8211; ANCIB<br \/>\nAssocia\u00e7\u00e3o Nacional de Pesquisa e P\u00f3s-Gradua\u00e7\u00e3o em Psicologia &#8211; ANPEPP<br \/>\nAssocia\u00e7\u00e3o Nacional de Pol\u00edticas e Adminis tra\u00e7\u00e3o da Educa\u00e7\u00e3o &#8211; ANPAE<br \/>\nAssocia\u00e7\u00e3o Nacional de P\u00f3s Gradua\u00e7\u00e3o e Pesquisa em Ci\u00eancias Sociais &#8211; ANPOCS<br \/>\nAssocia\u00e7\u00e3o Nacional de P\u00f3s Gradua\u00e7\u00e3o e Pesquisa em Educa\u00e7\u00e3o &#8211; ANPED<br \/>\nAssocia\u00e7\u00e3o Nacional de P\u00f3s-Gradua\u00e7\u00e3o e Pesquisa em Letras e Lingu\u00edstica &#8211; ANPOLL<br \/>\nAssocia\u00e7\u00e3o Nacional de P\u00f3s-Gradua\u00e7\u00e3o e Pesquisa em Planejamento Urbano e Regional &#8211; ANPUR<br \/>\nAssocia\u00e7\u00e3o Nacional de Tecnologia do Ambiente Constru\u00eddo &#8211; ANTAC<br \/>\nAssocia\u00e7\u00e3o Nacional dos Programas de P\u00f3s-Gradua\u00e7\u00e3o em Comunica\u00e7\u00e3o &#8211; COMP\u00d3S<br \/>\nCol\u00e9gio Brasileiro de Ci\u00eancias do Esporte &#8211; CBCE<br \/>\nConselho Nacional de Pesquisa e P\u00f3s-Gradua\u00e7\u00e3o em Direito &#8211; CONPEDI<br \/>\nFedera\u00e7\u00e3o Brasileira de Psican\u00e1lise &#8211; FEBRAPSI<br \/>\nFedera\u00e7\u00e3o das Sociedades de Biologia Experimental &#8211; FeSBE<br \/>\nSociedade Astron\u00f4mica Brasileira &#8211; SAB<br \/>\nSociedade Bot\u00e2nica do Brasil &#8211; SBB<br \/>\nSociedade Brasileira de Agrometeorologia &#8211; SBAAgrometeorologia<br \/>\nSociedade Brasileira de Ana tomia &#8211; SBA-Anatomia<br \/>\nSociedade Brasileira de Autom\u00e1tica &#8211; SBA-Autom\u00e1tica<br \/>\nSociedade Brasileira de Biof\u00edsica &#8211; SBBF<br \/>\nSociedade Brasileira de Biologia Celular SBBC<br \/>\nSociedade Brasileira de Bioqu\u00edmica e Biologia Molecular &#8211; SBBQ<br \/>\nSociedade Brasileira de Cat\u00e1lise &#8211; SBCat<br \/>\nSociedade Brasileira de Ci\u00eancia das Plantas Daninhas &#8211; SBCPD<br \/>\nSociedade Brasileira de Ci\u00eancia de Animais de Laborat\u00f3rio &#8211; SBCAL<br \/>\nSociedade Brasileira de Ci\u00eancia do Solo &#8211; SBCS<br \/>\nSociedade Brasileira de Ci\u00eancia e Tecnologia de Alimentos &#8211; SBCTA<br \/>\nSociedade Brasileira de Computa\u00e7\u00e3o &#8211; SBC<br \/>\nSociedade Brasileira de Economia Ecol\u00f3gica &#8211; ECOECO<br \/>\nSociedade Brasileira de Economia Pol\u00edtica &#8211; SEP<br \/>\nSociedade Brasileira de Educa\u00e7\u00e3o Matem\u00e1tica &#8211; SBEM<br \/>\nSociedade Brasileira de Eletromagnetismo &#8211; SBMag<br \/>\nSociedade Brasileira de Engenharia Biom\u00e9dica &#8211; SBEB<br \/>\nSociedade Brasileira de Entomologia &#8211; SBE<br \/>\nSociedade Brasileira de Estudos Cl\u00e1ssicos &#8211; SB EC<br \/>\nSociedade Brasileira de Estudos Interdisciplinares da Comunica\u00e7\u00e3o &#8211; INTERCOM<br \/>\nSociedade Brasileira de Etnobiologia e Etnoecologia &#8211; SBEE<br \/>\nSociedade Brasileira de Farmacognosia &#8211; SBFgnosia<br \/>\nSociedade Brasileira de Farmacologia e Terap\u00eautica Experimental &#8211; SBFTE<br \/>\nSociedade Brasileira de Ficologia &#8211; SBFicSociedade<br \/>\nBrasileira de Fisiologia &#8211; SBFis<br \/>\nSociedade Brasileira de F\u00edsica &#8211; SBF<br \/>\nSociedade Brasileira de Fisiologia Vegetal &#8211; SBFV<br \/>\nSociedade Brasileira de Gen\u00e9tica &#8211; SBG<br \/>\nSociedade Brasileira de Geof\u00edsica &#8211; SBGF<br \/>\nSociedade Brasileira de Geologia &#8211; SBGeo<br \/>\nSociedade Brasileira de Hist\u00f3ria da Ci\u00eancia &#8211; SBHC<br \/>\nSociedade Brasileira de Hist\u00f3ria da Educa\u00e7\u00e3o &#8211; SBHE<br \/>\nSociedade Brasileira de Ictiologia &#8211; SBI-Ictiologia<br \/>\nSociedade Brasileira de Imunologia &#8211; SBI-Imunologia<br \/>\nSociedade Brasileira de Matem\u00e1tica \u2013 SBM-Matem\u00e1tica<br \/>\nSociedade Brasileira de Matem\u00e1tica Aplicada e Computacional &#8211; SBMAC<br \/>\nSoci edade Brasileira de Medicina Tropical &#8211; SBMT<br \/>\nSociedade Brasileira de Melhoramento de Plantas &#8211; SBMP<br \/>\nSociedade Brasileira de Meteorologia &#8211; SBMet<br \/>\nSociedade Brasileira de Microbiologia \u2013 SBMMicrobiologia<br \/>\nSociedade Brasileira de Microeletr\u00f4nica &#8211; SBMicro<br \/>\nSociedade Brasileira de Microondas e Optoeletr\u00f4nica &#8211; SBMO<br \/>\nSociedade Brasileira de Microscopia e Microan\u00e1lise &#8211; SBMM<br \/>\nSociedade Brasileira de Mutag\u00eanese, Carcinog\u00eanese e Teratog\u00eanese Ambiental &#8211; SBMCTA<br \/>\nSociedade Brasileira de Neuroci\u00eancias e Comportamenta &#8211; SBNeC<br \/>\nSociedade Brasileira de Paleontologia- SBP-Paleontologia<br \/>\nSociedade Brasileira de Parasitologia &#8211; SBP &#8211; Parasitologia<br \/>\nSociedade Brasileira de Pesquisa em Materiais &#8211; SBPMat<br \/>\nSociedade Brasileira de Pesquisa Odontol\u00f3gica &#8211; SBPqO<br \/>\nSociedade Brasileira de Pesquisa Operacional &#8211; SOBRAPO<br \/>\nSociedade Brasileira de Plantas Medicinais &#8211; SBPM<br \/>\nSociedade Brasileira de Protozoologia &#8211; SBPz<br \/>\nSociedade Brasileira de Psicologia &#8211; SBP<br \/>\nSociedade Brasileira de Qu\u00edmica &#8211; SBQ<br \/>\nSociedade Brasileira de Sociologia &#8211; SBS<br \/>\nSociedade Brasileira de Tecnologia de Embri\u00f5es &#8211; SBTE<br \/>\nSociedade Brasileira de Zoologia &#8211; SBZ<br \/>\nSociedade Cient\u00edfica de Estudos da Arte &#8211; CESA<br \/>\nUni\u00e3o Latina de Economia Pol\u00edtica da Informa\u00e7\u00e3o, da<br \/>\nComunica\u00e7\u00e3o e da Cultura &#8211; ULEPICC-Br<\/p>\n","protected":false},"excerpt":{"rendered":"<p>Secretaria Regional da Bahia Secret\u00e1rio Regional (2015\/2017) &#8211; \u00a0Jaime dos Santos Filho \u00a0&#8211; Instituto Federal de Educa\u00e7\u00e3o &#8211; Campus Vit\u00f3ria da Conquista &#8211; secretaria.ba@sbpcnet.org.br Secret\u00e1rio regional adjunto (2015\/2017) &#8211; Alberto Brum Novaes &#8211; Instituto de F\u00edsica &#8211; UFBA Ttwitter da SBPC Bahia: @sbpcba SBPC \u2013 http:\/\/www.sbpcnet.org.br Associe-se \u00e0 SBPC: clique aqui &nbsp; Sociedades Cient\u00edficas filiadas [&hellip;]<\/p>\n","protected":false},"author":1,"featured_media":0,"parent":0,"menu_order":1,"comment_status":"closed","ping_status":"closed","template":"","meta":{"_coblocks_attr":"","_coblocks_dimensions":"","_coblocks_responsive_height":"","_coblocks_accordion_ie_support":"","_themeisle_gutenberg_block_has_review":false,"footnotes":""},"class_list":["post-55","page","type-page","status-publish","hentry","count-0","even alt","author-admin","last"],"_links":{"self":[{"href":"https:\/\/blog.ufba.br\/sbpcbahia\/wp-json\/wp\/v2\/pages\/55"}],"collection":[{"href":"https:\/\/blog.ufba.br\/sbpcbahia\/wp-json\/wp\/v2\/pages"}],"about":[{"href":"https:\/\/blog.ufba.br\/sbpcbahia\/wp-json\/wp\/v2\/types\/page"}],"author":[{"embeddable":true,"href":"https:\/\/blog.ufba.br\/sbpcbahia\/wp-json\/wp\/v2\/users\/1"}],"replies":[{"embeddable":true,"href":"https:\/\/blog.ufba.br\/sbpcbahia\/wp-json\/wp\/v2\/comments?post=55"}],"version-history":[{"count":0,"href":"https:\/\/blog.ufba.br\/sbpcbahia\/wp-json\/wp\/v2\/pages\/55\/revisions"}],"wp:attachment":[{"href":"https:\/\/blog.ufba.br\/sbpcbahia\/wp-json\/wp\/v2\/media?parent=55"}],"curies":[{"name":"wp","href":"https:\/\/api.w.org\/{rel}","templated":true}]}}