{"id":171,"date":"2010-04-13T10:41:37","date_gmt":"2010-04-13T13:41:37","guid":{"rendered":"http:\/\/blog.ufba.br\/ripe\/?page_id=171"},"modified":"2010-04-13T10:41:37","modified_gmt":"2010-04-13T13:41:37","slug":"radio-web","status":"publish","type":"page","link":"https:\/\/blog.ufba.br\/ripe\/radio-web\/","title":{"rendered":"R\u00e1dio Web"},"content":{"rendered":"<p style=\"text-align: justify\"><a href=\"http:\/\/blog.ufba.br\/ripe\/wp-content\/uploads\/sites\/70\/2010\/04\/pinguim_fone_150.jpg\"><img loading=\"lazy\" decoding=\"async\" class=\"alignleft\" title=\"pinguim_fone_150\" src=\"http:\/\/blog.ufba.br\/ripe\/wp-content\/uploads\/sites\/70\/2010\/04\/pinguim_fone_150.jpg\" alt=\"\" width=\"119\" height=\"79\" \/><\/a>Inicialmente, o projeto n\u00e3o previa a cria\u00e7\u00e3o de uma r\u00e1dio web, mas a equipe, por entender que seria um investimento de baixo custo e de relativamente f\u00e1cil aprendizado e principalmente com gera\u00e7\u00e3o de um produto final muito atraente, tomou a decis\u00e3o de fazer r\u00e1dios web nas quatro escolas. Levamos em considera\u00e7\u00e3o tamb\u00e9m que n\u00e3o seria preciso comprar equipamentos extras para esta empreitada.<\/p>\n<p style=\"text-align: justify\">As r\u00e1dios foram implantadas atrav\u00e9s de oficinas, os bolsista do projeto foram em todas as escolas, e junto com professores e estudantes e juntos colocaram as r\u00e1dios no ar. Foram feitas tamb\u00e9m oficinas de edi\u00e7\u00e3o de \u00e1udio com o software Audacity para que eles fizessem a grava\u00e7\u00e3o de seus pr\u00f3prios programas.<\/p>\n<p style=\"text-align: justify\">Quando as r\u00e1dios est\u00e3o no ar, tocam o playlist de m\u00fasicas licenciadas em Creative Commons, mas colocar a r\u00e1dio n\u00e3o \u00e9 uma tarefa simples, pois a conex\u00e3o de internet das escolas \u00e9 prec\u00e1ria, outro fator negativo \u00e9 a instala\u00e7\u00e3o el\u00e9trica das escolas que n\u00e3o tem as condi\u00e7\u00f5es ideais para o bom funcionamento dos aparelhos.<\/p>\n<p style=\"text-align: justify\">Todos podem ouvir as r\u00e1dios acessando os endere\u00e7os abaixo:<br \/>\n<a href=\"https:\/\/blog.ufba.br\/ripe\/radio-web\/transmissao-da-escola-luiza-mahin\/\" target=\"_blank\" rel=\"noopener\">R\u00e1dio Web da Escola Luiza Mahin<\/a><br \/>\n<a href=\"http:\/\/www.twiki.ufba.br\/twiki\/bin\/view\/Ripe\/EscolaJose\" target=\"_blank\" rel=\"noopener\">http:\/\/www.twiki.ufba.br\/twiki\/bin\/view\/Ripe\/EscolaJose<\/a><br \/>\n<a href=\"http:\/\/www.twiki.ufba.br\/twiki\/bin\/view\/Ripe\/EscolaOdete\" target=\"_blank\" rel=\"noopener\">http:\/\/www.twiki.ufba.br\/twiki\/bin\/view\/Ripe\/EscolaOdete<\/a><br \/>\n<a href=\"https:\/\/blog.ufba.br\/ripe\/radio-web\/transmissao-da-ripe-radio-web-cerg\/\" target=\"_blank\" rel=\"noopener\">R\u00e1dio Web da Escola R\u00f4mulo Galv\u00e3o<\/a><\/p>\n","protected":false},"excerpt":{"rendered":"<p>Inicialmente, o projeto n\u00e3o previa a cria\u00e7\u00e3o de uma r\u00e1dio web, mas a equipe, por entender que seria um investimento de baixo custo e de relativamente f\u00e1cil aprendizado e principalmente com gera\u00e7\u00e3o de um produto final muito atraente, tomou a decis\u00e3o de fazer r\u00e1dios web nas quatro escolas. Levamos em considera\u00e7\u00e3o tamb\u00e9m que n\u00e3o seria [&hellip;]<\/p>\n","protected":false},"author":1,"featured_media":0,"parent":0,"menu_order":3,"comment_status":"open","ping_status":"closed","template":"","meta":{"_coblocks_attr":"","_coblocks_dimensions":"","_coblocks_responsive_height":"","_coblocks_accordion_ie_support":"","_themeisle_gutenberg_block_has_review":false,"footnotes":""},"class_list":["post-171","page","type-page","status-publish","hentry"],"_links":{"self":[{"href":"https:\/\/blog.ufba.br\/ripe\/wp-json\/wp\/v2\/pages\/171"}],"collection":[{"href":"https:\/\/blog.ufba.br\/ripe\/wp-json\/wp\/v2\/pages"}],"about":[{"href":"https:\/\/blog.ufba.br\/ripe\/wp-json\/wp\/v2\/types\/page"}],"author":[{"embeddable":true,"href":"https:\/\/blog.ufba.br\/ripe\/wp-json\/wp\/v2\/users\/1"}],"replies":[{"embeddable":true,"href":"https:\/\/blog.ufba.br\/ripe\/wp-json\/wp\/v2\/comments?post=171"}],"version-history":[{"count":0,"href":"https:\/\/blog.ufba.br\/ripe\/wp-json\/wp\/v2\/pages\/171\/revisions"}],"wp:attachment":[{"href":"https:\/\/blog.ufba.br\/ripe\/wp-json\/wp\/v2\/media?parent=171"}],"curies":[{"name":"wp","href":"https:\/\/api.w.org\/{rel}","templated":true}]}}