{"id":17,"date":"2010-01-12T13:18:54","date_gmt":"2010-01-12T16:18:54","guid":{"rendered":"http:\/\/blog.ufba.br\/ripe\/?page_id=17"},"modified":"2010-01-12T13:18:54","modified_gmt":"2010-01-12T16:18:54","slug":"equipe","status":"publish","type":"page","link":"https:\/\/blog.ufba.br\/ripe\/equipe\/","title":{"rendered":"Equipe"},"content":{"rendered":"<p>A equipe \u00e9 composta por pesquisadores da Universidade Federal da Bahia, da Universidade Federal da Paraiba e de escolas de Salvador, S\u00e3o F\u00e9lix e Irec\u00ea, al\u00e9m de Pontos de Cultura.<\/p>\n<p><strong>Nelson De Luca Pretto<\/strong> &#8211; FACED\/UFBA<br \/>\nProfessor doutor da Faculdade de Educa\u00e7\u00e3o da UFBA e coordenador geral do projeto.<br \/>\nContato: nelson<img decoding=\"async\" src=\"http:\/\/www.lavid.ufpb.br\/imagens\/arrb.jpg\" border=\"0\" alt=\"\" \/>pretto.info<br \/>\nCurr\u00edculo: <a href=\"http:\/\/lattes.cnpq.br\/1504621070252946\" target=\"_blank\" rel=\"noopener\">http:\/\/lattes.cnpq.br\/1504621070252946<\/a><br \/>\n<strong><br \/>\nMaria Helena Silveira Bonilla<\/strong> &#8211; FACED\/UFBA<br \/>\nProfessora doutora da Faculdade de Educa\u00e7\u00e3o da UFBA e vice coordenadora do projeto.<br \/>\nContato:bonillabr<img decoding=\"async\" src=\"http:\/\/www.lavid.ufpb.br\/imagens\/arrb.jpg\" border=\"0\" alt=\"\" \/>gmail.com<br \/>\nCurr\u00edculo: <a href=\"http:\/\/lattes.cnpq.br\/2730520955520609\" target=\"_blank\" rel=\"noopener\">http:\/\/lattes.cnpq.br\/2730520955520609<\/a><\/p>\n<p><strong>Edvaldo Couto<\/strong> &#8211; FACED\/UFBA<br \/>\nProfessor doutor da Faculdade de Educa\u00e7\u00e3o da UFBA.<br \/>\nCurr\u00edculo:<a href=\"http:\/\/lattes.cnpq.br\/0777871871325302\" target=\"_blank\" rel=\"noopener\"> http:\/\/lattes.cnpq.br\/0777871871325302<\/a><\/p>\n<p><strong>Darlene Almada<\/strong> &#8211; FACED\/UFBA<br \/>\nMestranda em Educa\u00e7\u00e3o na UFBA e bolsista ITEC3 do projeto.<br \/>\nContato: darlenealmada<img decoding=\"async\" src=\"http:\/\/www.lavid.ufpb.br\/imagens\/arrb.jpg\" border=\"0\" alt=\"\" \/>yahoo.com.br<br \/>\nCurr\u00edculo: <a href=\"http:\/\/lattes.cnpq.br\/7730560196145594\" target=\"_blank\" rel=\"noopener\">http:\/\/lattes.cnpq.br\/7730560196145594<\/a><\/p>\n<p><strong>Carlos Eduardo Silveira Dias (Hacks) <\/strong>, LAVID\/UFPB<br \/>\nMestre em Inform\u00e1tica  (LAVID\/ UFPB)<br \/>\nContato: hacks<img decoding=\"async\" src=\"http:\/\/www.lavid.ufpb.br\/imagens\/arrb.jpg\" border=\"0\" alt=\"\" \/>lavid.ufpb.br<br \/>\nCurr\u00edculo: <a href=\"http:\/\/lattes.cnpq.br\/4443525742665663\" target=\"_blank\" rel=\"noopener\">http:\/\/lattes.cnpq.br\/4443525742665663<\/a><\/p>\n<p><strong>Luciana Oliveira <\/strong>&#8211; FACED\/UFBA<br \/>\nEstudante de Pedagogia e bolsista de Inicia\u00e7\u00e3o cient\u00edfica do projeto.<br \/>\nContato: lucianamlk<img decoding=\"async\" src=\"http:\/\/www.lavid.ufpb.br\/imagens\/arrb.jpg\" border=\"0\" alt=\"\" \/>yahoo.com.br<br \/>\nCurr\u00edculo:<a href=\"http:\/\/lattes.cnpq.br\/5342850692241803\" target=\"_blank\" rel=\"noopener\"> http:\/\/lattes.cnpq.br\/5342850692241803<\/a><\/p>\n<p><strong>Washington Oliveira<\/strong> &#8211; Faculdade de Filosofia e Ci\u00eancias Humanas\/UFBA<br \/>\nEstudante de filosofia e bolsista de inicia\u00e7\u00e3o cient\u00edfica RIPE<br \/>\nContato: Washington_ufba<img decoding=\"async\" src=\"http:\/\/www.lavid.ufpb.br\/imagens\/arrb.jpg\" border=\"0\" alt=\"\" \/>yahoo.com.br<br \/>\nCurr\u00edculo: <a href=\"http:\/\/lattes.cnpq.br\/6844473995070163\" target=\"_blank\" rel=\"noopener\">http:\/\/lattes.cnpq.br\/6844473995070163<\/a><\/p>\n<p><strong>Bruno <\/strong><strong> Santos <\/strong><strong>Gonsalves<\/strong>, FACED\/UFBA<br \/>\nEstudante de Pedagogia e bolsista de Inicia\u00e7\u00e3o cient\u00edfica do projeto.<br \/>\nContato:bsgonsalves83<img decoding=\"async\" src=\"http:\/\/www.lavid.ufpb.br\/imagens\/arrb.jpg\" border=\"0\" alt=\"\" \/>gmail.com<br \/>\nCurr\u00edculo: <a href=\"http:\/\/buscatextual.cnpq.br\/buscatextual\/visualizacv.jsp?id=K4266289A2\" target=\"_blank\" rel=\"noopener\">http:\/\/buscatextual.cnpq.br\/buscatextual\/visualizacv.jsp?id=K4266289A2<\/a><\/p>\n<p><strong>Anderson Carvalho <\/strong>&#8211; DCC\/UFBA<br \/>\nEstudante de Ci\u00eancia da Computa\u00e7\u00e3o e bolsista de Inicia\u00e7\u00e3o tecnol\u00f3gica do projeto.<br \/>\nContato:<br \/>\nCurr\u00edculo:<\/p>\n<p><strong>Guido Lemos<\/strong> &#8211; (LAVID) DCC\/UFPB<br \/>\nProfessor doutor da Faculdade da UFPB<br \/>\nCurr\u00edculo: <a href=\"http:\/\/lattes.cnpq.br\/6614550860293610\" target=\"_blank\" rel=\"noopener\">http:\/\/lattes.cnpq.br\/6614550860293610<\/a><\/p>\n<p><strong>Anselmo Lacerda<\/strong> &#8211; (LAVID) DCC\/UFPB<br \/>\nMestrando em Ci\u00eancia da Computa\u00e7\u00e3o e bolsista ITEC3 do projeto.<br \/>\nContato:<br \/>\nCurr\u00edculo: <a href=\"http:\/\/buscatextual.cnpq.br\/buscatextual\/visualizacv.jsp?id=K4241924H5\" target=\"_blank\" rel=\"noopener\">http:\/\/buscatextual.cnpq.br\/buscatextual\/visualizacv.jsp?id=K4241924H5<\/a><\/p>\n<p><strong>Tiago Salmito<\/strong> &#8211; DCC\/UFP<br \/>\nContato: salmito<img decoding=\"async\" src=\"http:\/\/www.lavid.ufpb.br\/imagens\/arrb.jpg\" border=\"0\" alt=\"\" \/>lavid.ufpb.br<br \/>\nCurriculo: <a href=\"http:\/\/lattes.cnpq.br\/9064058945131816\" target=\"_blank\" rel=\"noopener\"> http:\/\/lattes.cnpq.br\/9064058945131816<\/a><\/p>\n<p><strong>Bruno Olivatto<\/strong> &#8211; CEAP<br \/>\nGraduado em Pedagogia pela UFBA.<br \/>\nCurr\u00edculo: <a href=\"http:\/\/lattes.cnpq.br\/2237103597747887\" target=\"_blank\" rel=\"noopener\">http:\/\/lattes.cnpq.br\/2237103597747887<\/a><\/p>\n<p><strong>Lu Cachoeira <\/strong>&#8211; Ponto de Cultura &#8211; Cachoeira<br \/>\nContato:<br \/>\nCurr\u00edculo:<\/p>\n","protected":false},"excerpt":{"rendered":"<p>A equipe \u00e9 composta por pesquisadores da Universidade Federal da Bahia, da Universidade Federal da Paraiba e de escolas de Salvador, S\u00e3o F\u00e9lix e Irec\u00ea, al\u00e9m de Pontos de Cultura. Nelson De Luca Pretto &#8211; FACED\/UFBA Professor doutor da Faculdade de Educa\u00e7\u00e3o da UFBA e coordenador geral do projeto. Contato: nelsonpretto.info Curr\u00edculo: http:\/\/lattes.cnpq.br\/1504621070252946 Maria Helena [&hellip;]<\/p>\n","protected":false},"author":1,"featured_media":0,"parent":0,"menu_order":5,"comment_status":"closed","ping_status":"closed","template":"","meta":{"_coblocks_attr":"","_coblocks_dimensions":"","_coblocks_responsive_height":"","_coblocks_accordion_ie_support":"","_themeisle_gutenberg_block_has_review":false,"footnotes":""},"class_list":["post-17","page","type-page","status-publish","hentry"],"_links":{"self":[{"href":"https:\/\/blog.ufba.br\/ripe\/wp-json\/wp\/v2\/pages\/17"}],"collection":[{"href":"https:\/\/blog.ufba.br\/ripe\/wp-json\/wp\/v2\/pages"}],"about":[{"href":"https:\/\/blog.ufba.br\/ripe\/wp-json\/wp\/v2\/types\/page"}],"author":[{"embeddable":true,"href":"https:\/\/blog.ufba.br\/ripe\/wp-json\/wp\/v2\/users\/1"}],"replies":[{"embeddable":true,"href":"https:\/\/blog.ufba.br\/ripe\/wp-json\/wp\/v2\/comments?post=17"}],"version-history":[{"count":0,"href":"https:\/\/blog.ufba.br\/ripe\/wp-json\/wp\/v2\/pages\/17\/revisions"}],"wp:attachment":[{"href":"https:\/\/blog.ufba.br\/ripe\/wp-json\/wp\/v2\/media?parent=17"}],"curies":[{"name":"wp","href":"https:\/\/api.w.org\/{rel}","templated":true}]}}