{"id":163,"date":"2010-01-12T12:48:31","date_gmt":"2010-01-12T15:48:31","guid":{"rendered":"http:\/\/blog.ufba.br\/ripe\/?page_id=6"},"modified":"2010-01-12T12:48:31","modified_gmt":"2010-01-12T15:48:31","slug":"o-projeto","status":"publish","type":"page","link":"https:\/\/blog.ufba.br\/ripe\/o-projeto\/","title":{"rendered":"O Projeto"},"content":{"rendered":"<p style=\"text-align: justify\">O projeto de pesquisa para a cria\u00e7\u00e3o e Implanta\u00e7\u00e3o do RIPE &#8211; Rede de Interc\u00e2mbio de Produ\u00e7\u00e3o Educativa iniciou suas atividades no segundo semestre de 2008 e articula a\u00e7\u00f5es das Universidades Federal da Bahia e da Para\u00edba, com o sistema educacional b\u00e1sico e Pontos de Cultura (MinC) dos munic\u00edpios de S\u00e3o Felix, Irec\u00ea e Salvador.<\/p>\n<p style=\"text-align: center\"><a href=\"http:\/\/blog.ufba.br\/ripe\/wp-content\/uploads\/sites\/70\/2010\/01\/turma.jpg\"><img loading=\"lazy\" decoding=\"async\" title=\"Turma em Oficina em Irec\u00ea\" src=\"http:\/\/blog.ufba.br\/ripe\/wp-content\/uploads\/sites\/70\/2010\/01\/turma-300x203.jpg\" alt=\"Turma em Oficina em Irec\u00ea\" width=\"147\" height=\"99\" \/><\/a><a href=\"http:\/\/blog.ufba.br\/ripe\/wp-content\/uploads\/sites\/70\/2010\/01\/JANELA_IRECE.jpg\"><img loading=\"lazy\" decoding=\"async\" title=\"JANELA_IRECE\" src=\"http:\/\/blog.ufba.br\/ripe\/wp-content\/uploads\/sites\/70\/2010\/01\/JANELA_IRECE-300x229.jpg\" alt=\"\" width=\"131\" height=\"99\" \/><\/a><a href=\"http:\/\/blog.ufba.br\/ripe\/wp-content\/uploads\/sites\/70\/2010\/01\/reuniao-grava.jpg\"><img loading=\"lazy\" decoding=\"async\" class=\"alignnone size-medium wp-image-114\" title=\"reuniao grava\" src=\"http:\/\/blog.ufba.br\/ripe\/wp-content\/uploads\/sites\/70\/2010\/01\/reuniao-grava-300x192.jpg\" alt=\"\" width=\"154\" height=\"99\" \/><\/a><\/p>\n<p style=\"text-align: justify\">O projeto vem desenvolvendo e implantando um processo de produ\u00e7\u00e3o colaborativa e de circula\u00e7\u00e3o de produtos multim\u00eddia nas escolas e um sistema (plataforma em software livre) para disponibiliza\u00e7\u00e3o dos v\u00eddeos produzidos, em formato digital e com licenciamento aberto.<\/p>\n<p style=\"text-align: justify\">Para a produ\u00e7\u00e3o e remixa\u00e7\u00e3o dos \u00e1udio e v\u00eddeos, o que demanda o manuseio dos equipamentos necess\u00e1rios para a grava\u00e7\u00e3o e edi\u00e7\u00e3o,  foram realizadas  forma\u00e7\u00f5es com os professores,  alunos e comunidade visando articular os saberes e os conhecimentos locais com os das ci\u00eancias. O que se buscou foi a produ\u00e7\u00e3o de material em v\u00eddeo que refletisse o curr\u00edculo real da escola e n\u00e3o apenas o formal e institu\u00eddo.<\/p>\n<p style=\"text-align: justify\">Na atual fase piloto, a administra\u00e7\u00e3o e alimenta\u00e7\u00e3o do sistema se d\u00e1 atrav\u00e9s das quatro escolas participantes do projeto. O que se busca \u00e9  sua  amplia\u00e7\u00e3o de forma a  possibilitar a produ\u00e7\u00e3o e o uso de v\u00eddeos produzidos localmente em todo o sistema de educa\u00e7\u00e3o brasileiro.<\/p>\n<p style=\"text-align: justify\"><a href=\"http:\/\/blog.ufba.br\/ripe\/wp-content\/uploads\/sites\/70\/2010\/01\/creativecommons.png\"><img loading=\"lazy\" decoding=\"async\" class=\"alignleft\" title=\"creativecommons\" src=\"http:\/\/blog.ufba.br\/ripe\/wp-content\/uploads\/sites\/70\/2010\/01\/creativecommons-150x150.png\" alt=\"\" width=\"89\" height=\"89\" \/><\/a>Para a continuidade da produ\u00e7\u00e3o, os v\u00eddeos postados no RIPE podem ser baixados e remixados em novas produ\u00e7\u00f5es, licenciadas tamb\u00e9m em creative commons, de forma a se instalar um processo permanente e din\u00e2mico de produ\u00e7\u00e3o e utiliza\u00e7\u00e3o da linguagem audiovisual digital, articulando educa\u00e7\u00e3o, comunica\u00e7\u00e3o, cultura ci\u00eancia e tecnologia.<\/p>\n<p style=\"text-align: justify\">A pesquisa est\u00e1 apontando para a necessidade de pol\u00edticas p\u00fablicas de conex\u00e3o das escolas em banda larga,  amplia\u00e7\u00e3o da infraestrutura  tecnol\u00f3gica das escolas do sistema p\u00fablico de educa\u00e7\u00e3o e de processos cont\u00ednuos e permanentes de forma\u00e7\u00e3o de professores para o uso das diversas linguagens contempor\u00e2neas. De forma secund\u00e1ria, mas n\u00e3o menos importante, o projeto e o sistema pode vir a se constituir em um importante colabora\u00e7\u00e3o para a produ\u00e7\u00e3o de conte\u00fados para a TV P\u00fablica brasileira e para os novos canais em implanta\u00e7\u00e3o \u00e0 partir do Sistema Brasieliro de Televis\u00e3o Digital Terrestre (SBTVD).<br \/>\n<span style=\"color: #000000\"><span style=\"font-family: ARial,sans-serif\"><span style=\"font-size: small\"><strong> <\/strong><\/span><\/span><\/span><\/p>\n<p style=\"text-align: justify\"><span style=\"color: #000000\"><span style=\"font-family: ARial,sans-serif\"><span style=\"font-size: small\"><strong>Projeto em oito passos:<\/strong><br \/>\n<\/span><\/span><\/span><\/p>\n<p style=\"text-align: justify\"><strong>Id\u00e9ia b\u00e1sica:<\/strong> Fortalecer escolas, professores e meninada para serem produtores de culturas e conhecimentos, atrav\u00e9s de produtos multim\u00eddia (v\u00eddeos e sons).<\/p>\n<p style=\"text-align: center\"><a href=\"http:\/\/blog.ufba.br\/ripe\/wp-content\/uploads\/sites\/70\/2010\/01\/editando_irece.jpg\"><img loading=\"lazy\" decoding=\"async\" title=\"Oficina de Edi\u00e7\u00e3o em Irec\u00ea\" src=\"http:\/\/blog.ufba.br\/ripe\/wp-content\/uploads\/sites\/70\/2010\/01\/editando_irece-300x233.jpg\" alt=\"Oficina de Edi\u00e7\u00e3o em Irec\u00ea\" width=\"151\" height=\"117\" \/><\/a><img loading=\"lazy\" decoding=\"async\" title=\"Aula de Lula Oliveira\" src=\"http:\/\/blog.ufba.br\/ripe\/wp-content\/uploads\/sites\/70\/2010\/01\/aula-de-Lula-Oliveira-300x225.jpg\" alt=\"Oficina de V\u00eddeo com Lula Oliveira\" width=\"157\" height=\"117\" \/><a href=\"http:\/\/blog.ufba.br\/ripe\/wp-content\/uploads\/sites\/70\/2010\/01\/editando_irece.jpg\"><\/a><a href=\"http:\/\/blog.ufba.br\/ripe\/wp-content\/uploads\/sites\/70\/2010\/01\/pinguins.jpg\"><img loading=\"lazy\" decoding=\"async\" class=\"alignnone size-medium wp-image-115\" title=\"pinguins\" src=\"http:\/\/blog.ufba.br\/ripe\/wp-content\/uploads\/sites\/70\/2010\/01\/pinguins-300x196.jpg\" alt=\"\" width=\"178\" height=\"117\" \/><\/a><\/p>\n<p style=\"text-align: justify\"><strong>Como?<\/strong> Implantando n\u00facleos de produ\u00e7\u00e3o de v\u00ed\u00addeos e \u00e1udio em cada uma das 4 escolas do projeto, distribu\u00ed\u00addas na Bahia nos munic\u00edpios de Salvador, S\u00e3o F\u00e9lix e Irec\u00ea.<\/p>\n<p style=\"text-align: justify\"><strong>Rede de troca de produ\u00e7\u00e3o<\/strong>: Adaptar e aperfei\u00e7oar a RITU (Rede de Interc\u00e2mbio de Televis\u00e3o Universit\u00e1ria) desenvolvida pela Universidade da Para\u00ed\u00adba,\u00a0 para que o mesmo possa se transformar num espa\u00e7o de compartilhamento de produ\u00e7\u00f5es feitas<em> <\/em><strong>pelas<\/strong> escolas, com base no curr\u00edculo real e n\u00e3o em curr\u00ed\u00adculos idealizados em gabinetes.<\/p>\n<p style=\"text-align: justify\"><strong>Cria\u00e7\u00e3o do RIPE<\/strong>: Ripe vem de hippie, de contracultura, do jeito hacker de ser, do compartilhamento livre, de produ\u00e7\u00e3o e cria\u00e7\u00e3o descentralizada.<\/p>\n<p style=\"text-align: justify\"><strong>Por que adaptar o RITU?<\/strong> Basicamente porque a conex\u00e3o das escolas n\u00e3o deve ser sempre uma maravilha e n\u00e3o usamos o conceito de GRADE de programa\u00e7\u00e3o e sim de fluxo de programa\u00e7\u00e3o.<\/p>\n<p style=\"text-align: justify\"><strong>A jogada:<\/strong> produzir em qualidade alta, a partir de oficinas de produ\u00e7\u00e3o, lan\u00e7ar no sistema diretamente da escola ou mandar o CD para a rede, ao subir o programa em resolu\u00e7\u00e3o alta gera-se uma vers\u00e3o em formato reduzido para poder ser visto na web (e baixado) com conex\u00e3o baixa, tipo \u00e0 la youtube e similares. Produzir v\u00eddeo completos e editados, mas tamb\u00e9m trechos de entrevistas, depoimentos, anima\u00e7\u00f5es que possam ser, posteriormente, remixados pelos outros. Implanta-se com isso um fluxo permanente de produ\u00e7\u00e3o e partilha.A UFPB entra com a solu\u00e7\u00e3o da adapta\u00e7\u00e3o do RIPE,\u00a0 e a UFBA entra com bolsistas de Computa\u00e7\u00e3o para que o &#8220;RITU da educa\u00e7\u00e3o&#8221; seja desenvolvido a partir do que j\u00e1 foi feito pela UFPB.<\/p>\n<p style=\"text-align: justify\"><strong>Nas escolas:<\/strong> a FACED\/UFBA desenvolve pesquisa de linguagem e &#8211; a partir do curr\u00ed\u00adculo real! &#8211; acompanhamos os n\u00facleos de produ\u00e7\u00e3o de v\u00ed\u00addeo e \u00e1udio, com a instala\u00e7\u00e3o em paralelo de R\u00e1dio Web em cada uma das escolas, com programa\u00e7\u00e3o gerada localmente.<\/p>\n<p><img loading=\"lazy\" decoding=\"async\" title=\"linux-111\" src=\"http:\/\/blog.ufba.br\/ripe\/wp-content\/uploads\/sites\/70\/2010\/01\/linux-111.jpg\" alt=\"\" width=\"23\" height=\"23\" \/>Tudo com<strong> software livre<\/strong>:\u00a0 claro, de cabo a rabo!<\/p>\n<p style=\"text-align: justify\"><strong>No futuro<\/strong>: a id\u00e9ia \u00e9 termos uma &#8220;tv&#8221; da educa\u00e7\u00e3o, feita diretamente por professores e alunos do sistema publico de educa\u00e7\u00e3o, da Bahia inteira, pra come\u00e7ar. Depois o brasil e&#8230;<\/p>\n","protected":false},"excerpt":{"rendered":"<p>O projeto de pesquisa para a cria\u00e7\u00e3o e Implanta\u00e7\u00e3o do RIPE &#8211; Rede de Interc\u00e2mbio de Produ\u00e7\u00e3o Educativa iniciou suas atividades no segundo semestre de 2008 e articula a\u00e7\u00f5es das Universidades Federal da Bahia e da Para\u00edba, com o sistema educacional b\u00e1sico e Pontos de Cultura (MinC) dos munic\u00edpios de S\u00e3o Felix, Irec\u00ea e Salvador. [&hellip;]<\/p>\n","protected":false},"author":1,"featured_media":0,"parent":0,"menu_order":1,"comment_status":"open","ping_status":"open","template":"","meta":{"_coblocks_attr":"","_coblocks_dimensions":"","_coblocks_responsive_height":"","_coblocks_accordion_ie_support":"","_themeisle_gutenberg_block_has_review":false,"footnotes":""},"class_list":["post-163","page","type-page","status-publish","hentry"],"_links":{"self":[{"href":"https:\/\/blog.ufba.br\/ripe\/wp-json\/wp\/v2\/pages\/163"}],"collection":[{"href":"https:\/\/blog.ufba.br\/ripe\/wp-json\/wp\/v2\/pages"}],"about":[{"href":"https:\/\/blog.ufba.br\/ripe\/wp-json\/wp\/v2\/types\/page"}],"author":[{"embeddable":true,"href":"https:\/\/blog.ufba.br\/ripe\/wp-json\/wp\/v2\/users\/1"}],"replies":[{"embeddable":true,"href":"https:\/\/blog.ufba.br\/ripe\/wp-json\/wp\/v2\/comments?post=163"}],"version-history":[{"count":0,"href":"https:\/\/blog.ufba.br\/ripe\/wp-json\/wp\/v2\/pages\/163\/revisions"}],"wp:attachment":[{"href":"https:\/\/blog.ufba.br\/ripe\/wp-json\/wp\/v2\/media?parent=163"}],"curies":[{"name":"wp","href":"https:\/\/api.w.org\/{rel}","templated":true}]}}