{"id":99,"date":"2014-05-03T09:52:27","date_gmt":"2014-05-03T12:52:27","guid":{"rendered":"http:\/\/blog.ufba.br\/posfilosofia\/?page_id=99"},"modified":"2014-05-03T09:52:27","modified_gmt":"2014-05-03T12:52:27","slug":"tutorial-discentes","status":"publish","type":"page","link":"https:\/\/blog.ufba.br\/posfilosofia\/tutoriais\/tutorial-discentes\/","title":{"rendered":"Tutorial discentes"},"content":{"rendered":"<p>[em constru\u00e7\u00e3o]<\/p>\n<p><strong>Cuidados e procedimentos durante os cursos, e sugest\u00f5es para o seu melhor aproveitamento<\/strong><\/p>\n<p>* Documentos relativos \u00e0 inser\u00e7\u00e3o institucional do discente (matr\u00edcula, hist\u00f3rico, etc.) devem ser solicitados ao Servi\u00e7o de Atendimento ao Estudante, no posto situado no Pavilh\u00e3o Raul Seixas, em S\u00e3o L\u00e1zaro.<\/p>\n<p>* Lembre-se de que em nenhum semestre voc\u00ea pode estar sem matr\u00edcula numa disciplina do Programa, ainda que de orienta\u00e7\u00e3o. Atente, a cada semestre, para os prazos de matr\u00edcula, no Calend\u00e1rio da UFBA, dispon\u00edvel em www.supac.ufba.br.<\/p>\n<p>* No semestre em que o aluno pretende qualificar o seu trabalho, dever\u00e1 estar matriculado na atividade &#8220;Exame de qualifica\u00e7\u00e3o&#8221;.<\/p>\n<p>*\u00a0<span style=\"color: #000000\">Trancamentos por situa\u00e7\u00f5es\u00a0de sa\u00fade s\u00e3o feitos no SMURB diretamente, n\u00e3o \u00e9 necess\u00e1rio abrir um processo no PPGF.<\/span><\/p>\n<p>* A UFBA assina diversos servi\u00e7os de busca eletr\u00f4nica e acesso a peri\u00f3dicos acad\u00eamicos internacionais. Informa\u00e7\u00f5es sobre isso s\u00e3o fornecidas pelos mantenedores da Biblioteca Central.<\/p>\n<p>&nbsp;<\/p>\n<p>&nbsp;<\/p>\n","protected":false},"excerpt":{"rendered":"<p>[em constru\u00e7\u00e3o] Cuidados e procedimentos durante os cursos, e sugest\u00f5es para o seu melhor aproveitamento * Documentos relativos \u00e0 inser\u00e7\u00e3o institucional do discente (matr\u00edcula, hist\u00f3rico, etc.) devem ser solicitados ao Servi\u00e7o de Atendimento ao Estudante, no posto situado no Pavilh\u00e3o &hellip; <a href=\"https:\/\/blog.ufba.br\/posfilosofia\/tutoriais\/tutorial-discentes\/\">Continue lendo <span class=\"meta-nav\">&rarr;<\/span><\/a><\/p>\n","protected":false},"author":1,"featured_media":0,"parent":55,"menu_order":2,"comment_status":"closed","ping_status":"open","template":"","meta":{"_coblocks_attr":"","_coblocks_dimensions":"","_coblocks_responsive_height":"","_coblocks_accordion_ie_support":"","_themeisle_gutenberg_block_has_review":false,"footnotes":""},"class_list":["post-99","page","type-page","status-publish","hentry"],"_links":{"self":[{"href":"https:\/\/blog.ufba.br\/posfilosofia\/wp-json\/wp\/v2\/pages\/99"}],"collection":[{"href":"https:\/\/blog.ufba.br\/posfilosofia\/wp-json\/wp\/v2\/pages"}],"about":[{"href":"https:\/\/blog.ufba.br\/posfilosofia\/wp-json\/wp\/v2\/types\/page"}],"author":[{"embeddable":true,"href":"https:\/\/blog.ufba.br\/posfilosofia\/wp-json\/wp\/v2\/users\/1"}],"replies":[{"embeddable":true,"href":"https:\/\/blog.ufba.br\/posfilosofia\/wp-json\/wp\/v2\/comments?post=99"}],"version-history":[{"count":0,"href":"https:\/\/blog.ufba.br\/posfilosofia\/wp-json\/wp\/v2\/pages\/99\/revisions"}],"up":[{"embeddable":true,"href":"https:\/\/blog.ufba.br\/posfilosofia\/wp-json\/wp\/v2\/pages\/55"}],"wp:attachment":[{"href":"https:\/\/blog.ufba.br\/posfilosofia\/wp-json\/wp\/v2\/media?parent=99"}],"curies":[{"name":"wp","href":"https:\/\/api.w.org\/{rel}","templated":true}]}}