{"id":97,"date":"2014-05-03T09:51:25","date_gmt":"2014-05-03T12:51:25","guid":{"rendered":"http:\/\/blog.ufba.br\/posfilosofia\/?page_id=97"},"modified":"2014-05-03T09:51:25","modified_gmt":"2014-05-03T12:51:25","slug":"tutorial-ingressantes","status":"publish","type":"page","link":"https:\/\/blog.ufba.br\/posfilosofia\/tutoriais\/tutorial-ingressantes\/","title":{"rendered":"Tutorial ingressantes"},"content":{"rendered":"<p>[em constru\u00e7\u00e3o]<\/p>\n<p>* Informa\u00e7\u00f5es sobre datas da vida institucional constam do Calend\u00e1rio Acad\u00eamico, acess\u00edvel no s\u00edtio da SUPAC-Superintend\u00eancia de Administra\u00e7\u00e3o Acad\u00eamica, www.supac.ufba.br. Atentem para atualiza\u00e7\u00f5es do Calend\u00e1rio.<\/p>\n<p>* Documentos relativos \u00e0 inser\u00e7\u00e3o institucional do discente (matr\u00edcula, hist\u00f3rico, etc.) devem ser solicitados ao Servi\u00e7o de Atendimento ao Estudante, no posto situado no Pavilh\u00e3o Raul Seixas, em S\u00e3o L\u00e1zaro.<\/p>\n<p>* Certifique-se de que a Secretaria, bem como os sistemas da UFBA, disp\u00f5em do seu e-mail correto, telefone e endere\u00e7o.<\/p>\n<p>&nbsp;<\/p>\n","protected":false},"excerpt":{"rendered":"<p>[em constru\u00e7\u00e3o] * Informa\u00e7\u00f5es sobre datas da vida institucional constam do Calend\u00e1rio Acad\u00eamico, acess\u00edvel no s\u00edtio da SUPAC-Superintend\u00eancia de Administra\u00e7\u00e3o Acad\u00eamica, www.supac.ufba.br. Atentem para atualiza\u00e7\u00f5es do Calend\u00e1rio. * Documentos relativos \u00e0 inser\u00e7\u00e3o institucional do discente (matr\u00edcula, hist\u00f3rico, etc.) devem ser &hellip; <a href=\"https:\/\/blog.ufba.br\/posfilosofia\/tutoriais\/tutorial-ingressantes\/\">Continue lendo <span class=\"meta-nav\">&rarr;<\/span><\/a><\/p>\n","protected":false},"author":1,"featured_media":0,"parent":55,"menu_order":1,"comment_status":"closed","ping_status":"open","template":"","meta":{"_coblocks_attr":"","_coblocks_dimensions":"","_coblocks_responsive_height":"","_coblocks_accordion_ie_support":"","_themeisle_gutenberg_block_has_review":false,"footnotes":""},"class_list":["post-97","page","type-page","status-publish","hentry"],"_links":{"self":[{"href":"https:\/\/blog.ufba.br\/posfilosofia\/wp-json\/wp\/v2\/pages\/97"}],"collection":[{"href":"https:\/\/blog.ufba.br\/posfilosofia\/wp-json\/wp\/v2\/pages"}],"about":[{"href":"https:\/\/blog.ufba.br\/posfilosofia\/wp-json\/wp\/v2\/types\/page"}],"author":[{"embeddable":true,"href":"https:\/\/blog.ufba.br\/posfilosofia\/wp-json\/wp\/v2\/users\/1"}],"replies":[{"embeddable":true,"href":"https:\/\/blog.ufba.br\/posfilosofia\/wp-json\/wp\/v2\/comments?post=97"}],"version-history":[{"count":0,"href":"https:\/\/blog.ufba.br\/posfilosofia\/wp-json\/wp\/v2\/pages\/97\/revisions"}],"up":[{"embeddable":true,"href":"https:\/\/blog.ufba.br\/posfilosofia\/wp-json\/wp\/v2\/pages\/55"}],"wp:attachment":[{"href":"https:\/\/blog.ufba.br\/posfilosofia\/wp-json\/wp\/v2\/media?parent=97"}],"curies":[{"name":"wp","href":"https:\/\/api.w.org\/{rel}","templated":true}]}}