{"id":91,"date":"2014-05-01T14:07:03","date_gmt":"2014-05-01T17:07:03","guid":{"rendered":"http:\/\/blog.ufba.br\/posfilosofia\/?page_id=91"},"modified":"2014-05-01T14:07:03","modified_gmt":"2014-05-01T17:07:03","slug":"eventos","status":"publish","type":"page","link":"https:\/\/blog.ufba.br\/posfilosofia\/eventos\/","title":{"rendered":"Eventos"},"content":{"rendered":"<div>\n<h4><span style=\"color: #333399\">Eventos em ordem cronol\u00f3gica decrescente.<\/span><\/h4>\n<div><br title=\"Link permanente para In\u00edcio\" \/><\/p>\n<table>\n<tbody>\n<tr>\n<td><\/td>\n<\/tr>\n<\/tbody>\n<\/table>\n<p><strong><em>\u00a0Evento<\/em><\/strong><\/p>\n<p>&nbsp;<\/p>\n<p><a href=\"http:\/\/blog.ufba.br\/posfilosofia\/files\/2014\/04\/V-Encontro-web.jpg\"><img loading=\"lazy\" decoding=\"async\" class=\"aligncenter size-large wp-image-1234\" src=\"http:\/\/blog.ufba.br\/posfilosofia\/files\/2014\/04\/V-Encontro-web-723x1024.jpg\" alt=\"V-Encontro-web\" width=\"640\" height=\"906\" \/><\/a><\/p>\n<p>&nbsp;<\/p>\n<p><strong><span style=\"color: #000000\">Mesa acerca do PPGF-UFBA no Congresso da UFBA<\/span><\/strong><\/p>\n<p>Mauro Castelo Branco de Moura, Rafael Lopes Azize, Andrea Schimmenti e Pedro de Souza Rodrigues Neto<\/p>\n<p>17\/jul.\/2016, 08:00hs, sala 10 da Faculdade de Comunica\u00e7\u00e3o<\/p>\n<p>&nbsp;<\/p>\n<\/div>\n<h2 style=\"color: #222222\"><strong><em>Evento:\u00a0<\/em><\/strong><\/h2>\n<div style=\"color: #222222\"><span style=\"color: #993300\"><strong>ENCONTRO DA SOCIEDADE INTERAMERICANA DE FILOSOFIA<\/strong><\/span><\/p>\n<p style=\"color: #141823\">PROGRAMA\u00c7\u00c3O<\/p>\n<p style=\"color: #141823\">Audit\u00f3rio da\u00a0<a href=\"https:\/\/www.google.com.br\/maps\/place\/Biblioteca+Universit%C3%A1ria+de+Sa%C3%BAde+Prof.+%C3%81lvaro+Rubim+de+Pinho\/@-12.9941237,-38.521699,18.02z\/data=!4m2!3m1!1s0x0000000000000000:0x98c31cdf49ca41ec\" target=\"_blank\" rel=\"noopener\">Biblioteca Universit\u00e1ria de Sa\u00fade<\/a>\u00a0(BUS), no Canela, ao lado da Escola de Enfermagem.<\/p>\n<p style=\"color: #141823\">Dia 31 de mar\u00e7o:<\/p>\n<p style=\"color: #141823\">14:00hs \u2013 Jo\u00e3o Carlos Salles (Brasil, Presidente da SIF), \u201cWittgenstein e a epistemologia das virtudes\u201d.<\/p>\n<div class=\"text_exposed_show\" style=\"color: #141823\">\n<p>14:45hs \u2013 Carlos Cardona (Col\u00f4mbia), \u201cOrigen de la ciencia moderna: el caso de Kepler\u201d.<\/p>\n<p>15:30hs \u2013 Luis Camacho (Costa Rica), \u201cL\u00f3gica de Arist\u00f3teles en Leibniz: el largo camino desde la gram\u00e1tica hacia la teor\u00eda de la inferencia\u201d.<\/p>\n<p>16:15hs \u2013 Carlos Enrique Caorsi (Uruguai), \u201cEl argumento del jabal\u00ed Verrugoso: Estimulo distal versus armon\u00eda preestablecida\u201d.<\/p>\n<p>Dia 01 de abril:<\/p>\n<p>09:00hs \u2013 Marcelo Carvalho (Brasil), \u201cO Ser e o Sonho: Observa\u00e7\u00f5es sobre Descartes, Wittgenstein, Bento Prado Jr. e a Ontologia\u201d.<\/p>\n<p>09:45hs \u2013 Sandra Leonor Lazzer (Argentina), \u201cL\u00f3gica y formalidad\u201d.<\/p>\n<p>10:30hs \u2013 Corina Yoris (Venezuela), \u201cAnalog\u00eda y fuerza argumentativa\u201d.<\/p>\n<p>11:15hs \u2013 Peter Graham (EUA), \u201cProper Functionalism and the Proper Theory of Functions\u201d.<\/p>\n<p>Intervalo<\/p>\n<p>14:00hs \u2013 Adriana Gonzalo (Argentina), \u201cEl debate filos\u00f3fico en torno a la unicidad de la facultad ling\u00fc\u00edstica humana\u201d.<\/p>\n<p>14:45hs \u2013 Mauricio Mancilla (Chile), \u201cC\u00f3mo interpretar la experiencia vivida: el lugar de la hermen\u00e9utica en el pensamiento contempor\u00e1neo\u201d.<\/p>\n<p>15:30hs \u2013 Carlos Patarroyo (Col\u00f4mbia), \u201cLibre albedr\u00edo, alternativas y obligaciones morales\u201d.<\/p>\n<p>16:15hs \u2013 Miguel Giusti (Peru), \u201cElegancia ateniense. Sobre la filosof\u00eda, los amigos y el buen vino\u201d.<\/p>\n<\/div>\n<p style=\"color: #333333\">As palestras n\u00e3o ter\u00e3o tradu\u00e7\u00e3o simult\u00e2nea.<\/p>\n<\/div>\n<div style=\"color: #222222\"><\/div>\n<p><span style=\"color: #993300\"><strong><em>Evento<\/em><\/strong><\/span>: As Filosofias da Linguagem e a Linguagem da Filosofia, nov.2014, UERJ.<\/p>\n<p><a title=\"As Filosofias da Linguagem e a Linguagem da Filosofia\" href=\"http:\/\/filolinguagem.wix.com\/filosofiaelinguagem\">http:\/\/filolinguagem.wix.com\/filosofiaelinguagem<\/a><\/p>\n<p>&nbsp;<\/p>\n<p>&nbsp;<\/p>\n<p><span style=\"color: #333399\"><em><strong>Evento<\/strong><\/em><\/span>: Ciclo de Debates sobre Filosofia e Subjetividade<\/p>\n<p>Data: 10, 12, 18 e 20 de novembro de 2014.<\/p>\n<p>DIA 10\/11\/2014 \u2013 (18:30 \u00e0s 21:00)<\/p>\n<p>\uf0b7 \u201cDescartes: A Inven\u00e7\u00e3o do Sujeito\u201d \u2013 Palestrante: Prof. Dr. Joceval Bittencourt Andrade<\/p>\n<p>(UNEB)<\/p>\n<p>\uf0b7 \u201cKant e o Sujeito Transcendental\u201d \u2013 Palestrante: Prof. Dr. Val\u00e9rio Hillesheim (UNEB)<\/p>\n<p>DIA 12\/11\/2014\u00a0 \u2013 (18:30 \u00e0s 21:00)<\/p>\n<p>\uf0b7 \u201cSpinoza, Conatus e Prazer\u201d \u2013 Palestrante: Prof. Dr. Alex Sandro Leite (UNEB)<\/p>\n<p>\uf0b7 \u201cReflex\u00f5es sobre o legado Freudiano na cultura contempor\u00e2nea ocidental\u201d \u2013 Palestrante:<\/p>\n<p>Prof.\u00aa Dr\u00aa Ana Maria Portela de Souza (UNEB)<\/p>\n<p>DIA 18\/11\/2014\u00a0 \u2013 (18:30 \u00e0s 21:00)<\/p>\n<p>\uf0b7 \u201cNietzsche: Sujeito, corpo, vida.\u201d \u2013 Palestrante: Prof. Dr. Fernando Gigante Ferraz (UFBA)<\/p>\n<p>\uf0b7 \u201cLiberdade e Emancipa\u00e7\u00e3o na Anal\u00edtica do Sujeito de Michel Foucault\u201d\u2013 Palestrante: Prof. \u00aa<\/p>\n<p>Ms. Julice Oliveira (UNEB)<\/p>\n<p>DIA 20\/11\/2014 \u2013 (18:30 \u00e0s 21:00)<\/p>\n<p>\uf0b7 \u201cSubjetividade e Alteridade em Emmanuel Levinas\u201d \u2013 Palestrante: Prof. Dr. Luciano Lima<\/p>\n<p>Santos (UNEB)<\/p>\n<p>\uf0b7 \u201cMerleau-Ponty e a subjetividade corp\u00f3rea\u201d \u2013 Palestrante: Prof. Ms. Jos\u00e9 Martins de Lima<\/p>\n<p>Neto (UNEB)<\/p>\n<p>LOCAL DO EVENTO: \u2013 Audit\u00f3rio Professor Jurandyr Oliveira (DEDC I)<\/p>\n<p>INSCRI\u00c7\u00d5ES NO COLEGIADO DE FILOSOFIA &#8211; GRATUITAS E COM DIREITO<\/p>\n<p>A CERTIFICADO<\/p>\n<p><img decoding=\"async\" class=\"aLF-aPX-J1-J3\" src=\"https:\/\/mail.google.com\/mail\/u\/0\/?ui=2&amp;ik=c8892c3366&amp;view=fimg&amp;th=1498c8138246e69e&amp;attid=0.1&amp;disp=inline&amp;realattid=a210529a15248ec2_0.1&amp;safe=1&amp;attbid=ANGjdJ8pT8gwLosaUUVDdYPhC8MKgrVtxbZc5aS-XYDm_HNCWlJQFKIXGgAbrRF8qTIVL4B31vTiO_g_KSlaGRs2ZENK0XJ-5Yc6g1vYgAZ9uo23Ed-0UfqBJk4fkoE&amp;ats=1415456648387&amp;rm=1498c8138246e69e&amp;zw&amp;sz=w1337-h513\" alt=\"Exibindo FILOSOFIA2 (2).jpg\" \/><\/p>\n<p>&nbsp;<\/p>\n<p>&nbsp;<\/p>\n<p>&nbsp;<\/p>\n<\/div>\n<p>&nbsp;<\/p>\n<p>&nbsp;<\/p>\n<p>&nbsp;<\/p>\n<p>&nbsp;<\/p>\n<p>&nbsp;<\/p>\n","protected":false},"excerpt":{"rendered":"<p>Eventos em ordem cronol\u00f3gica decrescente. \u00a0Evento &nbsp; &nbsp; Mesa acerca do PPGF-UFBA no Congresso da UFBA Mauro Castelo Branco de Moura, Rafael Lopes Azize, Andrea Schimmenti e Pedro de Souza Rodrigues Neto 17\/jul.\/2016, 08:00hs, sala 10 da Faculdade de Comunica\u00e7\u00e3o &hellip; <a href=\"https:\/\/blog.ufba.br\/posfilosofia\/eventos\/\">Continue lendo <span class=\"meta-nav\">&rarr;<\/span><\/a><\/p>\n","protected":false},"author":1,"featured_media":0,"parent":0,"menu_order":10,"comment_status":"closed","ping_status":"open","template":"","meta":{"_coblocks_attr":"","_coblocks_dimensions":"","_coblocks_responsive_height":"","_coblocks_accordion_ie_support":"","_themeisle_gutenberg_block_has_review":false,"footnotes":""},"class_list":["post-91","page","type-page","status-publish","hentry"],"_links":{"self":[{"href":"https:\/\/blog.ufba.br\/posfilosofia\/wp-json\/wp\/v2\/pages\/91"}],"collection":[{"href":"https:\/\/blog.ufba.br\/posfilosofia\/wp-json\/wp\/v2\/pages"}],"about":[{"href":"https:\/\/blog.ufba.br\/posfilosofia\/wp-json\/wp\/v2\/types\/page"}],"author":[{"embeddable":true,"href":"https:\/\/blog.ufba.br\/posfilosofia\/wp-json\/wp\/v2\/users\/1"}],"replies":[{"embeddable":true,"href":"https:\/\/blog.ufba.br\/posfilosofia\/wp-json\/wp\/v2\/comments?post=91"}],"version-history":[{"count":0,"href":"https:\/\/blog.ufba.br\/posfilosofia\/wp-json\/wp\/v2\/pages\/91\/revisions"}],"wp:attachment":[{"href":"https:\/\/blog.ufba.br\/posfilosofia\/wp-json\/wp\/v2\/media?parent=91"}],"curies":[{"name":"wp","href":"https:\/\/api.w.org\/{rel}","templated":true}]}}