{"id":76,"date":"2014-04-13T20:23:39","date_gmt":"2014-04-13T23:23:39","guid":{"rendered":"http:\/\/blog.ufba.br\/posfilosofia\/?page_id=76"},"modified":"2014-04-13T20:23:39","modified_gmt":"2014-04-13T23:23:39","slug":"estatisticas","status":"publish","type":"page","link":"https:\/\/blog.ufba.br\/posfilosofia\/pagina-exemplo\/estatisticas\/","title":{"rendered":"Estat\u00edsticas"},"content":{"rendered":"<p>[em constru\u00e7\u00e3o]<\/p>\n<p>Docentes: [n\u00famero]<\/p>\n<p>Alunos de mestrado: [n\u00famero]<\/p>\n<p>Alunos de doutorado: [n\u00famero]<\/p>\n<p>Disserta\u00e7\u00f5es defendidas: [n\u00famero]<\/p>\n<p>Teses defendidas: [n\u00famero]<\/p>\n","protected":false},"excerpt":{"rendered":"<p>[em constru\u00e7\u00e3o] Docentes: [n\u00famero] Alunos de mestrado: [n\u00famero] Alunos de doutorado: [n\u00famero] Disserta\u00e7\u00f5es defendidas: [n\u00famero] Teses defendidas: [n\u00famero]<\/p>\n","protected":false},"author":1,"featured_media":0,"parent":826,"menu_order":0,"comment_status":"closed","ping_status":"open","template":"","meta":{"_coblocks_attr":"","_coblocks_dimensions":"","_coblocks_responsive_height":"","_coblocks_accordion_ie_support":"","_themeisle_gutenberg_block_has_review":false,"footnotes":""},"class_list":["post-76","page","type-page","status-publish","hentry"],"_links":{"self":[{"href":"https:\/\/blog.ufba.br\/posfilosofia\/wp-json\/wp\/v2\/pages\/76"}],"collection":[{"href":"https:\/\/blog.ufba.br\/posfilosofia\/wp-json\/wp\/v2\/pages"}],"about":[{"href":"https:\/\/blog.ufba.br\/posfilosofia\/wp-json\/wp\/v2\/types\/page"}],"author":[{"embeddable":true,"href":"https:\/\/blog.ufba.br\/posfilosofia\/wp-json\/wp\/v2\/users\/1"}],"replies":[{"embeddable":true,"href":"https:\/\/blog.ufba.br\/posfilosofia\/wp-json\/wp\/v2\/comments?post=76"}],"version-history":[{"count":0,"href":"https:\/\/blog.ufba.br\/posfilosofia\/wp-json\/wp\/v2\/pages\/76\/revisions"}],"up":[{"embeddable":true,"href":"https:\/\/blog.ufba.br\/posfilosofia\/wp-json\/wp\/v2\/pages\/826"}],"wp:attachment":[{"href":"https:\/\/blog.ufba.br\/posfilosofia\/wp-json\/wp\/v2\/media?parent=76"}],"curies":[{"name":"wp","href":"https:\/\/api.w.org\/{rel}","templated":true}]}}