{"id":61,"date":"2014-04-12T22:09:55","date_gmt":"2014-04-13T01:09:55","guid":{"rendered":"http:\/\/blog.ufba.br\/posfilosofia\/?page_id=61"},"modified":"2014-04-12T22:09:55","modified_gmt":"2014-04-13T01:09:55","slug":"ligacoes","status":"publish","type":"page","link":"https:\/\/blog.ufba.br\/posfilosofia\/ligacoes\/","title":{"rendered":"Formul\u00e1rios e Links"},"content":{"rendered":"<p>[em constru\u00e7\u00e3o]<\/p>\n<h1><strong>Formul\u00e1rios<\/strong><\/h1>\n<h2><strong>Para inser\u00e7\u00f5es na Plataforma Sucupira:<\/strong><\/h2>\n<p>&nbsp;<\/p>\n<p><a href=\"http:\/\/blog.ufba.br\/posfilosofia\/files\/2014\/04\/external_participant_record_form_YEAR_FIRSTANDLASTNAME.docx\">external_participant_record_form_YEAR_FIRSTANDLASTNAME<\/a><\/p>\n<p><a href=\"http:\/\/blog.ufba.br\/posfilosofia\/files\/2014\/04\/Formulario_cadastro_participante_externo_ANO_PRIMEIROULTIMONOME.docx\">Formulario_cadastro_participante_externo_ANO_PRIMEIROULTIMONOME<\/a><\/p>\n<p><a href=\"http:\/\/blog.ufba.br\/posfilosofia\/files\/2014\/04\/Formulario_cadastro_produ\u00e7\u00e3o_anual_docente_PPGF_ANO_PRIMEIROULTIMONOME.docx\">Formulario_cadastro_produ\u00e7\u00e3o_anual_docente_PPGF_ANO_PRIMEIROULTIMONOME<\/a><\/p>\n<p><a href=\"http:\/\/blog.ufba.br\/posfilosofia\/files\/2014\/04\/Formulario_cadastro_producao_bibliografica_com_ISBN_ANO_PRIMEIROULTIMONOME.docx\">Formulario_cadastro_producao_bibliografica_com_ISBN_ANO_PRIMEIROULTIMONOME<\/a><\/p>\n<p><a href=\"http:\/\/blog.ufba.br\/posfilosofia\/files\/2014\/04\/Formulario_cadastro_producao_bibliografica_com_ISSN_ANO_PRIMEIROULTIMONOME.docx\">Formulario_cadastro_producao_bibliografica_com_ISSN_ANO_PRIMEIROULTIMONOME<\/a><\/p>\n<p><a href=\"http:\/\/blog.ufba.br\/posfilosofia\/files\/2014\/04\/Formulario_cadastro_producao_tecnica_ANO_PRIMEIROULTIMONOME.docx\">Formulario_cadastro_producao_tecnica_ANO_PRIMEIROULTIMONOME<\/a><\/p>\n<p><a href=\"http:\/\/blog.ufba.br\/posfilosofia\/files\/2014\/04\/Formulario_cadastro_traducao_ANO_PRIMEIROULTIMONOME.docx\">Formulario_cadastro_traducao_ANO_PRIMEIROULTIMONOME<\/a><\/p>\n<p>&nbsp;<\/p>\n<p>&nbsp;<\/p>\n<p>&nbsp;<\/p>\n<h1><strong>Links\u00a0<\/strong><\/h1>\n<h2><strong>UFBA<\/strong><\/h2>\n<p>Faculdade de Filosofia e Ci\u00eancias Humanas &#8211; www.ffch.ufba.br<\/p>\n<p>Sistema Acad\u00eamico Docente &#8211;\u00a0www.siacdocentes.ufba.br<\/p>\n<p>Sistema de Apoio \u00e0 Pesquisa e \u00e0 Inova\u00e7\u00e3o &#8211; www.sapi.ufba.br<\/p>\n<p>Sistema de Gerenciamento de Bolsas de Inicia\u00e7\u00e3o &#8211; www.sisbic.ufba.br<\/p>\n<p>Sistema de Bibliotecas da UFBA &#8211; www.sisbi.ufba.br<\/p>\n<p>Sistema Integrado de Pessoal &#8211; www.sipweb.ufba.br<\/p>\n<p>Sistema Integrado de Usu\u00e1rios e Servi\u00e7os &#8211; www.sius.ufba.br<\/p>\n<p>Superintend\u00eancia Acad\u00eamica &#8211; www.supac.ufba.br<\/p>\n<p>Superintend\u00eancia de Tecnologia de Informa\u00e7\u00e3o &#8211; http:\/\/www.sti.ufba.br<\/p>\n<p>UFBAmail &#8211; www.mail.ufba.br<\/p>\n<p>&nbsp;<\/p>\n<h2><strong>FILOSOFIA &#8211; institucionais<\/strong><\/h2>\n<p>Anpof &#8211; <a title=\"ANPOF\" href=\"http:\/\/www.anpof.org.br\" target=\"_blank\" rel=\"noopener\">www.anpof.org.br<\/a><\/p>\n<p>&nbsp;<\/p>\n<h2><strong>Grupos de Pesquisa do PPGF-UFBA e associados<br \/>\n<\/strong><\/h2>\n<p>Grupo Conesul de Filosofia das Ci\u00eancias Formais &#8211; <a href=\"http:\/\/gcfcf.com.br\/pt\/\" target=\"_blank\" rel=\"noopener\">http:\/\/gcfcf.com.br\/pt\/<\/a><\/p>\n<p>Centro de Estudos de Dewey e Pragmatismo <a href=\"http:\/\/deweypragmatismo.wordpress.com\" target=\"_blank\" rel=\"noopener\">http:\/\/deweypragmatismo.wordpress.com<\/a><\/p>\n<p>Grupo de Estudo e Pesquisa em Fenomenologia e Hermen\u00eautica<\/p>\n<p><a href=\"www.gephermeneutica.ppgf.ufba.br\" target=\"_blank\" rel=\"noopener\"><span style=\"text-decoration: underline\">www.gephermeneutica.ppgf.ufba.br<\/span><\/a><\/p>\n<p>Grupo de Estudo e Pesquisa <em>Empirismo, Fenomenologia e Gram\u00e1tica<\/em> <a href=\"www.efg.ufba.br\" target=\"_blank\" rel=\"noopener\">www.efg.ufba.br<\/a><\/p>\n<p>Grupo de Estudo e Pesquisa <em>Filosofia da Linguagem e do Conhecimento<\/em> &#8211; <a href=\"Col\u00f3quios%20Wittgenstein\" target=\"_blank\" rel=\"noopener\">https:\/\/sites.google.com\/site\/unicampcoloquiowittgenstein\/<\/a><\/p>\n<p>Grupo de Pesquisa Po\u00e9tica Pragm\u00e1tica &#8211;\u00a0<!--?xml version=\"1.0\" encoding=\"UTF-8\" standalone=\"no\"?--> <a href=\"http:\/\/www.poeticapragmatica.blogspot.com\/\" target=\"_blank\" rel=\"noopener\">www.poeticapragmatica.blogspot.com<\/a>\u00a0\/<\/p>\n<p><a href=\"http:\/\/www.facebook.com\/pages\/Po%C3%A9tica-Pragm%C3%A1tica\" target=\"_blank\" rel=\"noopener\">www.facebook.com\/pages\/Po\u00e9tica-Pragm\u00e1tica<\/a><\/p>\n<p>Grupo Luso-Brasileiro de Estudos Wittgensteinianos &#8211; <a href=\"www.grulbew.org\" target=\"_blank\" rel=\"noopener\">www.grulbew.org<\/a><\/p>\n<p>&nbsp;<\/p>\n<h2><strong>Peri\u00f3dicos<\/strong><\/h2>\n<p style=\"color: #454545\">Analytica<\/p>\n<p style=\"color: #e4af0a\"><a href=\"https:\/\/revistas.ufrj.br\/index.php\/analytica\/index\">https:\/\/revistas.ufrj.br\/index.php\/analytica\/index<\/a><\/p>\n<p style=\"color: #454545\">Cognitio<\/p>\n<p style=\"color: #e4af0a\"><a href=\"http:\/\/revistas.pucsp.br\/index.php\/cognitio\">http:\/\/revistas.pucsp.br\/index.php\/cognitio<\/a><\/p>\n<p style=\"color: #454545\">Discurso<\/p>\n<p style=\"color: #e4af0a\"><a href=\"http:\/\/filosofia.fflch.usp.br\/publicacoes\/discurso\">http:\/\/filosofia.fflch.usp.br\/publicacoes\/discurso<\/a><\/p>\n<p style=\"color: #454545\">Dissertatio<\/p>\n<p style=\"color: #e4af0a\"><a href=\"https:\/\/periodicos.ufpel.edu.br\/ojs2\/index.php\/dissertatio\/index\">https:\/\/periodicos.ufpel.edu.br\/ojs2\/index.php\/dissertatio\/index<\/a><\/p>\n<p style=\"color: #454545\">DoisPontos<\/p>\n<p style=\"color: #e4af0a\"><a href=\"http:\/\/revistas.ufpr.br\/doispontos\">http:\/\/revistas.ufpr.br\/doispontos<\/a><\/p>\n<p style=\"color: #454545\">Kriterion<\/p>\n<p style=\"color: #e4af0a\"><a href=\"http:\/\/www.kriterion.fafich.ufmg.br\/index.php\/kriterion\">http:\/\/www.kriterion.fafich.ufmg.br\/index.php\/kriterion<\/a><\/p>\n<p style=\"color: #454545\">Manuscrito<\/p>\n<p style=\"color: #e4af0a\"><a href=\"https:\/\/www.cle.unicamp.br\/eprints\/index.php?journal=manuscrito\">https:\/\/www.cle.unicamp.br\/eprints\/index.php?journal=manuscrito<\/a><\/p>\n<p style=\"color: #454545\">O que nos faz pensar<\/p>\n<p style=\"color: #e4af0a\"><a href=\"http:\/\/www.oquenosfazpensar.com\/web\/\">http:\/\/www.oquenosfazpensar.com\/web\/<\/a><\/p>\n<p style=\"color: #454545\">Trans\/Form\/A\u00e7\u00e3o<\/p>\n<p style=\"color: #e4af0a\"><a href=\"http:\/\/revistas.marilia.unesp.br\/index.php\/transformacao\/index\">http:\/\/revistas.marilia.unesp.br\/index.php\/transformacao\/index<\/a><\/p>\n<p style=\"color: #454545\">Veritas<\/p>\n<p style=\"color: #e4af0a\"><a href=\"http:\/\/revistaseletronicas.pucrs.br\/ojs\/index.php\/veritas\/index\">http:\/\/revistaseletronicas.pucrs.br\/ojs\/index.php\/veritas\/index<\/a><\/p>\n<p style=\"color: #454545\">***<\/p>\n<h3 style=\"color: #454545\"><strong>Revistas vinculadas a programas e n\u00facleos<\/strong><\/h3>\n<p style=\"color: #454545\">ArteFilosofia<\/p>\n<p style=\"color: #e4af0a\"><a href=\"http:\/\/www.raf.ifac.ufop.br\">http:\/\/www.raf.ifac.ufop.br<\/a><\/p>\n<p style=\"color: #454545\">Estudos Filos\u00f3ficos (UFSJ)<\/p>\n<p style=\"color: #e4af0a\"><a href=\"http:\/\/www.ufsj.edu.br\/revistaestudosfilosoficos\/\">http:\/\/www.ufsj.edu.br\/revistaestudosfilosoficos\/<\/a><\/p>\n<p style=\"color: #454545\">ETHICA (UFSC)<\/p>\n<p style=\"color: #e4af0a\"><a href=\"https:\/\/periodicos.ufsc.br\/index.php\/ethic\">https:\/\/periodicos.ufsc.br\/index.php\/ethic<\/a><\/p>\n<p style=\"color: #454545\">Ideias (Unicamp)<\/p>\n<p style=\"color: #e4af0a\"><a href=\"http:\/\/www.ifch.unicamp.br\/ojs\/index.php\/ideias\">http:\/\/www.ifch.unicamp.br\/ojs\/index.php\/ideias<\/a><\/p>\n<p style=\"color: #454545\">Ipseitas (UFSCAR)<\/p>\n<p style=\"color: #e4af0a\"><a href=\"http:\/\/www.revistaipseitas.ufscar.br\/index.php\/ipseitas\/issue\/current\/showToc\">http:\/\/www.revistaipseitas.ufscar.br\/index.php\/ipseitas\/issue\/current\/showToc<\/a><\/p>\n<p style=\"color: #454545\">Principia: An International Journal of Epistemology<\/p>\n<p style=\"color: #e4af0a\"><a href=\"https:\/\/periodicos.ufsc.br\/index.php\/principia\">https:\/\/periodicos.ufsc.br\/index.php\/principia<\/a><\/p>\n<p style=\"color: #454545\">Princ\u00edpios: Revista de Filosofia (UFRN)<\/p>\n<p style=\"color: #e4af0a\"><a href=\"https:\/\/periodicos.ufrn.br\/principios\">https:\/\/periodicos.ufrn.br\/principios<\/a><\/p>\n<p style=\"color: #454545\">Revista de Filosofia Moderna e Contempo\u00e2nea (UnB)<\/p>\n<p style=\"color: #e4af0a\"><a href=\"http:\/\/periodicos.unb.br\/index.php\/fmc\">http:\/\/periodicos.unb.br\/index.php\/fmc<\/a><\/p>\n<p style=\"color: #454545\">Revista Perspectiva Filos\u00f3fica<\/p>\n<p style=\"color: #e4af0a\"><a href=\"http:\/\/www.revista.ufpe.br\/revistaperspectivafilosofica\/index.php\/revistaperspectivafilosofica\/index\">http:\/\/www.revista.ufpe.br\/revistaperspectivafilosofica\/index.php\/revistaperspectivafilosofica\/index<\/a><\/p>\n<p style=\"color: #454545\">Synesis (Centro de Teologia e Humanidades da Universidade Cat\u00f3lica de Petr\u00f3polis)<\/p>\n<p style=\"color: #e4af0a\"><a href=\"http:\/\/seer.ucp.br\/seer\/index.php?journal=synesis&amp;page=index\">http:\/\/seer.ucp.br\/seer\/index.php?journal=synesis&amp;page=index<\/a><\/p>\n<p style=\"color: #454545\">Viso &#8211; Cadernos de Est\u00e9tica Aplicada<\/p>\n<p style=\"color: #e4af0a\"><a href=\"http:\/\/www.revistaviso.com.br\">www.revistaviso.com.br<\/a><\/p>\n<p style=\"color: #454545\">***<\/p>\n<h3 style=\"color: #454545\"><b>Revistas de iniciativas de discentes<\/b><\/h3>\n<p style=\"color: #454545\">Contextura (UFMG)<\/p>\n<p style=\"color: #e4af0a\"><a href=\"https:\/\/seer.ufmg.br\/index.php\/revistacontexturas.index\">https:\/\/seer.ufmg.br\/index.php\/revistacontexturas.index<\/a><\/p>\n<p style=\"color: #454545\">PERI (UFSC)<\/p>\n<p style=\"color: #e4af0a\"><a href=\"http:\/\/www.nexos.ufsc.br\/index.php\/peri\/index\">http:\/\/www.nexos.ufsc.br\/index.php\/peri\/index<\/a><\/p>\n<p>&nbsp;<\/p>\n<h2><strong>Diversos<\/strong><\/h2>\n<p>WebQualis (para consulta de classifica\u00e7\u00e3o de peri\u00f3dicos) &#8211; <a href=\"http:\/\/qualis.capes.gov.br\/webqualis\/principal.seam\" target=\"_blank\" rel=\"noopener\">http:\/\/qualis.capes.gov.br\/webqualis\/principal.seam<\/a><\/p>\n<p>&nbsp;<\/p>\n<p>&nbsp;<\/p>\n<p>&nbsp;<\/p>\n<p>&nbsp;<\/p>\n<p>&nbsp;<\/p>\n<p>&nbsp;<\/p>\n<p>&nbsp;<\/p>\n<p>&nbsp;<\/p>\n<p>&nbsp;<\/p>\n<p>&nbsp;<\/p>\n<p>&nbsp;<\/p>\n","protected":false},"excerpt":{"rendered":"<p>[em constru\u00e7\u00e3o] Formul\u00e1rios Para inser\u00e7\u00f5es na Plataforma Sucupira: &nbsp; external_participant_record_form_YEAR_FIRSTANDLASTNAME Formulario_cadastro_participante_externo_ANO_PRIMEIROULTIMONOME Formulario_cadastro_produ\u00e7\u00e3o_anual_docente_PPGF_ANO_PRIMEIROULTIMONOME Formulario_cadastro_producao_bibliografica_com_ISBN_ANO_PRIMEIROULTIMONOME Formulario_cadastro_producao_bibliografica_com_ISSN_ANO_PRIMEIROULTIMONOME Formulario_cadastro_producao_tecnica_ANO_PRIMEIROULTIMONOME Formulario_cadastro_traducao_ANO_PRIMEIROULTIMONOME &nbsp; &nbsp; &nbsp; Links\u00a0 UFBA Faculdade de Filosofia e Ci\u00eancias Humanas &#8211; www.ffch.ufba.br Sistema Acad\u00eamico Docente &#8211;\u00a0www.siacdocentes.ufba.br Sistema de Apoio \u00e0 Pesquisa e \u00e0 &hellip; <a href=\"https:\/\/blog.ufba.br\/posfilosofia\/ligacoes\/\">Continue lendo <span class=\"meta-nav\">&rarr;<\/span><\/a><\/p>\n","protected":false},"author":1,"featured_media":0,"parent":0,"menu_order":12,"comment_status":"closed","ping_status":"open","template":"","meta":{"_coblocks_attr":"","_coblocks_dimensions":"","_coblocks_responsive_height":"","_coblocks_accordion_ie_support":"","_themeisle_gutenberg_block_has_review":false,"footnotes":""},"class_list":["post-61","page","type-page","status-publish","hentry"],"_links":{"self":[{"href":"https:\/\/blog.ufba.br\/posfilosofia\/wp-json\/wp\/v2\/pages\/61"}],"collection":[{"href":"https:\/\/blog.ufba.br\/posfilosofia\/wp-json\/wp\/v2\/pages"}],"about":[{"href":"https:\/\/blog.ufba.br\/posfilosofia\/wp-json\/wp\/v2\/types\/page"}],"author":[{"embeddable":true,"href":"https:\/\/blog.ufba.br\/posfilosofia\/wp-json\/wp\/v2\/users\/1"}],"replies":[{"embeddable":true,"href":"https:\/\/blog.ufba.br\/posfilosofia\/wp-json\/wp\/v2\/comments?post=61"}],"version-history":[{"count":0,"href":"https:\/\/blog.ufba.br\/posfilosofia\/wp-json\/wp\/v2\/pages\/61\/revisions"}],"wp:attachment":[{"href":"https:\/\/blog.ufba.br\/posfilosofia\/wp-json\/wp\/v2\/media?parent=61"}],"curies":[{"name":"wp","href":"https:\/\/api.w.org\/{rel}","templated":true}]}}