{"id":46,"date":"2014-04-12T21:00:21","date_gmt":"2014-04-13T00:00:21","guid":{"rendered":"http:\/\/blog.ufba.br\/posfilosofia\/?page_id=46"},"modified":"2014-04-12T21:00:21","modified_gmt":"2014-04-13T00:00:21","slug":"oferta-de-disciplinas","status":"publish","type":"page","link":"https:\/\/blog.ufba.br\/posfilosofia\/oferta-de-disciplinas\/","title":{"rendered":"Matr\u00edculas \/ Disciplinas"},"content":{"rendered":"<h1>2017.1<\/h1>\n<p>&nbsp;<\/p>\n<p><strong>INSCRI\u00c7\u00d5ES PROCESSO SELETIVO ALUNOS ESPECIAIS 2017.1<\/strong><\/p>\n<p>PER\u00cdODO DE INSCRI\u00c7\u00d5ES:<\/p>\n<p>11 e 12 de abril de 2017<\/p>\n<p>HOR\u00c1RIO: Das 09:00 hs \u00e0s 13:00 Hs<\/p>\n<p>Local Inscri\u00e7\u00f5es: Secretaria do programa de P\u00f3s Gradua\u00e7\u00e3o em Filosofia da UFBA.<\/p>\n<p><strong>Documenta\u00e7\u00e3o<\/strong>:<\/p>\n<p>F\u00f3rmul\u00e1rio de Inscri\u00e7\u00e3o:<\/p>\n<p><a href=\"https:\/\/supac.ufba.br\/sites\/supac.ufba.br\/files\/aluno_especial_-_pos-graduacao.doc\">https:\/\/supac.ufba.br\/sites\/supac.ufba.br\/files\/aluno_especial_-_pos-graduacao.doc<\/a><\/p>\n<p>Carteira de Identidade e CPF (original e c\u00f3pia);<\/p>\n<p>CV, formato Lattes ou outro;<\/p>\n<p>Diploma da Gradua\u00e7\u00e3o (c\u00f3pia);<\/p>\n<p>Hist\u00f3rico da Gradua\u00e7\u00e3o (c\u00f3pia);<\/p>\n<p>Comprovante de Quita\u00e7\u00e3o Militar<\/p>\n<p>Comprovante de Quita\u00e7\u00e3o Eleitoral<\/p>\n<p>Comprovante de pagamento da taxa de inscri\u00e7\u00e3o. O boleto est\u00e1 dispon\u00edvel em\u00a0\u00a0 <a href=\"https:\/\/supac.ufba.br\/servicos-academicosboletos\">https:\/\/supac.ufba.br\/servicos-academicosboletos<\/a><\/p>\n<p>Selecione \u201cInscri\u00e7\u00e3o Sele\u00e7\u00e3o (aluno especial para a p\u00f3s-gradua\u00e7\u00e3o).<\/p>\n<p>&nbsp;<\/p>\n<p>Obs: No caso de inscri\u00e7\u00e3o em mais de uma disciplinas (o m\u00e1ximo s\u00e3o duas), dever\u00e1 ser entregue uma c\u00f3pia da documenta\u00e7\u00e3o para cada disciplina \u2013 exceto o comprovante de pagamento, do qual s\u00f3 deve ser anexada uma c\u00f3pia.<\/p>\n<p>&nbsp;<\/p>\n<p>&nbsp;<\/p>\n<p><strong>Segunda-feira<\/strong><\/p>\n<p>FCHK55 T\u00f3picos Especiais de Filosofia Pol\u00edtica &#8211; Prof. <strong>Daniel Tourinho Peres<\/strong> &#8211; Segunda 13:55 \u00e0s 17:35 (Ementa:\u00a0<a href=\"http:\/\/blog.ufba.br\/posfilosofia\/files\/2014\/04\/FCHK55-TE-de-Filosofia-Pol\u00edtica1.pdf\">FCHK55 TE de Filosofia Pol\u00edtica<\/a>)<\/p>\n<p>&nbsp;<\/p>\n<p><strong>Ter\u00e7a-feira<\/strong><\/p>\n<p>FCH640 Filosofia da Linguagem &#8211; Prof. <strong>Abel Lassalle Casanave<\/strong> &#8211; Ter\u00e7a 13:55 \u00e0s 17:35 (Ementa:\u00a0<a href=\"http:\/\/blog.ufba.br\/posfilosofia\/files\/2014\/04\/FCH640-Filosofia-da-Linguagem.pdf\">FCH640 Filosofia da Linguagem<\/a>)<\/p>\n<p>FCHK58 T\u00f3picos Especiais em Filosofia e Literatura II &#8211; Profa. <strong>Nancy Mangabeira Unger<\/strong> &#8211; Ter\u00e7a 13:55 \u00e0s 17:35 (Ementa:\u00a0<a href=\"http:\/\/blog.ufba.br\/posfilosofia\/files\/2014\/04\/FCHK58-T\u00f3picos-Especiais-em-Filosofia-e-Literatura.pdf\">FCHK58 T\u00f3picos Especiais em Filosofia e Literatura<\/a>)<\/p>\n<p>EBA A01 Teoria das Artes Visuais &#8211; Prof. Rosa Gabriella de Castro Gon\u00e7alves &#8211; Ter\u00e7a \u00e0s 17:45 (Ementa:\u00a0<a href=\"http:\/\/blog.ufba.br\/posfilosofia\/files\/2014\/04\/EBA-A01.pdf\">EBA A01<\/a>)<\/p>\n<div class=\"page\" title=\"Page 1\">\n<div class=\"layoutArea\">\n<div class=\"column\">\n<p>&nbsp;<\/p>\n<\/div>\n<\/div>\n<\/div>\n<p><strong>Quarta-feira<\/strong><\/p>\n<p>FCH649 Problemas de Filosofia Contempor\u00e2nea &#8211; Prof. <strong>Jos\u00e9 Cris\u00f3stomo de Souza<\/strong>\u00a0&#8211; Quarta\u00a013:55 \u00e0s 17:35 (Ementa:\u00a0<a href=\"http:\/\/blog.ufba.br\/posfilosofia\/files\/2014\/04\/FCH649-Problemas-de-Filosofia-Contempor\u00e2nea1.pdf\">FCH649 Problemas de Filosofia Contempor\u00e2nea<\/a>)<\/p>\n<p>FCHK36 TE &#8211; de Est\u00e9tica &#8211; Profa. <strong>Silvia Faustino<\/strong> &#8211; Quarta 13:55 \u00e0s 17:35 (Ementa :\u00a0<a href=\"http:\/\/blog.ufba.br\/posfilosofia\/files\/2014\/04\/FCHK-36-TE-de-Est\u00e9tica.pdf\">FCHK 36 TE de Est\u00e9tica<\/a>)<\/p>\n<p>&nbsp;<\/p>\n<p><strong>Quinta-feira<\/strong><\/p>\n<p>FCHK63 T\u00f3picos Especiais de Fenomenologia &#8211; Profa.\u00a0<strong>Acylene Ferreira<\/strong>\u00a0&#8211; Quinta 13:55 \u00e0s 17:35 (Ementa: <a href=\"http:\/\/blog.ufba.br\/posfilosofia\/files\/2014\/04\/FCHK63-TE-de-Fenomenologia.pdf\">FCHK63 TE de Fenomenologia<\/a>)<\/p>\n<p>FCH642 Filosofia Social &#8211; Prof. <strong>Jos\u00e9 Louren\u00e7o<\/strong> &#8211; Quinta 13:55 \u00e0s 17:35<\/p>\n<p>FCHK49 T\u00f3picos Especiais de Metaf\u00edsica I &#8211; Profa. <strong>Mariana Campos<\/strong> &#8211; Quinta 13:55 \u00e0s 17:35 (Ementa:\u00a0<a href=\"http:\/\/blog.ufba.br\/posfilosofia\/files\/2014\/04\/FCHK49-T\u00f3picos-Especiais-de-Metaf\u00edsica-I-2017.1.pdf\">FCHK49 T\u00f3picos Especiais de Metaf\u00edsica I &#8211; 2017.1<\/a>)<\/p>\n<p>&nbsp;<\/p>\n<p><strong>Sexta-feira<\/strong><\/p>\n<p>FCH646 Problemas Fenomenol\u00f3gicos e Hermen\u00eauticos &#8211; Prof. <strong>Monclar Valverde<\/strong> (aguardando aloca\u00e7\u00e3o da NUREC) &#8211; Sexta 13:55 \u00e0s 17:35 (Ementa:\u00a0<a href=\"http:\/\/blog.ufba.br\/posfilosofia\/files\/2014\/04\/FCH-646-Problmas-Fenom-e-Herm.pdf\">FCH 646 Problmas Fenom e Herm<\/a>)<\/p>\n<h1><\/h1>\n<h1>2016.2<\/h1>\n<h2><strong><em>Alunos especiais<\/em><\/strong><\/h2>\n<p><em>Inscri\u00e7\u00f5es<\/em>: 31\/10 e 01\/11 de 2016, das 09hs \u00e0s 13hs, na\u00a0Secretaria do PPGF\u00a0(provisoriamente instalada na Sala de Extens\u00e3o do Pavilh\u00e3o Raul Seixas).<\/p>\n<p><em>Documentos necess\u00e1rios \u00e0 inscri\u00e7\u00e3o de alunos especiais:<\/em><\/p>\n<p>&nbsp;<\/p>\n<ul>\n<li>Formul\u00e1rio de Inscri\u00e7\u00e3o ( <a href=\"http:\/\/blog.ufba.br\/posfilosofia\/files\/2014\/04\/Formulario_Inscricao_Alunos_Esp_PPGF_2016.2.doc\">Formulario_Inscricao_Alunos_Esp_PPGF_2016.2<\/a>\u00a0);<\/li>\n<li>Carteira de Identidade e CPF (original e c\u00f3pia);<\/li>\n<li>CV, formato Lattes ou outro;<\/li>\n<li>Diploma da Gradua\u00e7\u00e3o (c\u00f3pia);<\/li>\n<li>Hist\u00f3rico da Gradua\u00e7\u00e3o (c\u00f3pia);<\/li>\n<li>Comprovante de Quita\u00e7\u00e3o Militar;<\/li>\n<li>Comprovante de Quita\u00e7\u00e3o Eleitoral;<\/li>\n<li>Comprovante de pagamento da taxa de inscri\u00e7\u00e3o. O boleto est\u00e1 dispon\u00edvel em\u00a0\u00a0 <a href=\"https:\/\/supac.ufba.br\/servicos-academicosboletos\">https:\/\/supac.ufba.br\/servicos-academicosboletos<\/a>.\u00a0Selecione \u201cInscri\u00e7\u00e3o Sele\u00e7\u00e3o (aluno especial para a p\u00f3s-gradua\u00e7\u00e3o)&#8221;.<\/li>\n<\/ul>\n<p>NB: No caso de inscri\u00e7\u00e3o em mais de uma disciplina (o m\u00e1ximo s\u00e3o duas), dever\u00e1 ser entregue uma c\u00f3pia da documenta\u00e7\u00e3o para cada disciplina \u2013 exceto o comprovante de pagamento, do qual s\u00f3 deve ser anexada uma c\u00f3pia.<\/p>\n<p>&nbsp;<\/p>\n<h2><strong>Disciplina externa:\u00a0<\/strong><\/h2>\n<p>IPSC78 \u2013 T\u00f3picos Especiais em Psicologia VIII. Tema em 2016.2: A psicologia como a\u00a0ci\u00eancia do humano. Prof. Dr.\u00a0Luca Tateo.\u00a0Doutor em Psicologia da Comunica\u00e7\u00e3o pela Universidade de Bari (It\u00e1lia, 2005). Professor\u00a0associado do Departamento de Comunica\u00e7\u00e3o e Psicologia da Universidade de Aalborg\u00a0(Dinamarca). Possui experi\u00eancia nas \u00e1reas de Psicologia Social, Psicologia da Educa\u00e7\u00e3o e\u00a0Psicologia da Comunica\u00e7\u00e3o. Perfil de pesquisador:\u00a0<span id=\"OBJ_PREFIX_DWT325_com_zimbra_url\" class=\"Object\" style=\"color: #336699\"><a style=\"color: #1155cc\" href=\"http:\/\/vbn.aau.dk\/en\/luca@hum.aau.dk\" target=\"_blank\" rel=\"noopener\">http:\/\/vbn.aau.dk\/en\/luca@hum.aau.dk<\/a>.\u00a0<\/span><strong><em>Obs.: <\/em><\/strong>As aulas ser\u00e3o ministradas em portugu\u00eas, com uso de bibliografia em ingl\u00eas.\u00a0<strong>Ementa:<\/strong>\u00a0Esta disciplina explora temas e problemas atuais em Epistemologia da Psicologia. Nesse\u00a0sentido, partir\u00e1 da pergunta: &#8220;\u00c9 a psicologia uma ci\u00eancia?&#8221;, para discutir os seguintes temas: \u00a0a)\u00a0Cultura, signo e uma nova ci\u00eancia da psicologia;\u00a0b) media\u00e7\u00e3o semi\u00f3tica; c)\u00a0linguagem, mente e\u00a0cultura; d)\u00a0imagina\u00e7\u00e3o, reflex\u00e3o, afeto e a\u00e7\u00e3o.\u00a0<strong>Carga hor\u00e1ria e credita\u00e7\u00e3o:<\/strong>\u00a017 horas \u2013 1 cr\u00e9dito.\u00a0<strong>Datas e locais:<\/strong>\u00a008.10 (<span id=\"OBJ_PREFIX_DWT326_com_zimbra_date\" class=\"Object\" style=\"color: #336699\">s\u00e1bado<\/span>) &#8211; 9 \u00e0s 13h: sala 01 do PPGPSI.\u00a010.10 (<span id=\"OBJ_PREFIX_DWT327_com_zimbra_date\" class=\"Object\" style=\"color: #336699\">segunda<\/span>-feira) &#8211; 8 \u00e0s 12h e 14 \u00e0s 16h: sala grande da SUPAD;\u00a011.10 (<span id=\"OBJ_PREFIX_DWT328_com_zimbra_date\" class=\"Object\" style=\"color: #336699\">ter<\/span>\u00e7a-feira) &#8211; 8 \u00e0s 12h e 14 \u00e0s 16h: sala grande da SUPAD.\u00a0<strong>Vagas:<\/strong>\u00a015 para o PPGPSI, 05 para outros PPGs UFBA.\u00a0<strong>Pr\u00e9-inscri\u00e7\u00e3o:<\/strong>\u00a014 a 21 de setembro, atrav\u00e9s do formul\u00e1rio\u00a0<span id=\"OBJ_PREFIX_DWT329_com_zimbra_url\" class=\"Object\" style=\"color: #336699\"><a style=\"color: #336699\" href=\"https:\/\/goo.gl\/0aAeVz\" target=\"_blank\" rel=\"noopener\">https:\/\/goo.gl\/0aAeVz<\/a>. <\/span><strong>Informa\u00e7\u00f5es<\/strong>: Aline Santos, secretaria do PPGPSI &#8211; IPS &#8211; UFBA, tel. 71-32836442.<\/p>\n<h2 style=\"color: #000000\"><strong>Disciplinas internas:<\/strong><\/h2>\n<p>Hora e local: 14-18hs, em local a ser determinado, conforme o andamento das obras do espa\u00e7o do PPGF. [Em breve ser\u00e3o inseridos os planos de curso faltantes.]<\/p>\n<p><strong>2a-feira<\/strong><br \/>\nFCH637 &#8211; 4 cr\u00e9ditos &#8211; <span style=\"color: #993300\">Epistemologia Geral<\/span> <span style=\"color: #000000\">OP &#8211; Sala 04 do Pavilh\u00e3o Ra\u00fal Seixas &#8211;\u00a0Waldomiro Jos\u00e9 da Silva Filho &#8211; \u00a0<\/span><a href=\"http:\/\/blog.ufba.br\/posfilosofia\/files\/2014\/04\/Plano_de_curso_Epistemol_Geral_FCH637_Waldomiro_Filho_4_creditos.pdf\">Plano_de_curso_Epistemol_Geral_FCH637_Waldomiro_Filho_4_creditos<\/a><\/p>\n<p><strong>3a-feira<\/strong><br \/>\nFCH799 &#8211; 4 cr\u00e9ditos &#8211; <span style=\"color: #993300\">TEF Hermen\u00eautica\u00a0<span style=\"color: #000000\">&#8211;\u00a0<\/span><\/span><span style=\"color: #000000\">Sala 04 do Pavilh\u00e3o Ra\u00fal Seixas &#8211; Rafael\u00a0Lopes Azize &#8211;\u00a0<a href=\"http:\/\/blog.ufba.br\/posfilosofia\/files\/2014\/04\/Plano_de_curso_TEFHermeneutica_FCH799_Rafael_Azize_4_creditos.pdf\">Plano_de_curso_TEFHermeneutica_FCH799_Rafael_Azize_4_creditos<\/a><\/span><\/p>\n<p><strong>4a-feira<\/strong><br \/>\nFCH643 &#8211; 4 cr\u00e9ditos &#8211; <span style=\"color: #993300\">Filosofia Pol\u00edtica e Contemporaneidade<\/span> OP\u00a0&#8211; Sala 04 do Pavilh\u00e3o Ra\u00fal Seixas &#8211;\u00a0Jos\u00e9 Cris\u00f3stomo de Souza\u00a0&#8211;\u00a0<a href=\"http:\/\/blog.ufba.br\/posfilosofia\/files\/2014\/04\/Plano_de_curso_Fil_Pol_e_Contemporaneidade_FCH643_J_Crisostomo_4_creditos.pdf\">Plano_de_curso_Fil_Pol_e_Contemporaneidade_FCH643_J_Crisostomo_4_creditos<\/a><\/p>\n<p><strong>5a-feira<\/strong><br \/>\nFCHK69 &#8211; 2 cr\u00e9ditos &#8211; <span style=\"color: #993300\">T\u00f3picos Especiais de Filosofia da Linguagem I\u00a0&#8211; Sala 05 do Pavilh\u00e3o Ra\u00fal Seixas &#8211;\u00a0<\/span><span style=\"color: #000000\">Abel Lassalle Casanave (a partir de 1 de fevereiro) &#8211;\u00a0<\/span><a href=\"http:\/\/blog.ufba.br\/posfilosofia\/files\/2014\/04\/Plano_de_curso_Top_Esp_Fil_da_Ling_FCHK69_Abel_Casanave_2_creditos.pdf\">Plano_de_curso_Top_Esp_Fil_da_Ling_FCHK69_Abel_Casanave_2_creditos<\/a><\/p>\n<p>FCHK55 &#8211; 4 cr\u00e9ditos &#8211; <span style=\"color: #993300\">T\u00f3picos Especiais de Filosofia Pol\u00edtica I-\u00a0<\/span><span style=\"color: #000000\">Sala 04 do Pavilh\u00e3o Ra\u00fal Seixas &#8211;\u00a0<\/span>Juliana Ortegosa Aggio &#8211;\u00a0<a href=\"http:\/\/blog.ufba.br\/posfilosofia\/files\/2014\/04\/Plano_de_curso_Top_Esp_Fil_Pol_I_FCHK55_Juliana_Aggio_4_creditos.pdf\">Plano_de_curso_Top_Esp_Fil_Pol_I_FCHK55_Juliana_Aggio_4_creditos<\/a><\/p>\n<p><strong>6a-feira<\/strong><br \/>\nFCHK66 &#8211; 2 cr\u00e9ditos &#8211; <span style=\"color: #993300\">T\u00f3picos Especiais de Fenomenologia I\u00a0<\/span><span style=\"color: #000000\">&#8211; Carlota Maria Ibertis &#8211; Sala 05 do Pavilh\u00e3o Ra\u00fal Seixas (a partir de 1 de fevereiro) &#8211;\u00a0<\/span><a href=\"http:\/\/blog.ufba.br\/posfilosofia\/files\/2014\/04\/Plano_de_curso_Top_Esp_Fenomenologia_FCHK66_Carlota_Ibertis_2_creditos.pdf\">Plano_de_curso_Top_Esp_Fenomenologia_FCHK66_Carlota_Ibertis_2_creditos<\/a><\/p>\n<p>FCH646 &#8211; 4 cr\u00e9ditos &#8211; <span style=\"color: #993300\">Problemas Fenomenol\u00f3gicos e Hermen\u00eauticos OP<\/span>\u00a0&#8211;\u00a0<span style=\"color: #000000\">Sala 04 do Pavilh\u00e3o Ra\u00fal Seixas &#8211;\u00a0Louren\u00e7o Leite\u00a0[Plano de curso em breve neste local.]<\/span><\/p>\n<p><strong>S\u00e1bado<\/strong><br \/>\nFCHK60 &#8211; 2 cr\u00e9ditos &#8211; <span style=\"color: #993300\">T\u00f3picos Especiais de Filosofia da Linguagem II\u00a0<\/span>&#8211; <span style=\"color: #000000\">Jo\u00e3o Carlos Salles &#8211; Sala de Audiovisual, Pavilh\u00e3o Ra\u00fal Seixas, 10-12hs. &#8211;\u00a0<a href=\"http:\/\/blog.ufba.br\/posfilosofia\/files\/2014\/04\/Plano_de_curso_Top_Esp_Fil_Ling_FCHK60_JCSalles_2_creditos.pdf\">Plano_de_curso_Top_Esp_Fil_Ling_FCHK60_JCSalles_2_creditos<\/a><\/span><\/p>\n<p>&nbsp;<\/p>\n<h1><\/h1>\n<p>&nbsp;<\/p>\n","protected":false},"excerpt":{"rendered":"<p>2017.1 &nbsp; INSCRI\u00c7\u00d5ES PROCESSO SELETIVO ALUNOS ESPECIAIS 2017.1 PER\u00cdODO DE INSCRI\u00c7\u00d5ES: 11 e 12 de abril de 2017 HOR\u00c1RIO: Das 09:00 hs \u00e0s 13:00 Hs Local Inscri\u00e7\u00f5es: Secretaria do programa de P\u00f3s Gradua\u00e7\u00e3o em Filosofia da UFBA. Documenta\u00e7\u00e3o: F\u00f3rmul\u00e1rio de &hellip; <a href=\"https:\/\/blog.ufba.br\/posfilosofia\/oferta-de-disciplinas\/\">Continue lendo <span class=\"meta-nav\">&rarr;<\/span><\/a><\/p>\n","protected":false},"author":1,"featured_media":0,"parent":0,"menu_order":0,"comment_status":"closed","ping_status":"open","template":"","meta":{"_coblocks_attr":"","_coblocks_dimensions":"","_coblocks_responsive_height":"","_coblocks_accordion_ie_support":"","_themeisle_gutenberg_block_has_review":false,"footnotes":""},"class_list":["post-46","page","type-page","status-publish","hentry"],"_links":{"self":[{"href":"https:\/\/blog.ufba.br\/posfilosofia\/wp-json\/wp\/v2\/pages\/46"}],"collection":[{"href":"https:\/\/blog.ufba.br\/posfilosofia\/wp-json\/wp\/v2\/pages"}],"about":[{"href":"https:\/\/blog.ufba.br\/posfilosofia\/wp-json\/wp\/v2\/types\/page"}],"author":[{"embeddable":true,"href":"https:\/\/blog.ufba.br\/posfilosofia\/wp-json\/wp\/v2\/users\/1"}],"replies":[{"embeddable":true,"href":"https:\/\/blog.ufba.br\/posfilosofia\/wp-json\/wp\/v2\/comments?post=46"}],"version-history":[{"count":0,"href":"https:\/\/blog.ufba.br\/posfilosofia\/wp-json\/wp\/v2\/pages\/46\/revisions"}],"wp:attachment":[{"href":"https:\/\/blog.ufba.br\/posfilosofia\/wp-json\/wp\/v2\/media?parent=46"}],"curies":[{"name":"wp","href":"https:\/\/api.w.org\/{rel}","templated":true}]}}