{"id":22,"date":"2014-04-12T20:27:13","date_gmt":"2014-04-12T23:27:13","guid":{"rendered":"http:\/\/blog.ufba.br\/posfilosofia\/?page_id=22"},"modified":"2014-04-12T20:27:13","modified_gmt":"2014-04-12T23:27:13","slug":"estrutura-curricular","status":"publish","type":"page","link":"https:\/\/blog.ufba.br\/posfilosofia\/estrutura-curricular\/","title":{"rendered":"Estrutura curricular"},"content":{"rendered":"<p align=\"justify\">[Em constru\u00e7\u00e3o]<\/p>\n<p align=\"justify\">As disciplinas do Programa, obrigat\u00f3ria ou optativas, caracterizam-se, quanto ao conte\u00fado, por seu recurso \u00e0 tradi\u00e7\u00e3o filos\u00f3fica (que, neste sentido, comporta tamb\u00e9m autores contempor\u00e2neos) e pela relev\u00e2ncia contempor\u00e2nea de seus temas. Quanto \u00e0 metodologia, caracterizam-se por uma leitura vertical do texto filos\u00f3fico, desenvolvendo uma habilidade de argumenta\u00e7\u00e3o rigorosa. Este \u00e9, pois, o perfil das disciplinas oferecidas pelo curso, sendo esse perfil um crit\u00e9rio tamb\u00e9m para a convalida\u00e7\u00e3o de disciplinas cursadas fora do Mestrado em Filosofia. \u00c9 um objetivo curricular relativo \u00e0s disciplinas a garantia de oferta anual de disciplina obrigat\u00f3ria e de oferta semestral de disciplinas optativas ligadas \u00e0s linhas de pesquisa do Mestrado. \u00c9 um objetivo curricular relativo \u00e0s atividades o acompanhamento da elabora\u00e7\u00e3o da Disserta\u00e7\u00e3o para que atinja a qualidade desejada, em cumprimento aos objetivos gerais desta P\u00f3s-gradua\u00e7\u00e3o. Como a reflex\u00e3o filos\u00f3fica deve atingir um padr\u00e3o uniforme em nosso programa, os semin\u00e1rios de pesquisa ser\u00e3o comuns \u00e0s tr\u00eas linhas.<\/p>\n<p align=\"justify\">O aluno deve cumprir, pelo menos, 4 (quatro) cr\u00e9ditos em disciplina obrigat\u00f3ria, 2 (dois) cr\u00e9ditos em atividades obrigat\u00f3rias e 12 (doze) cr\u00e9ditos em disciplinas optativas, sendo destes pelo menos 4 (quatro) oferecidos pela linha a que se vincula sua pesquisa. Al\u00e9m disso, deve submeter-se a exame de qualifica\u00e7\u00e3o, que \u00e9 condi\u00e7\u00e3o para a Defesa Final de Disserta\u00e7\u00e3o.<\/p>\n<p align=\"justify\">Os professores permanentes e os participantes que dedicam mais de 30% de sua carga hor\u00e1ria ao Mestrado s\u00e3o co-respons\u00e1veis pela disciplina obrigat\u00f3ria e pelas atividades obrigat\u00f3rias, sendo a atribui\u00e7\u00e3o individual resultante de delibera\u00e7\u00e3o do Colegiado. De acordo com suas linhas de pesquisa, tais professores s\u00e3o co-respons\u00e1veis pelas optativas das linhas a que est\u00e3o vinculados, sendo a programa\u00e7\u00e3o semestral decidida pelo Colegiado, \u00e0 luz dos planos de curso apresentados, sempre preservando a especificidade filos\u00f3fica do Programa.<\/p>\n<table>\n<tbody>\n<tr>\n<td>Nome<\/td>\n<td>cr\u00e9ditos<\/td>\n<\/tr>\n<tr>\n<th colspan=\"2\">1. Disciplina Obrigat\u00f3ria<\/th>\n<\/tr>\n<tr>\n<td><a href=\"http:\/\/www.ppgf.ufba.br\/Problemas_de_Filosofia_Contemporanea.php\">Problemas de Filosofia Contempor\u00e2nea<\/a><\/td>\n<td>4<\/td>\n<\/tr>\n<tr>\n<th colspan=\"2\">2. Atividades Curriculares Obrigat\u00f3rias:<\/th>\n<\/tr>\n<tr>\n<td><a href=\"http:\/\/www.ppgf.ufba.br\/Seminario_de_Pesquisa_I.php\">(I) Semin\u00e1rio de Pesquisa I<\/a><\/td>\n<td>1<\/td>\n<\/tr>\n<tr>\n<td><a href=\"http:\/\/www.ppgf.ufba.br\/Seminario_de_Pesquisa_II.php\">Semin\u00e1rio de Pesquisa II<\/a><\/td>\n<td>1<\/td>\n<\/tr>\n<tr>\n<td><a href=\"http:\/\/www.ppgf.ufba.br\/Exame_de_Qualificacao.php\">Exame de Qualifica\u00e7\u00e3o<\/a><\/td>\n<td>0<\/td>\n<\/tr>\n<tr>\n<td><a href=\"http:\/\/www.ppgf.ufba.br\/Defesa_Final_de_Dissertacao.php\">(II) Defesa Final de Disserta\u00e7\u00e3o<\/a><\/td>\n<td>0<\/td>\n<\/tr>\n<tr>\n<th colspan=\"2\">3. Disciplinas Optativas<\/th>\n<\/tr>\n<tr>\n<th colspan=\"2\">3.1. Disciplinas Optativas da Linha &#8220;Epistemologia e Filosofia da Linguagem&#8221;<\/th>\n<\/tr>\n<tr>\n<td><a href=\"http:\/\/www.ppgf.ufba.br\/Epistemologia_Geral.php\">Epistemologia Geral<\/a><\/td>\n<td>4<\/td>\n<\/tr>\n<tr>\n<td><a href=\"http:\/\/www.ppgf.ufba.br\/Epistemologia_das_Ciencias_Humanas_I.php\">Epistemologia das Ci\u00eancias Humanas I<\/a><\/td>\n<td>4<\/td>\n<\/tr>\n<tr>\n<td><a href=\"http:\/\/www.ppgf.ufba.br\/Epistemologia_das_Ciencias_Humanas_II.php\">Epistemologia das Ci\u00eancias Humanas II<\/a><\/td>\n<td>4<\/td>\n<\/tr>\n<tr>\n<td><a href=\"http:\/\/www.ppgf.ufba.br\/Filosofia_da_Linguagem.php\">Filosofia da Linguagem<\/a><\/td>\n<td>4<\/td>\n<\/tr>\n<tr>\n<td><a href=\"http:\/\/www.ppgf.ufba.br\/Filosofia_da_Mente.php\">Filosofia da Mente<\/a><\/td>\n<td>4<\/td>\n<\/tr>\n<tr>\n<td><a href=\"http:\/\/www.ppgf.ufba.br\/Topicos_Especiais_de_Epistemologia.php\">T\u00f3picos Especiais de Epistemologia<\/a><\/td>\n<td>2 a 4<\/td>\n<\/tr>\n<tr>\n<td><a href=\"http:\/\/www.ppgf.ufba.br\/Topicos_Especiais_de_Filosofia_da_Linguagem.php\">T\u00f3picos Especiais de Filosofia da Linguagem<\/a><\/td>\n<td>2 a 4<\/td>\n<\/tr>\n<tr>\n<th colspan=\"2\">3.2. Disciplinas Optativas da Linha &#8220;Filosofia e Teoria Social&#8221;<\/th>\n<\/tr>\n<tr>\n<td><a href=\"http:\/\/www.ppgf.ufba.br\/Filosofia_Social.php\">Filosofia Social<\/a><\/td>\n<td>4<\/td>\n<\/tr>\n<tr>\n<td><a href=\"http:\/\/www.ppgf.ufba.br\/Filosofia_Politica_e_Contemporaneidade.php\">Filosofia Pol\u00edtica e Contemporaneidade<\/a><\/td>\n<td>4<\/td>\n<\/tr>\n<tr>\n<td><a href=\"http:\/\/www.ppgf.ufba.br\/Etica.php\">\u00c9tica<\/a><\/td>\n<td>4<\/td>\n<\/tr>\n<tr>\n<td><a href=\"http:\/\/www.ppgf.ufba.br\/Filosofia_da_Historia.php\">Filosofia da Hist\u00f3ria<\/a><\/td>\n<td>4<\/td>\n<\/tr>\n<tr>\n<td><a href=\"http:\/\/www.ppgf.ufba.br\/Topicos_Especiais_de_Filosofia_Social.php\">T\u00f3picos Especiais de Filosofia Social<\/a><\/td>\n<td>2 a 4<\/td>\n<\/tr>\n<tr>\n<td><a href=\"http:\/\/www.ppgf.ufba.br\/Topicos_Especiais_de_Filosofia_Politica.php\">T\u00f3picos Especiais de Filosofia Pol\u00edtica<\/a><\/td>\n<td>2 a 4<\/td>\n<\/tr>\n<tr>\n<th colspan=\"2\">3.3. Disciplinas Optativas da Linha &#8220;Problemas de Fenomenologia e Hermen\u00eautica&#8221;<\/th>\n<\/tr>\n<tr>\n<td><a href=\"http:\/\/www.ppgf.ufba.br\/Problemas_Fenomenologicos_e_Hermeneuticos.php\">Problemas Fenomenol\u00f3gicos e Hermen\u00eauticos<\/a><\/td>\n<td>4<\/td>\n<\/tr>\n<tr>\n<td><a href=\"http:\/\/www.ppgf.ufba.br\/Teorias_da_Sensibilidade.php\">Teorias da Sensibilidade<\/a><\/td>\n<td>4<\/td>\n<\/tr>\n<tr>\n<td><a href=\"http:\/\/www.ppgf.ufba.br\/Hermeneutica_Fenomenologica_e_Ciencias_Humanas.php\">Hermen\u00eautica Fenomenol\u00f3gica e Ci\u00eancias Humanas<\/a><\/td>\n<td>4<\/td>\n<\/tr>\n<tr>\n<td><a href=\"http:\/\/www.ppgf.ufba.br\/Topicos_Especiais_de_Fenomenologia.php\">T\u00f3picos Especiais de Fenomenologia<\/a><\/td>\n<td>2 a 4<\/td>\n<\/tr>\n<tr>\n<td><a href=\"http:\/\/www.ppgf.ufba.br\/Topicos_Especiais_de_Hermeneutica.php\">T\u00f3picos Especiais de Hermen\u00eautica<\/a><\/td>\n<td>2 a 4<\/td>\n<\/tr>\n<tr>\n<td><a href=\"http:\/\/www.ppgf.ufba.br\/Topicos_Especiais_de_Estetica.php\">T\u00f3picos Especiais de Est\u00e9tica<\/a><\/td>\n<td>2 a 4<\/td>\n<\/tr>\n<\/tbody>\n<\/table>\n","protected":false},"excerpt":{"rendered":"<p>[Em constru\u00e7\u00e3o] As disciplinas do Programa, obrigat\u00f3ria ou optativas, caracterizam-se, quanto ao conte\u00fado, por seu recurso \u00e0 tradi\u00e7\u00e3o filos\u00f3fica (que, neste sentido, comporta tamb\u00e9m autores contempor\u00e2neos) e pela relev\u00e2ncia contempor\u00e2nea de seus temas. Quanto \u00e0 metodologia, caracterizam-se por uma leitura &hellip; <a href=\"https:\/\/blog.ufba.br\/posfilosofia\/estrutura-curricular\/\">Continue lendo <span class=\"meta-nav\">&rarr;<\/span><\/a><\/p>\n","protected":false},"author":1,"featured_media":0,"parent":0,"menu_order":0,"comment_status":"closed","ping_status":"open","template":"","meta":{"_coblocks_attr":"","_coblocks_dimensions":"","_coblocks_responsive_height":"","_coblocks_accordion_ie_support":"","_themeisle_gutenberg_block_has_review":false,"footnotes":""},"class_list":["post-22","page","type-page","status-publish","hentry"],"_links":{"self":[{"href":"https:\/\/blog.ufba.br\/posfilosofia\/wp-json\/wp\/v2\/pages\/22"}],"collection":[{"href":"https:\/\/blog.ufba.br\/posfilosofia\/wp-json\/wp\/v2\/pages"}],"about":[{"href":"https:\/\/blog.ufba.br\/posfilosofia\/wp-json\/wp\/v2\/types\/page"}],"author":[{"embeddable":true,"href":"https:\/\/blog.ufba.br\/posfilosofia\/wp-json\/wp\/v2\/users\/1"}],"replies":[{"embeddable":true,"href":"https:\/\/blog.ufba.br\/posfilosofia\/wp-json\/wp\/v2\/comments?post=22"}],"version-history":[{"count":0,"href":"https:\/\/blog.ufba.br\/posfilosofia\/wp-json\/wp\/v2\/pages\/22\/revisions"}],"wp:attachment":[{"href":"https:\/\/blog.ufba.br\/posfilosofia\/wp-json\/wp\/v2\/media?parent=22"}],"curies":[{"name":"wp","href":"https:\/\/api.w.org\/{rel}","templated":true}]}}