{"id":218,"date":"2014-07-30T17:11:30","date_gmt":"2014-07-30T20:11:30","guid":{"rendered":"http:\/\/blog.ufba.br\/posfilosofia\/?page_id=218"},"modified":"2014-07-30T17:11:30","modified_gmt":"2014-07-30T20:11:30","slug":"seminarios-e-coloquios-do-ppgf-ufba","status":"publish","type":"page","link":"https:\/\/blog.ufba.br\/posfilosofia\/eventos\/seminarios-e-coloquios-do-ppgf-ufba\/","title":{"rendered":"Semin\u00e1rios, Col\u00f3quios, Encontros do PPGF"},"content":{"rendered":"<p>&nbsp;<\/p>\n<p>&nbsp;<\/p>\n<p><a href=\"http:\/\/blog.ufba.br\/posfilosofia\/files\/2014\/07\/2017-VI-International-Meeting-on-Skepticism.jpg\"><img loading=\"lazy\" decoding=\"async\" class=\"aligncenter size-large wp-image-1231\" src=\"http:\/\/blog.ufba.br\/posfilosofia\/files\/2014\/07\/2017-VI-International-Meeting-on-Skepticism-721x1024.jpg\" alt=\"2017 - VI International Meeting on Skepticism\" width=\"640\" height=\"908\" \/><\/a><\/p>\n<p>&nbsp;<\/p>\n<p>&nbsp;<\/p>\n<p><a href=\"http:\/\/blog.ufba.br\/posfilosofia\/files\/2014\/07\/2017.03-Knowledge-from-Falsehood.jpg\"><img loading=\"lazy\" decoding=\"async\" class=\"aligncenter size-large wp-image-1224\" src=\"http:\/\/blog.ufba.br\/posfilosofia\/files\/2014\/07\/2017.03-Knowledge-from-Falsehood-721x1024.jpg\" alt=\"2017.03 Knowledge from Falsehood\" width=\"640\" height=\"908\" \/><\/a><\/p>\n<p>&nbsp;<\/p>\n<table>\n<tbody>\n<tr>\n<td><span style=\"color: #993300\"><strong><em>I Semin\u00e1rio sobre Cr\u00edtica Cultural: Genealogia do Projeto Cr\u00edtico<\/em><\/strong><\/span>9 e 10 de mar\u00e7o de 2017, no Goethe Insitut &#8211; ICBA.Inscri\u00e7\u00f5es gratuitas no local. Maiores informa\u00e7\u00f5es:<a href=\"http:\/\/blog.ufba.br\/posfilosofia\/files\/2014\/04\/folder-seminario-sobre-critica-cultural.pdf\">folder-seminario-sobre-critica-cultural<\/a><\/p>\n<p>&nbsp;<\/td>\n<\/tr>\n<\/tbody>\n<\/table>\n<p>&nbsp;<\/p>\n<p><a href=\"http:\/\/blog.ufba.br\/posfilosofia\/files\/2014\/04\/mulheresefilosofia.jpeg\"><img loading=\"lazy\" decoding=\"async\" class=\"aligncenter size-large wp-image-1217\" src=\"http:\/\/blog.ufba.br\/posfilosofia\/files\/2014\/04\/mulheresefilosofia-982x1024.jpeg\" alt=\"mulheresefilosofia\" width=\"640\" height=\"667\" \/><\/a><\/p>\n<p><a href=\"http:\/\/blog.ufba.br\/posfilosofia\/files\/2014\/04\/A-cr\u00edtica-de-Marx-\u00e0-Economia-Pol\u00edtica-1.jpg\"><img loading=\"lazy\" decoding=\"async\" class=\"aligncenter size-large wp-image-1198\" src=\"http:\/\/blog.ufba.br\/posfilosofia\/files\/2014\/04\/A-cr\u00edtica-de-Marx-\u00e0-Economia-Pol\u00edtica-1-1024x723.jpg\" alt=\"A cr\u00edtica de Marx \u00e0 Economia Pol\u00edtica-1\" width=\"640\" height=\"451\" \/><\/a><\/p>\n<p><a href=\"http:\/\/blog.ufba.br\/posfilosofia\/files\/2014\/04\/2017.02.17-Cris\u00f3stomo-VS-Waldomiro.jpg\"><img loading=\"lazy\" decoding=\"async\" class=\"aligncenter size-large wp-image-1166\" src=\"http:\/\/blog.ufba.br\/posfilosofia\/files\/2014\/04\/2017.02.17-Cris\u00f3stomo-VS-Waldomiro-777x1024.jpg\" alt=\"2017.02.17 Cris\u00f3stomo VS Waldomiro\" width=\"640\" height=\"843\" \/><\/a><\/p>\n<p>&nbsp;<\/p>\n<p><a href=\"http:\/\/blog.ufba.br\/posfilosofia\/files\/2014\/04\/Introdu\u00e7\u00e3o-ao-Manual-de-Epicteto-cartaz.jpg\"><br \/>\n<\/a><\/p>\n<table>\n<tbody>\n<tr>\n<td><strong><span style=\"color: #993300\">\u00a0Col\u00f3quio Internacional &#8220;Fortune de la Philosophie Cart\u00e9sienne au Br\u00e9sil&#8221; &#8211; \u00a0<\/span><\/strong>24 a 25\/11\/2016, na\u00a0Universit\u00e9 Libre de Bruxelles (ULB), campus du Solbosch, avenue Paul H\u00e9ger 1050 &#8211; Bruxelas, B\u00e9lgica.\u00a0<strong>Comit\u00ea cient\u00edfico:\u00a0<\/strong>Arnaud Pelletier (ULB), Ethel Menezes Rocha (UFRJ), Marc Peeters (ULB), Marcos Andr\u00e9 Gleizer (UERJ), Mariana de Almeida Campos (UFBA), Pierre Guenancia (UB).\u00a0<strong>Comit\u00ea organizador:\u00a0<\/strong>Ethel Menezes Rocha (UFRJ), Jaime Derenne (ULB), Marc Peeters (ULB), Marcos Andr\u00e9 Gleizer (UERJ), Mariana de Almeida Campos (UFBA), Pierre Bonneels (ULB).\u00a0<strong>Promo\u00e7\u00e3o:<\/strong>\u00a0Groupe Belge Francophone d\u2019\u00c9tudes Cart\u00e9siennes, ULB, PPGF-UFBA, PPGFIL-UERJ, PPGLM-UFRJ, UCL, AUF, FNRS, CPHE.\u00a0Informa\u00e7\u00f5es:<strong>\u00a0<\/strong><a href=\"http:\/\/www.e-cartesiennes.be\/\">http:\/\/www.e-cartesiennes.be\/<\/a><\/td>\n<\/tr>\n<\/tbody>\n<\/table>\n<p>&nbsp;<\/p>\n<p>&nbsp;<\/p>\n<table>\n<tbody>\n<tr>\n<td><em>Mesa-redonda \u00a0<\/em><strong><span style=\"color: #993300\">Desigualdade de G\u00eanero e Filosofia<\/span><\/strong><strong><span style=\"color: #993300\">\u00a0\u00a0<\/span><\/strong>Carolina Ara\u00fajo (UFRJ), Juliana Aggio (UFBA), Ma\u00edra Kub\u00edk Mano (UFBA &#8211; mediadora). 24 de novembro, \u00e0s 9h, no Audit\u00f3rio do pavilh\u00e3o de aulas Raul Seixas. Promo\u00e7\u00e3o: PPGF e NEIM-UFBA<a href=\"http:\/\/blog.ufba.br\/posfilosofia\/files\/2014\/04\/Filosofia_e_Genero.jpg\"><img loading=\"lazy\" decoding=\"async\" class=\"aligncenter size-full wp-image-1087\" src=\"http:\/\/blog.ufba.br\/posfilosofia\/files\/2014\/04\/Filosofia_e_Genero.jpg\" alt=\"Filosofia_e_Genero\" width=\"800\" height=\"566\" \/><\/a><\/td>\n<\/tr>\n<\/tbody>\n<\/table>\n<p>&nbsp;<\/p>\n<p>&nbsp;<\/p>\n<table>\n<tbody>\n<tr>\n<td><span style=\"color: #333333\">Os\u00a0<\/span><span style=\"color: #993300\">Semin\u00e1rios de Filosofia<\/span><span style=\"color: #333333\">\u00a0acontecer\u00e3o nos dias 31\/10 e 01\/11.<\/span><a href=\"http:\/\/blog.ufba.br\/posfilosofia\/files\/2014\/04\/Caderno_de_Resumos-Seminario_de_Pesquisa_20161.docx\">Programa_e_Caderno_de_Resumos-Seminario_de_Pesquisa_20161<\/a><span style=\"color: #333333\">\u00a0Lembramos que \u00e9 importante o comparecimento de todos os discentes e docentes nos quatro turnos, para\u00a0que se fomente o debate amplo sobre o estado das pesquisas no PPGF.\u00a0<\/span><\/td>\n<\/tr>\n<\/tbody>\n<\/table>\n<p>&nbsp;<\/p>\n<p><a style=\"color: #ff4b33\" href=\"http:\/\/blog.ufba.br\/posfilosofia\/files\/2014\/04\/Cartaz_Mauro1.jpg\" target=\"_blank\" rel=\"noopener\"><img loading=\"lazy\" decoding=\"async\" class=\"aligncenter wp-image-1009 size-medium\" src=\"http:\/\/blog.ufba.br\/posfilosofia\/files\/2014\/04\/Cartaz_Mauro1-224x300.jpg\" alt=\"Cartaz_Mauro\" width=\"224\" height=\"300\" \/><\/a><\/p>\n<p><a style=\"color: #ff4b33\" href=\"http:\/\/blog.ufba.br\/posfilosofia\/files\/2014\/04\/Escola_sem_partido.jpg\" target=\"_blank\" rel=\"noopener\"><img loading=\"lazy\" decoding=\"async\" class=\"aligncenter wp-image-1004 size-medium\" src=\"http:\/\/blog.ufba.br\/posfilosofia\/files\/2014\/04\/Escola_sem_partido-300x202.jpg\" alt=\"Escola_sem_partido\" width=\"300\" height=\"202\" \/><\/a><\/p>\n<p><a href=\"http:\/\/blog.ufba.br\/posfilosofia\/files\/2014\/04\/Aula-Inaugural-2016.1-PPGA-UFBA.jpg\"><img loading=\"lazy\" decoding=\"async\" class=\"alignnone size-medium wp-image-949\" src=\"http:\/\/blog.ufba.br\/posfilosofia\/files\/2014\/04\/Aula-Inaugural-2016.1-PPGA-UFBA-300x192.jpg\" alt=\"Aula Inaugural 2016.1 PPGA UFBA\" width=\"300\" height=\"192\" \/><\/a><\/p>\n<p>&nbsp;<\/p>\n<p>&nbsp;<\/p>\n<table>\n<tbody>\n<tr>\n<td>SEMIN\u00c1RIO<strong><br \/>\n<\/strong><span style=\"color: #993300\"><em><strong>Foucault e a Antiguidade Greco-Romana<\/strong><\/em><\/span>Diocl\u00e9zio Domingos Faustino (Filosofia, USP\/FAPESP)Dias 5 e 12 de julho de 2016 das 14 \u00e0s 17:30, na sala principal do PPGF<strong>Foucault e os Antigos I (05\/07\/16)<\/strong><\/p>\n<ol>\n<li>Foucault \u2013 \u00a0notas introdut\u00f3rias aos seus escritos e \u00e0 sua filosofia: an\u00e1lise da Carta aberta de Marilena Chaui ao cardeal Dom Odilo Scherer<\/li>\n<li>Um diagn\u00f3stico da atualidade \u2013\u00a0 o biopoder e o \u201chomo oeconomicus\u201d: an\u00e1lise da Aula de 28 de Mar\u00e7o de 1979 de \u201cNascimento da biopol\u00edtica\u201d<\/li>\n<li>Cr\u00edtica da raz\u00e3o governamental moderna e estudos das subjetividades antigas<\/li>\n<\/ol>\n<p><strong>Foucault e os Antigos II (12\/07\/16)<\/strong><\/p>\n<ol>\n<li>As \u201crela\u00e7\u00f5es a si\u201d na antiguidade greco-romana<\/li>\n<li>Hist\u00f3ria da no\u00e7\u00e3o do \u201ccuidado de si\u201d: an\u00e1lise da Aula de 6 de Janeiro de 1982 de \u201cA Hermen\u00eautica do sujeito\u201d<\/li>\n<li>\u201cCuidado de si\u201d: no\u00e7\u00e3o para uma \u00e9tica foucaultiana?<\/li>\n<\/ol>\n<\/td>\n<\/tr>\n<\/tbody>\n<\/table>\n<p>&nbsp;<\/p>\n<p>&nbsp;<\/p>\n<p><strong><em>Evento<\/em><\/strong>: Roda de conversa sobre\u00a0<strong><em><strong><em><span style=\"color: #800000\">\u00a0Mulher e Filosofia<\/span><\/em><\/strong><\/em><\/strong>, dia 8 de mar\u00e7o, \u00e0s 14h, no audit\u00f3rio do pavilh\u00e3o Raul Seixas, com:<br \/>\nCarla Oliveira (Filosofia\/UFBA)<br \/>\nJuliana Aggio (Filosofia\/UFBA)<br \/>\nKarla Souza (Filosofia\/UFBA)<br \/>\nLaiz Fraga (Filosofia\/UFBA)<br \/>\nMa\u00edra Kub\u00edk (G\u00eanero e Feminismo\/UFBA)<br \/>\nOrganiza\u00e7\u00e3o: Profa Juliana Aggio<br \/>\nRealiza\u00e7\u00e3o: PET-Filosofia e PIBID-filosofia<br \/>\nApoio: PPGF\/UFBA<\/p>\n<p><a href=\"http:\/\/blog.ufba.br\/posfilosofia\/wp-content\/uploads\/sites\/65\/2014\/04\/MulherEFil1.jpg\"><img loading=\"lazy\" decoding=\"async\" class=\"alignnone size-medium wp-image-768\" src=\"http:\/\/blog.ufba.br\/posfilosofia\/wp-content\/uploads\/sites\/65\/2014\/04\/MulherEFil1-212x300.jpg\" alt=\"MulherEFil\" width=\"212\" height=\"300\" srcset=\"https:\/\/blog.ufba.br\/posfilosofia\/wp-content\/uploads\/sites\/65\/2014\/04\/MulherEFil1-212x300.jpg 212w, https:\/\/blog.ufba.br\/posfilosofia\/wp-content\/uploads\/sites\/65\/2014\/04\/MulherEFil1-724x1024.jpg 724w, https:\/\/blog.ufba.br\/posfilosofia\/wp-content\/uploads\/sites\/65\/2014\/04\/MulherEFil1-768x1087.jpg 768w, https:\/\/blog.ufba.br\/posfilosofia\/wp-content\/uploads\/sites\/65\/2014\/04\/MulherEFil1-1086x1536.jpg 1086w, https:\/\/blog.ufba.br\/posfilosofia\/wp-content\/uploads\/sites\/65\/2014\/04\/MulherEFil1-1447x2048.jpg 1447w, https:\/\/blog.ufba.br\/posfilosofia\/wp-content\/uploads\/sites\/65\/2014\/04\/MulherEFil1-scaled.jpg 1809w\" sizes=\"(max-width: 212px) 100vw, 212px\" \/><\/a><\/p>\n<p>&nbsp;<\/p>\n<p>&nbsp;<\/p>\n<p>&nbsp;<\/p>\n<p><strong><em>\u00a0Evento<\/em><\/strong><\/p>\n<p>&nbsp;<\/p>\n<p><a href=\"http:\/\/blog.ufba.br\/posfilosofia\/files\/2014\/04\/Cartaz-Debates-em-Epistemologia-Contepor%C3%A2nea.jpg\" target=\"_blank\" rel=\"noopener\"><img loading=\"lazy\" decoding=\"async\" class=\"alignnone wp-image-698 size-medium\" src=\"http:\/\/blog.ufba.br\/posfilosofia\/files\/2014\/04\/Cartaz-Debates-em-Epistemologia-Contepor%C3%A2nea-212x300.jpg\" alt=\"Cartaz - Debates em Epistemologia Contepor\u00e2nea\" width=\"212\" height=\"300\" \/><\/a><\/p>\n<p>Programa\u00e7\u00e3o:\u00a0<a href=\"http:\/\/www.investigacoesfilosoficas.com\/seminario-debates-em-epistemologia-contemporanea\/\" target=\"_blank\" rel=\"noopener\">http:\/\/www.investigacoesfilosoficas.com\/seminario-debates-em-epistemologia-contemporanea\/<\/a><\/p>\n<p>&nbsp;<\/p>\n<p style=\"color: #333333\"><strong>Evento<\/strong>:<\/p>\n<p style=\"margin: 0px 0px 6px;color: #141823;font-family: helvetica,arial,sans-serif;font-size: 14px;line-height: 19.32px\"><strong>VII COL\u00d3QUIO EMPIRISMO, FENOMENOLOGIA E GRAM\u00c1TICA<\/strong><br \/>\n<span style=\"color: #000080\"><strong>Conhecimento e Virtude<\/strong><\/span><\/p>\n<p style=\"margin: 6px 0px;color: #141823;font-family: helvetica,arial,sans-serif;font-size: 14px;line-height: 19.32px\">Audit\u00f3rio da FFCH-UFBA, no Pavilh\u00e3o Raul Seixas, em S\u00e3o L\u00e1zaro.<\/p>\n<p style=\"margin: 0px 0px 6px\">PROGRAMA\u00c7\u00c3O<\/p>\n<p style=\"margin: 6px 0px\">DIA 09\/12 \u2013 Quarta-feira<\/p>\n<p style=\"margin: 6px 0px\">(09:30) Apresenta\u00e7\u00e3o do Col\u00f3quio, por Jo\u00e3o Carlos Salles<br \/>\n(10:00) Confer\u00eancia de abertura, por Ernest Sosa<br \/>\n(12:00) Intervalo<br \/>\n(14:00) &#8220;Notas sobre a moral em Descartes e Bergson&#8221;, por Geovana Monteiro<br \/>\n(14:30) &#8220;O problema de Gettier \u00e9 pr\u00e9-moderno &#8220;, por Bruna Frascolla Bloise<br \/>\n(15:00) &#8220;Linguagem e ju\u00edzo moral em David Hume&#8221;, por Cainan Freitas de Jesus<br \/>\n(15:30) &#8220;Sobre a Necessidade nos assuntos morais&#8221;, por Thiago Wesley Silva e Silva<br \/>\n(16:00) &#8220;A virtude pol\u00edtica como elemento emancipat\u00f3rio&#8221;, por Ant\u00f4nio M\u00e1rio Dantas Bastos Filhos<\/p>\n<p style=\"margin: 6px 0px\">DIA 10\/12 \u2013 Quinta-feira<\/p>\n<p style=\"margin: 6px 0px\">(10:00) Confer\u00eancia, por David Sosa<br \/>\n(12:00) Intervalo<br \/>\n(14:00) &#8220;O fim da justifica\u00e7\u00e3o&#8221;, por Wagner Teles de Oliveira<br \/>\n(14:30) &#8220;Considera\u00e7\u00f5es sobre a no\u00e7\u00e3o de exemplo em Wittgenstein&#8221;, por Andr\u00e9 de Jesus Nascimento<br \/>\n(15:00) &#8220;M\u00e9todo de proje\u00e7\u00e3o no Tractatus de Wittgenstein: algumas notas&#8221;, por Thiago Andrade Ferreira D\u00f3ria<br \/>\n(15:30) &#8220;Sobre o conhecimento: considera\u00e7\u00f5es \u00e0 luz dos escritos reunidos no Da Certeza de Wittgenstein&#8221;, por Cristiane Silva Villa Flor<br \/>\n(16:00) &#8220;Met\u00e1fora: a base cognitiva e experiencialista da linguagem&#8221;, por Cristiane Fernandes<br \/>\n(16:30) &#8220;O Autor na perspectiva de Michel Foucault&#8221;, por Ygor Borba<\/p>\n<p style=\"color: #333333\">OBSERVA\u00c7\u00c3O: O evento \u00e9 aberto ao p\u00fablico, sem necessidade de inscri\u00e7\u00e3o<\/p>\n<p style=\"color: #333333\"><a href=\"http:\/\/blog.ufba.br\/posfilosofia\/files\/2014\/04\/Conhecimento_e_Virtudes.jpg\"><img loading=\"lazy\" decoding=\"async\" class=\"alignnone size-medium wp-image-685\" src=\"http:\/\/blog.ufba.br\/posfilosofia\/files\/2014\/04\/Conhecimento_e_Virtudes-211x300.jpg\" alt=\"Conhecimento_e_Virtudes\" width=\"211\" height=\"300\" \/><\/a><\/p>\n<div><\/div>\n<div>\n<p><span style=\"color: #993300\"><strong><em>Evento<\/em><\/strong><\/span>:\u00a0<em><span style=\"font-size: 14pt;color: windowtext\">II ENCONTRO DE FILOSOFIA DA BAHIA &#8211; EFIBA<br \/>\n<\/span><\/em><\/p>\n<\/div>\n<div><span style=\"color: #000000;font-family: arial,helvetica,sans-serif;font-size: 12px;text-align: justify\">O\u00a0II Encontro de Filosofia da Bahia\u00a0(II EFIBA) chega \u00e0 Universidade Federal da Bahia desta vez e com o entusiasmo pr\u00f3prio \u00e0 bela cidade de Salvador. Pretendemos receber muitos estudantes, professores e pesquisadores de diversas regi\u00f5es do pa\u00eds e do mundo. O I EFIBA foi realizado no ano passado, em Feira de Santana, na UEFS. A import\u00e2ncia do evento \u00e9 evidente diante da atual conjuntura em que n\u00e3o h\u00e1 nenhum Encontro de Filosofia da Bahia com tal proposta e com os objetivos que ele se prop\u00f5e alcan\u00e7ar. Sem contar com os Institutos Federais e as Universidades privadas, a Bahia abriga seis Universidades p\u00fablicas que possuem curso de Filosofia: UFBA, UFRB, UESB, UESC, UNEB e UEFS. E s\u00e3o essas seis universidades que organizam os EFIBAs. A finalidade desses encontros \u00e9 promover a excel\u00eancia e o rigor das atividades filos\u00f3ficas na Bahia.\u00a0<\/span><\/div>\n<div><span style=\"color: #000000;font-family: arial,helvetica,sans-serif;font-size: 12px;text-align: justify\">\u00a0<\/span><\/div>\n<div><span style=\"color: #000000;font-family: arial,helvetica,sans-serif;font-size: 12px;text-align: justify\">Vejam a bel\u00edssima programa\u00e7\u00e3o no site\u00a0<\/span><span style=\"color: #000000;font-family: arial,helvetica,sans-serif;font-size: 12px;text-align: justify\"><a href=\"http:\/\/www.efiba.ufba.br\" target=\"_blank\" rel=\"noopener\">www.efiba.ufba.br<\/a><\/span><span style=\"color: #000000;font-family: arial,helvetica,sans-serif;font-size: 12px;text-align: justify\">.<\/span><\/div>\n<div><span style=\"color: #000000;font-family: arial,helvetica,sans-serif;font-size: 12px;text-align: justify\">\u00a0<\/span><\/div>\n<div style=\"text-align: justify\"><span style=\"color: #000000;font-family: arial,helvetica,sans-serif\"><span style=\"font-size: 12px\">Inscrevam-se pelo site para obter certificado com a sua participa\u00e7\u00e3o no EFIBA. A inscri\u00e7\u00e3o \u00e9 gratuita.<\/span><\/span><\/div>\n<div style=\"text-align: justify\"><span style=\"color: #000000;font-family: arial,helvetica,sans-serif\"><span style=\"font-size: 12px\">\u00a0<\/span><\/span><\/div>\n<div style=\"text-align: justify\"><span style=\"color: #000000;font-family: arial,helvetica,sans-serif\"><span style=\"font-size: 12px\">Submetam os resumos para fazer comunica\u00e7\u00e3o tamb\u00e9m pelo site\u00a0<\/span><\/span><span style=\"color: #000000;font-family: arial,helvetica,sans-serif;font-size: 12px\"><a href=\"http:\/\/www.efiba.ufba.br\" target=\"_blank\" rel=\"noopener\">www.efiba.ufba.br<\/a>.<\/span><span style=\"color: #000000;font-family: arial,helvetica,sans-serif;font-size: 12px\"><br \/>\n<\/span><\/div>\n<p>&nbsp;<\/p>\n<p><strong><em>Evento:<\/em><\/strong><\/p>\n<div style=\"color: #222222\">\n<div>\n<div>\n<div>\n<div>\n<p><b>X Col\u00f3quio Nacional \/ VII Col\u00f3quio Internacional Wittgenstein &#8211; UNICAMP<br \/>\n<\/b><\/p>\n<\/div>\n<p>Tema desta edi\u00e7\u00e3o: &#8220;Wittgenstein &#8211; conhecimento e ceticismo&#8221;<\/p>\n<\/div>\n<p>14-16 de outubro de 2015<\/p>\n<\/div>\n<p>Informa\u00e7\u00f5es \/ Informations :<\/p>\n<\/div>\n<p><a href=\"https:\/\/sites.google.com\/site\/unicampcoloquiowittgenstein\/home\" target=\"_blank\" rel=\"noopener\">https:\/\/sites.google.com\/site\/unicampcoloquiowittgenstein\/home<\/a><\/p>\n<\/div>\n<div style=\"color: #222222\"><span style=\"color: #000000\"><span style=\"font-family: arial,sans-serif;font-size: small\">E-mail: coloquiowittgenstein@gmail.com<\/span><\/span><span style=\"color: #000000;font-family: arial,sans-serif;font-size: small\"><br \/>\n<\/span><\/div>\n<div style=\"color: #222222\"><\/div>\n<p><em><strong>Evento:\u00a0<\/strong><\/em><span style=\"color: #000000\">O\u00a0<\/span><em style=\"color: #000000\">VII Col\u00f3quio Internacional Schopenhauer<\/em><span style=\"color: #000000\">\u00a0ocorrer\u00e1 na UFBA\u00a0entre 26 e 30 de outubro. Informa\u00e7\u00f5es e Inscri\u00e7\u00f5es:\u00a0<\/span><a style=\"color: #1155cc\" href=\"http:\/\/mfvufba.wix.com\/mfvufba#!eventos\/c24vq\" target=\"_blank\" rel=\"noopener\">http:\/\/mfvufba.wix.com\/mfvufba#!eventos\/c24vq<\/a><\/p>\n<p><em><strong>Evento:<\/strong><\/em><\/p>\n<p><span style=\"color: #333333\">O II Encontro de Filosofia da Bahia acontece no campus de Ondina, de 22 a 25 de setembro. O programa est\u00e1 em\u00a0<\/span><a href=\"http:\/\/www.efiba.ufba.br\/\" target=\"_blank\" rel=\"noopener\">www.efiba.ufba.br<\/a><\/p>\n<p>&nbsp;<\/p>\n<p><em><strong>Evento:<\/strong><\/em><\/p>\n<h1 class=\"entry-title\">Colloquium Judgment and Agency<\/h1>\n<p>Nos dias 16 e 17 de Julho de 2015 ocorrer\u00e1 na Universidade Federal da Bahia um Book Symposium sobre o livro <em>Judgment and Agency<\/em>, de Ernest Sosa. Os palestrantes ir\u00e3o comentar as ideias do livro de Sosa para em seguida receberem uma resposta do mesmo.<\/p>\n<p>Mais informa\u00e7\u00f5es sobre o evento: <a href=\"http:\/\/www.investigacoesfilosoficas.com\/colloquium-judgment-and-agency\/\" target=\"_blank\" rel=\"noopener\">http:\/\/www.investigacoesfilosoficas.com\/colloquium-judgment-and-agency\/<\/a><\/p>\n<p>&nbsp;<\/p>\n<p><span style=\"color: #003366\"><em><strong>Evento<\/strong><\/em><\/span>:\u00a0 O Prof. Dr. Pedro Le\u00e3o da Costa Neto ministrar\u00e1 o minicurso intitulado &#8220;Alguns Aspectos Metodol\u00f3gicos da Hist\u00f3ria do Marxismo no S\u00e9culo XX&#8221;, nos dias 13 e 14\/11, das 9 \u00e0s 12 horas, no PPG em Filosofia da UFBA. Informa\u00e7\u00f5es por e-mail com o prof. Mauro Castelo Branco de Moura.<\/p>\n<p>&nbsp;<\/p>\n<p><span style=\"color: #000000\"><strong><em>Evento<\/em><\/strong><\/span><strong><em>: <\/em><\/strong>Encontro Internacional de Filosofia Pol\u00edtica. Informa\u00e7\u00f5es aqui: <a title=\"Encontro Internacional de Filosofia Pol\u00edtica\" href=\"https:\/\/www.ufba.br\/noticias\/ppg-filosofia-promove-encontro-internacional-de-filosofia-pol%C3%ADtica\">https:\/\/www.ufba.br\/noticias\/ppg-filosofia-promove-encontro-internacional-de-filosofia-pol%C3%ADtica<\/a><\/p>\n<p>&nbsp;<\/p>\n<p><span style=\"color: #333399\"><em><strong>Evento<\/strong><\/em><\/span>: IX Col\u00f3quio Nacional \/ VI Col\u00f3quio Internacional Wittgenstein<\/p>\n<p>Local e hora: 25-27 de Setembro de 2014<\/p>\n<p><a title=\"IX Col\u00f3quio Nacional \/ VI Col\u00f3quio Internacional Wittgenstein\" href=\"http:\/\/sites.google.com\/site\/wittgensteincoloquiounicamp\/\" target=\"_blank\" rel=\"noopener\">https:\/\/sites.google.com\/site\/wittgensteincoloquiounicamp\/<\/a><\/p>\n<p>&nbsp;<\/p>\n<p><span style=\"color: #333399\"><em><strong>Evento<\/strong><\/em><\/span>: Encontro de Filosofia da Bahia.<\/p>\n<p>Data: 23-25 de setembro de 2014. Local: UEFS.<\/p>\n<div><\/div>\n<div><span style=\"color: #000000;font-family: arial,helvetica,sans-serif;text-align: justify\">O EFIBA ambiciona ser uma janela de produ\u00e7\u00e3o cient\u00edfica do Estado, no \u00e2mbito filos\u00f3fico, aberta ao Brasil e a outros pa\u00edses, a ser realizada anualmente. N\u00e3o \u00e9 apenas uma oportunidade de reunir a pesquisa filos\u00f3fica produzida na Bahia, de trocar experi\u00eancias e conhecimentos, de fazer interc\u00e2mbios da produ\u00e7\u00e3o: \u00e9 tamb\u00e9m uma oportunidade para levar os resultados destas atividades para fora do Estado. A import\u00e2ncia do evento se concretiza porque, atualmente, n\u00e3o h\u00e1 nenhum Encontro de Filosofia da Bahia com tal proposta e com os objetivos que ele se prop\u00f5e alcan\u00e7ar. Sem contar com os Institutos Federais e as Universidades privadas, a Bahia abriga seis Universidades p\u00fablicas que possuem o curso de Filosofia em seus curr\u00edculos: UFBA, UFRB, UESB, UESC, UNEB e UEFS. Al\u00e9m da import\u00e2ncia dada ao Estado da Bahia, o Encontro \u00e9 tamb\u00e9m fundamental para estreitar as rela\u00e7\u00f5es acad\u00eamico-institucionais entre a Bahia e os demais centros de pesquisa e ensino de Filosofia, especialmente os Programas de P\u00f3s-gradua\u00e7\u00e3o do Brasil e de outros pa\u00edses.<\/span><\/div>\n<div><\/div>\n<div>site: <span id=\"OBJ_PREFIX_DWT1730_com_zimbra_url\" class=\"Object\"><a href=\"http:\/\/www.efiba.ufba.br\" target=\"_blank\" rel=\"noopener\">www.efiba.ufba.br<\/a><\/span><\/div>\n<div><\/div>\n<div>fanpage:\u00a0<span id=\"OBJ_PREFIX_DWT1731_com_zimbra_url\" class=\"Object\"><a href=\"https:\/\/www.facebook.com\/iefiba?notif_t=fbpage_fan_invite\" target=\"_blank\" rel=\"noopener\">https:\/\/www.facebook.com\/iefiba?notif_t=fbpage_fan_invite<\/a><\/span><\/div>\n<div><\/div>\n<p><span style=\"color: #333399\"><em><strong>Evento<\/strong><\/em><\/span>: Encontro de Estudos Multidisciplinares em Cultura.<\/p>\n<p>Data: 23-25 de setembro de 2014.<\/p>\n<p>http:\/\/www.cult.ufba.br\/enecult\/<\/p>\n<p>&nbsp;<\/p>\n<p>&nbsp;<\/p>\n<p><span style=\"color: #000000\"><strong><em>Evento<\/em><\/strong><\/span><strong><em>: <\/em><\/strong>Semin\u00e1rio de Pesquisa da P\u00f3s-Gradua\u00e7\u00e3o em Filosofia da UFBA \u2013\u00a0 3-5\/dez\/2014. NB: As aulas ser\u00e3o suspensas para que todos possam comparecer. <span style=\"color: #666666\">Informa\u00e7\u00f5es: representacaoestudantil.ppgf@gmail.com. <\/span><\/p>\n<p>Programa\u00e7\u00e3o e anexo com Resumos:<\/p>\n<p><a href=\"http:\/\/blog.ufba.br\/posfilosofia\/files\/2014\/07\/Caderno-de-Resumos-2014-2.pdf\">Caderno de Resumos 2014-2<\/a> ; <a href=\"http:\/\/blog.ufba.br\/posfilosofia\/files\/2014\/07\/Resumo-Cristina-Jalil.docx\">Resumo &#8211; Cristina Jalil<\/a> ; <a href=\"http:\/\/blog.ufba.br\/posfilosofia\/files\/2014\/07\/Resumo-Karla-Cristhina-Soares-Sousa.docx\">Resumo &#8211; Karla Cristhina Soares Sousa<\/a><\/p>\n<p>&nbsp;<\/p>\n<p>&nbsp;<\/p>\n<p><span style=\"color: #000000\"><strong><em>Evento<\/em><\/strong><\/span><strong><em>: <\/em><\/strong>Semin\u00e1rios da P\u00f3s-Gradua\u00e7\u00e3o em Filosofia da UFBA \u2013\u00a0 30\/jul-1\/ago\/2014. NB: As aulas ser\u00e3o suspensas para que todos possam comparecer. <span style=\"color: #666666\">Informa\u00e7\u00f5es: representante estudantil Pedro Neto (pedrosrneto@gmail.com). <\/span>Programa\u00e7\u00e3o<strong><em> <a href=\"http:\/\/blog.ufba.br\/posfilosofia\/wp-content\/uploads\/sites\/65\/2014\/04\/aqui.docx\">aqui<\/a><br \/>\n<\/em><\/strong><\/p>\n<p><a href=\"http:\/\/blog.ufba.br\/posfilosofia\/files\/2014\/04\/Semin%C3%A1rios-de-Filosofia-PPGF-2014-Caderno-de-Resumos.pdf\">Semin\u00e1rios de Filosofia PPGF 2014 \u2013 Caderno de Resumos<\/a><\/p>\n<p>&nbsp;<\/p>\n","protected":false},"excerpt":{"rendered":"<p>&nbsp; &nbsp; &nbsp; &nbsp; &nbsp; I Semin\u00e1rio sobre Cr\u00edtica Cultural: Genealogia do Projeto Cr\u00edtico9 e 10 de mar\u00e7o de 2017, no Goethe Insitut &#8211; ICBA.Inscri\u00e7\u00f5es gratuitas no local. Maiores informa\u00e7\u00f5es:folder-seminario-sobre-critica-cultural &nbsp; &nbsp; &nbsp; \u00a0Col\u00f3quio Internacional &#8220;Fortune de la Philosophie Cart\u00e9sienne &hellip; <a href=\"https:\/\/blog.ufba.br\/posfilosofia\/eventos\/seminarios-e-coloquios-do-ppgf-ufba\/\">Continue lendo <span class=\"meta-nav\">&rarr;<\/span><\/a><\/p>\n","protected":false},"author":1,"featured_media":0,"parent":91,"menu_order":2,"comment_status":"closed","ping_status":"open","template":"","meta":{"_coblocks_attr":"","_coblocks_dimensions":"","_coblocks_responsive_height":"","_coblocks_accordion_ie_support":"","_themeisle_gutenberg_block_has_review":false,"footnotes":""},"class_list":["post-218","page","type-page","status-publish","hentry"],"_links":{"self":[{"href":"https:\/\/blog.ufba.br\/posfilosofia\/wp-json\/wp\/v2\/pages\/218"}],"collection":[{"href":"https:\/\/blog.ufba.br\/posfilosofia\/wp-json\/wp\/v2\/pages"}],"about":[{"href":"https:\/\/blog.ufba.br\/posfilosofia\/wp-json\/wp\/v2\/types\/page"}],"author":[{"embeddable":true,"href":"https:\/\/blog.ufba.br\/posfilosofia\/wp-json\/wp\/v2\/users\/1"}],"replies":[{"embeddable":true,"href":"https:\/\/blog.ufba.br\/posfilosofia\/wp-json\/wp\/v2\/comments?post=218"}],"version-history":[{"count":0,"href":"https:\/\/blog.ufba.br\/posfilosofia\/wp-json\/wp\/v2\/pages\/218\/revisions"}],"up":[{"embeddable":true,"href":"https:\/\/blog.ufba.br\/posfilosofia\/wp-json\/wp\/v2\/pages\/91"}],"wp:attachment":[{"href":"https:\/\/blog.ufba.br\/posfilosofia\/wp-json\/wp\/v2\/media?parent=218"}],"curies":[{"name":"wp","href":"https:\/\/api.w.org\/{rel}","templated":true}]}}