{"id":209,"date":"2014-07-30T15:49:24","date_gmt":"2014-07-30T18:49:24","guid":{"rendered":"http:\/\/blog.ufba.br\/posfilosofia\/?page_id=209"},"modified":"2014-07-30T15:49:24","modified_gmt":"2014-07-30T18:49:24","slug":"defesas","status":"publish","type":"page","link":"https:\/\/blog.ufba.br\/posfilosofia\/defesas\/","title":{"rendered":"Defesas"},"content":{"rendered":"<p>[Em constru\u00e7\u00e3o]<\/p>\n<p>NB: Ao contr\u00e1rio da coluna fixa &#8220;Defesas&#8221;, nesta p\u00e1gina as defesas est\u00e3o em ordem cronol\u00f3gica decrescente, da mais recente para a menos recente.<\/p>\n<p>&nbsp;<\/p>\n<p class=\"m_-7192063984779995957MsoNoSpacing\"><span>Banca de defesa da\u00a0disserta\u00e7\u00e3o de mestrado de Maximiliano Villa Munoz, intitulada\u00a0<i>A caminho de Ser e tempo<\/i>: <em>a virada hermen\u00eautica da fenomenologia<\/em>. Dia 19\/05 as 13:30 h, na sala da congrega\u00e7\u00e3o da FFCH.<\/span><span style=\"text-decoration: underline\">\u00a0<\/span><span style=\"color: #222222\">BANCA EXAMINADORA: Acylene Maria Cabral Ferreira (Orientadora \u2013 UFBA), Thiago Aquino (UFPE),Vin\u00edcius dos Santos (UFBA).<\/span><\/p>\n<p>&nbsp;<\/p>\n<p>Banca de defesa da tese de Denise Magalh\u00e3es da Costa, intitulada &#8220;O nexo ontol\u00f3gico entre a corporeidade e si-mesmo em Heidegger&#8221;, em 14\/03\/2017 \u00e0s 13:30hs na sala da Congrega\u00e7\u00e3o da FFCH, com banca composta por Acylene Maria Cabral Ferreira (Orientadora \u2013 UFBA), Gilvan Luiz Fogel (UFRJ), Carlos Roberto Drawin (UFMG\/FAJE), Gilfranco Lucena dos Santos (UFPB) e Vin\u00edcius dos Santos (UFBA).<\/p>\n<p>Banca de defesa da disserta\u00e7\u00e3o de Ant\u00f4nio Mario Dantas Bastos Filho, intitulada &#8221; Liberdade Republicana e Cidadania Contestat\u00f3ria&#8221;, em 08\/03\/2017 \u00e0s 14:30hs em local a confirmar, com banca composta por Wendel Antunes Cintra (membro externo, Depto. de Ci\u00eancia Pol\u00edtica &#8211; UFBA), Juliana Ortegosa Aggio (membro interno, UFBA) e Daniel Tourinho Peres (orientador, UFBA).<\/p>\n<p>Defesa da disserta\u00e7\u00e3o de Pedro Lino de Carvalho J\u00fanior, \u201cDireito e imagina\u00e7\u00e3o institucional\u201d, em 06\/02\/2017, \u00e0s 14h em local a confirmar na FFCH-UFBA, com banca composta por Carlos S\u00e1vio Gomes Teixeira (membro externo, Ci\u00eancia Pol\u00edtica &#8211; UFF), Luciano Dorea Martinez Carreiro (membro externo, Direito &#8211; UFBA), Mauro Castelo Branco de Moura (membro interno, UFBA), Genildo Ferreira da Silva (membro interno, UFBA) e Jos\u00e9 Cris\u00f3stomo de Souza (UFBA &#8211; orientador)<\/p>\n<p>Defesa da disserta\u00e7\u00e3o de David Velanes de Ara\u00fajo, &#8220;A No\u00e7\u00e3o de Ruptura Epistemol\u00f3gica no Pensamento de Gaston Bachelard&#8221;, em 1\/2\/2017 \u00e0s 14:30hs em local a determinar, com banca composta por Marly Bulc\u00e3o (UERJ &#8211; membro externo), Olival Freire Junior (UFBA) e Elyana Barbosa (UFBA &#8211; orientadora).<\/p>\n<p>Defesa da disserta\u00e7\u00e3o de Jorge Leandro Short Fontes, &#8220;A medida do absurdo&#8221;, em 21\/12\/2016, na sala 04 do Pavilh\u00e3o de Aulas Ra\u00fal Seixas da FFCH, com banca composta por Giorgio Borghi (membro extero, UCSal), Jos\u00e9 Ant\u00f4nio Saja Ramos Neves (membro interno UFBA) e Jos\u00e9 Louren\u00e7o Ara\u00fajo Leite (UFBA, orientador).<\/p>\n<p>&nbsp;<\/p>\n<p>Defesa da disserta\u00e7\u00e3o de Diego Moraes Guimar\u00e3es, &#8220;Foucault e Freud: acerca da sexualidade em discurso nos &#8216;Tr\u00eas Ensaios de Teoria Sexual'&#8221;, em 19\/12\/16, \u00e0s 14h, na sala de Audiovisual, t\u00e9rreo da Biblioteca da FFCH, com banca composta por Suely Aires Pontes (membro externo, UFRB), Malcom Guimar\u00e3es Ribeiro (membro externo, UEFS) e Rafael Lopes Azize (coordenador do PPGF, representando Carlota Mar\u00eda Ibertis, orientadora).<\/p>\n<p>Defesa da disserta\u00e7\u00e3o de V\u00edvian Val Monteiro, &#8220;A percep\u00e7\u00e3o do mito em Arist\u00f3teles: um estudo sobre o aprendizado proporcionado ao espectador\/ouvinte da mimesis po\u00e9tica&#8221;, em 15\/12\/16, \u00e0s 14h, na sala de V\u00eddeo-confer\u00eancia do Pavilh\u00e3o Ra\u00fal Seixas, com banca composta por Roberto Bolzani Filho (membro externo, USP), Fernando Rey Puente (membro externo, UFMG) e Juliana Ortegosa Aggio (orientadora &#8211; UFBA).<br \/>\nDefesa da disserta\u00e7\u00e3o de Cristina Moreira Jalil, &#8220;Os sentidos da exist\u00eancia a partir de &#8220;O ser e o nada&#8221; de Sartre&#8221;, em 10\/12\/2016, \u00e0s 10:00hs na Sala da Congrega\u00e7\u00e3o da FFCH (Pavilh\u00e3o Ra\u00fal Seixas), com banca composta por Thana Mara de Souza (UFES), Andr\u00e9 Constantino Yazbek (UFF), Rafael Lopes Azize (UFBA &#8211; orientador), Malcom Guimar\u00e3es Rodrigues (UEFS &#8211; co-orientador).<\/p>\n<p>Defesa da disserta\u00e7\u00e3o de Paulo Deimison Brito dos Santos, &#8220;Riso e arte c\u00f4mica em Bergson&#8221;, em 02\/12\/16 \u00e0s 10hs em local a confirmar, com banca composta por: Geovana Monteiro (UFRB &#8211; membro externo), Jos\u00e9 Ant\u00f4nio Saja (UFBA) e S\u00edlvia Faustino de Assis Saes (UFBA &#8211; orientadora).<\/p>\n<p>Defesa da tese de Jos\u00e9 Jo\u00e3o Neves Barbosa Vicente, &#8220;Rousseau e Arendt: cr\u00edticos da representa\u00e7\u00e3o pol\u00edtica na modernidade e contemporaneidade&#8221;, em 06\/12\/2016 \u00e0s 09:00hs em local a confirmar, com banca composta por Adriano Correia (UFG &#8211; membro externo), Milton Meira do Nascimentos (USP &#8211; membro externo), Vanessa Sievers de Almeida (FACED\/UFBA), Mauro Castelo Branco de Moura (FFCH\/UFBA) e Genildo Ferreira da Silva (FFCH\/UFBA &#8211; orientador).<br \/>\nDefesa da tese de Hilton Leal da Cruz, intitulada \u201cAntiplatonismo e Cr\u00edtica da Cultura: O Problema das Esferas de Valor\u201d, em 28.09.2016 \u00e0s 14hs. na Sala Principal do PPGF, com banca composta por: Jos\u00e9 Cris\u00f3stomo de Souza (orientador, UFBA), Waldomiro J. Silva Filho (membro interno, UFBA), Andr\u00e9 Lu\u00eds Mota Itaparica (membro Externo, UFRB), Erick Lima (Membro Externon UNB), Paulo Cesar Margutti (membro externo, UFMG), e suplentes Andr\u00e9 Berten (Universit\u00e9 Catholique de Louvain, B\u00e9lgica) e Mauro C. B. de Moura (UFBA)<\/p>\n<p>Defesa de disserta\u00e7\u00e3o de Francisco Matheus Guerreiro de Freitas, intitulada \u201cMouffe e o modelo agon\u00edstico de democracia: da hegemonia \u00e0 democracia radical e plural\u201d, em 30.09.2016 \u00e0s 14hs. na Sala Principal do PPGF, com banca composta por: Jos\u00e9 Cris\u00f3stomo de Souza (orientador, UFBA), Laur\u00eanio Leite Sombra (membro externo, UEFS), Andr\u00e9 Luis Mota Itaparica (membro externo, UFRB), e suplentes Genildo Ferreira da Silva (UFBA).<\/p>\n<p>Defesa da disserta\u00e7\u00e3o de Thiago Wesley da Silva e Silva, &#8220;Sobre a cren\u00e7a e o gosto: articula\u00e7\u00f5es entre epistemologia e est\u00e9tica em David Hume&#8221;, em 07\/10\/2016 \u00e0s 14:30hs na sala principal do PPGF, com banca composta por Jo\u00e3o Carlos Salles Pires da Silva (orientador &#8211; UFBA), L\u00edvia Mara Guimar\u00e3es (UFMG) e Rafael Lopes Azize (UFBA).<\/p>\n<p>Defesa da tese de Ademar Bogo, intitulada &#8220;A Supera\u00e7\u00e3o do Poder Pol\u00edtico em Marx: Do Poder da Riqueza Burguesa \u00e0 Transi\u00e7\u00e3o para a Emancipa\u00e7\u00e3o Humana&#8221;, no dia 30\/08\/2016 \u00e0s 14hs. na sala principal do PPGF, com banca composta por Carlos Zacarias Figueir\u00f4a de Sena J\u00fanior (Hist\u00f3ria &#8211; UFBA), Jo\u00e3o Carlos Salles Pires da Silva (Filosofia &#8211; UFBA), Jos\u00e9 Cris\u00f3stomo de Souza (Filosofia &#8211; UFBA), Marildo Menegat (Servi\u00e7o Social &#8211; UFRJ) e Mauro Castelo Branco de Moura (Orientador), e suplente Ant\u00f4nio da Silva C\u00e2mara (Ci\u00eancias Sociais &#8211; UFBA).<\/p>\n<p>Defesa da disserta\u00e7\u00e3o de Everton Mendes Francelino, intitulada &#8220;Rawls: dos princ\u00edpios da igualdade e diferen\u00e7a \u00e0 afirma\u00e7\u00e3o das pol\u00edticas igualit\u00e1rias&#8221;, em 16.07.2016 \u00e0s 9:30hs na salal principal do PPGF, com banca composta por Daniel Tourinho Peres (Orientador &#8211; UFBA), Juliana Ortegosa Aggio (membro interno &#8211; UFBA) e Den\u00edlson Lu\u00eds Werle (membro externo &#8211; UFSC).<\/p>\n<p>&nbsp;<\/p>\n<p>Defesa da disserta\u00e7\u00e3o de Karla Cristhina Soares Sousa, intitulada &#8220;Tornar-se mulher: feminismo existencialista e performatividade de g\u00eanero&#8221;, em 30.05.2016 \u00e0s 09hs na sala prindipal do PPGF, com banca composta por Rafael Lopes Azize (orientador, PPGF-UFBA), Ma\u00edra Kubik Mano (membro externo, NEIM-UFBA) e Juliana Ortegosa Aggio (membro interno, PPGF-UFBA), e suplentes S\u00edlvia Faustino de Assis Saes (suplente interno, PPGF-UFBA) e Marcelo Moura Melo (suplente externo, PPGA-UFBA).<\/p>\n<p>Defesa da disserta\u00e7\u00e3o de Juliana Barbosa Brito, intitulada &#8220;O holismo epistemol\u00f3gico de Pierre Duhem&#8221;, em 09.05.2016 \u00e0s 14hs. em local a determinar, com banca composta por Olival Freire Junior (orientador, UFBA), Julio Vasconcelos (membro externo, UEFS) e Marco Aur\u00e9lio Silva (membro interno, UFBA), e suplentes Antonio Augusto Passos Videira (UERJ) e Elyana Barbosa (UFBA).<\/p>\n<p>Defesa da tese de Ricardo Calheiros Pereira (prof. do depto. de filosofia da UFBA), &#8220;A cr\u00edtica pol\u00edtica do saber em Foucault&#8221;, dia 18\/01\/2016 \u00e0s 19hs na Sala de Videoconfer\u00eancia do PAF III (em frente ao Audit\u00f3rio do PAF III, Ondina), com banca composta por Ant\u00f4nio Edmilson Paschoal (UFPR), Ant\u00f4nio Santos Oliveira (UFBA), Jo\u00e3o Carlos Salles Pires da Silva (UFBA), Carlota Mar\u00eda Ibertis (UFBA) e Daniel Tourinho Peres (UFBA &#8211; orientador).<\/p>\n<p>Defesa de tese de Viviane Bonfim Fernandes, \u201cO ponto de partida cient\u00edfico em O capital de Karl Marx\u201d, dia 11\/12\/2015 \u00e0s 09:00hs na sala principal do PPGF, com banca composta por Jorge Lu\u00eds da Silva Grespan (USP), Antonio Rufino Vieira (UFPB), Eduardo Ferreira Chagas (UFC), Ant\u00f4nio da Silva C\u00e2mara (UFBA) e Rafael Lopes Azize (UFBA \u2013 representando o Programa de P\u00f3s-Gradua\u00e7\u00e3o em Filosofia da UFBA).<\/p>\n<p><span style=\"color: #666666\">Defesa da disserta\u00e7\u00e3o de Line Costa Lobo, \u201cRawls: uma concep\u00e7\u00e3o pol\u00edtica de justi\u00e7a\u201d, em 01\/12\/2015 \u00e0s 09:30hs na Sala Principal do PPGF, composta por Val\u00e9rio Hillesheim (UNEB), Daniel Tourinho Peres (UFBA) e Jos\u00e9 Cris\u00f3stomo de Souza (UFBA \u2013 orientador).<\/span><\/p>\n<p>Defesa da disserta\u00e7\u00e3o de Gede\u00e3o Mendon\u00e7a de Moura, &#8220;Ess\u00eancia Humana e Materialismo no Jovem Marx (1844-1846)&#8221;, 5\/11\/2015 na sala principal do PPGF,, com banca examinadora integrada por Mauro C. B. de Moura (UFBA &#8211; orientador), Jos\u00e9 Cris\u00f3stomo de Souza (UFBA) e Ant\u00f4nio da Silva C\u00e2mara (UFBA).<\/p>\n<p>Defesa da disserta\u00e7\u00e3o de Juliomar Marques da Silva, intitulada \u201cSobre o fen\u00f4meno e a conduta do c\u00e9tico em Sexto Emp\u00edrico\u201d, <strong>DATA E HORA<\/strong>, na sala principal do PPGF, com banca composta por Waldomiro Jos\u00e9 da Silva Filho (orientador, UFBA), Roberto Bolzani Filho (USP &#8211; examinador externo titular), Mauro Castelo Branco de Moura (UFBA &#8211; examinador interno titular).<\/p>\n<p>Defesa da disserta\u00e7\u00e3o de Carlos Emanoel Flor\u00eancio de Melo, \u201cSobre a Mercadoria For\u00e7a de Trabalho em Karl Marx\u201d, <strong>DATA E HORA<\/strong>, com banca composta por Mauro Castelo Branco de Moura (UFBA &#8211; orientador), Ant\u00f4nio da Silva C\u00e2mara (UFBA) e Pedro Le\u00e3o da Costa Neto (Universidade Tuiuti do Paran\u00e1).<\/p>\n<p>Defesa da disserta\u00e7\u00e3o de Nairis de Lima Cardoso, \u201cA Quest\u00e3o da Propriedade em Jean-Jacques Rousseau\u201d, <strong>DATA E HORA<\/strong>, com banca composta por\u00a0 Mauro Castelo Branco de Moura (UFBA &#8211; orientador), Daniel Tourinho Peres (UFBA) e Israel Alexandria Costa (Universidade Federal de Alagoas).<\/p>\n<p>&nbsp;<\/p>\n<p>&nbsp;<\/p>\n<p>Defesa de tese de Daniel Baiardi, intitulada \u201cAptid\u00e3o Sem\u00e2ntica: Uma Aproxima\u00e7\u00e3o Pragmaticista aos Tipos Naturais e seus Termos\u201d, 3\/8\/2015 na Sala Principal do PPGF, com banca composta por Waldomiro Silva Filho, UFBA (orientador), Roberto Hor\u00e1rio de S\u00e1 Pereira, UFRJ (examinador externo), Cassiano Terra Rodrigues, PUC-SP (examinador externo), Charbel N. El-Hani, UFBA (examinador externo) e Rafael Lopes Azize, UFBA (examinador interno).<\/p>\n<p>Defesa da disserta\u00e7\u00e3o de Carlos Emanoel Flor\u00eancio de Melo, \u201cSobre a Mercadoria For\u00e7a de<br \/>\nTrabalho em Karl Marx\u201d, em 22 de julho de 2015 na Sala Principal do PPGF, com banca composta por Mauro Castelo Branco de Moura (UFBA &#8211; orientador), Ant\u00f4nio da Silva C\u00e2mara (UFBA) e Pedro Le\u00e3o da Costa Neto (Universidade Tuiuti do Paran\u00e1).<\/p>\n<p>Defesa da disserta\u00e7\u00e3o de Marcello Lu\u00eds Lemos Chaves, intitulada \u201cDa cr\u00edtica \u00e0 Totalidade hegeliana ao sentido da Eleidade no pensamento de Emmanuel L\u00e9vinas&#8221;, dia 1\u00ba de julho de 2015, \u00e0s 15h, com banca composta pelos profs. Jos\u00e9 Louren\u00e7o Ara\u00fajo Leite (orientador, UFBA), Giorgio Borghi (membro externo, UCSAL) e Jos\u00e9 Ant\u00f4nio Saja Ramos Neves (membro interno, UFBA).<\/p>\n<p>Defesa da tese de Felipe Rocha Lima Santos, intitulada \u201cEpistemologia, conhecimento e habilidades virtuosas\u201d, com banca composta por Waldomiro Jos\u00e9 da Silva Filho (UFBA- orientador), Jo\u00e3o Carlos Salles Pires da Silva (UFBA &#8211; examinador interno), Eros Moreira de Carvalho (UFRGS) (examinador externo), Eduardo Alejandro Barrio (Universidad de Buenos Aires, Argentina) (examinador externo) e Sven Bernecker (University of California &#8211; Irvine, Estados Unidos) (examinador externo), em 10 de junho de 2015 \u00e0s 09:00hs, na sala principal do PPGF.<\/p>\n<p>Defesa da tese de Mariana Lins Costa, &#8220;O her\u00f3i niilista e o imposs\u00edvel al\u00e9m do homem: uma investiga\u00e7\u00e3o filos\u00f3fica do romance Os dem\u00f4nios de Fi\u00f3dor Dostoi\u00e9vski&#8221;, em 09 de junho de 2015, \u00e0s 14:00hs, na Sala da Congrega\u00e7\u00e3o do Pavilh\u00e3o Raul Seixas, com banca composta por S\u00edlvia Faustino de Assis Saes (UFBA, orientadora), Franklin Leopoldo e Silva (USP), Ant\u00f4nio Edmilson Paschoal (UFPR), Gustavo Silveira Ribeiro (UFBA) e Jarlee Salviano (UFBA).<br \/>\nDefesa da disserta\u00e7\u00e3o de Alba Poliana de Souza Ara\u00fajo, &#8220;Sobre o conceito de ironia em Friedrich Schlegel&#8221;, em 29\/05\/2015 \u00e0s 14:00hs, com banca composta por S\u00edlvia Faustino de Assis Saes (UFBA, orientadora), M\u00e1rcio Suzuki (USP) e Rosa Gabriella de Castro Gon\u00e7alves (UFBA).<\/p>\n<p>Defesa da tese de doutorado de Andrea Schimmenti, &#8220;Causalidade, Ag\u00eancia, Pessoa&#8221;, dia 22\/5\/15 \u00e0s 09:00hs, na sala principal do PPGF, com banca composta por Waldomiro Jos\u00e9 da Silva filho (UFBA &#8211; orientador), Paulo C\u00e9sar Coelho Abrantes (UnB), Flavio Williges (UFSM), S\u00edlvia Faustino de Assis Saes (UFBA) e Rafael Lopes Azize (UFBA).<\/p>\n<p>Defesa da tese de Pedro Jonas de Almeida, &#8220;A razao e sua ilusao: a funcao da reflexao transcendental na Cr\u00edtica da Raz\u00e3o Pura&#8221;, em 15\/05\/2015 \u00e0s 15:00hs, na sala principal do PPGF, com banca composta por Daniel Tourinho Peres (UFBA, orientador), Monique Hulshof (UFABC)m Paulo Roberto Licht dos Santos (UFSCar), Silvia Faustino (UFBA) e Jarlee Salviano (UFBA).<\/p>\n<p>Defesa da disserta\u00e7\u00e3o de mestrado de Eduardo Novaes Rios Ribeiro, &#8220;A incompatibilidade das cores em Wittgenstein (1929-1930&#8221;, em 30\/04\/2015 \u00e0s 9hs, na sala principal do PPGF, com banca composta por Rafael Lopes Azize (UFBA &#8211; orientador), Jo\u00e3o Carlos Salles Pires da Silva (UFBA &#8211; coorientador), Val\u00e9rio Hillesheim (UNEB\/FSBB) e Cl\u00e1udia Bacelar Batista (UFBA).<\/p>\n<p>Banca de defesa de tese de Alan Sampaio, \u201cNietzsche e a Hist\u00f3ria\u201d, 1\/4\/2015, 15:00hs, na sala principal do PPGF, composta por Daniel Tourinho Peres (orientador, UFBA), Jarlee Oliveira Silva Saviano (coorientador, UFBA), Fernando Gigante Ferraz (PPFAU\/UFBA), Jos\u00e9 Thomaz Brum (PUC-RJ) e Rog\u00e9rio Ant\u00f4nio Lopes (UFMG).<\/p>\n<p>Banca de defesa de disserta\u00e7\u00e3o de Saulo Matias Dourado, &#8220;Desprendimento e Pertencimento em Mestre Eckhart&#8221;, 27\/3\/2015, 10:00hs, na sala principal do PPGF, composta por Nancy Mangabeira Unger (orientadora, UFBA), Luciano Costa Santos (UNEB) e Jos\u00e9 Ant\u00f4nio Saja dos Santos (UFBA).<\/p>\n<p>Banca de defesa de tese de Laur\u00eanio Sombra, &#8220;Temporalidade, acontecimento-apropriador, quadratura: o nexo ontol\u00f3gico entre tempo e espa\u00e7o em M. Heidegger&#8221;, 20\/02\/2015, 13:30hs, na sala principal do PPGF, composta por Acylene Maria Cabral Ferreira (orientadora), Paulo Afonso de Araujo (UFJF), Jesus Vazquez Torres (UFPE), Caroline Vasconcelos Ribeiro (UEFS) e Gilfranco Lucena (UFPB), tendo como suplente Luciano Santos (UNEB).<\/p>\n<p>[<strong>A COMPLETAR<\/strong>] Banca de defesa da disserta\u00e7\u00e3o\u00a0de\u00a0Gustavi Cavalcante Marques,\u00a0&#8220;Percep\u00e7\u00e3o e Movimento (O lugar da motricidade na fenomenologia de Merleau-Ponty)&#8221;, [<strong>data e hora a preencher<\/strong>], composta por\u00a0Monclar Valverde (orientador &#8211; UFBA), Acylene Ferreira (UFBA) e Constan\u00e7a Marcondes Cesar (UFS).<\/p>\n<p>Banca de defesa de Tese de Wagner Teles, &#8220;A filosofia da psicologia e a gram\u00e1tica da certeza em Wittgenstein&#8221;, em 17\/11\/2014, \u00e0s 9hs., na Sala da Congrega\u00e7\u00e3o da FFCH, no Pavilh\u00e3o Raul Seixas, composta pelos profs. Jo\u00e3o Carlos Salles Pires da Silva (orientador), Arley R. Moreno (Unicamp), Danilo Marcondes (UFF\/PUC-Rio), Val\u00e9rio Hillesheim (UNEB) e Rafael Lopes Azize (UFBA).<\/p>\n<p>Banca de defesa de Disserta\u00e7\u00e3o de Luciano Xavier Nunes Rasteli, &#8220;Contribui\u00e7\u00e3o \u00e0 Cr\u00edtica do Produtivismo: Uma Perspectiva Centrada no Valor de Uso&#8221;, em 11\/novembro\/2014, 9hs, na sala principal do PPGF, composta pelos profs. Mauro Castelo-Branco de Moura (orientador), Ant\u00f4nio da Silva C\u00e2mara (UFBA) e Marildo Menegat (UFRJ).<\/p>\n<p>Banca de defesa de Tese de Saulo Henrique Souza Silva, em 4\/11\/2014, \u00e0s 9:00hs, na sala principal do PPGF, composta pelos Profs. Drs. Antonio Carlos dos Santos (UFBA-Orientador), Maria Cec\u00edlia Pedreira de Almeida (UNB), Luiz Felipe Netto de Andrade e Silva (UFC), Mauro Castelo Branco de Moura (UFBA) e Marcos Ribeiro Balieiro (UFS).<\/p>\n<p>Banca de defesa da Disserta\u00e7\u00e3o de Maur\u00edcio Uz\u00eada de Faria, \u201cO Individualismo em Ortega y Gasset\u201d, em 12 de setembro de 2014, 14:30hs, na sala principal do PPGF, composta pelos profs. Mauro C. B. de Moura (orientador), Wilson da Silva Gomes (credenciado no PPGF-UFBA) e Kleyson Ros\u00e1rio Assis (UFRB).<\/p>\n<p>Banca de defesa da Disserta\u00e7\u00e3o de Adrielle Costa Gomes de Jesus, &#8220;Signific\u00e2ncia e Verdade: caminhos para uma supera\u00e7\u00e3o&#8221;, em 10\/09\/2014, composta pelos profs. Acylene Ferreira (orientadora), Caroline Vasconcelos Ribeiro (UEFES) e Sandro Sena (UFPE).<\/p>\n<p>Banca de defesa da Tese de <strong>XXXXX<\/strong>, &#8221; [<strong>t\u00edtulo<\/strong>] &#8220;, em 9\/9\/14, composta pelos profs. Daniel T. Peres (orientador &#8211; UFBA), Franklin Matos (USP), Edgar R. Marques (UERJ), Jo\u00e3o Carlos Salles (UFBA) e <strong>xxxxx<\/strong> (UFBA).<\/p>\n<p>Banca de defesa da Disserta\u00e7\u00e3o de Adriano Augusto C. F. dos Santos, &#8220;A transcend\u00eancia da presen\u00e7a na decis\u00e3o&#8221; em 01\/09\/2014, \u00e0s 13:30hs na sala principal do PPGF, composta pelos profs. Acylene Ferreira (orientadora), Luis Henrique Dreher (UFJF) e Gilfranco Lucena (UFRB).<\/p>\n<p><span style=\"color: #000000\">Banca de defesa da Disserta\u00e7\u00e3o de Eline Salume Xavier Nossa, &#8220;Os limites da linguagem e o trabalho da filosofia no Tractatus de Wittgenstein&#8221;, em 30\/08\/2014 \u00e0s 10hs, composta pelos profs. Jo\u00e3o Carlos Salles (orientador), Rafael Lopes Azize (UFBA) e Val\u00e9rio Hillesheim (UNEB).<\/span><\/p>\n<p>Banca de Defesa da disserta\u00e7\u00e3o de \u00cdsis Nery do Carmo, &#8220;Por que a t\u00e9cnica \u00e9 uma quest\u00e3o para o homem?&#8221;, em 25\/08\/2014 \u00e0s 13:30h., composta pelos profs. Acylene Ferreira (orientadora), Jo\u00e3o Augusto Macdowell (Faculdade Jesu\u00edta de Filosofia) e Caroline Vasconcelos Ribeiro (UEFES).<\/p>\n<div class=\"textwidget\">\n<p>Defesa da Tese: &#8220;Representa\u00e7\u00e3o e pensamento musical&#8221;.<br \/>\nCandidato: Fabr\u00edcio Fortes.<br \/>\nLocal, Data, Hora: PPGF-UFBA, 28\/07\/2014, as 10:00hs.<br \/>\nBanca: Abel Lassalle Casanave &#8211; Orientador (UFBA\/Brasil)<br \/>\nEdson Zampronha (Universidad de Valladolid\/Espanha)<br \/>\nJairo Jos\u00e9 da Silva (UNESP\/Brasil)<br \/>\nOscar Miguel Esquisabel (LA Plata\/Argentina)<br \/>\nJo\u00e3o Carlos Salles (UFBA\/Brasil)<\/p>\n<p>Defesa da disserta\u00e7\u00e3o: &#8220;A no\u00e7\u00e3o de corpo em Rousseau nas rela\u00e7\u00f5es com os diversos aspectos de sua obra e de seu pensamento&#8221;.<br \/>\nCandidata: Gladys Parish Seixas.<br \/>\nBanca: Genildo Ferreira da Silva (UFBA &#8211; orientador)<br \/>\nLuciano da Silva Fa\u00e7anha (UFMA)<br \/>\nCarlota Maria Ibertis de Lassalle Casanave (UFBA)<br \/>\nLocal, Data, Hora: PPGF-UFBA, 28\/07\/2014, as 14hs.<\/p>\n<p>Defesa da Disserta\u00e7\u00e3o: \u201cHabermas e a reconstru\u00e7\u00e3o do marxismo: da teoria cr\u00edtica ao pragmatismo\u201d, candidata Laiz Fraga Dantas, em 23\/07\/2014, banca: Jos\u00e9 Cris\u00f3stomo de Souza (orientador\/UFBA), Daniel Tourinho Peres (UFBA) e Ant\u00f4nio da Silva C\u00e2mara (UFBA \u2013 sociologia).<\/p>\n<p>Defesa da Tese: &#8220;Bergson e a Reconstru\u00e7\u00e3o da Metaf\u00edsica&#8221;.<br \/>\nCandidata: Geovana da Paz Monteiro.<br \/>\nData e hora: 11\/06\/2014, 14hs.<br \/>\nLocal: Programa de P\u00f3s-Gradua\u00e7\u00e3o em Filosofia.<br \/>\nBanca: Franklin Leopoldo e Silva (USP), D\u00e9bora Morato (UFSCar), Marco Aur\u00e9lio Silva (UFBA), Pablo Zunino (UFRB).<br \/>\nOrientador: Jo\u00e3o Carlos Salles (UFBA).<\/p>\n<p>Defesa da Disserta\u00e7\u00e3o: &#8220;A quest\u00e3o da subjetividade na virada antropol\u00f3gica de Ludwig Feuerbach&#8221;.<br \/>\nCandidata: Edineide de Jesus Santos.<br \/>\nData e hora: 06\/06\/2014, 15:00hs.<br \/>\nLocal: Programa de P\u00f3s-Gradua\u00e7\u00e3o em filosofia.<br \/>\nBanca: Marcio Gimenes de Paula (UNB), Genildo Ferreira Silva (UFBA).<br \/>\nOrientador: Jos\u00e9 Cris\u00f3stomo de Souza (UFBA).<\/p>\n<p>Defesa da tese: \u201cPierre Bayle e o ate\u00edsmo virtuoso\u201d, candidato Marcelo Sant\u2019Anna Alves Primo, em 28\/03\/2014 \u00e0s 14hs., banca: Ant\u00f4nio Carlos dos Santos (Sociologia UFBA \u2013 orientador), Maria Cec\u00edlia Pedreira de Almeida (UnB), Maria Isabel Limongi (UFPR), Genildo Ferreira da Silva (UFBA) e Mauro Castelo Branco de Moura (UFBA).<\/p>\n<\/div>\n<p>Defesas anteriores\u00a0podem ser encontradas no s\u00edtio antigo: ppgf.ufba.br. Em breve migraremos todas para este espa\u00e7o.<\/p>\n<p>&nbsp;<\/p>\n","protected":false},"excerpt":{"rendered":"<p>[Em constru\u00e7\u00e3o] NB: Ao contr\u00e1rio da coluna fixa &#8220;Defesas&#8221;, nesta p\u00e1gina as defesas est\u00e3o em ordem cronol\u00f3gica decrescente, da mais recente para a menos recente. &nbsp; Banca de defesa da\u00a0disserta\u00e7\u00e3o de mestrado de Maximiliano Villa Munoz, intitulada\u00a0A caminho de Ser &hellip; <a href=\"https:\/\/blog.ufba.br\/posfilosofia\/defesas\/\">Continue lendo <span class=\"meta-nav\">&rarr;<\/span><\/a><\/p>\n","protected":false},"author":1,"featured_media":0,"parent":0,"menu_order":11,"comment_status":"closed","ping_status":"open","template":"","meta":{"_coblocks_attr":"","_coblocks_dimensions":"","_coblocks_responsive_height":"","_coblocks_accordion_ie_support":"","_themeisle_gutenberg_block_has_review":false,"footnotes":""},"class_list":["post-209","page","type-page","status-publish","hentry"],"_links":{"self":[{"href":"https:\/\/blog.ufba.br\/posfilosofia\/wp-json\/wp\/v2\/pages\/209"}],"collection":[{"href":"https:\/\/blog.ufba.br\/posfilosofia\/wp-json\/wp\/v2\/pages"}],"about":[{"href":"https:\/\/blog.ufba.br\/posfilosofia\/wp-json\/wp\/v2\/types\/page"}],"author":[{"embeddable":true,"href":"https:\/\/blog.ufba.br\/posfilosofia\/wp-json\/wp\/v2\/users\/1"}],"replies":[{"embeddable":true,"href":"https:\/\/blog.ufba.br\/posfilosofia\/wp-json\/wp\/v2\/comments?post=209"}],"version-history":[{"count":0,"href":"https:\/\/blog.ufba.br\/posfilosofia\/wp-json\/wp\/v2\/pages\/209\/revisions"}],"wp:attachment":[{"href":"https:\/\/blog.ufba.br\/posfilosofia\/wp-json\/wp\/v2\/media?parent=209"}],"curies":[{"name":"wp","href":"https:\/\/api.w.org\/{rel}","templated":true}]}}