{"id":207,"date":"2014-07-30T15:48:22","date_gmt":"2014-07-30T18:48:22","guid":{"rendered":"http:\/\/blog.ufba.br\/posfilosofia\/?page_id=207"},"modified":"2014-07-30T15:48:22","modified_gmt":"2014-07-30T18:48:22","slug":"mini-cursos-no-ppgf-ufba","status":"publish","type":"page","link":"https:\/\/blog.ufba.br\/posfilosofia\/eventos\/mini-cursos-no-ppgf-ufba\/","title":{"rendered":"Mini-Cursos no PPGF-UFBA"},"content":{"rendered":"<h1><strong>Mini-cursos a serem oferecidos<\/strong><\/h1>\n<p>&nbsp;<\/p>\n<p>&nbsp;<\/p>\n<p>&nbsp;<\/p>\n<p>&nbsp;<\/p>\n<h1><strong>Mini-cursos\u00a0conclu\u00eddos<\/strong><\/h1>\n<p>&nbsp;<\/p>\n<p>&nbsp;<\/p>\n<p><span style=\"color: #333333\">Mini-curso promovido em associa\u00e7\u00e3o pelo PPGAV e o PPGF<\/span><\/p>\n<p style=\"color: #333333\">\n<h2><span style=\"color: #993300\"><strong>A imagem espessa da pintura:\u00a0<\/strong><\/span><\/h2>\n<p style=\"color: #333333\"><span style=\"color: #993300\"><strong>legibilidade, corporifica\u00e7\u00e3o (<em>embodiment<\/em>), e\u00a0<\/strong><\/span><\/p>\n<p style=\"color: #333333\"><span style=\"color: #993300\"><strong>novos idiomas pict\u00f3ricos\u00a0<\/strong><strong>em Sean Scully<\/strong><\/span><\/p>\n<p style=\"color: #333333\">Profa. Dra Virginia H. A. Aita<\/p>\n<div class=\"gmail_default\" style=\"color: #333333\"><\/div>\n<div class=\"gmail_default\" style=\"color: #333333\">\n<p>Dias 22, 23 e 24 de agosto de 2016<\/p>\n<p>Das 16:00hs \u00e0s 17:30hs<\/p>\n<p>Sal\u00e3o Nobre da Escola de Belas Artes da UFBA<\/p>\n<p>Programa e CV da profa. Aita: \u00a0 \u00a0 \u00a0<a href=\"http:\/\/blog.ufba.br\/posfilosofia\/files\/2014\/04\/Programa_Virginia_Aita_arte_filosofia.pdf\">Programa_Virginia_Aita_arte_filosofia<\/a><\/p>\n<p>&nbsp;<\/p>\n<p><span style=\"color: #333333\">Mini-curso promovido pelo PPGF<\/span><\/p>\n<p style=\"color: #333333\">\n<h2><span style=\"color: #993300\"><strong><em>A ret\u00f3rica, a po\u00e9tica e a m\u00fasica<\/em><\/strong><\/span><\/h2>\n<p style=\"color: #333333\">Prof. Dr. Paulo K\u00fchl (UNICAMP)<\/p>\n<p style=\"color: #333333\">Profa. Dra. K\u00e1tia Kato<\/p>\n<p style=\"color: #333333\">(Dra. em Fundamentos te\u00f3ricos da m\u00fasica pela Unicamp)<\/p>\n<div class=\"gmail_default\" style=\"color: #333333\"><\/div>\n<div class=\"gmail_default\" style=\"color: #333333\">Dia 30\/ago\/2016: Audit\u00f3rio do CRH, na FFCH.<\/div>\n<div class=\"gmail_default\" style=\"color: #333333\">\n<div class=\"gmail_default\" style=\"color: #073763\">Dia 31\/ago\/2016: Audit\u00f3rio I do Pavilh\u00e3o Raul Seixas, na FFCH.<\/div>\n<\/div>\n<div class=\"gmail_default\" style=\"color: #333333\">Hor\u00e1rios: das 9 \u00e0s 12hs<\/div>\n<div class=\"gmail_default\" style=\"color: #073763\"><a href=\"http:\/\/blog.ufba.br\/posfilosofia\/files\/2014\/04\/Katia_Kato-Retorica_poetica_musica-mini_curso_UFBA_2016.pdf\">Programa<\/a><\/div>\n<div class=\"gmail_default\" style=\"color: #073763\">Aten\u00e7\u00e3o: Quaisquer altera\u00e7\u00f5es de local ser\u00e3o imediatamente informadas neste s\u00edtio.<\/div>\n<div class=\"gmail_default\" style=\"color: #073763\"><\/div>\n<div class=\"gmail_default\" style=\"color: #073763\"><\/div>\n<div class=\"gmail_default\" style=\"color: #073763\">\n<div style=\"color: #666666\" align=\"center\"><b>Semin\u00e1rio Aberto de P\u00f3s-Gradua\u00e7\u00e3o<\/b><\/div>\n<div style=\"color: #666666\" align=\"center\"><\/div>\n<h2 style=\"color: #666666\" align=\"center\"><span style=\"color: #993300\">Filosofia e Democracia<\/span><\/h2>\n<div style=\"color: #666666\"><\/div>\n<div style=\"color: #666666\"><b>PROMO\u00c7\u00c3O :\u00a0<\/b>Po\u00e9tica Pragm\u00e1tica \u2013 Grupo de Pesquisa FFCH-UFBA\/CNPq<\/div>\n<div style=\"color: #666666\"><b>APOIO:\u00a0<\/b>PPGF-UFBA, PET Filosofia-UFBA, e CEDEP (Centro Dewey)<\/div>\n<div style=\"color: #666666\"><b>PER\u00cdODO:\u00a0<\/b>Entre 28 de julho a 07 de outubro (quintas e sextas-feiras, alternadamente)<\/div>\n<div style=\"color: #666666\"><b>HOR\u00c1RIOS:\u00a0<\/b>9:30 \u00e0s 12:00 horas<\/div>\n<div style=\"color: #666666\"><b>LOCAL:\u00a0<\/b>Audit\u00f3rio do CRH (FFCH-UFBA)<\/div>\n<div style=\"color: #666666\"><strong>Programa\u00e7\u00e3o detalhada<\/strong>:<\/div>\n<div style=\"color: #666666\"><a href=\"http:\/\/poeticapragmatica.blogspot.com.br\/2016\/07\/divulgacao-do-i-seminario-filosofia-e.html\" target=\"_blank\" rel=\"noopener\">http:\/\/poeticapragmatica.blogspot.com.br\/2016\/07\/divulgacao-do-i-seminario-filosofia-e.html<\/a><\/div>\n<div style=\"color: #666666\"><\/div>\n<div style=\"color: #666666\"><\/div>\n<div style=\"color: #666666\"><\/div>\n<\/div>\n<\/div>\n<p>&nbsp;<\/p>\n<p><strong>Mini-curso \u00a0<em><span style=\"color: #800000\">Responsibility and Bioethics<\/span><\/em><\/strong><strong>\u00a0<\/strong><\/p>\n<p>Prof. Dr. Jacob Dahl Rendtorff (Roskilde University, Dinamarca)<\/p>\n<p><a href=\"http:\/\/blog.ufba.br\/posfilosofia\/wp-content\/uploads\/sites\/65\/2014\/04\/Folder-Bioetica-A4_31mar.pdf\">Responsibility_Bioethics_folder<\/a><\/p>\n<ul>\n<li>11-13 de abril de 2016, 8:30-11:30hs<\/li>\n<li>Sala de Reuni\u00f5es da Faculdade de Medicina da Bahia (FAMEB)<\/li>\n<li>Programa de curso:\u00a0<a style=\"color: #ff4b33\" href=\"http:\/\/blog.ufba.br\/posfilosofia\/wp-content\/uploads\/sites\/65\/2014\/04\/Outline-of-a-mini-course-of-bioethics.pdf\">Outline of a mini course of bioethics<\/a><\/li>\n<li>Promo\u00e7\u00e3o: PPG em Filosofia \/ PPG em Ci\u00eancias Sociais \/ PPG em Sa\u00fade Coletiva \/ PPG em Medicina e Sa\u00fade (junto ao N\u00facleo de Bio\u00e9tica) \/ PPG em Direito \/ Assessoria de Assuntos Internacionais da UFBA<\/li>\n<li>Inscri\u00e7\u00f5es: Josias Sena, secret\u00e1rio do comit\u00ea de \u00e9tica em pesquisa da FAMEB \u2013 josias@ufba.br<\/li>\n<li>Curso dado em Ingl\u00eas<\/li>\n<li>Webpage do docente:\u00a0<a title=\"Jacob Dahl Rendtorff\" href=\"http:\/\/rucforsk.ruc.dk\/site\/en\/persons\/jacob-dahl-rendtorff(275d6a87-d4ec-4bc9-a524-5a0296d36959).html\" target=\"_blank\" rel=\"noopener\">http:\/\/rucforsk.ruc.dk\/site\/en\/persons\/jacob-dahl-rendtorff(275d6a87-d4ec-4bc9-a524-5a0296d36959).html<\/a><\/li>\n<\/ul>\n<p>&nbsp;<\/p>\n<p>&nbsp;<\/p>\n<p style=\"color: #000000;text-align: center\"><span style=\"color: #333399\"><b>Minicurso: Subst\u00e2ncia e dualismo na filosofia de Descartes<\/b><\/span><\/p>\n<p style=\"color: #000000\">Prof\u00aa Dr\u00aa Mariana de Almeida Campos (UFBA)<\/p>\n<p style=\"color: #000000\"><b>Dias:<\/b>\u00a016\/11\/2015, 23\/11\/2015, 30\/11\/2015<\/p>\n<p style=\"color: #000000\"><b>Hor\u00e1rio:<\/b>\u00a0das 14:00 \u00e0s 17:00<\/p>\n<p style=\"color: #000000\"><b>Local:<\/b>\u00a0Sala do Programa de P\u00f3s-Gradua\u00e7\u00e3o de Filosofia, Faculdade de Filosofia e Ci\u00eancias Humanas, Estrada de S\u00e3o L\u00e1zaro<\/p>\n<p style=\"color: #000000\">O minicurso tem por objetivo examinar alguns aspectos da metaf\u00edsica cartesiana que s\u00e3o fundamentais para a compreens\u00e3o do dualismo que Descartes prop\u00f5e, bem como de suas consequ\u00eancias para a tese da uni\u00e3o corpo e alma. Tendo como fio condutor uma precis\u00e3o conceitual do significado de termos como \u201csubst\u00e2ncia\u201d e \u201cmodo\u201d, no contexto da filosofia de Descartes, pretende-se discutir as seguintes quest\u00f5es: se o homem \u00e9 um terceiro tipo de subst\u00e2ncia criada; se os corpos s\u00e3o modos de uma \u00fanica subst\u00e2ncia ou se cada corpo individual \u00e9 uma subst\u00e2ncia; se as rela\u00e7\u00f5es causais corpo-corpo e corpo-mente podem ser explicadas atrav\u00e9s de teorias interacionistas ou ocasionalistas. Durante as aulas, a an\u00e1lise e discuss\u00e3o dos textos de Descartes ser\u00e3o complementadas com sugest\u00f5es de leituras secund\u00e1rias sobre as quest\u00f5es destacadas anteriormente.<\/p>\n<p style=\"color: #000000\">Aula 1: O conceito de subst\u00e2ncia<\/p>\n<p style=\"color: #000000\">Aula 2: O debate sobre o estatuto dos corpos<\/p>\n<p style=\"color: #000000\">Aula 3: Causalidade corpo-corpo e corpo-mente<\/p>\n<div style=\"text-align: center\"><b><span style=\"color: #0b5394;font-size: large\">Minicurso: Conhecimento e Ag\u00eancia Epist\u00eamica<\/span><\/b><\/div>\n<div class=\"gmail_quote\"><\/div>\n<div class=\"gmail_quote\"><b>Professor<\/b>: Tiegue Vieira Rodrigues (UFMT)<\/div>\n<p>&nbsp;<\/p>\n<div><b>Descri\u00e7\u00e3o<\/b>: O minicurso far\u00e1 uma introdu\u00e7\u00e3o \u00e0 discuss\u00e3o contempor\u00e2nea em Epistemologia sobre a no\u00e7\u00e3o de &#8220;ag\u00eancia epist\u00eamica&#8221;. A no\u00e7\u00e3o de &#8220;ag\u00eancia epist\u00eamica&#8221; est\u00e1 associada \u00e0 ideia de que uma pessoa \u00e9 um agente epist\u00eamico n\u00e3o apenas porque ela acredita em algo (e sua cren\u00e7a \u00e9 verdadeira), mas se tamb\u00e9m ela tem raz\u00f5es para acreditar e se ela tem a capacidade de examinar criticamente essas raz\u00f5es.<\/div>\n<div><\/div>\n<div>\u00a0<b>Conte\u00fado<\/b>:<\/div>\n<div><\/div>\n<div>1. Ag\u00eancia Epist\u00eamica Dox\u00e1stica<\/div>\n<div><\/div>\n<div>Considera\u00e7\u00f5es acerca do termo \u201cag\u00eancia\u201d, sua origem e multiplicidade de usos, bem como seu surgimento na epistemologia e uma breve caracteriza\u00e7\u00e3o hist\u00f3rica. Contextualiza\u00e7\u00e3o do deontologismo epist\u00eamico na discuss\u00e3o da \u00e9tica da cren\u00e7a, caracterizando o surgimento da ag\u00eancia epist\u00eamica dox\u00e1stica; apresenta\u00e7\u00e3o do problema do involuntarismo dox\u00e1stico e respostas a ele.<\/div>\n<div><\/div>\n<div>2. Ag\u00eancia Epist\u00eamica Reflexiva<\/div>\n<div><\/div>\n<div>\u00a0Exame da proposta de ag\u00eancia epist\u00eamica reflexiva, bem como apresenta a epistemologia da virtude e a metaf\u00edsica de desempenhos. Abrange a defini\u00e7\u00e3o de ag\u00eancia epist\u00eamica atrav\u00e9s de desempenhos reflexivos e traz tr\u00eas cr\u00edticas e uma avalia\u00e7\u00e3o da proposta que as segue.<\/div>\n<div><\/div>\n<div><\/div>\n<div><\/div>\n<div><b>Dias<\/b>: 20 e 21 de outubro<\/div>\n<div><span style=\"font-size: 13px\"><b>Hor\u00e1rio<\/b>: das 10:00 \u00e0s 12:00<\/span><\/div>\n<div><span style=\"font-size: 13px\"><b>Local<\/b>: Sala do Programa de P\u00f3s-gradua\u00e7\u00e3o de Filosofia, Faculdade de Filosofia e Ci\u00eancias Humanas, Estrada de S\u00e3o L\u00e1zaro<\/span><\/div>\n<div><span style=\"font-size: 13px\"><b>Promo\u00e7\u00e3o<\/b>:\u00a0<\/span><\/div>\n<div><span style=\"font-size: 13px\">Programa de P\u00f3s-gradua\u00e7\u00e3o em Ensino, Filosofia e Hist\u00f3ria das Ci\u00eancias da UFBA\/UEFS<\/span><\/div>\n<div><span style=\"font-size: 13px\">Programa de P\u00f3s-gradua\u00e7\u00e3o de Filosofia<\/span><span style=\"font-size: 13px\"><br \/>\n<\/span><\/div>\n<div>Grupo de Investiga\u00e7\u00f5es Filos\u00f3ficas &#8211; Mente, Realidade, Conhecimento (CNPq)<\/div>\n<p>Informa\u00e7\u00f5es: Felipe Santos\u00a0&lt;<a href=\"mailto:frls.ba@gmail.com\" target=\"_blank\" rel=\"noopener\">frls.ba@gmail.com<\/a>&gt; e\u00a0<a href=\"http:\/\/www.investigacoesfilosoficas.com\/mini-curso-agencia-epistemica\/\" target=\"_blank\" rel=\"noopener\">http:\/\/www.investigacoesfilosoficas.com\/mini-curso-agencia-epistemica\/<\/a><\/p>\n<div><\/div>\n<p>&nbsp;<\/p>\n<p><a href=\"http:\/\/blog.ufba.br\/posfilosofia\/files\/2014\/04\/Minicurso_Alejandro_Labale_Cultura_UFBA.jpg\"><img loading=\"lazy\" decoding=\"async\" class=\"alignnone size-medium wp-image-612\" src=\"http:\/\/blog.ufba.br\/posfilosofia\/files\/2014\/04\/Minicurso_Alejandro_Labale_Cultura_UFBA-300x212.jpg\" alt=\"Minicurso_Alejandro_Labale_Cultura_UFBA\" width=\"300\" height=\"212\" \/><\/a><\/p>\n<p><a href=\"http:\/\/blog.ufba.br\/posfilosofia\/files\/2014\/04\/Declaracoes_minicurso_Labale.zip\">Declaracoes_minicurso_Labale<\/a><\/p>\n<p>&nbsp;<\/p>\n<p><span style=\"color: #000000\">O Prof. Dr. Pedro Le\u00e3o da Costa Neto ministrou o minicurso intitulado &#8220;Alguns Aspectos Metodol\u00f3gicos da Hist\u00f3ria do Marxismo no S\u00e9culo XX&#8221;, nos dias 13 e 14\/11, das 9 \u00e0s 12 horas, no PPG em Filosofia da UFBA. Informa\u00e7\u00f5es por e-mail com o prof. Mauro Castelo Branco de Moura.<\/span><\/p>\n<p>&nbsp;<\/p>\n<p>&nbsp;<\/p>\n<p>&nbsp;<\/p>\n","protected":false},"excerpt":{"rendered":"<p>Mini-cursos a serem oferecidos &nbsp; &nbsp; &nbsp; &nbsp; Mini-cursos\u00a0conclu\u00eddos &nbsp; &nbsp; Mini-curso promovido em associa\u00e7\u00e3o pelo PPGAV e o PPGF A imagem espessa da pintura:\u00a0 legibilidade, corporifica\u00e7\u00e3o (embodiment), e\u00a0 novos idiomas pict\u00f3ricos\u00a0em Sean Scully Profa. Dra Virginia H. A. Aita &hellip; <a href=\"https:\/\/blog.ufba.br\/posfilosofia\/eventos\/mini-cursos-no-ppgf-ufba\/\">Continue lendo <span class=\"meta-nav\">&rarr;<\/span><\/a><\/p>\n","protected":false},"author":1,"featured_media":0,"parent":91,"menu_order":0,"comment_status":"closed","ping_status":"open","template":"","meta":{"_coblocks_attr":"","_coblocks_dimensions":"","_coblocks_responsive_height":"","_coblocks_accordion_ie_support":"","_themeisle_gutenberg_block_has_review":false,"footnotes":""},"class_list":["post-207","page","type-page","status-publish","hentry"],"_links":{"self":[{"href":"https:\/\/blog.ufba.br\/posfilosofia\/wp-json\/wp\/v2\/pages\/207"}],"collection":[{"href":"https:\/\/blog.ufba.br\/posfilosofia\/wp-json\/wp\/v2\/pages"}],"about":[{"href":"https:\/\/blog.ufba.br\/posfilosofia\/wp-json\/wp\/v2\/types\/page"}],"author":[{"embeddable":true,"href":"https:\/\/blog.ufba.br\/posfilosofia\/wp-json\/wp\/v2\/users\/1"}],"replies":[{"embeddable":true,"href":"https:\/\/blog.ufba.br\/posfilosofia\/wp-json\/wp\/v2\/comments?post=207"}],"version-history":[{"count":0,"href":"https:\/\/blog.ufba.br\/posfilosofia\/wp-json\/wp\/v2\/pages\/207\/revisions"}],"up":[{"embeddable":true,"href":"https:\/\/blog.ufba.br\/posfilosofia\/wp-json\/wp\/v2\/pages\/91"}],"wp:attachment":[{"href":"https:\/\/blog.ufba.br\/posfilosofia\/wp-json\/wp\/v2\/media?parent=207"}],"curies":[{"name":"wp","href":"https:\/\/api.w.org\/{rel}","templated":true}]}}