{"id":205,"date":"2014-07-30T15:47:07","date_gmt":"2014-07-30T18:47:07","guid":{"rendered":"http:\/\/blog.ufba.br\/posfilosofia\/?page_id=205"},"modified":"2014-07-30T15:47:07","modified_gmt":"2014-07-30T18:47:07","slug":"palestras-no-ppgf-ufba","status":"publish","type":"page","link":"https:\/\/blog.ufba.br\/posfilosofia\/eventos\/palestras-no-ppgf-ufba\/","title":{"rendered":"Palestras no PPGF-UFBA"},"content":{"rendered":"<p>NB: As palestras est\u00e3o em ordem cronol\u00f3gica decrescente.<\/p>\n<p>&nbsp;<\/p>\n<p><a href=\"http:\/\/blog.ufba.br\/posfilosofia\/files\/2014\/07\/grupo-filosofia-antiga.jpg\"><img loading=\"lazy\" decoding=\"async\" class=\"aligncenter size-full wp-image-1262\" src=\"http:\/\/blog.ufba.br\/posfilosofia\/files\/2014\/07\/grupo-filosofia-antiga.jpg\" alt=\"grupo filosofia antiga\" width=\"453\" height=\"641\" \/><\/a><\/p>\n<p>&nbsp;<\/p>\n<p><a href=\"http:\/\/blog.ufba.br\/posfilosofia\/files\/2014\/04\/Introdu\u00e7\u00e3o-ao-Manual-de-Epicteto-cartaz.jpg\"><img loading=\"lazy\" decoding=\"async\" class=\"aligncenter size-full wp-image-1170\" src=\"http:\/\/blog.ufba.br\/posfilosofia\/files\/2014\/04\/Introdu\u00e7\u00e3o-ao-Manual-de-Epicteto-cartaz.jpg\" alt=\"Introdu\u00e7\u00e3o ao Manual de Epicteto cartaz\" width=\"520\" height=\"736\" \/><\/a><\/p>\n<table>\n<tbody>\n<tr>\n<td><em>Palestra\u00a0<\/em><strong><span style=\"color: #993300\">\u00a0<\/span><\/strong><strong><span style=\"color: #993300\">O problema do tirano no pensamento pol\u00edtico grego\u00a0<\/span><\/strong><strong><span style=\"color: #993300\">\u00a0<\/span><\/strong>Prof. Daniel Lopes (USP), 25 de novembro, \u00e0s 14h, no Audit\u00f3rio do pavilh\u00e3o de aulas Raul Seixas. Promo\u00e7\u00e3o: PPGF..<a href=\"http:\/\/blog.ufba.br\/posfilosofia\/files\/2014\/04\/2016.11-Daniel-Lopes-Tirano-Grego_programa.pdf\">2016.11 Daniel Lopes Tirano Grego_programa<\/a><\/td>\n<\/tr>\n<\/tbody>\n<\/table>\n<p>&nbsp;<\/p>\n<table>\n<tbody>\n<tr>\n<td><em>Palestra \u00a0<\/em><strong><span style=\"color: #993300\">Arte na filosofia de Sartre: tens\u00e3o entre imagina\u00e7\u00e3o e engajamento<\/span><\/strong>, profa.\u00a0Thana Mara de Souza (Univ. Fed. do Esp\u00edrito Santo), 9 de dezembro de 2016, \u00e0s 18hs, na Sala de Defesa do Programa de P\u00f3s-Gradua\u00e7\u00e3o em Literatura e Cultura, t\u00e9rreo do Instituto de Letras,\u00a0campus de Ondina.Promo\u00e7\u00e3o: PPGF-UFBA, Letras-UFBA, PPGLitCult-UFBA<\/p>\n<div class=\"yj6qo ajU\"><\/div>\n<\/td>\n<\/tr>\n<\/tbody>\n<\/table>\n<p>&nbsp;<\/p>\n<table>\n<tbody>\n<tr>\n<td><em>Palestra \u00a0<\/em><strong><span style=\"color: #993300\">Poder, pol\u00edtica e liberdade nas filosofia de Jean-Paul Sartre e Miche Foucault\u00a0<\/span><\/strong>, prof. Andr\u00e9 Constantino Yazbek (UFF), 12 de dez. de 2016, \u00e0s 09:30hs, no Audit\u00f3rio do Pavilh\u00e3o Ra\u00fal Seixas,\u00a0FFCH-UFBA. Promo\u00e7\u00e3o: PPGF.<\/td>\n<\/tr>\n<\/tbody>\n<\/table>\n<p>&nbsp;<\/p>\n<table>\n<tbody>\n<tr>\n<td><em>Palestra \u00a0<\/em><strong><span style=\"color: #993300\">Phantas\u00eda estoica e a cr\u00edtica c\u00e9tica<\/span><\/strong>, Prof. Roberto Bolzani Filho (USP), 14 de dezembro de 2016, \u00e0s 14hs, na Sala de Videoconfer\u00eancia do Pavilh\u00e3o Raul Seixas,\u00a0FFCH-UFBA. Promo\u00e7\u00e3o: PPGF<\/td>\n<\/tr>\n<\/tbody>\n<\/table>\n<p>&nbsp;<\/p>\n<table>\n<tbody>\n<tr>\n<td><em>Palestra\u00a0<\/em><strong><span style=\"color: #993300\">\u00a0<\/span><\/strong><strong><span style=\"color: #993300\">\u00a0Simone Weil e a transforma\u00e7\u00e3o de si<\/span><\/strong>, prof. Fernando Rey Puente (UFMG), 16 de dezembro de 2016, \u00e0s 09hs na Sala de Audiovisual da Biblioteca\u00a0da\u00a0FFCH-UFBA. Promo\u00e7\u00e3o: PPGF<\/td>\n<\/tr>\n<\/tbody>\n<\/table>\n<p>&nbsp;<\/p>\n<p><span style=\"color: #993300\"><em><strong>Di\u00e1logo sobre David Hume e Lord Chesterfield<\/strong><\/em><\/span><\/p>\n<p>Profa. L\u00edvia Mara Guimar\u00e3es (UFMG)<\/p>\n<ul>\n<li>Dia 8 de outubro,\u00a010:00hs, sala principal do PPGF.<\/li>\n<li>Atividade aberta ao p\u00fablico. Altera\u00e7\u00f5es de hor\u00e1rio ou ulteriores especifica\u00e7\u00f5es ser\u00e3o divulgadas neste espa\u00e7o.<\/li>\n<\/ul>\n<p>Promo\u00e7\u00e3o: PPGF, Grupo de Pesquisa\u00a0<em>Empirismo, Fenomenologia e Gram\u00e1tica<\/em>.<\/p>\n<p>&nbsp;<\/p>\n<p>&nbsp;<\/p>\n<p><strong><em>Palestra :\u00a0<\/em><\/strong>Convidamos a todos para a palestra do Prof. Jos\u00e9 Thomaz Brum da PUC-RIO: &#8220;Nietzsche e as Artes do Intelecto&#8221; &#8211; dia 01.04, quarta, 11 horas, no Audit\u00f3rio do Pavilh\u00e3o Raul Seixas, no Campus S\u00e3o L\u00e1zaro &#8211; Ufba.O prof. Brum participa de defesa de tese de doutoramento do PPGF nesse mesmo dia. A palestra \u00e9 promovida pelo grupo de pesquisa Metaf\u00edsica e Filosofia da Vontade (http:\/\/mfvufba.wix.com\/mfvufba) e pelo Programa de P\u00f3s-Gradua\u00e7\u00e3o em Filosofia.<\/p>\n<p><strong><em>Palestra : <\/em><\/strong>Edson Zampronha, <em>M\u00fasica e inteligibilidade: os fundamentos da m\u00fasica.<\/em> O que transforma um som em som musical e faz que uma sequ\u00eancia de sons seja intelig\u00edvel como m\u00fasica? O que, em s\u00edntese, \u00e9 uma cria\u00e7\u00e3o musical? Dia 31 de julho de 2014, 14hs., P\u00f3s-Gradua\u00e7\u00e3o em Filosofia.<\/p>\n<p>&nbsp;<\/p>\n<p><strong><em>Palestra : <\/em><\/strong>Edson Zampronha, <em>Fenomenologia e m\u00fasica concreta.<\/em> Um exemplo de como uma filosofia se aplica \u00e0 m\u00fasica transformando-se em um novo m\u00e9todo composicional com novos princ\u00edpios criativos. Dia 31 de julho de 2014, 16hs., P\u00f3s-Gradua\u00e7\u00e3o em Filosofia.<\/p>\n<div><\/div>\n","protected":false},"excerpt":{"rendered":"<p>NB: As palestras est\u00e3o em ordem cronol\u00f3gica decrescente. &nbsp; &nbsp; Palestra\u00a0\u00a0O problema do tirano no pensamento pol\u00edtico grego\u00a0\u00a0Prof. Daniel Lopes (USP), 25 de novembro, \u00e0s 14h, no Audit\u00f3rio do pavilh\u00e3o de aulas Raul Seixas. Promo\u00e7\u00e3o: PPGF..2016.11 Daniel Lopes Tirano Grego_programa &hellip; <a href=\"https:\/\/blog.ufba.br\/posfilosofia\/eventos\/palestras-no-ppgf-ufba\/\">Continue lendo <span class=\"meta-nav\">&rarr;<\/span><\/a><\/p>\n","protected":false},"author":1,"featured_media":0,"parent":91,"menu_order":0,"comment_status":"closed","ping_status":"open","template":"","meta":{"_coblocks_attr":"","_coblocks_dimensions":"","_coblocks_responsive_height":"","_coblocks_accordion_ie_support":"","_themeisle_gutenberg_block_has_review":false,"footnotes":""},"class_list":["post-205","page","type-page","status-publish","hentry"],"_links":{"self":[{"href":"https:\/\/blog.ufba.br\/posfilosofia\/wp-json\/wp\/v2\/pages\/205"}],"collection":[{"href":"https:\/\/blog.ufba.br\/posfilosofia\/wp-json\/wp\/v2\/pages"}],"about":[{"href":"https:\/\/blog.ufba.br\/posfilosofia\/wp-json\/wp\/v2\/types\/page"}],"author":[{"embeddable":true,"href":"https:\/\/blog.ufba.br\/posfilosofia\/wp-json\/wp\/v2\/users\/1"}],"replies":[{"embeddable":true,"href":"https:\/\/blog.ufba.br\/posfilosofia\/wp-json\/wp\/v2\/comments?post=205"}],"version-history":[{"count":0,"href":"https:\/\/blog.ufba.br\/posfilosofia\/wp-json\/wp\/v2\/pages\/205\/revisions"}],"up":[{"embeddable":true,"href":"https:\/\/blog.ufba.br\/posfilosofia\/wp-json\/wp\/v2\/pages\/91"}],"wp:attachment":[{"href":"https:\/\/blog.ufba.br\/posfilosofia\/wp-json\/wp\/v2\/media?parent=205"}],"curies":[{"name":"wp","href":"https:\/\/api.w.org\/{rel}","templated":true}]}}