{"id":169,"date":"2014-07-17T10:13:31","date_gmt":"2014-07-17T13:13:31","guid":{"rendered":"http:\/\/blog.ufba.br\/posfilosofia\/?page_id=169"},"modified":"2014-07-17T10:13:31","modified_gmt":"2014-07-17T13:13:31","slug":"tutorial-bolsas","status":"publish","type":"page","link":"https:\/\/blog.ufba.br\/posfilosofia\/tutoriais\/tutorial-bolsas\/","title":{"rendered":"Tutorial bolsas"},"content":{"rendered":"<p>[Em constru\u00e7\u00e3o]<\/p>\n<ul>\n<li>Mestrandos e doutorandos que mant\u00eam algum v\u00ednculo empregat\u00edcio n\u00e3o est\u00e3o habilitado a receber bolsa de nenhuma ag\u00eancia de fomento.<\/li>\n<li>A Secretaria do PPGF encarrega-se de convocar os discentes t\u00e3o logo se disponibilizem novas bolsas.<\/li>\n<li>Mestrandos e doutorandos recipientes de bolsas e que assumam algum v\u00ednculo empregat\u00edcio devem comunicar o fato \u00e0 Secretaria do PPGF, para que a bolsa seja concedida a outro colega.<\/li>\n<\/ul>\n<p>&nbsp;<\/p>\n<p><strong>Documentos necess\u00e1rios \u00e0 concess\u00e3o de bolsas CAPES<\/strong><\/p>\n<p>&nbsp;<\/p>\n<p><strong>Documentos necess\u00e1rios \u00e0 concess\u00e3o de bolsas FAPESB<\/strong><\/p>\n<p>&nbsp;<\/p>\n<p><strong>Documentos necess\u00e1rios \u00e0 concess\u00e3o de bolsas CNPq<\/strong><\/p>\n<p>&nbsp;<\/p>\n<p><strong>Bolsas-sandu\u00edche<\/strong><\/p>\n<p>Informa\u00e7\u00f5es completas podem ser obtidas <a title=\"PDSE\" href=\"http:\/\/www.capes.gov.br\/bolsas\/bolsas-no-exterior\/programa-de-doutorado-sanduiche-no-exterior-pdse\" target=\"_blank\" rel=\"noopener\">aqui<\/a>.<\/p>\n<p><span style=\"color: #000000\">Portaria com regulamento que estabelece as normas para as seguintes modalidades de bolsas no exterior: Est\u00e1gio S\u00eanior, P\u00f3s-Doutorado, Doutorado Pleno, Doutorado Sandu\u00edche e Gradua\u00e7\u00e3o Sandu\u00edche, publicada em 2016, <a href=\"http:\/\/www.capes.gov.br\/images\/stories\/download\/legislacao\/21062016-PORTARIA-N-87-DE-20-06-2016-completa.pdf\" target=\"_blank\" rel=\"noopener\">aqui<\/a>.<\/span><\/p>\n<p>&nbsp;<\/p>\n","protected":false},"excerpt":{"rendered":"<p>[Em constru\u00e7\u00e3o] Mestrandos e doutorandos que mant\u00eam algum v\u00ednculo empregat\u00edcio n\u00e3o est\u00e3o habilitado a receber bolsa de nenhuma ag\u00eancia de fomento. A Secretaria do PPGF encarrega-se de convocar os discentes t\u00e3o logo se disponibilizem novas bolsas. Mestrandos e doutorandos recipientes &hellip; <a href=\"https:\/\/blog.ufba.br\/posfilosofia\/tutoriais\/tutorial-bolsas\/\">Continue lendo <span class=\"meta-nav\">&rarr;<\/span><\/a><\/p>\n","protected":false},"author":1,"featured_media":0,"parent":55,"menu_order":8,"comment_status":"closed","ping_status":"open","template":"","meta":{"_coblocks_attr":"","_coblocks_dimensions":"","_coblocks_responsive_height":"","_coblocks_accordion_ie_support":"","_themeisle_gutenberg_block_has_review":false,"footnotes":""},"class_list":["post-169","page","type-page","status-publish","hentry"],"_links":{"self":[{"href":"https:\/\/blog.ufba.br\/posfilosofia\/wp-json\/wp\/v2\/pages\/169"}],"collection":[{"href":"https:\/\/blog.ufba.br\/posfilosofia\/wp-json\/wp\/v2\/pages"}],"about":[{"href":"https:\/\/blog.ufba.br\/posfilosofia\/wp-json\/wp\/v2\/types\/page"}],"author":[{"embeddable":true,"href":"https:\/\/blog.ufba.br\/posfilosofia\/wp-json\/wp\/v2\/users\/1"}],"replies":[{"embeddable":true,"href":"https:\/\/blog.ufba.br\/posfilosofia\/wp-json\/wp\/v2\/comments?post=169"}],"version-history":[{"count":0,"href":"https:\/\/blog.ufba.br\/posfilosofia\/wp-json\/wp\/v2\/pages\/169\/revisions"}],"up":[{"embeddable":true,"href":"https:\/\/blog.ufba.br\/posfilosofia\/wp-json\/wp\/v2\/pages\/55"}],"wp:attachment":[{"href":"https:\/\/blog.ufba.br\/posfilosofia\/wp-json\/wp\/v2\/media?parent=169"}],"curies":[{"name":"wp","href":"https:\/\/api.w.org\/{rel}","templated":true}]}}