{"id":1154,"date":"2016-12-30T14:42:07","date_gmt":"2016-12-30T17:42:07","guid":{"rendered":"http:\/\/blog.ufba.br\/posfilosofia\/?page_id=1154"},"modified":"2016-12-30T14:42:07","modified_gmt":"2016-12-30T17:42:07","slug":"1154-2","status":"publish","type":"page","link":"https:\/\/blog.ufba.br\/posfilosofia\/processos-seletivos\/1154-2\/","title":{"rendered":""},"content":{"rendered":"<p>Processo seletivo 2016<\/p>\n<p>Nota Bene: D\u00favidas devem ser dirigidas a &lt;secretariappgf@ufba.br&gt;. Solicita-se a leitura atenta do Edital antes do envio de mensagens \u00e0 Secretaria.<\/p>\n<p>&nbsp;<\/p>\n<p>1. Edital, Formul\u00e1rios, informa\u00e7\u00f5es adicionais<\/p>\n<p>2. Cronograma<\/p>\n<p>3. Inscri\u00e7\u00f5es homologadas<\/p>\n<p>4. Resultados da 1a Etapa (Anteprojeto)<\/p>\n<p>5. Locais das provas escritas e escalonamento das provas orais<\/p>\n<p>6. Resultado da 2a Etapa (prova escrita, prova de l\u00ednguas estrangeiras, entrevistas)<\/p>\n<p>7. Resultado final do Processo Seletivo 2016<\/p>\n<p>&nbsp;<\/p>\n<p>&nbsp;<\/p>\n<p>***************<\/p>\n<p>&nbsp;<\/p>\n<p>1. Edital, Formul\u00e1rios, informa\u00e7\u00f5es adicionais<\/p>\n<p>&nbsp;<\/p>\n<p>ATEN\u00c7\u00c3O: O Edital tem erratas, acess\u00e1veis em p\u00e1gina espec\u00edfica nesta barra.<\/p>\n<p>Edital 01-2016-PPGF\/UFBA em PDF:<\/p>\n<p>Edital_01-2016-PPGF-UFBA_Processo_seletivo_2016-1<\/p>\n<p>Link alternativo para o Edital 01-2016-PPGF\/UFBA em PDF:<\/p>\n<p>http:\/\/1drv.ms\/1qHTShB<\/p>\n<p>&nbsp;<\/p>\n<p>Formul\u00e1rio inscri\u00e7\u00e3o mestrado: Formulario_inscricao_Mest_2016<\/p>\n<p>Link alternativo para o formul\u00e1rio de inscri\u00e7\u00e3o mestrado: http:\/\/1drv.ms\/1No6Ky5<\/p>\n<p>&nbsp;<\/p>\n<p>Formul\u00e1rio inscri\u00e7\u00e3o doutorado: Formulario_inscricao_Dout_2016<\/p>\n<p>Link alternativo para o formul\u00e1rio de inscri\u00e7\u00e3o doutorado: http:\/\/1drv.ms\/25ZLaeW<\/p>\n<p>&nbsp;<\/p>\n<p>&nbsp;<\/p>\n<p>Boleto de Inscri\u00e7\u00e3o: gerado diretamente em<\/p>\n<p>&lt;http:\/\/www.sgc.ufba.br\/sgcboleto\/inscricao_selecao.htm&gt;<\/p>\n<p>atrav\u00e9s da op\u00e7\u00e3o \u201cinscri\u00e7\u00e3o para sele\u00e7\u00e3o (mestrado)\u201d ou \u201cinscri\u00e7\u00e3o para sele\u00e7\u00e3o (doutorado)\u201d.<\/p>\n<p>&nbsp;<\/p>\n<p>Banca: As bancas da presente sele\u00e7\u00e3o ser\u00e3o compostas da seguinte forma:<\/p>\n<p>Comiss\u00e3o mestrado: prof. Genildo Ferreira da Silva, profa. Juliana Ortegosa Aggio, prof. Jarlee Oliveira Silva Salviano.<br \/>\nComiss\u00e3o doutorado: profa. S\u00edlvia Faustino de Assis Saes, prof. Jos\u00e9 Cris\u00f3stomo de Souza, prof. Daniel Tourinho Peres.<\/p>\n<p>NB: No in\u00edcio da segunda fase, por motivo de for\u00e7a maior a profa. S\u00edlvia Faustino de Assis Saes foi substitu\u00edda pelo prof. Rafael Lopes Azize.<\/p>\n<p>2. Cronograma<\/p>\n<p>&nbsp;<\/p>\n<p>Per\u00edodo de Inscri\u00e7\u00f5es: 13 a 28\/04\/2016.<br \/>\nInscri\u00e7\u00f5es presenciais: dias \u00fateis das 08:00hs \u00e0s 12:00hs, na secretaria do PPGF, temporariamente a operar na Sala de Extens\u00e3o do Pavilh\u00e3o Raul Seixas da Faculdade de Filosofia e Ci\u00eancias Humanas \u2013 para cujo interior tamb\u00e9m se transferiu, provisoriamente, o mural do programa.<br \/>\nInscri\u00e7\u00f5es via SEDEX: dever\u00e3o ter a data de postagem dentro do per\u00edodo de inscri\u00e7\u00f5es, e ser dirigidas ao seguinte endere\u00e7o: Programa de P\u00f3s-Gradua\u00e7\u00e3o em Filosofia da UFBA. Rua Aristides Novis, 197, Federa\u00e7\u00e3o, CEP 40210-730 \u2013 Salvador\/BA.<\/p>\n<p>02\/05, 12hs: divulga\u00e7\u00e3o em &lt;www.posfilosofia.ufba.br&gt; das inscri\u00e7\u00f5es homologadas e da composi\u00e7\u00e3o da banca do processo seletivo.<br \/>\n04\/05, 12hs: Fim do prazo para recursos relativos \u00e0 Homologa\u00e7\u00e3o. 18hs: Divulga\u00e7\u00e3o dos resultados dos recursos relativos \u00e0 Homologa\u00e7\u00e3o em &lt;www.posfilosofia.ufba.br&gt;.<\/p>\n<p>1\u00aa Etapa<\/p>\n<p>12\/05, 12hs.: Divulga\u00e7\u00e3o dos resultados dos Anteprojetos no Mural do PPGF e no blog do programa.<br \/>\n13\/05, 12hs: Fim do prazo para recursos da 1\u00aa. etapa. 18hs: Divulga\u00e7\u00e3o dos resultados dos recursos no Mural do PPGF e no blog &lt;www.posfilosofia.ufba.br&gt;.<\/p>\n<p>2\u00aa Etapa<\/p>\n<p>16\/05, 08hs: Prova escrita.<br \/>\n17\/05, 09hs: Prova de l\u00edngua estrangeira. 12hs: Divulga\u00e7\u00e3o do escalonamento da prova oral no Mural do PPGF e no blog &lt;www.posfilosofia.ufba.br&gt;.<br \/>\n18 a 20\/05: Provas orais, conforme o escalonamento previamente divulgado.<br \/>\n21\/05, 12hs: Divulga\u00e7\u00e3o dos resultados da 2\u00aa. etapa no blog &lt;www.posfilosofia.ufba.br&gt;.<br \/>\n23\/05, 12hs: Fim do prazo para recursos da 2\u00aa. etapa. 16hs: Reuni\u00e3o do Colegiado para Homologa\u00e7\u00e3o do Resultado. 17hs: Divulga\u00e7\u00e3o dos resultados dos recursos, bem como do resultado final do Processo Seletivo, no Mural do PPGF e em &lt;www.posfilosofia.ufba.br&gt;.<\/p>\n<p>3. Inscri\u00e7\u00f5es homologadas<\/p>\n<p>Mestrado<\/p>\n<p>Alexandre Barreiros de Carvalho Fonseca<br \/>\nAlexandre Gomes Lopes<br \/>\n\u00c1lvaro Martins Santos J\u00fanior<br \/>\nAna L\u00facia dos Santos e Santos<br \/>\nB\u00e1rbara Caroline Boamorte Braz<br \/>\nBarnab\u00e9 Loewenstein<br \/>\nBruno Silva Moreira e Silva<br \/>\nCleiton Silva Souza<br \/>\nDaniel Avelino Lima da Silva<br \/>\nEmmanoel Victor Lima Melo<br \/>\nFelipe Magalhaes Sancho<br \/>\nGenival Carvalho Batista<br \/>\nJanicleide Marques Lima<br \/>\nLucas Maia Carvalho Muniz<br \/>\nLucas Pereira Matos<br \/>\nLuis Carlos Belas Vieira<br \/>\nLuiz Felipe Magalh\u00e3es De Melo<br \/>\nLuize Santos de Queiroz<br \/>\nMaria da Concei\u00e7\u00e3o Rocha de Sousa<br \/>\nMateus Pires Arag\u00e3o<br \/>\nPaulo Henrique Souza Santos<br \/>\nRony Henrique Souza<br \/>\nSamuel Silva Santana<br \/>\nS\u00f3stenes Almeida da Silva<br \/>\nThiago Araujo Borges El-Chami<br \/>\nVagner de Souza Santos<br \/>\nVal\u00e9rio C\u00e1ssio Silva de Oliveira Junior<br \/>\nWandson Nascimento Costa<br \/>\nYves Marcel de Oliveira S\u00e3o Paulo<br \/>\nHomologa\u00e7\u00e3o posterior, por mandado de seguran\u00e7a: Aline Val\u00e9ria Ramos de Almeida<\/p>\n<p>Doutorado<\/p>\n<p>Ana Mary Costa Bispo<br \/>\nAnna Paula de Ramos Campos<br \/>\nAnt\u00f4nio M\u00e1rio Dantas Bastos Filho<br \/>\nCamila de Souza Ez\u00eddio<br \/>\nCarine Rodrigues Correia Silva<br \/>\nEverton Mendes Francelino<br \/>\nGede\u00e3o Mendon\u00e7a de Moura<br \/>\nHelena Ant\u00f4nia Guimar\u00e3es Moura<br \/>\nJo\u00e3o Batista Farias Junior<br \/>\nJos\u00e9 Roberto Silva de Oliveira<br \/>\nJuliana Barbosa Brito<br \/>\nJuliomar Marques Silva<br \/>\nKarla Cristhina Soares Sousa<br \/>\nManoel Pereira Lima J\u00fanior<br \/>\nPedro Miguel Sousa Santos<br \/>\nRonnielle de Azevedo Lopes<br \/>\nTiago Medeiros Araujo<br \/>\nWilker De Carvalho Marques<\/p>\n<p>&nbsp;<\/p>\n<p>&#8212;&#8212;<\/p>\n<p>&nbsp;<\/p>\n<p>4. Resultados da 1a Etapa (Anteprojeto)<\/p>\n<p>&nbsp;<\/p>\n<p>Candidatos cujos anteprojetos foram selecionados para seguir no processo seletivo:<\/p>\n<p>&nbsp;<\/p>\n<p>Mestrado<\/p>\n<p>Alexandre Barreiros de Carvalho Fonseca<br \/>\nAlexandre Gomes Lopes<\/p>\n<p>Aline Val\u00e9ria Ramos de Almeida<\/p>\n<p>\u00c1lvaro Martins Santos J\u00fanior<br \/>\nAna L\u00facia dos Santos e Santos<br \/>\nBarnab\u00e9 Loewenstein<br \/>\nDaniel Avelino Lima da Silva<br \/>\nFelipe Magalhaes Sancho<br \/>\nGenival Carvalho Batista<br \/>\nLuiz Felipe Magalh\u00e3es De Melo<br \/>\nLuize Santos de Queiroz<br \/>\nYves Marcel de Oliveira S\u00e3o Paulo<br \/>\nVagner de Souza Santos<\/p>\n<p>&#8212;&#8212;<\/p>\n<p>&nbsp;<\/p>\n<p>Doutorado<\/p>\n<p>Ana Mary Costa Bispo<br \/>\nAnna Paula de Ramos Campos<br \/>\nCamila de Souza Ez\u00eddio<br \/>\nCarine Rodrigues Correia Silva<br \/>\nGede\u00e3o Mendon\u00e7a de Moura<br \/>\nJo\u00e3o Batista Farias Junior<br \/>\nJos\u00e9 Roberto Silva de Oliveira<br \/>\nJuliana Barbosa Brito<br \/>\nJuliomar Marques Silva<br \/>\nKarla Cristhina Soares Sousa<br \/>\nManoel Pereira Lima J\u00fanior<br \/>\nTiago Medeiros Araujo<\/p>\n<p>&#8212;&#8212;<\/p>\n<p>&nbsp;<\/p>\n<p>NB: Ap\u00f3s o per\u00edodo de recursos, n\u00e3o houve altera\u00e7\u00e3o do resultado.<\/p>\n<p>&nbsp;<\/p>\n<p>&nbsp;<\/p>\n<p>5. Locais das provas escritas e escalonamento das provas orais<\/p>\n<p>&nbsp;<\/p>\n<p>Provas escritas (mestrado e doutorado): Salas do PPGF, na FFCH.<\/p>\n<p>As provas come\u00e7ar\u00e3o \u00e0s 08:00hs.<\/p>\n<p>&nbsp;<\/p>\n<p>Provas orais: Salas do PPGF, na FFCH.<\/p>\n<p>Pede-se aos candidatos que cheguem sempre com pelo menos 15 minutos de anteced\u00eancia.<\/p>\n<p>Provas orais &#8211; mestrado<\/p>\n<p>09:00<br \/>\nCandidato 1<\/p>\n<p>09:30<br \/>\nCandidato 2<\/p>\n<p>10:00<br \/>\nCandidato 3<\/p>\n<p>10:30<br \/>\nCandidato 4<\/p>\n<p>11:00<br \/>\nCandidato 5<\/p>\n<p>11:30<br \/>\nCandidato 6<\/p>\n<p>14:00<br \/>\nCandidato 7<\/p>\n<p>14:30<br \/>\nCandidato 8<\/p>\n<p>15:00<br \/>\nCandidato 9<\/p>\n<p>15:30<br \/>\nCandidato 10<\/p>\n<p>16:00<br \/>\nCandidato 11<\/p>\n<p>16:30<br \/>\nCandidato 12<\/p>\n<p>Candidato 13 prestou prova oral em 31 de mar\u00e7o.<\/p>\n<p>Provas orais &#8211; doutorado<\/p>\n<p>08:30<br \/>\nJo\u00e3o Batista Farias Junior<\/p>\n<p>09:00<br \/>\nAna Mary Costa Bispo<\/p>\n<p>09:30<br \/>\nAnna Paula de Ramos Campos<\/p>\n<p>10:00<br \/>\nCamila de Souza Ez\u00eddio<\/p>\n<p>10:30<br \/>\nCarine Rodrigues Correia Silva<\/p>\n<p>11:00<br \/>\nGede\u00e3o Mendon\u00e7a de Moura<\/p>\n<p>11:30<br \/>\nJos\u00e9 Roberto Silva de Oliveira<\/p>\n<p>14:00<br \/>\nJuliana Barbosa Brito<\/p>\n<p>14:30<br \/>\nJuliomar Marques Silva<\/p>\n<p>15:00<br \/>\nKarla Cristhina Soares Sousa<\/p>\n<p>15:30<br \/>\nManoel Pereira Lima J\u00fanior<\/p>\n<p>16:00<br \/>\nTiago Medeiros Araujo<\/p>\n<p>&nbsp;<\/p>\n<p>&nbsp;<\/p>\n<p>&nbsp;<\/p>\n<p>6. Resultado da 2a Etapa<\/p>\n<p>&nbsp;<\/p>\n<p>Candidatos que alcan\u00e7aram nota para aprova\u00e7\u00e3o, em ordem de classifica\u00e7\u00e3o:<\/p>\n<p>&nbsp;<\/p>\n<p>Mestrado<\/p>\n<p>&nbsp;<\/p>\n<p>Candidatos classificados Prova Escrita Prova Oral M\u00e9dia Final Prova de L\u00edngua<br \/>\nLuiz Felipe M. de Melo 10,0 9,0 9,5 Aprovado<br \/>\nLuize Santos de Queiroz 9,0 9,0 9,0 Reprovado<br \/>\nYves Marcel de O. S\u00e3o Paulo 7,5 8,5 8,0 Aprovado<br \/>\nDaniel Avelino Lima da Silva 7,5 8,0 7,75 Reprovado<br \/>\n\u00c1lvaro Martins Santos J\u00fanior 7,0 8,0 7,5 Reprovado<br \/>\nAline Val\u00e9ria de Almeida 6,8 8,0 7,4 Reprovado<br \/>\nGenival Carvalho Batista 6,7 8,0 7,35 Reprovado<br \/>\nAna L\u00facia dos Santos e Santos 6,5 7,8 7,15 Reprovado<br \/>\nAlexandre Barreiros de Carvalho Fonseca 6,5 7,5 7,0 Reprovado<\/p>\n<p>&nbsp;<\/p>\n<p>Doutorado<\/p>\n<p>NB: Nenhum candidato ao doutorado obteve nota suficiente para caracterizar profici\u00eancia na prova de l\u00edngua estrangeira, de modo que aqueles que ingressem no curso dever\u00e3o, em tempo regimental, submeter-se a novo exame de profici\u00eancia, ou apresentar um certificado aceite pelo colegiado. O edital fornece informa\u00e7\u00f5es espec\u00edficas sobre isso.<\/p>\n<p>Candidatos classificados Prova Escrita Prova Oral M\u00e9dia Final<br \/>\nKarla Cristhina Soares Souza<br \/>\n7,0 10,0 8,50<br \/>\nTiago Medeiros Ara\u00fajo<br \/>\n7,5 9,0 8,25<br \/>\nJuliana Barbosa Brito<br \/>\n7,0 9,0 8,00<br \/>\nGede\u00e3o Moura<br \/>\n7,0 8,5 7,75<br \/>\nAna Mary Costa Bispo<br \/>\n6,0 9,0 7,50<br \/>\nCarine Silva<br \/>\n6,0 8,5 7,25<br \/>\nJuliomar Silva<br \/>\n7,0 7,3 7,15<br \/>\nCamila de Souza Ezidio<br \/>\n7,0 7,0 7,00<\/p>\n<p>&nbsp;<\/p>\n<p>&nbsp;<\/p>\n<p>7. Resultado final do Processo Seletivo 2016<\/p>\n<p>&nbsp;<\/p>\n<p>CANDIDATOS APROVADOS NA SELE\u00c7\u00c3O DE MESTRADO 2016 POR ORDEM DE CLASSIFICA\u00c7\u00c3O:<\/p>\n<p>1. Luiz Felipe Magalh\u00e3es de Melo<br \/>\n2. Luize Santos de Queiroz<br \/>\n3. Yves Marcel de Oliveira S\u00e3o Paulo<br \/>\n4. Daniel Avelino Lima da Silva<br \/>\n5. \u00c1lvaro Martins Santos J\u00fanior<\/p>\n<p>6. Aline Val\u00e9ria Ramos de Almeida<br \/>\n7. Genival Carvalho Batista<br \/>\n8. Ana L\u00facia dos Santos e Santos<br \/>\n9. Alexandre Barreiros de Carvalho Fonseca<\/p>\n<p>&nbsp;<\/p>\n<p>&nbsp;<\/p>\n<p>CANDIDATOS APROVADOS NA SELE\u00c7\u00c3O DE DOUTORADO 2016 POR ORDEM DE CLASSIFICA\u00c7\u00c3O:<\/p>\n<p>1. Karla Cristhina Soares Souza<\/p>\n<p>2. Tiago Medeiros Ara\u00fajo<\/p>\n<p>3. Juliana Barbosa Brito<\/p>\n<p>4. Gede\u00e3o Mendon\u00e7a de Moura<\/p>\n<p>5. Ana Mary Costa Bispo<\/p>\n<p>6. Carine Rodrigues Correia Silva<\/p>\n<p>7. Juliomar Marques Silva<\/p>\n<p>8. Camila de Souza Ezidio<\/p>\n<p>&nbsp;<\/p>\n<p>Ao tempo em que parabenizamos os novos ingressantes e lhes damos as boas-vindas, solicitamos a gentileza de procederem \u00e0 leitura atenta de todos os Tutoriais e do Regimento do PPGF, contidos neste s\u00edtio (ver abas respectivas). Solicitamos ainda a todos o envio imediato da Certid\u00e3o de Quita\u00e7\u00e3o Eleitoral e, para homens, tamb\u00e9m c\u00f3pia do certificado de reservista, para o e-mail &lt;selecaoppgf@gmail.com&gt;, em mensagem com o assunto &#8220;Certid\u00e3o de Quita\u00e7\u00e3o Eleitoral e Certificado de Reservista&#8221;. A certid\u00e3o pode ser facilmente gerada aqui. Esse envio \u00e9 condi\u00e7\u00e3o para a gera\u00e7\u00e3o do n\u00famero de matr\u00edcula UFBA, que precisa ser feita o quanto antes. Em breve todos ser\u00e3o contactados via e-mail com instru\u00e7\u00f5es sobre a matr\u00edcula no programa e outras dilig\u00eancias iniciais.<\/p>\n<p>NB: As disciplinas ofertadas em 2016.1 j\u00e1 est\u00e3o listadas no s\u00edtio (ver aba respectiva).<\/p>\n","protected":false},"excerpt":{"rendered":"<p>Processo seletivo 2016 Nota Bene: D\u00favidas devem ser dirigidas a &lt;secretariappgf@ufba.br&gt;. Solicita-se a leitura atenta do Edital antes do envio de mensagens \u00e0 Secretaria. &nbsp; 1. Edital, Formul\u00e1rios, informa\u00e7\u00f5es adicionais 2. Cronograma 3. Inscri\u00e7\u00f5es homologadas 4. Resultados da 1a Etapa &hellip; <a href=\"https:\/\/blog.ufba.br\/posfilosofia\/processos-seletivos\/1154-2\/\">Continue lendo <span class=\"meta-nav\">&rarr;<\/span><\/a><\/p>\n","protected":false},"author":1,"featured_media":0,"parent":49,"menu_order":0,"comment_status":"closed","ping_status":"open","template":"","meta":{"_coblocks_attr":"","_coblocks_dimensions":"","_coblocks_responsive_height":"","_coblocks_accordion_ie_support":"","_themeisle_gutenberg_block_has_review":false,"footnotes":""},"class_list":["post-1154","page","type-page","status-publish","hentry"],"_links":{"self":[{"href":"https:\/\/blog.ufba.br\/posfilosofia\/wp-json\/wp\/v2\/pages\/1154"}],"collection":[{"href":"https:\/\/blog.ufba.br\/posfilosofia\/wp-json\/wp\/v2\/pages"}],"about":[{"href":"https:\/\/blog.ufba.br\/posfilosofia\/wp-json\/wp\/v2\/types\/page"}],"author":[{"embeddable":true,"href":"https:\/\/blog.ufba.br\/posfilosofia\/wp-json\/wp\/v2\/users\/1"}],"replies":[{"embeddable":true,"href":"https:\/\/blog.ufba.br\/posfilosofia\/wp-json\/wp\/v2\/comments?post=1154"}],"version-history":[{"count":0,"href":"https:\/\/blog.ufba.br\/posfilosofia\/wp-json\/wp\/v2\/pages\/1154\/revisions"}],"up":[{"embeddable":true,"href":"https:\/\/blog.ufba.br\/posfilosofia\/wp-json\/wp\/v2\/pages\/49"}],"wp:attachment":[{"href":"https:\/\/blog.ufba.br\/posfilosofia\/wp-json\/wp\/v2\/media?parent=1154"}],"curies":[{"name":"wp","href":"https:\/\/api.w.org\/{rel}","templated":true}]}}