{"id":506,"date":"2012-09-17T16:34:44","date_gmt":"2012-09-17T19:34:44","guid":{"rendered":"http:\/\/blog.ufba.br\/portaldoradio\/?page_id=506"},"modified":"2012-09-17T16:34:44","modified_gmt":"2012-09-17T19:34:44","slug":"expediente","status":"publish","type":"page","link":"https:\/\/blog.ufba.br\/portaldoradio\/expediente\/","title":{"rendered":"Expediente"},"content":{"rendered":"<p style=\"text-align: left\" align=\"center\"><strong>Realiza\u00e7\u00e3o<\/strong><\/p>\n<p style=\"text-align: left\" align=\"center\">Grupo de Pesquisa R\u00e1dio e M\u00eddia Sonora da Intercom<\/p>\n<p style=\"text-align: left\" align=\"center\">\n<p><strong>Coordena\u00e7\u00e3o geral<\/strong><\/p>\n<p>Debora Cristina Lopez &#8211; Coordenadora<\/p>\n<p>\u00c1lvaro Bufarah &#8211; Coordenador adjunto<\/p>\n<p>&nbsp;<\/p>\n<p><strong>Portal do R\u00e1dio<\/strong><\/p>\n<p><strong>Desenvolvimento do site<\/strong><\/p>\n<p>Paulo Pinheiro<\/p>\n<p>&nbsp;<\/p>\n<p><strong>Design do site<\/strong><\/p>\n<p>Vers\u00e3o atual: Juliana Gobbi e Debora Cristina Lopez<\/p>\n<p>Vers\u00e3o antiga: Janine Marques<\/p>\n<p>&nbsp;<\/p>\n<p><strong>Comiss\u00e3o de Comunica\u00e7\u00e3o do GP<\/strong><\/p>\n<p>Juliana Gobbi e\u00a0Bruno Balac\u00f3<\/p>\n<p>&nbsp;<\/p>\n<p><strong>Hospedagem do site<\/strong><\/p>\n<p>Universidade Federal da Bahia<\/p>\n<p>Respons\u00e1vel: Jonicael Cedraz<\/p>\n<p>&nbsp;<\/p>\n<p><strong>Comiss\u00e3o 90 anos do r\u00e1dio brasileiro<\/strong><\/p>\n<p>Adalberto Melo Ferreira, \u00c1lvaro Bufarah, Ana Luisa Gomes, Ant\u00f4nio Adami, Ant\u00f4nio Francisco Magnoni, Edgard Patr\u00edcio, Eduardo Meditsch, Eduardo Paiva, Eliana Albuquerque, Get\u00falio Neuremberg, Gisele Sayeg, Ismar Capistrano, Izani Mustaf\u00e1, Jandira Rezende, Jane Mesquita, Janine Marques Passini Lucht, Jonicael Cedraz, J\u00falia L\u00facia de Oliveira Albano da Silva, Juliana Gobbi Betti, Lenize Villa\u00e7a, Luiz Maranh\u00e3o, Marcos J\u00falio Sergl, Moacir Barbosa de Souza, Nair Prata, Nivaldo Marangoni, Norma Meireles, Paulo Pinheiro, Patr\u00edcia Rangel, Pedro Vaz, Roberto Santhias, Roger de Mendon\u00e7a Cruz, Rose Vidal, Sandra Garcia, Sheila Deretti, S\u00f4nia Caldas Pessoa, Tacyana Arce e Wanir Campelo.<\/p>\n<p>&nbsp;<\/p>\n","protected":false},"excerpt":{"rendered":"<p>Realiza\u00e7\u00e3o Grupo de Pesquisa R\u00e1dio e M\u00eddia Sonora da Intercom Coordena\u00e7\u00e3o geral Debora Cristina Lopez &#8211; Coordenadora \u00c1lvaro Bufarah &#8211; Coordenador adjunto &nbsp; Portal do R\u00e1dio Desenvolvimento do site Paulo Pinheiro &nbsp; Design do site Vers\u00e3o atual: Juliana Gobbi e &hellip; <a href=\"https:\/\/blog.ufba.br\/portaldoradio\/expediente\/\">Continue lendo <span class=\"meta-nav\">&rarr;<\/span><\/a><\/p>\n","protected":false},"author":123,"featured_media":0,"parent":0,"menu_order":8,"comment_status":"closed","ping_status":"closed","template":"","meta":{"_coblocks_attr":"","_coblocks_dimensions":"","_coblocks_responsive_height":"","_coblocks_accordion_ie_support":"","_themeisle_gutenberg_block_has_review":false,"footnotes":""},"class_list":["post-506","page","type-page","status-publish","hentry"],"_links":{"self":[{"href":"https:\/\/blog.ufba.br\/portaldoradio\/wp-json\/wp\/v2\/pages\/506"}],"collection":[{"href":"https:\/\/blog.ufba.br\/portaldoradio\/wp-json\/wp\/v2\/pages"}],"about":[{"href":"https:\/\/blog.ufba.br\/portaldoradio\/wp-json\/wp\/v2\/types\/page"}],"author":[{"embeddable":true,"href":"https:\/\/blog.ufba.br\/portaldoradio\/wp-json\/wp\/v2\/users\/123"}],"replies":[{"embeddable":true,"href":"https:\/\/blog.ufba.br\/portaldoradio\/wp-json\/wp\/v2\/comments?post=506"}],"version-history":[{"count":0,"href":"https:\/\/blog.ufba.br\/portaldoradio\/wp-json\/wp\/v2\/pages\/506\/revisions"}],"wp:attachment":[{"href":"https:\/\/blog.ufba.br\/portaldoradio\/wp-json\/wp\/v2\/media?parent=506"}],"curies":[{"name":"wp","href":"https:\/\/api.w.org\/{rel}","templated":true}]}}