{"id":942,"date":"2010-03-21T20:15:43","date_gmt":"2010-03-21T23:15:43","guid":{"rendered":"http:\/\/blog.ufba.br\/nlpretto\/?page_id=942"},"modified":"2010-03-21T20:15:43","modified_gmt":"2010-03-21T23:15:43","slug":"alem-das-redes","status":"publish","type":"page","link":"https:\/\/blog.ufba.br\/nelsonpretto\/publicacoes\/artigos-de-divulgacao\/alem-das-redes\/","title":{"rendered":"Alem das redes"},"content":{"rendered":"<p>Mat\u00e9ria  no jornal A Tarde de Salvador, de 16.09.2008, Caderno 2, pagina 03.<\/p>\n<div id=\"printArea\"><img decoding=\"async\" src=\"http:\/\/atarde.ideavalley.com.br\/theme\/atarde2\/imgs\/logo.gif\" alt=\"\" width=\"150\" \/> <\/p>\n<hr \/>\n<div id=\"dataMateria\">Salvador, Bahia<br \/>\nTer\u00e7a-Feira , 16\/09\/2008<\/div>\n<div id=\"caderno\">Caderno 2<\/div>\n<div id=\"tituloMateria\">\n<h3>PROFESSOR  NELSON PRETTO ORGANIZA LIVRO SOBRE INTERNET<\/h3>\n<\/div>\n<div id=\"textoMateria\"><strong>CHICO CASTRO JR<br \/>\n<\/strong> <strong><a href=\"mailto:ccastrojr@grupoatarde.com.br\">ccastrojr@grupoatarde.com.br<\/a><\/strong>Assunto aparentemente inesgot\u00e1vel, a internet e suas infinitas  possibilidades s\u00e3o o tema da publica\u00e7\u00e3o Al\u00e9m das redes de colabora\u00e7\u00e3o:  internet, diversidade cultural e tecnologias do poder (Edufba).  Organizado pelos professores Nelson Pretto, da Ufba, e S\u00e9rgio Amadeu, da  Faculdade Casper Libero (S\u00e3o Paulo), o livro tem lan\u00e7amento amanh\u00e3, \u00e0s  19 horas, no sagu\u00e3o do Instituto de Radiodifus\u00e3o Educativa da Bahia \u2013  Irdeb (Alto do Sobradinho).<\/p>\n<p>Para incrementar ainda mais o evento, a TVE exibir\u00e1 amanh\u00e3, \u00e0s 22  horas, uma edi\u00e7\u00e3o especial do programa TVE Debate, enfocando o tema O  futuro da internet.<\/p>\n<p>Participar\u00e3o os seguintes debatedores: Jo\u00e3o Brant, do Intervozes,  Andr\u00e9 Lemos, da FacomUfba<a title=\"Criar este t\u00f3pico\" rel=\"nofollow\" href=\"http:\/\/twiki.ufba.br\/twiki\/bin\/edit\/Pretto\/FacomUfba?topicparent=Pretto.AlemRedes\">?<\/a> e o pr\u00f3prio Nelson Pretto, representando a Faculdade de Educa\u00e7\u00e3o da  Ufba.<\/p>\n<p>Como conv\u00e9m \u00e0s obras intimamente ligadas \u00e0s redes virtuais \u2013 sejam de  colabora\u00e7\u00e3o ou n\u00e3o \u2013, o livro foi registrado junto \u00e0s licen\u00e7as CC \u2013  Creative Commons\u2013, que liberam parte dos direitos autorais e a livre  distribui\u00e7\u00e3o de conte\u00fados.<\/p>\n<p><strong>NA INTERNET<\/strong> \u2013 Portanto, quem n\u00e3o puder desembolsar R$ 35 para  adquirir a vers\u00e3o f\u00edsica do livro, poder\u00e1 baix\u00e1-lo gratuitamente direto  do seu site em formato PDF. Basta ir ao site <a href=\"http:\/\/rn\/\" target=\"_top\" rel=\"noopener\">http:\/\/rn.softwarelivre.org\/alemdasredes<\/a>,  que sua vers\u00e3o integral est\u00e1 l\u00e1 disponibilizada para todos.<\/p>\n<p>Segundo o soci\u00f3logo e co-organizador S\u00e9rgio Amadeu, a inten\u00e7\u00e3o do  livro \u00e9 \u201cdiscutir as possibilidades democratizantes de compartilhamento  do conhecimento jamais vistas, al\u00e9m da forma\u00e7\u00e3o de uma sociedade de  controle que busca utilizar as tecnologias para concentrar poder e  conter a criatividade, expandindo e ampliando a apropria\u00e7\u00e3o privada  sobre o que \u00e9 comum&#8221;.<\/p>\n<p>Composto de 12 textos assinados por igual n\u00famero de diferentes  estudiosos do assunto, Al\u00e9m das redes de colabora\u00e7\u00e3o: internet,  diversidade cultural e tecnologias do poder converte-se, desde j\u00e1, em  preciosa fonte de informa\u00e7\u00e3o e pesquisa n\u00e3o apenas para acad\u00eamicos, mas  para qualquer pessoa que se interesse pelos temas abordados no volume.<\/p>\n<p>Al\u00e9m dos dois organizadores, \u00e9 poss\u00edvel destacar outros autores bem  conhecidos por quem milita na \u00e1rea da comunica\u00e7\u00e3o, como o cineasta e  m\u00fasico ga\u00facho Carlos Gerbase (com o texto A fabrica\u00e7\u00e3o da verdade no  debate sobre direitos autorais no Brasil), o pesquisador paulista Jo\u00e3o  Brant (O lugar da educa\u00e7\u00e3o no confronto entre colabora\u00e7\u00e3o e competi\u00e7\u00e3o) e  a professora da Puc-SP Marijane Vieira Lisboa (Cultura e natureza: o  que o software tem a ver com os transg\u00eanicos?), entre outros.<\/p>\n<p>Al\u00e9m dos textos, o livro ainda apresenta depoimentos de diversos  autores e artistas, como o apresentador do CQC, Marc elo Tas, o rapper  BNeg\u00e3o e o paraense \u00c9zio Lamarca, fundador do Grupo Linux Pai d?\u00c9gua.<\/p>\n<\/div>\n<\/div>\n<h2><a name=\"Al\u00e9m_das_redes_de_colabora\u00e7\u00e3o_in\"><\/a><\/h2>\n","protected":false},"excerpt":{"rendered":"<p>Mat\u00e9ria no jornal A Tarde de Salvador, de 16.09.2008, Caderno 2, pagina 03. Salvador, Bahia Ter\u00e7a-Feira , 16\/09\/2008 Caderno 2 PROFESSOR NELSON PRETTO ORGANIZA LIVRO SOBRE INTERNET CHICO CASTRO JR ccastrojr@grupoatarde.com.brAssunto aparentemente inesgot\u00e1vel, a internet e suas infinitas possibilidades s\u00e3o o tema da publica\u00e7\u00e3o Al\u00e9m das redes de colabora\u00e7\u00e3o: internet, diversidade cultural e tecnologias do poder (Edufba). Organizado pelos professores Nelson Pretto, da Ufba, e S\u00e9rgio Amadeu, da Faculdade Casper Libero (S\u00e3o Paulo), o livro tem lan\u00e7amento amanh\u00e3, \u00e0s 19 horas, no sagu\u00e3o do Instituto de Radiodifus\u00e3o Educativa da Bahia \u2013 Irdeb (Alto do Sobradinho). Para incrementar ainda mais o evento, a TVE exibir\u00e1 amanh\u00e3, \u00e0s 22 horas, uma edi\u00e7\u00e3o especial do programa TVE Debate, enfocando o tema O futuro da internet. Participar\u00e3o os seguintes debatedores: Jo\u00e3o Brant, do Intervozes, Andr\u00e9 Lemos, da FacomUfba? e o pr\u00f3prio Nelson Pretto, representando a Faculdade de Educa\u00e7\u00e3o da Ufba. Como conv\u00e9m \u00e0s obras intimamente ligadas \u00e0s redes virtuais \u2013 sejam de colabora\u00e7\u00e3o ou n\u00e3o \u2013, o livro foi registrado junto \u00e0s licen\u00e7as CC \u2013 Creative Commons\u2013, que liberam parte dos direitos autorais e a livre distribui\u00e7\u00e3o de conte\u00fados. NA INTERNET \u2013 Portanto, quem n\u00e3o puder desembolsar R$ 35 para adquirir a vers\u00e3o f\u00edsica do livro, poder\u00e1 baix\u00e1-lo gratuitamente direto do seu site em formato PDF. Basta ir ao site http:\/\/rn.softwarelivre.org\/alemdasredes, que sua vers\u00e3o integral est\u00e1 l\u00e1 disponibilizada para todos. Segundo o soci\u00f3logo e co-organizador S\u00e9rgio Amadeu, a inten\u00e7\u00e3o do livro \u00e9 \u201cdiscutir as possibilidades democratizantes de compartilhamento do conhecimento jamais vistas, al\u00e9m da forma\u00e7\u00e3o de uma sociedade de controle que busca utilizar as tecnologias para concentrar poder e conter a criatividade, expandindo e ampliando a apropria\u00e7\u00e3o privada sobre o que \u00e9 comum&#8221;. Composto de 12 textos assinados por igual n\u00famero de diferentes estudiosos do assunto, Al\u00e9m das redes de colabora\u00e7\u00e3o: internet, diversidade cultural e tecnologias do poder converte-se, desde j\u00e1, em preciosa fonte de informa\u00e7\u00e3o e pesquisa n\u00e3o apenas para acad\u00eamicos, mas para qualquer pessoa que se interesse pelos temas abordados no volume. Al\u00e9m dos dois organizadores, \u00e9 poss\u00edvel destacar outros autores bem conhecidos por quem milita na \u00e1rea da comunica\u00e7\u00e3o, como o cineasta e m\u00fasico ga\u00facho Carlos Gerbase (com o texto A fabrica\u00e7\u00e3o da verdade no debate sobre direitos autorais no Brasil), o pesquisador paulista Jo\u00e3o Brant (O lugar da educa\u00e7\u00e3o no confronto entre colabora\u00e7\u00e3o e competi\u00e7\u00e3o) e a professora da Puc-SP Marijane Vieira Lisboa (Cultura e natureza: o que o software tem a ver com os transg\u00eanicos?), entre outros. Al\u00e9m dos textos, o livro ainda apresenta depoimentos de diversos autores e artistas, como o apresentador do CQC, Marc elo Tas, o rapper BNeg\u00e3o e o paraense \u00c9zio Lamarca, fundador do Grupo Linux Pai d?\u00c9gua.<\/p>\n","protected":false},"author":9,"featured_media":0,"parent":297,"menu_order":0,"comment_status":"closed","ping_status":"closed","template":"page-2col-left.php","meta":{"pgc_meta":"","_coblocks_attr":"","_coblocks_dimensions":"","_coblocks_responsive_height":"","_coblocks_accordion_ie_support":"","ocean_post_layout":"","ocean_both_sidebars_style":"","ocean_both_sidebars_content_width":0,"ocean_both_sidebars_sidebars_width":0,"ocean_sidebar":"","ocean_second_sidebar":"","ocean_disable_margins":"enable","ocean_add_body_class":"","ocean_shortcode_before_top_bar":"","ocean_shortcode_after_top_bar":"","ocean_shortcode_before_header":"","ocean_shortcode_after_header":"","ocean_has_shortcode":"","ocean_shortcode_after_title":"","ocean_shortcode_before_footer_widgets":"","ocean_shortcode_after_footer_widgets":"","ocean_shortcode_before_footer_bottom":"","ocean_shortcode_after_footer_bottom":"","ocean_display_top_bar":"default","ocean_display_header":"default","ocean_header_style":"","ocean_center_header_left_menu":"","ocean_custom_header_template":"","ocean_custom_logo":0,"ocean_custom_retina_logo":0,"ocean_custom_logo_max_width":0,"ocean_custom_logo_tablet_max_width":0,"ocean_custom_logo_mobile_max_width":0,"ocean_custom_logo_max_height":0,"ocean_custom_logo_tablet_max_height":0,"ocean_custom_logo_mobile_max_height":0,"ocean_header_custom_menu":"","ocean_menu_typo_font_family":"","ocean_menu_typo_font_subset":"","ocean_menu_typo_font_size":0,"ocean_menu_typo_font_size_tablet":0,"ocean_menu_typo_font_size_mobile":0,"ocean_menu_typo_font_size_unit":"px","ocean_menu_typo_font_weight":"","ocean_menu_typo_font_weight_tablet":"","ocean_menu_typo_font_weight_mobile":"","ocean_menu_typo_transform":"","ocean_menu_typo_transform_tablet":"","ocean_menu_typo_transform_mobile":"","ocean_menu_typo_line_height":0,"ocean_menu_typo_line_height_tablet":0,"ocean_menu_typo_line_height_mobile":0,"ocean_menu_typo_line_height_unit":"","ocean_menu_typo_spacing":0,"ocean_menu_typo_spacing_tablet":0,"ocean_menu_typo_spacing_mobile":0,"ocean_menu_typo_spacing_unit":"","ocean_menu_link_color":"","ocean_menu_link_color_hover":"","ocean_menu_link_color_active":"","ocean_menu_link_background":"","ocean_menu_link_hover_background":"","ocean_menu_link_active_background":"","ocean_menu_social_links_bg":"","ocean_menu_social_hover_links_bg":"","ocean_menu_social_links_color":"","ocean_menu_social_hover_links_color":"","ocean_disable_title":"default","ocean_disable_heading":"default","ocean_post_title":"","ocean_post_subheading":"","ocean_post_title_style":"","ocean_post_title_background_color":"","ocean_post_title_background":0,"ocean_post_title_bg_image_position":"","ocean_post_title_bg_image_attachment":"","ocean_post_title_bg_image_repeat":"","ocean_post_title_bg_image_size":"","ocean_post_title_height":0,"ocean_post_title_bg_overlay":0.5,"ocean_post_title_bg_overlay_color":"","ocean_disable_breadcrumbs":"default","ocean_breadcrumbs_color":"","ocean_breadcrumbs_separator_color":"","ocean_breadcrumbs_links_color":"","ocean_breadcrumbs_links_hover_color":"","ocean_display_footer_widgets":"default","ocean_display_footer_bottom":"default","ocean_custom_footer_template":"","_themeisle_gutenberg_block_has_review":false,"footnotes":""},"class_list":["post-942","page","type-page","status-publish","hentry","entry"],"pgc_meta":"","_links":{"self":[{"href":"https:\/\/blog.ufba.br\/nelsonpretto\/wp-json\/wp\/v2\/pages\/942"}],"collection":[{"href":"https:\/\/blog.ufba.br\/nelsonpretto\/wp-json\/wp\/v2\/pages"}],"about":[{"href":"https:\/\/blog.ufba.br\/nelsonpretto\/wp-json\/wp\/v2\/types\/page"}],"author":[{"embeddable":true,"href":"https:\/\/blog.ufba.br\/nelsonpretto\/wp-json\/wp\/v2\/users\/9"}],"replies":[{"embeddable":true,"href":"https:\/\/blog.ufba.br\/nelsonpretto\/wp-json\/wp\/v2\/comments?post=942"}],"version-history":[{"count":0,"href":"https:\/\/blog.ufba.br\/nelsonpretto\/wp-json\/wp\/v2\/pages\/942\/revisions"}],"up":[{"embeddable":true,"href":"https:\/\/blog.ufba.br\/nelsonpretto\/wp-json\/wp\/v2\/pages\/297"}],"wp:attachment":[{"href":"https:\/\/blog.ufba.br\/nelsonpretto\/wp-json\/wp\/v2\/media?parent=942"}],"curies":[{"name":"wp","href":"https:\/\/api.w.org\/{rel}","templated":true}]}}