{"id":792,"date":"2010-03-19T00:26:18","date_gmt":"2010-03-19T03:26:18","guid":{"rendered":"http:\/\/blog.ufba.br\/nlpretto\/?page_id=792"},"modified":"2010-03-19T00:26:18","modified_gmt":"2010-03-19T03:26:18","slug":"onde-esta-pretto-em-2009","status":"publish","type":"page","link":"https:\/\/blog.ufba.br\/nelsonpretto\/onde-esta-pretto\/onde-esta-pretto-em-2009\/","title":{"rendered":"Onde est\u00e1 Pretto em 2009?"},"content":{"rendered":"<h1><a href=\"http:\/\/blog.ufba.br\/nlpretto\/files\/2010\/02\/onde_pretto.gif\"><img decoding=\"async\" title=\"Onde est\u00e1 Pretto\" src=\"http:\/\/blog.ufba.br\/nlpretto\/files\/2010\/02\/onde_pretto.gif\" alt=\"\" width=\"219\" height=\"165\" \/><\/a><\/h1>\n<h2><span style=\"color: #000000\">Janeiro<br \/>\n<\/span><\/h2>\n<p><span style=\"color: #000000\"> <\/span><\/p>\n<h2><span style=\"color: #000000\"><a name=\"Fevereiro_de_2009\"><\/a>Fevereiro<br \/>\n<\/span><\/h2>\n<p><span style=\"color: #000000\">18.02.2009 = Nottingham, UK &#8211; Nottingham Trent University. Seminar: <a href=\"http:\/\/nelsonpretto.livejournal.com\/41509.html\" target=\"_blank\" rel=\"noopener\">Education and collective production of knowledge: the role of open source <\/a><\/span><\/p>\n<h2><span style=\"color: #000000\"><a name=\"Mar\u00e7o_de_2009\"><\/a>Mar\u00e7o<\/span><\/h2>\n<p><span style=\"color: #000000\"> <\/span><\/p>\n<h2><span style=\"color: #000000\"><a name=\"Abril_de_2009\"><\/a>Abril<\/span><\/h2>\n<p><span style=\"color: #000000\">29\/4 a 01\/05\/2009 &#8211; Leicester\/UK. Centre for Philosophy and Political Economy, University of Leicester School of Management. Seminar: <a title=\"State of  things...\" href=\"http:\/\/www.le.ac.uk\/ulsm\/research\/cppe\/state.html\" target=\"_blank\" rel=\"noopener\">State of Things: Towards a Political Economy of Artifice and Artefacts<\/a>. Paper: &#8220;Education, Culture e <em>p2p<\/em> production: collaborative production of knowledge by\/to schools&#8221; <\/span><\/p>\n<p><span style=\"color: #000000\"> <\/span><\/p>\n<h2><span style=\"color: #000000\"><a name=\"Maio_de_2009\"><\/a>Maio<\/span><\/h2>\n<p><span style=\"color: #000000\"> <\/span><\/p>\n<h2><span style=\"color: #000000\"><a name=\"Junho_de_2009\"><\/a>Junho<\/span><\/h2>\n<p><span style=\"color: #000000\"> <\/span><\/p>\n<h2><span style=\"color: #000000\"><a name=\"Julho_de_2009\"><\/a>Julho<\/span><\/h2>\n<p><span style=\"color: #000000\">Retorno ao Brasil. Final do P\u00f3s-doutoramento <\/span><\/p>\n<p><span style=\"color: #000000\"> <\/span><\/p>\n<h2><span style=\"color: #000000\"><a name=\"Agosto_de_2009\"><\/a>Agosto<\/span><\/h2>\n<p><span style=\"color: #000000\">10.08.2009 &#8211; Salvador\/BA. UFBA. In\u00edcio do Semestre <\/span><\/p>\n<p><span style=\"color: #000000\">17 a 19.08.2009 &#8211; S\u00e3o Leopoldo\/RS. Unisinos. <a href=\"http:\/\/www.unisinos.br\/eventos\/congresso_educacao\" target=\"_top\" rel=\"noopener\">VI Congresso Internacional de Educa\u00e7\u00e3o<\/a>. Veja na pagina dos eventos a apresenta\u00e7\u00e3o j\u00e1 dispon\u00edvel para uso. <\/span><\/p>\n<p><span style=\"color: #000000\">Aula de <a href=\"http:\/\/www.moodle.com.br\/\" target=\"_top\" rel=\"noopener\">polemicas contempor\u00e2neas <\/a><\/span><\/p>\n<p><span style=\"color: #000000\"> <\/span><\/p>\n<h2><span style=\"color: #000000\"><a name=\"Setembro_de_2009\"><\/a>Setembro<\/span><\/h2>\n<p><span style=\"color: #000000\"> <\/span><\/p>\n<h2><span style=\"color: #000000\"><a name=\"Outubro_de_2009\"><\/a>Outubro<\/span><\/h2>\n<p><span style=\"color: #000000\"> <\/span><\/p>\n<h2><span style=\"color: #000000\"><a name=\"Novembro_de_2009\"><\/a>Novembro<\/span><\/h2>\n<p><span style=\"color: #000000\"> <\/span><\/p>\n<h2><span style=\"color: #000000\"><a name=\"Dezembro_de_2009\"><\/a>Dezembro<\/span><\/h2>\n<p style=\"text-align: right\"><span style=\"color: #000000\"><em>Vamo que vamo pr\u00e1<\/em> 2010&#8230; ueba!!<\/span><\/p>\n","protected":false},"excerpt":{"rendered":"<p>Janeiro Fevereiro 18.02.2009 = Nottingham, UK &#8211; Nottingham Trent University. Seminar: Education and collective production of knowledge: the role of open source Mar\u00e7o Abril 29\/4 a 01\/05\/2009 &#8211; Leicester\/UK. Centre for Philosophy and Political Economy, University of Leicester School of Management. Seminar: State of Things: Towards a Political Economy of Artifice and Artefacts. Paper: &#8220;Education, Culture e p2p production: collaborative production of knowledge by\/to schools&#8221; Maio Junho Julho Retorno ao Brasil. Final do P\u00f3s-doutoramento Agosto 10.08.2009 &#8211; Salvador\/BA. UFBA. In\u00edcio do Semestre 17 a 19.08.2009 &#8211; S\u00e3o Leopoldo\/RS. Unisinos. VI Congresso Internacional de Educa\u00e7\u00e3o. Veja na pagina dos eventos a apresenta\u00e7\u00e3o j\u00e1 dispon\u00edvel para uso. Aula de polemicas contempor\u00e2neas Setembro Outubro Novembro Dezembro Vamo que vamo pr\u00e1 2010&#8230; ueba!!<\/p>\n","protected":false},"author":9,"featured_media":0,"parent":227,"menu_order":0,"comment_status":"closed","ping_status":"closed","template":"page-2col-left.php","meta":{"pgc_meta":"","_coblocks_attr":"","_coblocks_dimensions":"","_coblocks_responsive_height":"","_coblocks_accordion_ie_support":"","ocean_post_layout":"","ocean_both_sidebars_style":"","ocean_both_sidebars_content_width":0,"ocean_both_sidebars_sidebars_width":0,"ocean_sidebar":"","ocean_second_sidebar":"","ocean_disable_margins":"enable","ocean_add_body_class":"","ocean_shortcode_before_top_bar":"","ocean_shortcode_after_top_bar":"","ocean_shortcode_before_header":"","ocean_shortcode_after_header":"","ocean_has_shortcode":"","ocean_shortcode_after_title":"","ocean_shortcode_before_footer_widgets":"","ocean_shortcode_after_footer_widgets":"","ocean_shortcode_before_footer_bottom":"","ocean_shortcode_after_footer_bottom":"","ocean_display_top_bar":"default","ocean_display_header":"default","ocean_header_style":"","ocean_center_header_left_menu":"","ocean_custom_header_template":"","ocean_custom_logo":0,"ocean_custom_retina_logo":0,"ocean_custom_logo_max_width":0,"ocean_custom_logo_tablet_max_width":0,"ocean_custom_logo_mobile_max_width":0,"ocean_custom_logo_max_height":0,"ocean_custom_logo_tablet_max_height":0,"ocean_custom_logo_mobile_max_height":0,"ocean_header_custom_menu":"","ocean_menu_typo_font_family":"","ocean_menu_typo_font_subset":"","ocean_menu_typo_font_size":0,"ocean_menu_typo_font_size_tablet":0,"ocean_menu_typo_font_size_mobile":0,"ocean_menu_typo_font_size_unit":"px","ocean_menu_typo_font_weight":"","ocean_menu_typo_font_weight_tablet":"","ocean_menu_typo_font_weight_mobile":"","ocean_menu_typo_transform":"","ocean_menu_typo_transform_tablet":"","ocean_menu_typo_transform_mobile":"","ocean_menu_typo_line_height":0,"ocean_menu_typo_line_height_tablet":0,"ocean_menu_typo_line_height_mobile":0,"ocean_menu_typo_line_height_unit":"","ocean_menu_typo_spacing":0,"ocean_menu_typo_spacing_tablet":0,"ocean_menu_typo_spacing_mobile":0,"ocean_menu_typo_spacing_unit":"","ocean_menu_link_color":"","ocean_menu_link_color_hover":"","ocean_menu_link_color_active":"","ocean_menu_link_background":"","ocean_menu_link_hover_background":"","ocean_menu_link_active_background":"","ocean_menu_social_links_bg":"","ocean_menu_social_hover_links_bg":"","ocean_menu_social_links_color":"","ocean_menu_social_hover_links_color":"","ocean_disable_title":"default","ocean_disable_heading":"default","ocean_post_title":"","ocean_post_subheading":"","ocean_post_title_style":"","ocean_post_title_background_color":"","ocean_post_title_background":0,"ocean_post_title_bg_image_position":"","ocean_post_title_bg_image_attachment":"","ocean_post_title_bg_image_repeat":"","ocean_post_title_bg_image_size":"","ocean_post_title_height":0,"ocean_post_title_bg_overlay":0.5,"ocean_post_title_bg_overlay_color":"","ocean_disable_breadcrumbs":"default","ocean_breadcrumbs_color":"","ocean_breadcrumbs_separator_color":"","ocean_breadcrumbs_links_color":"","ocean_breadcrumbs_links_hover_color":"","ocean_display_footer_widgets":"default","ocean_display_footer_bottom":"default","ocean_custom_footer_template":"","_themeisle_gutenberg_block_has_review":false,"footnotes":""},"class_list":["post-792","page","type-page","status-publish","hentry","entry"],"pgc_meta":"","_links":{"self":[{"href":"https:\/\/blog.ufba.br\/nelsonpretto\/wp-json\/wp\/v2\/pages\/792"}],"collection":[{"href":"https:\/\/blog.ufba.br\/nelsonpretto\/wp-json\/wp\/v2\/pages"}],"about":[{"href":"https:\/\/blog.ufba.br\/nelsonpretto\/wp-json\/wp\/v2\/types\/page"}],"author":[{"embeddable":true,"href":"https:\/\/blog.ufba.br\/nelsonpretto\/wp-json\/wp\/v2\/users\/9"}],"replies":[{"embeddable":true,"href":"https:\/\/blog.ufba.br\/nelsonpretto\/wp-json\/wp\/v2\/comments?post=792"}],"version-history":[{"count":0,"href":"https:\/\/blog.ufba.br\/nelsonpretto\/wp-json\/wp\/v2\/pages\/792\/revisions"}],"up":[{"embeddable":true,"href":"https:\/\/blog.ufba.br\/nelsonpretto\/wp-json\/wp\/v2\/pages\/227"}],"wp:attachment":[{"href":"https:\/\/blog.ufba.br\/nelsonpretto\/wp-json\/wp\/v2\/media?parent=792"}],"curies":[{"name":"wp","href":"https:\/\/api.w.org\/{rel}","templated":true}]}}