{"id":782,"date":"2010-03-19T00:23:28","date_gmt":"2010-03-19T03:23:28","guid":{"rendered":"http:\/\/blog.ufba.br\/nlpretto\/?page_id=782"},"modified":"2010-03-19T00:23:28","modified_gmt":"2010-03-19T03:23:28","slug":"onde-esta-pretto-em-2004","status":"publish","type":"page","link":"https:\/\/blog.ufba.br\/nelsonpretto\/onde-esta-pretto\/onde-esta-pretto-em-2004\/","title":{"rendered":"Onde est\u00e1 Pretto em 2004?"},"content":{"rendered":"<h1><a href=\"http:\/\/blog.ufba.br\/nlpretto\/files\/2010\/02\/onde_pretto.gif\"><img decoding=\"async\" title=\"Onde est\u00e1 Pretto\" src=\"http:\/\/blog.ufba.br\/nlpretto\/files\/2010\/02\/onde_pretto.gif\" alt=\"\" width=\"219\" height=\"165\" \/><\/a><\/h1>\n<h3>Janeiro<\/h3>\n<ul>\n<li>09\/01\/04 &#8211; Salvador\/BA: FACED. Congrega\u00e7\u00e3o aberta. Presta\u00e7\u00e3o de contas da gest\u00e3o 2000\/2004<\/li>\n<li>12\/01\/04 &#8211;\u00a0 Salvador\/BA: FACED. Banca de Monografia de Luciene.<\/li>\n<li>13\/04\/04 &#8211; Salvador\/BA: Posse para o novo per\u00edodo na dire\u00e7\u00e3o da FACED, com Mary Arapiraca<\/li>\n<li>19\/01\/04 &#8211;\u00a0 Salvador\/BA: Escola de M\u00fasica. Banca de Doutorado. Regina<\/li>\n<li>26\/01 a 09\/02\/04 &#8211; f\u00e9rias 2004.<\/li>\n<\/ul>\n<h3>Fevereiro<\/h3>\n<ul>\n<li>dia dois de fevereiro, dia de festa no mar.. eu quero ser o primeiro, a salvar yemanj\u00e1&#8230; <em>epar\u00ea<\/em>!!!&#8230;<\/li>\n<li>04\/02\/04 &#8211; Salvador\/BA..<\/li>\n<li>10\/02\/04 &#8211; Salvador\/BA &#8211; Debate sobre Reforma Universit\u00e1ria. Promo\u00e7\u00e3o da <a href=\"http:\/\/www.apub.org\/\">APUB<\/a>.<\/li>\n<li>10\/02\/04 &#8211; Salvador\/BA &#8211; na Reitoria da UFBA. Lan\u00e7amento do livro <a href=\"http:\/\/www.faced.ufba.br\/serpa\/lancamento_livro_felippe.htm\">Rascunho Digital: di\u00e1logos com Felippe Serpa<\/a>. De +! um mesa redonda com Nice Americano, Paulo Costa Lima, Dante Galeffi e eu para falarmos do nosso grande mestre e amigo Felippe&#8230;.<\/li>\n<li>19\/02\/03 &#8211; <span style=\"font-size: large\"><span style=\"color: #ff0000\">\u00e9<\/span> <span style=\"color: #00ff00\">c<\/span><span style=\"color: #0000ff\">a<\/span>r<span style=\"color: #ff0000\">na<\/span><span style=\"color: #800080\">v<\/span><span style=\"color: #cc33ff\">al<\/span> <span style=\"color: #0000ff\">n<\/span><span style=\"color: #00ff00\">a<\/span> <span style=\"color: #ff0000\">Ba<\/span><span style=\"color: #ffff00\">h<\/span>i<span style=\"color: #800080\">a<\/span>, <span style=\"color: #ffff00\">m<\/span>e<span style=\"color: #ff0000\">u<\/span> <span style=\"color: #00ff00\">po<\/span>v<span style=\"color: #cc3300\">o<\/span>!!!!<\/span><br \/>\n<a href=\"http:\/\/www.carnaval.salvador.ba.gov.br\/index.asp\"><img decoding=\"async\" src=\"http:\/\/www2.ufba.br\/%7Epretto\/images\/onde\/carnaval2003.gif\" border=\"0\" alt=\"\" width=\"144\" height=\"67\" \/><br \/>\n<\/a>pelas ruas da cidade&#8230; <a href=\"http:\/\/www.carnaval.salvador.ba.gov.br\/\">o carnaval come\u00e7a j\u00e1 em Salvador<\/a>&#8230; <em>atr\u00e1s do trio el\u00e9trico, s\u00f3 n\u00e3o vai quem j\u00e1 morreu&#8230;<\/em><\/li>\n<\/ul>\n<h3>Mar\u00e7o<\/h3>\n<ul>\n<li>05\/03\/2004 &#8211; Porto Alegre\/RS &#8211; Banca de Doutorado de <a href=\"http:\/\/vitoria.upf.tche.br\/%7Eteixeira\">Adriano Teixeira<\/a>.<\/li>\n<li>19\/03\/2003 &#8211; Salvador\/BA. Departamento de Ci\u00eancia da Computa\u00e7\u00e3o: Palestra &#8220;Os Desafios da Sociedade da Informa\u00e7\u00e3o&#8221;. Conta <a href=\"mailto:claudiag@ufba.br\">Profa. Cl\u00e1udia Gama<\/a><\/li>\n<li>24\/04\/2004 &#8211; S\u00e3o Luiz\/MA. <a href=\"http:\/\/www.sbpcnet.org.br\/sbpc.html\">Reuni\u00e3o Regional da SBPC<\/a>. Mesa redonda: Ensino Virtual e a dist\u00e2ncia, com Marcos Dantas (SEED\/MEC, Nelson Pretto e &#8230;.<\/li>\n<li>31\/03\/2004 &#8211; Belo Horizonte\/MG. Faculdade de Educa\u00e7\u00e3o\/UFMG. Banca de Mestrado ( Indicadores de g\u00eaneros educativos na m\u00eddia radiof\u00f4nica) de <a href=\"mailto:paulabossler@hotmail.com\">Ana Paula Bossler da Costa<\/a> Banca: Silvania Sousa do Nascimento &#8211; FaE\/UFMG (orientador), Bernardo Jefferson Oliveira &#8211; FaE\/UFMG e Nelson de Luca Pretto (FACED\/UFBA)<\/li>\n<\/ul>\n<h3>Abril<\/h3>\n<ul>\n<li>13\/04\/04 &#8211; Salvador\/BA. UFBA\/FACOM. <a href=\"http:\/\/www.facom.ufba.br\/ciberpesquisa\/ciberurbe\/\">Ciberurbe<\/a>. Mesa redonda.\u00a0INCLUS\u00c3O E EXCLUS\u00c3O DIGITAL. Particpantes:<br \/>\n* Pol\u00edticas de Inclus\u00e3o Digital: o Caso do Liceu de Artes e Of\u00edcios de Salvador\/Othon Jambeiro, Coordenador do Mestrado em Ci\u00eancia da Informa\u00e7\u00e3o (ICI\/UFBA).<br \/>\n* Inclus\u00e3o e a Conquista da Cidadania.<br \/>\nRafael Lucchesi, Secret\u00e1rio de Ciencia e Tecnologia do Estado da Bahia (SECTI).<br \/>\n* O impacto da democratiza\u00e7\u00e3o da inform\u00e1tica em comunidades carentes.<br \/>\nKleber Bernardes, Presidente do CDI &#8211; BA.<br \/>\n* Cip\u00f3 e a Inclus\u00e3o Digital.<br \/>\nAnna Penido, Presidente da Cip\u00f3 &#8211; Comunica\u00e7\u00e3o Interativa.<br \/>\n* Tabuleiro Digital.<br \/>\nNelson Pretto, Diretor da Faced\/UFBA.<\/li>\n<li>16\/04\/04 &#8211; Salvador\/BA. Centro de Conven\u00e7\u00f5es. Oficina Educa\u00e7\u00e3o do Confer\u00eancia da Juventude, organizada pela Comiss\u00e3o Especial para a Juventude da C\u00e2mara dos Deputador.<\/li>\n<li>19\/04\/04. Teresina\/PI. Reuni\u00e3o Regional da <a href=\"http:\/\/www.sbpcnet.org.br\/\">SBPC<\/a>. Confer\u00eancia: Confer\u00eancia AS TECNOLOGIAS DA INFORMA\u00c7\u00c3O DESAFIAM A EDUCA\u00c7\u00c3O.<\/li>\n<li>19 a 23\/04\/03 &#8211; Rio\/RJ &#8211; 4\u00aa C\u00fapula Mundial M\u00eddia e Crian\u00e7a<\/li>\n<li>22 e 23\/04\/04. Serrinha\/BA. Forum de Diretores das Faculdades de Educa\u00e7\u00e3o. Regional Nordeste.<\/li>\n<li>30\/04\/04. Salvador\/BA. UFBA\/Instituto de F\u00edsica. Banca de Mestrado de Rose &#8230; Banca:\u00a0 Robinson Ten\u00f3rio (orientador)<\/li>\n<\/ul>\n<h3>Maio<\/h3>\n<ul>\n<li>03 e 04\/05\/04 &#8211; Recife\/PE. V CONED.<\/li>\n<li>06\/05\/2004 &#8211; Salvador\/BA. UFBA\/FACED. Banca de disserta\u00e7\u00e3o de Patricia Magris (minha orientanda). <strong>Escola-Cidade, Cidade-Escola: espa\u00e7os de aprendizagem do tempo agora<\/strong>. Composi\u00e7\u00e3o da banca: Teresinha Fr\u00f3es (UFBA), Edson Vicente da Silva (UFCear\u00e1) e Nelson Pretto (orientador)<\/li>\n<li>07\/05\/2004 &#8211; Salvador\/BA. UFBA\/CETAD &#8211; F\u00f3rum interinstitucional sobre adolesc\u00eancia e drogas, promovido pelo GAIA (Grupo de Aten\u00e7\u00e3o e Investiga\u00e7\u00e3o da Adolesc\u00eancia) do CETAD\/UFBA. Palestra: O adolescente e a realidade virtual.<\/li>\n<li>17\/05\/2004 &#8211; Porto Alegre\/RS &#8211; <a href=\"http:\/\/www2.ufba.br\/%7Epretto\/www.pucrs.br\/faced\">FACED<\/a>\/PUC -Palestra de abertura do XIII Semin\u00e1rio Ga\u00facho de Multimeios na Educa\u00e7\u00e3o. Tema: &#8220;Os processos de aprendizagem e as alternativas tecnol\u00f3gicas \u2013 Como se usa a tecnologia quando se faz educa\u00e7\u00e3o\u201d. Contatos: <a href=\"mailto:\">proex@pucrs.br<\/a>.<\/li>\n<li>19\/05\/2004. Salvador\/BA. faced\/ufba. Mesa Redonda sobre &#8220;Mundializa\u00e7\u00e3o da Cultura, produ\u00e7\u00e3o Conhecimento e Discurso Midiatico em Esporte e Lazer&#8221; . Orgnaiza\u00e7\u00e3o Prof. Cesar Leiro (FACED\/UFBA)<\/li>\n<li>25\/05\/2004 &#8211; Porto Alegre\/RS. SBPC Regional. Palestra Globaliza\u00e7\u00e3o e Educa\u00e7\u00e3o<\/li>\n<li>25\/05\/2004 &#8211; Porto Alegre\/RS. SBPC Regional. Mesa redonda <a href=\"http:\/\/www2.ufba.br\/%7Epretto\/eventos\/sbpc%20belem_2004\/meb_web.htm\">Do MEB a WEB: o r\u00e1dio na educa\u00e7\u00e3o<\/a>, com Jos\u00e9 Peixoto Filho<\/li>\n<li>27\/05\/2004 &#8211; S\u00e3o Paulo\/SP. Centro Cultural Vergueiro &#8211; Debate:\u00a0 <em>Inclus\u00e3o Digital<\/em>. com Marcos Dantras.<\/li>\n<li>28\/05\/2004 &#8211; Vit\u00f3ria\/ES. UFES. Banca de mestrado de Doriedson.<\/li>\n<li>28\/05\/2004 &#8211; Vit\u00f3ria\/ES. UEFS Palestra: DESAFIO PARA A EDUCA\u00c7\u00c3O NA SOCIEDADE DA INFORMACAO<\/li>\n<\/ul>\n<h3>Junho<\/h3>\n<ul>\n<li>04 a 06\/06\/04 &#8211;<\/li>\n<\/ul>\n<h3>Julho<\/h3>\n<ul>\n<li>18 a 23\/07\/04. Cuiab\u00e1\/MT. SBPC. Palestra na SBPC Jovem. Tema: Inclus\u00e3o Digital como fator de inclus\u00e3o social.<\/li>\n<\/ul>\n<h3>Agosto<\/h3>\n<ul>\n<li>03\/08\/04 &#8211; UFBA.\u00a0 ENECOMP. Sociedade Brasileira de Computa\u00e7\u00e3o. Palestra:\u00a0 <em>Software Livre e Inclus\u00e3o Digital: papel da educa\u00e7\u00e3o<\/em>. R<br \/>\nResumo: As transforma\u00e7\u00f5es do mundo contempor\u00e2neo, especialmente na ci\u00eancia e na tecnologia, com destaque aqui para as Tecnologias da Informa\u00e7\u00e3o e Comunica\u00e7\u00e3o (TIC) est\u00e3o trazendo grandes desafios para todas as \u00e1reas do conhecimento. Para a educa\u00e7\u00e3o, est\u00e3o se constituindo num verdadeiro xeque-mate, uma vez que os sistemas educacionais n\u00e3o est\u00e3o dando conta de formar os profissionais para este futuro que j\u00e1 \u00e9 presente.<br \/>\nVamos tratar destas quest\u00f5es e apresentar algumas pistas para a supera\u00e7\u00e3o desta situa\u00e7\u00e3o. Ser\u00e3o apresentados os projetos Conex\u00f5es [http:\/\/www.faced.ufba.br\/conexoes] e Tabuleiro Digital [http:\/\/www.tabuleiro.faced.ufba.br]<\/li>\n<li>23\/08\/04 &#8211; Rio\/RJ. IV <a href=\"http:\/\/www.coloquiolusobrasileiro.hpg.ig.com.br\/\">Col\u00f3quio sobre Quest\u00f5es Curriculares e II Col\u00f3quio Luso-Brasileiro sobre quest\u00f5es curriculares<\/a>. Fala: M\u00eddia, Curr\u00edculo e o neg\u00f3cio da Educa\u00e7\u00e3o.<\/li>\n<li>27\/08\/2004- Bel\u00e9m\/PA. ReunI\u00e3o Regional da SBPC. Mesa redonda <a href=\"http:\/\/www2.ufba.br\/%7Epretto\/eventos\/sbpc%20belem_2004\/meb_web.htm\">Do MEB a WEB: o r\u00e1dio na educa\u00e7\u00e3o<\/a>, com Jos\u00e9 Peixoto Filho.<\/li>\n<\/ul>\n<h3>Setembro<\/h3>\n<ul>\n<li>01\/09\/04 &#8211; Fortaleza\/CE. Banca\u00a0<a href=\"http:\/\/www.labirinto.art.br\/\">Projeto Labirinto<\/a>. Vale a pena ir dar uma olhadinha&#8230;<\/li>\n<li>02\/09\/2004 &#8211; Fortaleza\/CE. <a href=\"http:\/\/www.patio.com.br\/labexpo\">Palestra no projeto Labirinto<\/a> &#8211; Nelson Pretto (Faculdade de Educa\u00e7\u00e3o &#8211; UFBA): <em>Caminhar no labirinto: a educa\u00e7\u00e3o e tecnologias<\/em> e Herm\u00ednio Borges Neto (Faculdade de Educa\u00e7\u00e3o &#8211; UFC): <em>Navegando no labirinto da internet<\/em><\/li>\n<li>16\/09\/2004 &#8211; Recife\/PE. SENAC. 2\u00b0 Congresso Internacional de Tecnologia na Educa\u00e7\u00e3o. Tema geral: \u201cO jovem de hoje para a sociedade do amanh\u00e3: o poder da educa\u00e7\u00e3o e a for\u00e7a da tecnologia\u201d. Realiza\u00e7\u00e3o do Sistema Fecom\u00e9rcio, Senac e Sesc-PE. Painel \u201cComputadores e Internet na escola: janela para apreciar, expor e intervir no mundo\u201d<\/li>\n<li>22 a 24\/09\/2004 &#8211; Manuas\/AM. SBPC Regional.<\/li>\n<\/ul>\n<h3>Outubro<\/h3>\n<ul>\n<li>6 a 8\/10\/2004 &#8211; Florian\u00f3polis\/SC. Reuni\u00e3o da CAPES. Intercambio CAPES\/FIPSE.<\/li>\n<\/ul>\n<h3>Novembro<\/h3>\n<ul>\n<li>05\/11\/04 a 5\/12 &#8211; &#8211; f\u00e9rias.. <span style=\"color: #ff0000;font-size: x-large\">FFFFFUUUUUIIIIIII!!!!<\/span><\/li>\n<\/ul>\n<h3>Dezembro<\/h3>\n<ul>\n<li>02 e 03\/12 &#8211; Salvador\/Bahia. Encontro baiano sobre Software Livre promovido pelo gabinete do Deputado Valter Pinheiro<\/li>\n<li>03\/12 &#8211; Salvador\/BA. Caruru da FACED&#8230; ueeebbba!!!!.<\/li>\n<li>04\/12\/03 &#8211;<\/li>\n<\/ul>\n<h1 style=\"text-align: right\"><em>vambora<\/em> pr\u00e1 2005.<\/h1>\n","protected":false},"excerpt":{"rendered":"<p>Janeiro 09\/01\/04 &#8211; Salvador\/BA: FACED. Congrega\u00e7\u00e3o aberta. Presta\u00e7\u00e3o de contas da gest\u00e3o 2000\/2004 12\/01\/04 &#8211;\u00a0 Salvador\/BA: FACED. Banca de Monografia de Luciene. 13\/04\/04 &#8211; Salvador\/BA: Posse para o novo per\u00edodo na dire\u00e7\u00e3o da FACED, com Mary Arapiraca 19\/01\/04 &#8211;\u00a0 Salvador\/BA: Escola de M\u00fasica. Banca de Doutorado. Regina 26\/01 a 09\/02\/04 &#8211; f\u00e9rias 2004. Fevereiro dia dois de fevereiro, dia de festa no mar.. eu quero ser o primeiro, a salvar yemanj\u00e1&#8230; epar\u00ea!!!&#8230; 04\/02\/04 &#8211; Salvador\/BA.. 10\/02\/04 &#8211; Salvador\/BA &#8211; Debate sobre Reforma Universit\u00e1ria. Promo\u00e7\u00e3o da APUB. 10\/02\/04 &#8211; Salvador\/BA &#8211; na Reitoria da UFBA. Lan\u00e7amento do livro Rascunho Digital: di\u00e1logos com Felippe Serpa. De +! um mesa redonda com Nice Americano, Paulo Costa Lima, Dante Galeffi e eu para falarmos do nosso grande mestre e amigo Felippe&#8230;. 19\/02\/03 &#8211; \u00e9 carnaval na Bahia, meu povo!!!! pelas ruas da cidade&#8230; o carnaval come\u00e7a j\u00e1 em Salvador&#8230; atr\u00e1s do trio el\u00e9trico, s\u00f3 n\u00e3o vai quem j\u00e1 morreu&#8230; Mar\u00e7o 05\/03\/2004 &#8211; Porto Alegre\/RS &#8211; Banca de Doutorado de Adriano Teixeira. 19\/03\/2003 &#8211; Salvador\/BA. Departamento de Ci\u00eancia da Computa\u00e7\u00e3o: Palestra &#8220;Os Desafios da Sociedade da Informa\u00e7\u00e3o&#8221;. Conta Profa. Cl\u00e1udia Gama 24\/04\/2004 &#8211; S\u00e3o Luiz\/MA. Reuni\u00e3o Regional da SBPC. Mesa redonda: Ensino Virtual e a dist\u00e2ncia, com Marcos Dantas (SEED\/MEC, Nelson Pretto e &#8230;. 31\/03\/2004 &#8211; Belo Horizonte\/MG. Faculdade de Educa\u00e7\u00e3o\/UFMG. Banca de Mestrado ( Indicadores de g\u00eaneros educativos na m\u00eddia radiof\u00f4nica) de Ana Paula Bossler da Costa Banca: Silvania Sousa do Nascimento &#8211; FaE\/UFMG (orientador), Bernardo Jefferson Oliveira &#8211; FaE\/UFMG e Nelson de Luca Pretto (FACED\/UFBA) Abril 13\/04\/04 &#8211; Salvador\/BA. UFBA\/FACOM. Ciberurbe. Mesa redonda.\u00a0INCLUS\u00c3O E EXCLUS\u00c3O DIGITAL. Particpantes: * Pol\u00edticas de Inclus\u00e3o Digital: o Caso do Liceu de Artes e Of\u00edcios de Salvador\/Othon Jambeiro, Coordenador do Mestrado em Ci\u00eancia da Informa\u00e7\u00e3o (ICI\/UFBA). * Inclus\u00e3o e a Conquista da Cidadania. Rafael Lucchesi, Secret\u00e1rio de Ciencia e Tecnologia do Estado da Bahia (SECTI). * O impacto da democratiza\u00e7\u00e3o da inform\u00e1tica em comunidades carentes. Kleber Bernardes, Presidente do CDI &#8211; BA. * Cip\u00f3 e a Inclus\u00e3o Digital. Anna Penido, Presidente da Cip\u00f3 &#8211; Comunica\u00e7\u00e3o Interativa. * Tabuleiro Digital. Nelson Pretto, Diretor da Faced\/UFBA. 16\/04\/04 &#8211; Salvador\/BA. Centro de Conven\u00e7\u00f5es. Oficina Educa\u00e7\u00e3o do Confer\u00eancia da Juventude, organizada pela Comiss\u00e3o Especial para a Juventude da C\u00e2mara dos Deputador. 19\/04\/04. Teresina\/PI. Reuni\u00e3o Regional da SBPC. Confer\u00eancia: Confer\u00eancia AS TECNOLOGIAS DA INFORMA\u00c7\u00c3O DESAFIAM A EDUCA\u00c7\u00c3O. 19 a 23\/04\/03 &#8211; Rio\/RJ &#8211; 4\u00aa C\u00fapula Mundial M\u00eddia e Crian\u00e7a 22 e 23\/04\/04. Serrinha\/BA. Forum de Diretores das Faculdades de Educa\u00e7\u00e3o. Regional Nordeste. 30\/04\/04. Salvador\/BA. UFBA\/Instituto de F\u00edsica. Banca de Mestrado de Rose &#8230; Banca:\u00a0 Robinson Ten\u00f3rio (orientador) Maio 03 e 04\/05\/04 &#8211; Recife\/PE. V CONED. 06\/05\/2004 &#8211; Salvador\/BA. UFBA\/FACED. Banca de disserta\u00e7\u00e3o de Patricia Magris (minha orientanda). Escola-Cidade, Cidade-Escola: espa\u00e7os de aprendizagem do tempo agora. Composi\u00e7\u00e3o da banca: Teresinha Fr\u00f3es (UFBA), Edson Vicente da Silva (UFCear\u00e1) e Nelson Pretto (orientador) 07\/05\/2004 &#8211; Salvador\/BA. UFBA\/CETAD &#8211; F\u00f3rum interinstitucional sobre adolesc\u00eancia e drogas, promovido pelo GAIA (Grupo de Aten\u00e7\u00e3o e Investiga\u00e7\u00e3o da Adolesc\u00eancia) do CETAD\/UFBA. Palestra: O adolescente e a realidade virtual. 17\/05\/2004 &#8211; Porto Alegre\/RS &#8211; FACED\/PUC -Palestra de abertura do XIII Semin\u00e1rio Ga\u00facho de Multimeios na Educa\u00e7\u00e3o. Tema: &#8220;Os processos de aprendizagem e as alternativas tecnol\u00f3gicas \u2013 Como se usa a tecnologia quando se faz educa\u00e7\u00e3o\u201d. Contatos: proex@pucrs.br. 19\/05\/2004. Salvador\/BA. faced\/ufba. Mesa Redonda sobre &#8220;Mundializa\u00e7\u00e3o da Cultura, produ\u00e7\u00e3o Conhecimento e Discurso Midiatico em Esporte e Lazer&#8221; . Orgnaiza\u00e7\u00e3o Prof. Cesar Leiro (FACED\/UFBA) 25\/05\/2004 &#8211; Porto Alegre\/RS. SBPC Regional. Palestra Globaliza\u00e7\u00e3o e Educa\u00e7\u00e3o 25\/05\/2004 &#8211; Porto Alegre\/RS. SBPC Regional. Mesa redonda Do MEB a WEB: o r\u00e1dio na educa\u00e7\u00e3o, com Jos\u00e9 Peixoto Filho 27\/05\/2004 &#8211; S\u00e3o Paulo\/SP. Centro Cultural Vergueiro &#8211; Debate:\u00a0 Inclus\u00e3o Digital. com Marcos Dantras. 28\/05\/2004 &#8211; Vit\u00f3ria\/ES. UFES. Banca de mestrado de Doriedson. 28\/05\/2004 &#8211; Vit\u00f3ria\/ES. UEFS Palestra: DESAFIO PARA A EDUCA\u00c7\u00c3O NA SOCIEDADE DA INFORMACAO Junho 04 a 06\/06\/04 &#8211; Julho 18 a 23\/07\/04. Cuiab\u00e1\/MT. SBPC. Palestra na SBPC Jovem. Tema: Inclus\u00e3o Digital como fator de inclus\u00e3o social. Agosto 03\/08\/04 &#8211; UFBA.\u00a0 ENECOMP. Sociedade Brasileira de Computa\u00e7\u00e3o. Palestra:\u00a0 Software Livre e Inclus\u00e3o Digital: papel da educa\u00e7\u00e3o. R Resumo: As transforma\u00e7\u00f5es do mundo contempor\u00e2neo, especialmente na ci\u00eancia e na tecnologia, com destaque aqui para as Tecnologias da Informa\u00e7\u00e3o e Comunica\u00e7\u00e3o (TIC) est\u00e3o trazendo grandes desafios para todas as \u00e1reas do conhecimento. Para a educa\u00e7\u00e3o, est\u00e3o se constituindo num verdadeiro xeque-mate, uma vez que os sistemas educacionais n\u00e3o est\u00e3o dando conta de formar os profissionais para este futuro que j\u00e1 \u00e9 presente. Vamos tratar destas quest\u00f5es e apresentar algumas pistas para a supera\u00e7\u00e3o desta situa\u00e7\u00e3o. Ser\u00e3o apresentados os projetos Conex\u00f5es [http:\/\/www.faced.ufba.br\/conexoes] e Tabuleiro Digital [http:\/\/www.tabuleiro.faced.ufba.br] 23\/08\/04 &#8211; Rio\/RJ. IV Col\u00f3quio sobre Quest\u00f5es Curriculares e II Col\u00f3quio Luso-Brasileiro sobre quest\u00f5es curriculares. Fala: M\u00eddia, Curr\u00edculo e o neg\u00f3cio da Educa\u00e7\u00e3o. 27\/08\/2004- Bel\u00e9m\/PA. ReunI\u00e3o Regional da SBPC. Mesa redonda Do MEB a WEB: o r\u00e1dio na educa\u00e7\u00e3o, com Jos\u00e9 Peixoto Filho. Setembro 01\/09\/04 &#8211; Fortaleza\/CE. Banca\u00a0Projeto Labirinto. Vale a pena ir dar uma olhadinha&#8230; 02\/09\/2004 &#8211; Fortaleza\/CE. Palestra no projeto Labirinto &#8211; Nelson Pretto (Faculdade de Educa\u00e7\u00e3o &#8211; UFBA): Caminhar no labirinto: a educa\u00e7\u00e3o e tecnologias e Herm\u00ednio Borges Neto (Faculdade de Educa\u00e7\u00e3o &#8211; UFC): Navegando no labirinto da internet 16\/09\/2004 &#8211; Recife\/PE. SENAC. 2\u00b0 Congresso Internacional de Tecnologia na Educa\u00e7\u00e3o. Tema geral: \u201cO jovem de hoje para a sociedade do amanh\u00e3: o poder da educa\u00e7\u00e3o e a for\u00e7a da tecnologia\u201d. Realiza\u00e7\u00e3o do Sistema Fecom\u00e9rcio, Senac e Sesc-PE. Painel \u201cComputadores e Internet na escola: janela para apreciar, expor e intervir no mundo\u201d 22 a 24\/09\/2004 &#8211; Manuas\/AM. SBPC Regional. Outubro 6 a 8\/10\/2004 &#8211; Florian\u00f3polis\/SC. Reuni\u00e3o da CAPES. Intercambio CAPES\/FIPSE. Novembro 05\/11\/04 a 5\/12 &#8211; &#8211; f\u00e9rias.. FFFFFUUUUUIIIIIII!!!! Dezembro 02 e 03\/12 &#8211; Salvador\/Bahia. Encontro baiano sobre Software Livre promovido pelo gabinete do Deputado Valter Pinheiro 03\/12 &#8211; Salvador\/BA. Caruru da FACED&#8230; ueeebbba!!!!. 04\/12\/03 &#8211; vambora pr\u00e1 2005.<\/p>\n","protected":false},"author":9,"featured_media":0,"parent":227,"menu_order":0,"comment_status":"closed","ping_status":"closed","template":"page-2col-left.php","meta":{"pgc_meta":"","_coblocks_attr":"","_coblocks_dimensions":"","_coblocks_responsive_height":"","_coblocks_accordion_ie_support":"","ocean_post_layout":"","ocean_both_sidebars_style":"","ocean_both_sidebars_content_width":0,"ocean_both_sidebars_sidebars_width":0,"ocean_sidebar":"","ocean_second_sidebar":"","ocean_disable_margins":"enable","ocean_add_body_class":"","ocean_shortcode_before_top_bar":"","ocean_shortcode_after_top_bar":"","ocean_shortcode_before_header":"","ocean_shortcode_after_header":"","ocean_has_shortcode":"","ocean_shortcode_after_title":"","ocean_shortcode_before_footer_widgets":"","ocean_shortcode_after_footer_widgets":"","ocean_shortcode_before_footer_bottom":"","ocean_shortcode_after_footer_bottom":"","ocean_display_top_bar":"default","ocean_display_header":"default","ocean_header_style":"","ocean_center_header_left_menu":"","ocean_custom_header_template":"","ocean_custom_logo":0,"ocean_custom_retina_logo":0,"ocean_custom_logo_max_width":0,"ocean_custom_logo_tablet_max_width":0,"ocean_custom_logo_mobile_max_width":0,"ocean_custom_logo_max_height":0,"ocean_custom_logo_tablet_max_height":0,"ocean_custom_logo_mobile_max_height":0,"ocean_header_custom_menu":"","ocean_menu_typo_font_family":"","ocean_menu_typo_font_subset":"","ocean_menu_typo_font_size":0,"ocean_menu_typo_font_size_tablet":0,"ocean_menu_typo_font_size_mobile":0,"ocean_menu_typo_font_size_unit":"px","ocean_menu_typo_font_weight":"","ocean_menu_typo_font_weight_tablet":"","ocean_menu_typo_font_weight_mobile":"","ocean_menu_typo_transform":"","ocean_menu_typo_transform_tablet":"","ocean_menu_typo_transform_mobile":"","ocean_menu_typo_line_height":0,"ocean_menu_typo_line_height_tablet":0,"ocean_menu_typo_line_height_mobile":0,"ocean_menu_typo_line_height_unit":"","ocean_menu_typo_spacing":0,"ocean_menu_typo_spacing_tablet":0,"ocean_menu_typo_spacing_mobile":0,"ocean_menu_typo_spacing_unit":"","ocean_menu_link_color":"","ocean_menu_link_color_hover":"","ocean_menu_link_color_active":"","ocean_menu_link_background":"","ocean_menu_link_hover_background":"","ocean_menu_link_active_background":"","ocean_menu_social_links_bg":"","ocean_menu_social_hover_links_bg":"","ocean_menu_social_links_color":"","ocean_menu_social_hover_links_color":"","ocean_disable_title":"default","ocean_disable_heading":"default","ocean_post_title":"","ocean_post_subheading":"","ocean_post_title_style":"","ocean_post_title_background_color":"","ocean_post_title_background":0,"ocean_post_title_bg_image_position":"","ocean_post_title_bg_image_attachment":"","ocean_post_title_bg_image_repeat":"","ocean_post_title_bg_image_size":"","ocean_post_title_height":0,"ocean_post_title_bg_overlay":0.5,"ocean_post_title_bg_overlay_color":"","ocean_disable_breadcrumbs":"default","ocean_breadcrumbs_color":"","ocean_breadcrumbs_separator_color":"","ocean_breadcrumbs_links_color":"","ocean_breadcrumbs_links_hover_color":"","ocean_display_footer_widgets":"default","ocean_display_footer_bottom":"default","ocean_custom_footer_template":"","_themeisle_gutenberg_block_has_review":false,"footnotes":""},"class_list":["post-782","page","type-page","status-publish","hentry","entry"],"pgc_meta":"","_links":{"self":[{"href":"https:\/\/blog.ufba.br\/nelsonpretto\/wp-json\/wp\/v2\/pages\/782"}],"collection":[{"href":"https:\/\/blog.ufba.br\/nelsonpretto\/wp-json\/wp\/v2\/pages"}],"about":[{"href":"https:\/\/blog.ufba.br\/nelsonpretto\/wp-json\/wp\/v2\/types\/page"}],"author":[{"embeddable":true,"href":"https:\/\/blog.ufba.br\/nelsonpretto\/wp-json\/wp\/v2\/users\/9"}],"replies":[{"embeddable":true,"href":"https:\/\/blog.ufba.br\/nelsonpretto\/wp-json\/wp\/v2\/comments?post=782"}],"version-history":[{"count":0,"href":"https:\/\/blog.ufba.br\/nelsonpretto\/wp-json\/wp\/v2\/pages\/782\/revisions"}],"up":[{"embeddable":true,"href":"https:\/\/blog.ufba.br\/nelsonpretto\/wp-json\/wp\/v2\/pages\/227"}],"wp:attachment":[{"href":"https:\/\/blog.ufba.br\/nelsonpretto\/wp-json\/wp\/v2\/media?parent=782"}],"curies":[{"name":"wp","href":"https:\/\/api.w.org\/{rel}","templated":true}]}}