{"id":776,"date":"2010-03-19T00:22:02","date_gmt":"2010-03-19T03:22:02","guid":{"rendered":"http:\/\/blog.ufba.br\/nlpretto\/?page_id=776"},"modified":"2010-03-19T00:22:02","modified_gmt":"2010-03-19T03:22:02","slug":"onde-esta-pretto-em-2001","status":"publish","type":"page","link":"https:\/\/blog.ufba.br\/nelsonpretto\/onde-esta-pretto\/onde-esta-pretto-em-2001\/","title":{"rendered":"Onde est\u00e1 Pretto em 2001?"},"content":{"rendered":"<h1><a href=\"http:\/\/blog.ufba.br\/nlpretto\/files\/2010\/02\/onde_pretto.gif\"><img decoding=\"async\" title=\"Onde est\u00e1 Pretto\" src=\"http:\/\/blog.ufba.br\/nlpretto\/files\/2010\/02\/onde_pretto.gif\" alt=\"\" width=\"219\" height=\"165\" \/><\/a><\/h1>\n<h3>Janeiro<\/h3>\n<ul>\n<li>22\/01\/01 &#8211; Passo Fundo\/RS. Universidade de Pelotas. Banca Final de Mestrado de <a href=\"mailto:teixeira@vitoria.upf.tche.br\">Adriano Canabarro Teixeira<\/a>.<a href=\"http:\/\/vitoria.upf.tche.br\/%7Eteixeira\">http:\/\/vitoria.upf.tche.br\/~teixeira<\/a>.\u00a0 <strong>Internet e democratiza\u00e7\u00e3o do Conhecimento<\/strong>. Orientador: <a href=\"mailto:brandao@upf.tche.br\">Edmilson Brnad\u00e3o<\/a><\/li>\n<li>23\/01\/01 = Ijui\/RS- UNIJUI. Banca de Qualifica\u00e7\u00e3o de <a href=\"mailto:carbonari@unijui.tche.br\">Graciela Carbonari<\/a>. <strong>Projeto de Inform\u00e1tica na Educa\u00e7\u00e3o nas Escolas de Iju\u00ed<\/strong>. Orientador: Mario Os\u00f3rio. Nelson Pretto co-orientador<\/li>\n<li>24\/01\/01 &#8211; Porto Alegre\/RS. Encontro com o Secret\u00e1rio de Educa\u00e7\u00e3o do Munic\u00edpio. Reuni\u00e3o com equipe t\u00e9cnica da SEC.<\/li>\n<li>25 a 17\/01\/01 = Porto Alegre\/RS &#8211; <a href=\"http:\/\/www.forumsocialmundial.org.br\/\">F\u00f3rum Social Mundial<\/a>. A FACED\/UFBA aderiu ao FSM<\/li>\n<\/ul>\n<h3>Fevereiro<\/h3>\n<ul>\n<li>01\/02\/01 = Salvador\/BA. Funda\u00e7\u00e3o Luis Eduardo Magalh\u00e3es. <a href=\"http:\/\/www.flem.org.br\/SOCINFO\/\">Lan\u00e7amento oficial na Bahia do Livro Verde da Sociedade da Informa\u00e7\u00e3o<\/a>.<\/li>\n<li>02\/02\/00 &#8211; Rio Vermelho, em Salvador da Bahia: <span style=\"color: #ff0000\">dia de festa no mar<\/span>!!! <em>eu quero ser o primeiro a salvar Yemanj\u00e1!!! yeah!!!<\/em><\/li>\n<li>06\/02\/01 = Bras\u00edlia\/DF,. Universidade Cat\u00f3lica de Bras\u00edlia<em>.<a href=\"http:\/\/www.ucb.br\/prodocente.htm\"> <\/a><\/em><a href=\"http:\/\/www.ucb.br\/prodocente.htm\">I PRODOCENTE<\/a>. Ensinar e Aprender na Universidade. Palestra: Tecnologias da Informa\u00e7\u00e3o e Comunica\u00e7\u00e3o e a Universidade.<\/li>\n<li>07\/02\/01 = Salvador\/BA. CEFET. <a href=\"http:\/\/www.faced.ufba.br\/%7Ecefet\/socinfo\/consulta_publica.htm\">1\u00aa Audi\u00eancia P\u00fablica sobre o Livro Verde da Sociedade da Informa\u00e7\u00e3o na Bahia<\/a>, promovido pela UFBA em conjunto com o CEFET.<\/li>\n<li>08\/02\/01 = Salvador\/Ba. Escola de Administra\u00e7\u00e3o. Banca de <a href=\"mailto:jgra@ufba.br\">Jo\u00e3o Gualberto Rizzo<\/a>, mestrado profissiona: <strong>An\u00e1lise do Papel do CPD na UFBA<\/strong>. Nelson Pretto (Orientador), Cl\u00e1udio Cardoso e Elizabete Araujo.<\/li>\n<li>12\/01\/01. Vit\u00f3ria da Conquista\/BA. UESB. Encontro do f\u00f3rum de Diretores da Faculdades de Educa\u00e7\u00e3o P\u00fablicas do Estado da Bahia.<\/li>\n<li>12\/01\/01. Itapetinga\/BA. UESB. Encontro para viabilizar um programa de pesquisa e p\u00f3s gradua\u00e7\u00e3o interinstitucional entre a FACED\/UFBA e a UESB.<\/li>\n<li>16\/02\/01 = Salvador\/Ba. CEFET. Encerramento do <a href=\"http:\/\/cyberlab.faced.ufba.br\/%7Ecefet\/\">curso Ensinar e Aprender: Caminhos Metodol\u00f3gicos e mapas de navega\u00e7\u00e3o<\/a>.<\/li>\n<li>22\/01\/01 <span style=\"font-size: large\"><span style=\"color: #ff0000\">\u00e9<\/span> <span style=\"color: #00ff00\">c<\/span><span style=\"color: #0000ff\">a<\/span>r<span style=\"color: #ff0000\">na<\/span><span style=\"color: #800080\">v<\/span><span style=\"color: #cc33ff\">al<\/span> <span style=\"color: #0000ff\">n<\/span><span style=\"color: #00ff00\">a<\/span> <span style=\"color: #ff0000\">Ba<\/span><span style=\"color: #ffff00\">h<\/span>i<span style=\"color: #800080\">a<\/span>, <span style=\"color: #ffff00\">m<\/span>e<span style=\"color: #ff0000\">u<\/span> <span style=\"color: #00ff00\">po<\/span>v<span style=\"color: #cc3300\">o<\/span>!!!!<\/span><\/li>\n<\/ul>\n<h3>Mar\u00e7o<\/h3>\n<p><span style=\"font-size: xx-large\">t\u00f4 de f\u00e9rias&#8230;<\/span><\/p>\n<p><span style=\"color: #cc3300;font-size: x-large\"><em><strong><a href=\"http:\/\/www2.ufba.br\/%7Epretto\/ferias2001.htm\">yeeaahhhhh!!!!<\/a><\/strong><\/em><\/span><\/p>\n<p>29 e 30\/03 &#8211; Manuas\/AM &#8211; palestras sobre educa\u00e7\u00e3o e tecnologias. <a href=\"http:\/\/www2.ufba.br\/%7Epretto\/ferias2001.htm#manaus\">Veja fotos<\/a><\/p>\n<p>Abril<\/p>\n<ul>\n<li>02\/04\/01 = Salvador\/BA. FACED. Primeira aula do semestre.<\/li>\n<li>03\/04\/01 = Salvador\/BA. FACED. Primeiro encontro com a <a href=\"http:\/\/www.faced.ufba.br\/%7Eedc287\/edc287.htm\">turma 03 de EDC 287 &#8211; gradua\u00e7\u00e3o (Educa\u00e7\u00e3o e Tecnologias contempor\u00e2neas)<\/a><\/li>\n<li>05\/04\/01 = Salvador\/BA. FACED. <a href=\"http:\/\/www.faced.ufba.br\/\">Abertura do semestre<\/a>. Lan\u00e7amento da <a href=\"http:\/\/www.ceap.org.br\/\">Revista do CEAP<\/a>, com uma entrevista comigo.<\/li>\n<li>09\/04\/01 = Salvador\/BA. FACED. Bem vindo aos novos professores substituots da FACED.<\/li>\n<li>10\/04\/01 = Salvador\/BA. Fiesta Convention Center. <a href=\"http:\/\/www.viajava.com.br\/inforum\">Inforum<\/a>. Manha\u00e3: sociedade da informa\u00e7\u00e3o. tarde: EAD<\/li>\n<li>18\/04\/01= Salvador\/BA. Encontro do f\u00f3rum de Diretores da Faculdades de Educa\u00e7\u00e3o P\u00fablicas do Estado da Bahia<\/li>\n<li>19\/04\/01 = Salvador\/BA. FACED. <a href=\"http:\/\/www.faced.ufba.br\/\">Debate sobre o Prov\u00e3o<\/a>.<\/li>\n<li>20\/04\/01 = S\u00e3o Paulo\/SP. USP. Palestra <a href=\"http:\/\/www2.ufba.br\/%7Epretto\/eventos\/jovem%20cientista\/jovem%20cientista.htm\">Desafios para a educa\u00e7\u00e3o no mundo contempor\u00e2neo: construindo uma escola sem rumo<\/a>, na USP as 9:00 horas, integrante do <a href=\"http:\/\/www.cnpq.br\/jovemcientista\">Premio Jovem Cientista<\/a><\/li>\n<li>20\/04\/01 = Salvador\/BA. FACED. <a href=\"http:\/\/www.faced.ufba.br\/\">EDUCAUFBA.2001<\/a>. Primeiro encontro.<\/li>\n<li>23\/04\/01 = Salvador\/BA. FACED. Encontro peri\u00f3dico da Dire\u00e7\u00e3o da FACED com estudantes de gradua\u00e7\u00e3o.0<\/li>\n<li>27\/04\/01=\u00a0 Porto Alegre\/RS. UFRGS. Palestra <a href=\"\/aaa%20pessoais%20em%20uso%20-%20CD%2028\/web\/pretto\/eventos\/jovem%20cientista\/jovem%20cientista.htm\">Desafios para a educa\u00e7\u00e3o no mundo contempor\u00e2neo: construindo uma escola sem rumo<\/a>, na Faculdade de Educa\u00e7ao da UFRGS, integrante do <a href=\"http:\/\/www.cnpq.br\/jovemcientista\">Premio Jovem Cientista<\/a><\/li>\n<\/ul>\n<h3>Maio<\/h3>\n<ul>\n<li>02\/05\/01 = Bras\u00edlia\/DF. UnB &#8211; Debate sobre Sociedade de Informa\u00e7\u00e3o no <a href=\"http:\/\/www.socinfo.unb.br\/\">grupo de Leonardo Lazarte<\/a><\/li>\n<li>04\/05\/01 = Salvador\/BA. FACED. Palestra no encontro do Programa UFBA Cidadania. Tema: Educa\u00e7\u00e3o: dentro e fora da escola.<\/li>\n<li>8 a 12\/05\/01 &#8211; Braga\/Portigal. <a href=\"http:\/\/www2.ufba.br\/%7Epretto\/pretto\/www.iec.uminho.pt\/nonio\/challenges\">II Confer\u00eancia Internaciona Challenges 21<\/a>. Palestra de Abertura da Confer\u00eancia. <a href=\"http:\/\/www2.ufba.br\/%7Epretto\/textos\/uniminhomaio01.htm\">A Educa\u00e7\u00e3o na Sociedade do Conhecimento<\/a>.<\/li>\n<li>16\/05\/01. Uma pra\u00e7a de guerra em Salvador&#8230; A pol\u00edcia Militar invadiu a UFBA. Uma vergonha monumental. <a href=\"http:\/\/www.faced.ufba.br\/\">Veja na p\u00e1gina da FACED a confus\u00e3o toda!<\/a><\/li>\n<\/ul>\n<h3>Junho<\/h3>\n<ul>\n<li>01\/06\/01 = Salvador\/BA. Projeto Ax\u00e9. 11 anos. Palestra para os educadores.<\/li>\n<li>04\/06\/01 = Rio\/RJ. UNIRIO. Banca da disserta\u00e7\u00e3o de Gabriela Amaral de Almeida rego, sobre Teatro e Comunica\u00e7\u00e3o na era digital: reflex\u00f5es sobre a <a href=\"http:\/\/acd.ufrj.br\/pacc\/odisseo\">Revista Virtual Odisseo<\/a>. Orientadora <a href=\"mailto:gabpropg@unirio.br\">Ana Maria Bulh\u00f5es de Carvalho<\/a>.<\/li>\n<li>06 e 07\/06\/01 = Curtiba\/PR. F\u00d3RUM DE DIRETORES DE FACULDADES\/CENTROS DE EDUCA\u00c7\u00c3O DAS UNIVERSIDADES P\u00daBLICAS BRASILEIRAS. XIV ENCONTRO NACIONAL. Em paralelo, uma reuni\u00e3o da ANFOPE. Particpo de uma mesa Redonda sobre Educa\u00e7\u00e3o a Dist\u00e2ncia.<\/li>\n<li>08\/06\/01 = Fortaleza\/CE. UNIFOR: Palestras Educa\u00e7\u00e3o e Tecnologias Contempor\u00e2neas.<\/li>\n<li>18 a 22\/06\/01 &#8211; S\u00e3o Luis\/MA. EPEN &#8211; Encontro de Pesquisa em Educa\u00e7\u00e3o do Nordeste. Mesa Redonda: &#8220;Novas tecnologias e a educa\u00e7\u00e3o a dist\u00e2ncia: estrat\u00e9gia de expans\u00e3o do ensino ou de exclus\u00e3o dos jovens da escola regular&#8221;.<\/li>\n<li>27\/06\/01 = Lauro de Freitas\/BA. SENAI\/CETIND. Palestra: Sociedade da Informa\u00e7\u00e3o e Educa\u00e7\u00e3o.<\/li>\n<li>28\/06\/01 = Salvador\/BA. Instituto de F\u00edsica\/UFBA. Palestra sobre Educa\u00e7\u00e3o e Novas Tecnologias.<\/li>\n<\/ul>\n<h3>Julho<\/h3>\n<ul>\n<li>03\/07\/01 = Feira de Santana\/Ba. UEFS. Mesa Redonda sobre Ensino de Matem\u00e1tica e Inform\u00e1tica.<\/li>\n<li>04\/07\/01 = Porto Alegre\/RS. UFRGS: Confer\u00eancia de Abertura: Seminario Internacional PEDAGOGIA UNIVERSITARIA E NOVAS TECNOLOGIAS DE ENSINO. Coordena\u00e7\u00e3o de<a href=\"mailto:mbrolim@vortex.ufrgs.br\"> Margaret Arxt.<\/a><\/li>\n<li>13 a 18\/07\/01 = Salvador\/BA. SBPC.<\/li>\n<li>19\/07\/01 = Campinas\/SP. Unicamp. <a href=\"http:\/\/www2.ufba.br\/%7Epretto\/pretto\/www.alb.com.br\">13\u00ba COLE \u2013 CONGRESSO DE LEITURA DO BRASIL.<\/a><\/li>\n<\/ul>\n<h3>Agosto<\/h3>\n<ul>\n<li>2 e 3\/08\/01 = Itapetinga\/BA. UESB. &#8211; n\u00e3o rolou ainda!<\/li>\n<li>27\/08\/01 = Ijui\/RS. Banca final da disserta\u00e7\u00e3o de Graciela Carbonari.<\/li>\n<li>31\/08\/01 = Salvador\/BA. Instituto de Qu\u00edmica. UFBA Encontro de Ensino de Qu\u00edmica.<\/li>\n<\/ul>\n<h3>Setembro<\/h3>\n<ul>\n<li>03\/09\/01 = Salvador\/BA. FACED.UFBA &#8211; in\u00edcio das aulas do semestre 2001.2 <span style=\"color: #ff0000;font-size: large\"><strong>oooppsss GREVE<\/strong><\/span><\/li>\n<li>04\/09\/01 = Bras\u00edlia\/DF. Whorkshop do CNPq. Talentos Humanos para a Sociedade da Informa\u00e7\u00e3o.<\/li>\n<li>10\/09\/01 = Bras\u00edlia\/DF. Banca final da disserta\u00e7\u00e3o de Silvana Maria Silva Nunes (Contratos e Destratos entre Inform\u00e1tica e Educa\u00e7\u00e3o Matem\u00e1tica), orientador: <a href=\"mailto:glacerda@unb.br\">Gilberto Lacerda Santos<\/a>.<\/li>\n<li>11 e 12\/09\/01 = Itabuna\/BA. NTE. Palestra sobre PROINFO &#8211; cancelado<\/li>\n<li>13\/09\/01 = Salvador\/BA. Assembl\u00e9ia Legislativa do Estado da Bahia. T\u00edtulo de cidad\u00e3o baiano a <a href=\"mailto:serpa@ufba.br\">Felippe Serpa<\/a>, proposta da Deputada Alice Portugal.<\/li>\n<li>26\/09\/01 = Rio\/RJ. UERJ, 18:00h, no audit\u00f3rio 33.\u00a0 Mesa Redonda: <strong>Universidade.Sociedade de Informa\u00e7\u00e3o. Educa\u00e7\u00e3o a Dist\u00e2ncia: experi\u00eancias e propostas pol\u00edticas<\/strong>. Coordena\u00e7\u00e3o <a href=\"mailto:deg-sr1@uerj.br\">Ira Maciel<\/a> (UERJ) com Nelson De Luca Pretto Sociedade de Informa\u00e7\u00e3o e Universidade: o\u00a0 GT de Educa\u00e7\u00e3o do Livro Verde,\u00a0 Ronaldo Gismondi com a experi\u00eancia do L\u00e2mpada primeiros momentos de EAD na UERJ e a professora Elo\u00edsa da Silva Gomes a experi\u00eancia futura de EAD na UERJ &#8211; o curso de Pedagogia para os anos iniciais do Ensino Fundamental\/projeto EAD.<\/li>\n<li>27\/09\/01 = Salvador\/BA. Casa do Com\u00e9rcio. Encontro Nacional de Jornal na Educa\u00e7\u00e3o e F\u00d3RUM NACIONAL DE JOVENS SOBRE JORNAL NA EDUCA\u00c7\u00c3O. Palestra: <a href=\"http:\/\/www2.ufba.br\/%7Epretto\/eventos\/jornal%20na%20educacao\/encontro%20jorna%20edu.htm\">Educa\u00e7\u00e3o e M\u00eddia Digital<\/a><\/li>\n<\/ul>\n<h3>Outubro<\/h3>\n<ul>\n<li>07 a 11\/10\/01 = Caxmabu\/G. Reuni\u00e3o Anual da <a href=\"http:\/\/www.anped.org.br\/\">ANPed<\/a>. Texto da minha apresenta\u00e7\u00e3o&#8230; em breve!!!<\/li>\n<li>24 a 27\/10\/01 = Porto Alegre\/RS. <a href=\"http:\/\/www.forummundialdeeducacao.com.br\/\">F\u00f3rum Mundial de Educa\u00e7\u00e3o<\/a>. Debate Especial\u00a0\u00a0 <a href=\"http:\/\/www.portoalegre.rs.gov.br\/fme\/port\/interna.asp?proj=11&amp;secao=43&amp;chat=34\"><strong><em><span style=\"font-family: Arial,Helvetica\">Escola, conectividade e sociedade da informa\u00e7\u00e3o: inclus\u00e3o digital<\/span><\/em><\/strong><\/a>, com Fidel Oteiza (Chile) e Nelson Pretto (Brasil). <strong>Mediador: <\/strong>L\u00e9a Fagundes (Brasil). A FACED est\u00e1 integrada e vamos tentar ir.<\/li>\n<li>26\/10\/01 = Jundia\u00ed\/SP. TVE de Jundia\u00ed, debate ao vivo. Participa tamb\u00e9m Edith Lutwin (Argentina)<\/li>\n<li>26\/10\/01 = Salvador\/BA. <a href=\"http:\/\/www.ceap.org.br\/\">F\u00f3rum do CEAP<\/a>.[n\u00e3o vou poder mais estar aqui! mas fico com pena!]<\/li>\n<\/ul>\n<h3>Novembro<\/h3>\n<ul>\n<li>23\/11\/01 = Bras\u00edlia\/DF. <a href=\"http:\/\/www.teleconferencia.sesi.org.br\/\">Telconfer\u00eancia sobre Educa\u00e7\u00e3o de Jovens e Adultos<\/a>.<\/li>\n<\/ul>\n<h3>Dezembro<\/h3>\n<ul>\n<li>03 a 05\/10\/00 &#8211; Goiania\/GO &#8211; F\u00f3rum de Diretores das Faculdades de Educa\u00e7\u00e3o do Brasil. Ainda n\u00e3o sei se vou poder ir!<\/li>\n<\/ul>\n<h1 style=\"text-align: right\">vambora pr\u00e1 2002.<\/h1>\n","protected":false},"excerpt":{"rendered":"<p>Janeiro 22\/01\/01 &#8211; Passo Fundo\/RS. Universidade de Pelotas. Banca Final de Mestrado de Adriano Canabarro Teixeira.http:\/\/vitoria.upf.tche.br\/~teixeira.\u00a0 Internet e democratiza\u00e7\u00e3o do Conhecimento. Orientador: Edmilson Brnad\u00e3o 23\/01\/01 = Ijui\/RS- UNIJUI. Banca de Qualifica\u00e7\u00e3o de Graciela Carbonari. Projeto de Inform\u00e1tica na Educa\u00e7\u00e3o nas Escolas de Iju\u00ed. Orientador: Mario Os\u00f3rio. Nelson Pretto co-orientador 24\/01\/01 &#8211; Porto Alegre\/RS. Encontro com o Secret\u00e1rio de Educa\u00e7\u00e3o do Munic\u00edpio. Reuni\u00e3o com equipe t\u00e9cnica da SEC. 25 a 17\/01\/01 = Porto Alegre\/RS &#8211; F\u00f3rum Social Mundial. A FACED\/UFBA aderiu ao FSM Fevereiro 01\/02\/01 = Salvador\/BA. Funda\u00e7\u00e3o Luis Eduardo Magalh\u00e3es. Lan\u00e7amento oficial na Bahia do Livro Verde da Sociedade da Informa\u00e7\u00e3o. 02\/02\/00 &#8211; Rio Vermelho, em Salvador da Bahia: dia de festa no mar!!! eu quero ser o primeiro a salvar Yemanj\u00e1!!! yeah!!! 06\/02\/01 = Bras\u00edlia\/DF,. Universidade Cat\u00f3lica de Bras\u00edlia. I PRODOCENTE. Ensinar e Aprender na Universidade. Palestra: Tecnologias da Informa\u00e7\u00e3o e Comunica\u00e7\u00e3o e a Universidade. 07\/02\/01 = Salvador\/BA. CEFET. 1\u00aa Audi\u00eancia P\u00fablica sobre o Livro Verde da Sociedade da Informa\u00e7\u00e3o na Bahia, promovido pela UFBA em conjunto com o CEFET. 08\/02\/01 = Salvador\/Ba. Escola de Administra\u00e7\u00e3o. Banca de Jo\u00e3o Gualberto Rizzo, mestrado profissiona: An\u00e1lise do Papel do CPD na UFBA. Nelson Pretto (Orientador), Cl\u00e1udio Cardoso e Elizabete Araujo. 12\/01\/01. Vit\u00f3ria da Conquista\/BA. UESB. Encontro do f\u00f3rum de Diretores da Faculdades de Educa\u00e7\u00e3o P\u00fablicas do Estado da Bahia. 12\/01\/01. Itapetinga\/BA. UESB. Encontro para viabilizar um programa de pesquisa e p\u00f3s gradua\u00e7\u00e3o interinstitucional entre a FACED\/UFBA e a UESB. 16\/02\/01 = Salvador\/Ba. CEFET. Encerramento do curso Ensinar e Aprender: Caminhos Metodol\u00f3gicos e mapas de navega\u00e7\u00e3o. 22\/01\/01 \u00e9 carnaval na Bahia, meu povo!!!! Mar\u00e7o t\u00f4 de f\u00e9rias&#8230; yeeaahhhhh!!!! 29 e 30\/03 &#8211; Manuas\/AM &#8211; palestras sobre educa\u00e7\u00e3o e tecnologias. Veja fotos Abril 02\/04\/01 = Salvador\/BA. FACED. Primeira aula do semestre. 03\/04\/01 = Salvador\/BA. FACED. Primeiro encontro com a turma 03 de EDC 287 &#8211; gradua\u00e7\u00e3o (Educa\u00e7\u00e3o e Tecnologias contempor\u00e2neas) 05\/04\/01 = Salvador\/BA. FACED. Abertura do semestre. Lan\u00e7amento da Revista do CEAP, com uma entrevista comigo. 09\/04\/01 = Salvador\/BA. FACED. Bem vindo aos novos professores substituots da FACED. 10\/04\/01 = Salvador\/BA. Fiesta Convention Center. Inforum. Manha\u00e3: sociedade da informa\u00e7\u00e3o. tarde: EAD 18\/04\/01= Salvador\/BA. Encontro do f\u00f3rum de Diretores da Faculdades de Educa\u00e7\u00e3o P\u00fablicas do Estado da Bahia 19\/04\/01 = Salvador\/BA. FACED. Debate sobre o Prov\u00e3o. 20\/04\/01 = S\u00e3o Paulo\/SP. USP. Palestra Desafios para a educa\u00e7\u00e3o no mundo contempor\u00e2neo: construindo uma escola sem rumo, na USP as 9:00 horas, integrante do Premio Jovem Cientista 20\/04\/01 = Salvador\/BA. FACED. EDUCAUFBA.2001. Primeiro encontro. 23\/04\/01 = Salvador\/BA. FACED. Encontro peri\u00f3dico da Dire\u00e7\u00e3o da FACED com estudantes de gradua\u00e7\u00e3o.0 27\/04\/01=\u00a0 Porto Alegre\/RS. UFRGS. Palestra Desafios para a educa\u00e7\u00e3o no mundo contempor\u00e2neo: construindo uma escola sem rumo, na Faculdade de Educa\u00e7ao da UFRGS, integrante do Premio Jovem Cientista Maio 02\/05\/01 = Bras\u00edlia\/DF. UnB &#8211; Debate sobre Sociedade de Informa\u00e7\u00e3o no grupo de Leonardo Lazarte 04\/05\/01 = Salvador\/BA. FACED. Palestra no encontro do Programa UFBA Cidadania. Tema: Educa\u00e7\u00e3o: dentro e fora da escola. 8 a 12\/05\/01 &#8211; Braga\/Portigal. II Confer\u00eancia Internaciona Challenges 21. Palestra de Abertura da Confer\u00eancia. A Educa\u00e7\u00e3o na Sociedade do Conhecimento. 16\/05\/01. Uma pra\u00e7a de guerra em Salvador&#8230; A pol\u00edcia Militar invadiu a UFBA. Uma vergonha monumental. Veja na p\u00e1gina da FACED a confus\u00e3o toda! Junho 01\/06\/01 = Salvador\/BA. Projeto Ax\u00e9. 11 anos. Palestra para os educadores. 04\/06\/01 = Rio\/RJ. UNIRIO. Banca da disserta\u00e7\u00e3o de Gabriela Amaral de Almeida rego, sobre Teatro e Comunica\u00e7\u00e3o na era digital: reflex\u00f5es sobre a Revista Virtual Odisseo. Orientadora Ana Maria Bulh\u00f5es de Carvalho. 06 e 07\/06\/01 = Curtiba\/PR. F\u00d3RUM DE DIRETORES DE FACULDADES\/CENTROS DE EDUCA\u00c7\u00c3O DAS UNIVERSIDADES P\u00daBLICAS BRASILEIRAS. XIV ENCONTRO NACIONAL. Em paralelo, uma reuni\u00e3o da ANFOPE. Particpo de uma mesa Redonda sobre Educa\u00e7\u00e3o a Dist\u00e2ncia. 08\/06\/01 = Fortaleza\/CE. UNIFOR: Palestras Educa\u00e7\u00e3o e Tecnologias Contempor\u00e2neas. 18 a 22\/06\/01 &#8211; S\u00e3o Luis\/MA. EPEN &#8211; Encontro de Pesquisa em Educa\u00e7\u00e3o do Nordeste. Mesa Redonda: &#8220;Novas tecnologias e a educa\u00e7\u00e3o a dist\u00e2ncia: estrat\u00e9gia de expans\u00e3o do ensino ou de exclus\u00e3o dos jovens da escola regular&#8221;. 27\/06\/01 = Lauro de Freitas\/BA. SENAI\/CETIND. Palestra: Sociedade da Informa\u00e7\u00e3o e Educa\u00e7\u00e3o. 28\/06\/01 = Salvador\/BA. Instituto de F\u00edsica\/UFBA. Palestra sobre Educa\u00e7\u00e3o e Novas Tecnologias. Julho 03\/07\/01 = Feira de Santana\/Ba. UEFS. Mesa Redonda sobre Ensino de Matem\u00e1tica e Inform\u00e1tica. 04\/07\/01 = Porto Alegre\/RS. UFRGS: Confer\u00eancia de Abertura: Seminario Internacional PEDAGOGIA UNIVERSITARIA E NOVAS TECNOLOGIAS DE ENSINO. Coordena\u00e7\u00e3o de Margaret Arxt. 13 a 18\/07\/01 = Salvador\/BA. SBPC. 19\/07\/01 = Campinas\/SP. Unicamp. 13\u00ba COLE \u2013 CONGRESSO DE LEITURA DO BRASIL. Agosto 2 e 3\/08\/01 = Itapetinga\/BA. UESB. &#8211; n\u00e3o rolou ainda! 27\/08\/01 = Ijui\/RS. Banca final da disserta\u00e7\u00e3o de Graciela Carbonari. 31\/08\/01 = Salvador\/BA. Instituto de Qu\u00edmica. UFBA Encontro de Ensino de Qu\u00edmica. Setembro 03\/09\/01 = Salvador\/BA. FACED.UFBA &#8211; in\u00edcio das aulas do semestre 2001.2 oooppsss GREVE 04\/09\/01 = Bras\u00edlia\/DF. Whorkshop do CNPq. Talentos Humanos para a Sociedade da Informa\u00e7\u00e3o. 10\/09\/01 = Bras\u00edlia\/DF. Banca final da disserta\u00e7\u00e3o de Silvana Maria Silva Nunes (Contratos e Destratos entre Inform\u00e1tica e Educa\u00e7\u00e3o Matem\u00e1tica), orientador: Gilberto Lacerda Santos. 11 e 12\/09\/01 = Itabuna\/BA. NTE. Palestra sobre PROINFO &#8211; cancelado 13\/09\/01 = Salvador\/BA. Assembl\u00e9ia Legislativa do Estado da Bahia. T\u00edtulo de cidad\u00e3o baiano a Felippe Serpa, proposta da Deputada Alice Portugal. 26\/09\/01 = Rio\/RJ. UERJ, 18:00h, no audit\u00f3rio 33.\u00a0 Mesa Redonda: Universidade.Sociedade de Informa\u00e7\u00e3o. Educa\u00e7\u00e3o a Dist\u00e2ncia: experi\u00eancias e propostas pol\u00edticas. Coordena\u00e7\u00e3o Ira Maciel (UERJ) com Nelson De Luca Pretto Sociedade de Informa\u00e7\u00e3o e Universidade: o\u00a0 GT de Educa\u00e7\u00e3o do Livro Verde,\u00a0 Ronaldo Gismondi com a experi\u00eancia do L\u00e2mpada primeiros momentos de EAD na UERJ e a professora Elo\u00edsa da Silva Gomes a experi\u00eancia futura de EAD na UERJ &#8211; o curso de Pedagogia para os anos iniciais do Ensino Fundamental\/projeto EAD. 27\/09\/01 = Salvador\/BA. Casa do Com\u00e9rcio. Encontro Nacional de Jornal na Educa\u00e7\u00e3o e F\u00d3RUM NACIONAL DE JOVENS SOBRE JORNAL NA EDUCA\u00c7\u00c3O. Palestra: Educa\u00e7\u00e3o e M\u00eddia Digital Outubro 07 a 11\/10\/01 = Caxmabu\/G. Reuni\u00e3o Anual da ANPed. Texto da minha apresenta\u00e7\u00e3o&#8230; em breve!!! 24 a 27\/10\/01 = Porto Alegre\/RS. F\u00f3rum Mundial de Educa\u00e7\u00e3o. Debate Especial\u00a0\u00a0 Escola, conectividade e sociedade da informa\u00e7\u00e3o: inclus\u00e3o digital, com Fidel Oteiza (Chile) e Nelson Pretto (Brasil). Mediador: L\u00e9a<\/p>\n","protected":false},"author":9,"featured_media":0,"parent":227,"menu_order":0,"comment_status":"closed","ping_status":"closed","template":"page-2col-left.php","meta":{"pgc_meta":"","_coblocks_attr":"","_coblocks_dimensions":"","_coblocks_responsive_height":"","_coblocks_accordion_ie_support":"","ocean_post_layout":"","ocean_both_sidebars_style":"","ocean_both_sidebars_content_width":0,"ocean_both_sidebars_sidebars_width":0,"ocean_sidebar":"","ocean_second_sidebar":"","ocean_disable_margins":"enable","ocean_add_body_class":"","ocean_shortcode_before_top_bar":"","ocean_shortcode_after_top_bar":"","ocean_shortcode_before_header":"","ocean_shortcode_after_header":"","ocean_has_shortcode":"","ocean_shortcode_after_title":"","ocean_shortcode_before_footer_widgets":"","ocean_shortcode_after_footer_widgets":"","ocean_shortcode_before_footer_bottom":"","ocean_shortcode_after_footer_bottom":"","ocean_display_top_bar":"default","ocean_display_header":"default","ocean_header_style":"","ocean_center_header_left_menu":"","ocean_custom_header_template":"","ocean_custom_logo":0,"ocean_custom_retina_logo":0,"ocean_custom_logo_max_width":0,"ocean_custom_logo_tablet_max_width":0,"ocean_custom_logo_mobile_max_width":0,"ocean_custom_logo_max_height":0,"ocean_custom_logo_tablet_max_height":0,"ocean_custom_logo_mobile_max_height":0,"ocean_header_custom_menu":"","ocean_menu_typo_font_family":"","ocean_menu_typo_font_subset":"","ocean_menu_typo_font_size":0,"ocean_menu_typo_font_size_tablet":0,"ocean_menu_typo_font_size_mobile":0,"ocean_menu_typo_font_size_unit":"px","ocean_menu_typo_font_weight":"","ocean_menu_typo_font_weight_tablet":"","ocean_menu_typo_font_weight_mobile":"","ocean_menu_typo_transform":"","ocean_menu_typo_transform_tablet":"","ocean_menu_typo_transform_mobile":"","ocean_menu_typo_line_height":0,"ocean_menu_typo_line_height_tablet":0,"ocean_menu_typo_line_height_mobile":0,"ocean_menu_typo_line_height_unit":"","ocean_menu_typo_spacing":0,"ocean_menu_typo_spacing_tablet":0,"ocean_menu_typo_spacing_mobile":0,"ocean_menu_typo_spacing_unit":"","ocean_menu_link_color":"","ocean_menu_link_color_hover":"","ocean_menu_link_color_active":"","ocean_menu_link_background":"","ocean_menu_link_hover_background":"","ocean_menu_link_active_background":"","ocean_menu_social_links_bg":"","ocean_menu_social_hover_links_bg":"","ocean_menu_social_links_color":"","ocean_menu_social_hover_links_color":"","ocean_disable_title":"default","ocean_disable_heading":"default","ocean_post_title":"","ocean_post_subheading":"","ocean_post_title_style":"","ocean_post_title_background_color":"","ocean_post_title_background":0,"ocean_post_title_bg_image_position":"","ocean_post_title_bg_image_attachment":"","ocean_post_title_bg_image_repeat":"","ocean_post_title_bg_image_size":"","ocean_post_title_height":0,"ocean_post_title_bg_overlay":0.5,"ocean_post_title_bg_overlay_color":"","ocean_disable_breadcrumbs":"default","ocean_breadcrumbs_color":"","ocean_breadcrumbs_separator_color":"","ocean_breadcrumbs_links_color":"","ocean_breadcrumbs_links_hover_color":"","ocean_display_footer_widgets":"default","ocean_display_footer_bottom":"default","ocean_custom_footer_template":"","_themeisle_gutenberg_block_has_review":false,"footnotes":""},"class_list":["post-776","page","type-page","status-publish","hentry","entry"],"pgc_meta":"","_links":{"self":[{"href":"https:\/\/blog.ufba.br\/nelsonpretto\/wp-json\/wp\/v2\/pages\/776"}],"collection":[{"href":"https:\/\/blog.ufba.br\/nelsonpretto\/wp-json\/wp\/v2\/pages"}],"about":[{"href":"https:\/\/blog.ufba.br\/nelsonpretto\/wp-json\/wp\/v2\/types\/page"}],"author":[{"embeddable":true,"href":"https:\/\/blog.ufba.br\/nelsonpretto\/wp-json\/wp\/v2\/users\/9"}],"replies":[{"embeddable":true,"href":"https:\/\/blog.ufba.br\/nelsonpretto\/wp-json\/wp\/v2\/comments?post=776"}],"version-history":[{"count":0,"href":"https:\/\/blog.ufba.br\/nelsonpretto\/wp-json\/wp\/v2\/pages\/776\/revisions"}],"up":[{"embeddable":true,"href":"https:\/\/blog.ufba.br\/nelsonpretto\/wp-json\/wp\/v2\/pages\/227"}],"wp:attachment":[{"href":"https:\/\/blog.ufba.br\/nelsonpretto\/wp-json\/wp\/v2\/media?parent=776"}],"curies":[{"name":"wp","href":"https:\/\/api.w.org\/{rel}","templated":true}]}}