{"id":774,"date":"2010-03-19T00:20:54","date_gmt":"2010-03-19T03:20:54","guid":{"rendered":"http:\/\/blog.ufba.br\/nlpretto\/?page_id=774"},"modified":"2010-03-19T00:20:54","modified_gmt":"2010-03-19T03:20:54","slug":"onde-esta-pretto-em-1998","status":"publish","type":"page","link":"https:\/\/blog.ufba.br\/nelsonpretto\/onde-esta-pretto\/onde-esta-pretto-em-1998\/","title":{"rendered":"Onde est\u00e1 Pretto em 1998?"},"content":{"rendered":"<h3>Janeiro<\/h3>\n<ul>\n<li>27 = Rio de Janeiro &#8211; RJ = Reuni\u00e3o no LNCC\/CNPq para articula\u00e7\u00e3o do projeto de Bibliotecas Virtuais &#8211; Educa\u00e7\u00e3o a Dist\u00e2ncia.(<a href=\"http:\/\/www.prossiga.cnpq.br\/\">PROSSIGA<\/a>)<\/li>\n<\/ul>\n<h3>Fevereiro<\/h3>\n<p><span style=\"color: #ff0000;font-size: medium\">em licen\u00e7a premio at\u00e9 junho.98<\/span><\/p>\n<p><span style=\"color: #000080;font-size: medium\"><strong>e em greve!<\/strong><\/span><\/p>\n<p>Mar\u00e7o<\/p>\n<ul>\n<li>05 = Salvador\/BA = Reuni\u00e3o do N\u00facleo Educa\u00e7\u00e3o &amp; Comunica\u00e7\u00e3o da FACED\/UFBA<\/li>\n<li>17 e 18 = Rio de Janeiro &#8211; RJ = Reuni\u00e3o no LNCC\/CNPq para andamento do projeto de Bibliotecas Virtuais &#8211; Educa\u00e7\u00e3o a Dist\u00e2ncia.(<a href=\"http:\/\/www.prossiga.cnpq.br\/\">PROSSIGA)<\/a><\/li>\n<\/ul>\n<h3>Abril<\/h3>\n<ul>\n<li>02 = Salvador\/BA = Shoping Iguatemi, 10 horas.. Palestra: A Educa\u00e7\u00e3o e o Futuro do Trabalho. Promo\u00e7\u00e0p Real &amp; Dados<\/li>\n<li>?? = Natla\/RN = participa\u00e7\u00e3o em banca de mestrado &#8211; <span style=\"color: #ff0000\">adiada!!!<\/span><\/li>\n<li>14 a 17 = Rio de Janeiro\/RJ &#8211; F\u00f3rum de Ci\u00eancia e Cultura\/UFRJ. <span style=\"color: #008000;font-size: medium\"><strong>Semin\u00e1rio Imagem, Cultura e Educa\u00e7\u00e3o<\/strong><\/span>. Comentarista e coordenador dos debates da confer\u00eancia de Judith Lazar &#8211; Universidade Paris X.<\/li>\n<li>23 = S\u00e3o Paulo\/SP &#8211; Universidade de S\u00e3o Paulo. Participa\u00e7\u00e3o na banca da tese V\u00eddeo, Cultura e Linguagem, de <a href=\"mailto:laumar@carpa.ciagri.usp.br\">Laura Alves Martini<\/a> . Demais membros da banca: Heloisa Dupas Penteado (USP &#8211; orientadora), Maria Felisminda R. e Fusari (USP), Elsa Garrido (USP) e Jos\u00e9 Manuel Moran (USP).<\/li>\n<li>29 e 30 = S\u00e3o Paulo\/SP = 15\u00aa Bienal do Livro. Semin\u00e1rio Pesquisa e ensino em Ci\u00eancias: teoria e pr\u00e1tica. Minicurso: <a href=\"http:\/\/www2.ufba.br\/%7Epretto\/Cursos\/Bienal98\/bie98progra.htm\">Ensino de Ci\u00eancias e Telem\u00e1tica<\/a>. Em conjunto com <a href=\"mailto:marcelo@iqm.unicamp.br\">Marcelo Giordam<\/a> (USP). Tema: Ensino de ci\u00eancias e telem\u00e1tica.<\/li>\n<\/ul>\n<h3>Maio<\/h3>\n<ul>\n<li>07 = Salvador = 9 as 17 horas. Faculdade de Educa\u00e7\u00e3o. Semin\u00e1rio de apresenta\u00e7\u00e3o das pesquisas dos orientandos.<\/li>\n<li>07 = Salvador, 19 horas &#8211; Livraria da Torre. Quinta na Torre. Bate papo sobre: <span style=\"color: #ff00ff;font-size: medium\"><strong>Tecnologia, Cultura e Educa\u00e7\u00e3o<\/strong><\/span><\/li>\n<li>13 = Salvador\/BA. Lan\u00e7amento da <a href=\"http:\/\/www.prossiga.br\/edistancia\"><span style=\"font-size: medium\"><strong>Biblioteca Virtual de Educa\u00e7\u00e3o a Dist\u00e2cia<\/strong><\/span><\/a>. <a href=\"http:\/\/www.prossiga.br\/rei.html\">PROSSIGA<\/a>\/CNPq<\/li>\n<li>20 = Salvador\/BA = Universidade Cat\u00f3lica de Salvador. 2\u00b0 Semin\u00e1rio de Inform\u00e1tica. Mesa redonda com Edilson Tourinho &#8211; Secret\u00e1rio de Educa\u00e7\u00e3o do Estado da Bahia. Tema: <span style=\"color: #ff0080;font-size: medium\">Panorama da Educa\u00e7\u00e3o da Era da Inform\u00e1tica<\/span><\/li>\n<li>28 &#8211; Reuni\u00e3o na UNEB &#8211; Salvador para montagem do <span style=\"font-size: medium\"><strong>Projeto Centro de Refer\u00eancia sobre Canudos Aguarde novidade espetacular aqui!!!<\/strong><\/span><\/li>\n<\/ul>\n<h3>Junho<\/h3>\n<ul>\n<li>4 e 5 = UFG = Faculdade de Educa\u00e7\u00e3o. Reuni\u00e3o com o grupo do PROIN. Contato <a href=\"mailto:mariliag@netline.com.br\">Profa. Mar\u00edlia Gouveia<\/a><\/li>\n<li>4 = An\u00e1polis\/Goiania = Palestra sobre Novas Tecnologias.<\/li>\n<li>10 = Salvador&#8230;. <strong>na praia, vendo a TV!!!!<\/strong>.<\/li>\n<\/ul>\n<ul>\n<li>16 = Salvador &#8230;.<span style=\"font-size: medium\"><strong>. <\/strong><\/span><span style=\"color: #ffff00;font-size: medium\"><strong>brassilllllll<\/strong><\/span><span style=\"font-size: medium\"><strong>.<\/strong><\/span><img decoding=\"async\" src=\"http:\/\/www2.ufba.br\/%7Epretto\/images\/brassill.JPG\" alt=\"brassill.JPG (19832 bytes)\" hspace=\"0\" width=\"147\" height=\"91\" align=\"right\" \/><\/li>\n<li>23 = Salvador &#8230;<span style=\"color: #008040;font-size: medium\"><strong>brasilll<\/strong><\/span><span style=\"font-size: medium\">..<\/span> ser\u00e1?!!!<\/li>\n<\/ul>\n<ul>\n<li>18 e 19 = Fortaleza\/CE = semin\u00e1rio para professores do NTE do Cear\u00e1<\/li>\n<li>24 = Palmeiras\/Bahia&#8230; <span style=\"color: #ff0080;font-size: medium\">Viva S\u00e3o Jo\u00e3o<\/span>.<\/li>\n<li>26 = Foi reprovado meu projeto de p\u00f3s doutoramento pelo CNPq. Entrei com recurso!<\/li>\n<\/ul>\n<h3>Julho<\/h3>\n<ul>\n<li>8 e 9 = Santa Rosa\/RS &#8211; UNIJUI. Curso: <span style=\"font-size: medium\"><strong>Novas tecnologias para a educa\u00e7\u00e3o<\/strong><\/span>. Contato: <a href=\"mailto:marti@missoes.com.br\">Celso Jose Martinazzo.<\/a> UNIJUI\/Santa Rosa. Carga hor\u00e1ria: 8 horas<\/li>\n<li>13 a 17 = Natla\/RN. <a href=\"http:\/\/www.sbpc.org.br\/\">Reuni\u00e3o Anual da SBPC<\/a>. Estande das Bilbiotecas Virtuais do CNPq\/UFBA. Centro de Conviv\u00eancias, estande 43.<\/li>\n<li>30 a 4\/8 = Joa\u00e7aba \/SC &#8211; UNOESC. Curso sobre Novas Tecnologias e a Educa\u00e7\u00e3o. Especializa\u00e7\u00e3o.. Contato. <a href=\"mailto:hetk@unoescjba.rct-sc.br\">Tania Maria Hetkosky<\/a><\/li>\n<\/ul>\n<h3>Agosto<\/h3>\n<ul>\n<li>desde 00.7 ate 4.8 = Joa\u00e7aba \/SC &#8211; UNOESC. Curso sobre Novas Tecnologias e a Educa\u00e7\u00e3o. Especializa\u00e7\u00e3o.. Contato. <a href=\"mailto:hetk@unoescjba.rct-sc.br\">Tania Maria Hetkosky<\/a><\/li>\n<li>11.08 = SSA\/BA = mesa redonda com os professores da Projeto Internet nas Escolas da Prefeitura Municipal de Salvador. Palestra: Por que Internet na escola P\u00fablica?<\/li>\n<li><span style=\"color: #ff0000\"><strong>FOI APROVADO<\/strong><\/span> O MEU PROJETO DE <a href=\"http:\/\/www2.ufba.br\/%7Epretto\/posdoc.htm\">P\u00d3S DOUTORAMENTO<\/a>!. o recurso valeu!!!!!<\/li>\n<li>19.08 = Natal\/RN. Banca de mestrado:<\/li>\n<li>20 e 21.08 = Natal\/RN : curso de especializa\u00e7\u00e3o <strong>A escola no final do mil\u00eanio<\/strong><\/li>\n<\/ul>\n<h3>Setembro<\/h3>\n<ul>\n<li>08\/09 = Rio\/RJ = reuni\u00e3o dos coordenadores das bibliotecas virtuais do CNPq\/PROSSIGA<\/li>\n<li>11\/09 = Cuiab\u00e1\/MT = Confer\u00eancia<strong> A educa\u00e7\u00e3o aberta e a dist\u00e2ncia e a forma\u00e7\u00e3o de professores<\/strong>, na <span style=\"color: #ff0000\">Confer\u00eancia Estadual Forma\u00e7\u00e3o de Professores da Educa\u00e7\u00e3o B\u00e1sica<\/span><\/li>\n<li>15\/9 = Lan\u00e7amento de meu livro junto com o de Inez Carvalho&#8230; as sete da noite na livraria da torre\/ Venha tomar uma&#8230; <a href=\"mailto:livtorre@svn.com.br\">z\u00e9 fernando paga<\/a>!!!! <a href=\"http:\/\/www2.ufba.br\/%7Epretto\/terrasemeada\/lcto.htm\">Visite os livros<\/a>!<\/li>\n<li>16.9 = Conferencia de abertura <a href=\"http:\/\/www2.ufba.br\/%7Epretto\/eventos\/sinpro\/sinpro.htm\">Escavucar a Mem\u00f3ria: os trinat e cinco anos do sinpro e o futuro da escola<\/a> do Congresso estadual de professores. SINPRO\/BA. Col\u00e9gio Antonio Vieira.<\/li>\n<\/ul>\n<h3>Setembro<\/h3>\n<ul>\n<li>08\/09 = Rio\/RJ = reuni\u00e3o dos coordenadores das bibliotecas virtuais do CNPq\/PROSSIGA<\/li>\n<li>11\/09 = Cuiab\u00e1\/MT = Confer\u00eancia<strong> <\/strong><a href=\"\/Meus%20documentos\/Minhas%20Webs\/minhaweb\/ufmt_set98.htm\"><strong>A educa\u00e7\u00e3o aberta e a dist\u00e2ncia e a forma\u00e7\u00e3o de professores<\/strong><\/a>, na <span style=\"color: #ff0000\">Confer\u00eancia Estadual Forma\u00e7\u00e3o de Professores da Educa\u00e7\u00e3o B\u00e1sica<\/span><\/li>\n<li><span style=\"color: #000000\">15\/09 = Salvador\/BA &#8211; Lan\u00e7amento do livro <strong>Semeando outras Terras<\/strong> organizado por mim junto com Maria Helena Bonbillapela UNIJUI. O lan\u00e7amento ser\u00e1 em conjunto com lan\u00e7amento do livro de <\/span><a href=\"mailto:misc@ufba.br\"><span style=\"color: #000000\">Maria Inez Carvalho<\/span><\/a><span style=\"color: #000000\"> <strong>Fim de s\u00e9culo &#8211; a escola e a geografia<\/strong><\/span>, tamb\u00e9m pela UNIJUI. Tudo isso na <a href=\"mailto:livtorre@svn.com.br\">Livraria da Torre<\/a>, no Rio Vermelho. Sete da noite. <a href=\"http:\/\/www2.ufba.br\/%7Epretto\/terrasemeada\/lcto.htm\"><span style=\"font-size: medium\">Visite a pagina<\/span><\/a><span style=\"font-size: medium\">.<\/span> V\u00e1 l\u00e1 tomar um drinque com a gente&#8230; <a href=\"mailto:livtorre@svn.com.br\">Jos\u00e9 Fernando paga<\/a>!!!!<\/li>\n<li>16\/09 = Salvador\/BA . Paletra de abertura do Congresso Estadual de Professores, promovido pelo SINPRO\/BA. Tema <a href=\"\/Meus%20documentos\/Minhas%20Webs\/minhaweb\/escavucra_a_mem%C3%B3ria_.htm\">Escavucar a Mem\u00f3ria: os trinta e cinco anos do sinpro e o futuro da escola<\/a><\/li>\n<li>2809 = Salvador\/BA. Exame de Qualifica\u00e7\u00e3o de <a href=\"mailto:fatima@eribeiro.com.br\">Maria de F\u00e1tima Monte Lima<\/a> (doutorado).<\/li>\n<li>30\/09 = Salvador\/BA &#8211; Apresenta\u00e7\u00e3o p\u00fablica da disserta\u00e7\u00e3o de mestrado de <a href=\"mailto:lynn@ufba.br\">Lynn Rosalina<\/a>. Banca: Terezinha Froes Burnham, Andr\u00e9 Lemos e Nelson Pretto (orientador).<\/li>\n<\/ul>\n<h3>Outubro<\/h3>\n<ul>\n<li><span style=\"color: #ff8000;font-size: medium\"><strong>J\u00e1 fui banda mel!!!!<\/strong><\/span> sa\u00edda para p\u00f3s-doutorado junto ao Goldsmiths College\/London University. Projeto <a href=\"\/Meus%20documentos\/Minhas%20Webs\/minhaweb\/projetopor.htm\">Tecnologias da Comunica\u00e7\u00e3o e Educa\u00e7\u00e3o<\/a>.<br \/>\n<span style=\"color: #ff8000;font-size: medium\"><strong>Daqui em diante, estou fazendo um p\u00f3s-doutoramento no Centro de Estudos Culturais de Goldsmiths College\/ Universidade de Londres<\/strong><\/span><span style=\"color: #ff8000\"><strong>.<br \/>\nMas continue acompanhando minhas caminhadas no p\u00f3s doutorado.<\/strong><\/span><\/li>\n<li><span style=\"color: #000000\">procurando casa em Londres. ufa! tem <\/span><a href=\"http:\/\/www.geocities.com\/Vienna\/4039\/smog.htm\"><span style=\"color: #000000\">SMOG<\/span><\/a><span style=\"color: #000000\"> sobre isso!<\/span><\/li>\n<\/ul>\n<h3>Novembro<\/h3>\n<ul>\n<li>15 &#8211; London: <a href=\"http:\/\/www.channel.org.uk\/whitechapel\/wh_contac.html\">Whitechapel Gallery<\/a> &#8211; visitando a exposi\u00e7\u00e3o <span style=\"color: #ff0000\"><strong>SPEDD &#8211; visions of accelerated Age<\/strong><\/span><\/li>\n<li>17 to 19 &#8211; London: Wembley Exibithion: visitando a feira <a href=\"http:\/\/www.digmedia.co.uk\/\"><span style=\"font-size: medium\">Digital Media World&#8217;98<\/span><\/a><\/li>\n<li>30 = London: Embaixada do Brasil. Encontro do Embaixador com os bolsistas brasilerios que est\u00e3o no Reino Unido. Acredite, s\u00f3 tinha refrigerante e p\u00e3o de queijo! Nada de um vinhozinho nem discuss\u00e3o sobre a pol\u00edtica de ci\u00eancia, tecnologia, cultura e educa\u00e7\u00e3o de FHC! \u00c9 cada uma que se v\u00ea, viu?!<\/li>\n<\/ul>\n<h3>Dezembro<\/h3>\n<ul>\n<li>2 &#8211; London: Goldsmiths College\/<a href=\"http:\/\/www.goldsmiths.ac.uk\/cultural-studies\/events.htm\">Centre for Cultural Studies<\/a> &#8211; assistindo o semin\u00e1rio de Richard Sennett (New York University) <span style=\"color: #ff0000\"><strong>Capitalism and Narrative<\/strong><\/span><\/li>\n<\/ul>\n<blockquote>\n<blockquote>\n<blockquote><p><span style=\"font-family: Venetian301 Dm BT;color: #ff0080;font-size: large\"><strong>a vida em london t\u00e1 boa!!! mas&#8230; <\/strong><\/span><a href=\"http:\/\/www2.ufba.br\/%7Epretto\/onde99.htm\"><span style=\"font-family: Venetian301 Dm BT;color: #ff0080;font-size: large\"><strong>99 vem a\u00ed<\/strong><\/span><\/a><span style=\"font-family: Venetian301 Dm BT;color: #ff0080;font-size: large\"><strong> e&#8230; parece que com surpresas econ\u00f4micas&#8230;<\/strong><\/span><\/p>\n<p><span style=\"font-family: Venetian301 Dm BT;color: #ff0080;font-size: large\"><strong>quem mandou&#8230;<\/strong><\/span><span style=\"font-family: Venetian301 Dm BT;color: #000000;font-size: x-large\"><strong>bbbrrrrrrr&#8230;<\/strong><\/span><img decoding=\"async\" src=\"http:\/\/www2.ufba.br\/%7Epretto\/images\/viubefore.JPG\" alt=\"viubefore.JPG (11101 bytes)\" width=\"70\" height=\"82\" \/> olha o que eu digo!!!<\/p><\/blockquote>\n<\/blockquote>\n<\/blockquote>\n","protected":false},"excerpt":{"rendered":"<p>Janeiro 27 = Rio de Janeiro &#8211; RJ = Reuni\u00e3o no LNCC\/CNPq para articula\u00e7\u00e3o do projeto de Bibliotecas Virtuais &#8211; Educa\u00e7\u00e3o a Dist\u00e2ncia.(PROSSIGA) Fevereiro em licen\u00e7a premio at\u00e9 junho.98 e em greve! Mar\u00e7o 05 = Salvador\/BA = Reuni\u00e3o do N\u00facleo Educa\u00e7\u00e3o &amp; Comunica\u00e7\u00e3o da FACED\/UFBA 17 e 18 = Rio de Janeiro &#8211; RJ = Reuni\u00e3o no LNCC\/CNPq para andamento do projeto de Bibliotecas Virtuais &#8211; Educa\u00e7\u00e3o a Dist\u00e2ncia.(PROSSIGA) Abril 02 = Salvador\/BA = Shoping Iguatemi, 10 horas.. Palestra: A Educa\u00e7\u00e3o e o Futuro do Trabalho. Promo\u00e7\u00e0p Real &amp; Dados ?? = Natla\/RN = participa\u00e7\u00e3o em banca de mestrado &#8211; adiada!!! 14 a 17 = Rio de Janeiro\/RJ &#8211; F\u00f3rum de Ci\u00eancia e Cultura\/UFRJ. Semin\u00e1rio Imagem, Cultura e Educa\u00e7\u00e3o. Comentarista e coordenador dos debates da confer\u00eancia de Judith Lazar &#8211; Universidade Paris X. 23 = S\u00e3o Paulo\/SP &#8211; Universidade de S\u00e3o Paulo. Participa\u00e7\u00e3o na banca da tese V\u00eddeo, Cultura e Linguagem, de Laura Alves Martini . Demais membros da banca: Heloisa Dupas Penteado (USP &#8211; orientadora), Maria Felisminda R. e Fusari (USP), Elsa Garrido (USP) e Jos\u00e9 Manuel Moran (USP). 29 e 30 = S\u00e3o Paulo\/SP = 15\u00aa Bienal do Livro. Semin\u00e1rio Pesquisa e ensino em Ci\u00eancias: teoria e pr\u00e1tica. Minicurso: Ensino de Ci\u00eancias e Telem\u00e1tica. Em conjunto com Marcelo Giordam (USP). Tema: Ensino de ci\u00eancias e telem\u00e1tica. Maio 07 = Salvador = 9 as 17 horas. Faculdade de Educa\u00e7\u00e3o. Semin\u00e1rio de apresenta\u00e7\u00e3o das pesquisas dos orientandos. 07 = Salvador, 19 horas &#8211; Livraria da Torre. Quinta na Torre. Bate papo sobre: Tecnologia, Cultura e Educa\u00e7\u00e3o 13 = Salvador\/BA. Lan\u00e7amento da Biblioteca Virtual de Educa\u00e7\u00e3o a Dist\u00e2cia. PROSSIGA\/CNPq 20 = Salvador\/BA = Universidade Cat\u00f3lica de Salvador. 2\u00b0 Semin\u00e1rio de Inform\u00e1tica. Mesa redonda com Edilson Tourinho &#8211; Secret\u00e1rio de Educa\u00e7\u00e3o do Estado da Bahia. Tema: Panorama da Educa\u00e7\u00e3o da Era da Inform\u00e1tica 28 &#8211; Reuni\u00e3o na UNEB &#8211; Salvador para montagem do Projeto Centro de Refer\u00eancia sobre Canudos Aguarde novidade espetacular aqui!!! Junho 4 e 5 = UFG = Faculdade de Educa\u00e7\u00e3o. Reuni\u00e3o com o grupo do PROIN. Contato Profa. Mar\u00edlia Gouveia 4 = An\u00e1polis\/Goiania = Palestra sobre Novas Tecnologias. 10 = Salvador&#8230;. na praia, vendo a TV!!!!. 16 = Salvador &#8230;.. brassilllllll. 23 = Salvador &#8230;brasilll.. ser\u00e1?!!! 18 e 19 = Fortaleza\/CE = semin\u00e1rio para professores do NTE do Cear\u00e1 24 = Palmeiras\/Bahia&#8230; Viva S\u00e3o Jo\u00e3o. 26 = Foi reprovado meu projeto de p\u00f3s doutoramento pelo CNPq. Entrei com recurso! Julho 8 e 9 = Santa Rosa\/RS &#8211; UNIJUI. Curso: Novas tecnologias para a educa\u00e7\u00e3o. Contato: Celso Jose Martinazzo. UNIJUI\/Santa Rosa. Carga hor\u00e1ria: 8 horas 13 a 17 = Natla\/RN. Reuni\u00e3o Anual da SBPC. Estande das Bilbiotecas Virtuais do CNPq\/UFBA. Centro de Conviv\u00eancias, estande 43. 30 a 4\/8 = Joa\u00e7aba \/SC &#8211; UNOESC. Curso sobre Novas Tecnologias e a Educa\u00e7\u00e3o. Especializa\u00e7\u00e3o.. Contato. Tania Maria Hetkosky Agosto desde 00.7 ate 4.8 = Joa\u00e7aba \/SC &#8211; UNOESC. Curso sobre Novas Tecnologias e a Educa\u00e7\u00e3o. Especializa\u00e7\u00e3o.. Contato. Tania Maria Hetkosky 11.08 = SSA\/BA = mesa redonda com os professores da Projeto Internet nas Escolas da Prefeitura Municipal de Salvador. Palestra: Por que Internet na escola P\u00fablica? FOI APROVADO O MEU PROJETO DE P\u00d3S DOUTORAMENTO!. o recurso valeu!!!!! 19.08 = Natal\/RN. Banca de mestrado: 20 e 21.08 = Natal\/RN : curso de especializa\u00e7\u00e3o A escola no final do mil\u00eanio Setembro 08\/09 = Rio\/RJ = reuni\u00e3o dos coordenadores das bibliotecas virtuais do CNPq\/PROSSIGA 11\/09 = Cuiab\u00e1\/MT = Confer\u00eancia A educa\u00e7\u00e3o aberta e a dist\u00e2ncia e a forma\u00e7\u00e3o de professores, na Confer\u00eancia Estadual Forma\u00e7\u00e3o de Professores da Educa\u00e7\u00e3o B\u00e1sica 15\/9 = Lan\u00e7amento de meu livro junto com o de Inez Carvalho&#8230; as sete da noite na livraria da torre\/ Venha tomar uma&#8230; z\u00e9 fernando paga!!!! Visite os livros! 16.9 = Conferencia de abertura Escavucar a Mem\u00f3ria: os trinat e cinco anos do sinpro e o futuro da escola do Congresso estadual de professores. SINPRO\/BA. Col\u00e9gio Antonio Vieira. Setembro 08\/09 = Rio\/RJ = reuni\u00e3o dos coordenadores das bibliotecas virtuais do CNPq\/PROSSIGA 11\/09 = Cuiab\u00e1\/MT = Confer\u00eancia A educa\u00e7\u00e3o aberta e a dist\u00e2ncia e a forma\u00e7\u00e3o de professores, na Confer\u00eancia Estadual Forma\u00e7\u00e3o de Professores da Educa\u00e7\u00e3o B\u00e1sica 15\/09 = Salvador\/BA &#8211; Lan\u00e7amento do livro Semeando outras Terras organizado por mim junto com Maria Helena Bonbillapela UNIJUI. O lan\u00e7amento ser\u00e1 em conjunto com lan\u00e7amento do livro de Maria Inez Carvalho Fim de s\u00e9culo &#8211; a escola e a geografia, tamb\u00e9m pela UNIJUI. Tudo isso na Livraria da Torre, no Rio Vermelho. Sete da noite. Visite a pagina. V\u00e1 l\u00e1 tomar um drinque com a gente&#8230; Jos\u00e9 Fernando paga!!!! 16\/09 = Salvador\/BA . Paletra de abertura do Congresso Estadual de Professores, promovido pelo SINPRO\/BA. Tema Escavucar a Mem\u00f3ria: os trinta e cinco anos do sinpro e o futuro da escola 2809 = Salvador\/BA. Exame de Qualifica\u00e7\u00e3o de Maria de F\u00e1tima Monte Lima (doutorado). 30\/09 = Salvador\/BA &#8211; Apresenta\u00e7\u00e3o p\u00fablica da disserta\u00e7\u00e3o de mestrado de Lynn Rosalina. Banca: Terezinha Froes Burnham, Andr\u00e9 Lemos e Nelson Pretto (orientador). Outubro J\u00e1 fui banda mel!!!! sa\u00edda para p\u00f3s-doutorado junto ao Goldsmiths College\/London University. Projeto Tecnologias da Comunica\u00e7\u00e3o e Educa\u00e7\u00e3o. Daqui em diante, estou fazendo um p\u00f3s-doutoramento no Centro de Estudos Culturais de Goldsmiths College\/ Universidade de Londres. Mas continue acompanhando minhas caminhadas no p\u00f3s doutorado. procurando casa em Londres. ufa! tem SMOG sobre isso! Novembro 15 &#8211; London: Whitechapel Gallery &#8211; visitando a exposi\u00e7\u00e3o SPEDD &#8211; visions of accelerated Age 17 to 19 &#8211; London: Wembley Exibithion: visitando a feira Digital Media World&#8217;98 30 = London: Embaixada do Brasil. Encontro do Embaixador com os bolsistas brasilerios que est\u00e3o no Reino Unido. Acredite, s\u00f3 tinha refrigerante e p\u00e3o de queijo! Nada de um vinhozinho nem discuss\u00e3o sobre a pol\u00edtica de ci\u00eancia, tecnologia, cultura e educa\u00e7\u00e3o de FHC! \u00c9 cada uma que se v\u00ea, viu?! Dezembro 2 &#8211; London: Goldsmiths College\/Centre for Cultural Studies &#8211; assistindo o semin\u00e1rio de Richard Sennett (New York University) Capitalism and Narrative a vida em london t\u00e1 boa!!! mas&#8230; 99 vem a\u00ed e&#8230; parece que com surpresas econ\u00f4micas&#8230; quem mandou&#8230;bbbrrrrrrr&#8230; olha o que eu digo!!!<\/p>\n","protected":false},"author":9,"featured_media":0,"parent":227,"menu_order":0,"comment_status":"closed","ping_status":"closed","template":"page-2col-left.php","meta":{"pgc_meta":"","_coblocks_attr":"","_coblocks_dimensions":"","_coblocks_responsive_height":"","_coblocks_accordion_ie_support":"","ocean_post_layout":"","ocean_both_sidebars_style":"","ocean_both_sidebars_content_width":0,"ocean_both_sidebars_sidebars_width":0,"ocean_sidebar":"","ocean_second_sidebar":"","ocean_disable_margins":"enable","ocean_add_body_class":"","ocean_shortcode_before_top_bar":"","ocean_shortcode_after_top_bar":"","ocean_shortcode_before_header":"","ocean_shortcode_after_header":"","ocean_has_shortcode":"","ocean_shortcode_after_title":"","ocean_shortcode_before_footer_widgets":"","ocean_shortcode_after_footer_widgets":"","ocean_shortcode_before_footer_bottom":"","ocean_shortcode_after_footer_bottom":"","ocean_display_top_bar":"default","ocean_display_header":"default","ocean_header_style":"","ocean_center_header_left_menu":"","ocean_custom_header_template":"","ocean_custom_logo":0,"ocean_custom_retina_logo":0,"ocean_custom_logo_max_width":0,"ocean_custom_logo_tablet_max_width":0,"ocean_custom_logo_mobile_max_width":0,"ocean_custom_logo_max_height":0,"ocean_custom_logo_tablet_max_height":0,"ocean_custom_logo_mobile_max_height":0,"ocean_header_custom_menu":"","ocean_menu_typo_font_family":"","ocean_menu_typo_font_subset":"","ocean_menu_typo_font_size":0,"ocean_menu_typo_font_size_tablet":0,"ocean_menu_typo_font_size_mobile":0,"ocean_menu_typo_font_size_unit":"px","ocean_menu_typo_font_weight":"","ocean_menu_typo_font_weight_tablet":"","ocean_menu_typo_font_weight_mobile":"","ocean_menu_typo_transform":"","ocean_menu_typo_transform_tablet":"","ocean_menu_typo_transform_mobile":"","ocean_menu_typo_line_height":0,"ocean_menu_typo_line_height_tablet":0,"ocean_menu_typo_line_height_mobile":0,"ocean_menu_typo_line_height_unit":"","ocean_menu_typo_spacing":0,"ocean_menu_typo_spacing_tablet":0,"ocean_menu_typo_spacing_mobile":0,"ocean_menu_typo_spacing_unit":"","ocean_menu_link_color":"","ocean_menu_link_color_hover":"","ocean_menu_link_color_active":"","ocean_menu_link_background":"","ocean_menu_link_hover_background":"","ocean_menu_link_active_background":"","ocean_menu_social_links_bg":"","ocean_menu_social_hover_links_bg":"","ocean_menu_social_links_color":"","ocean_menu_social_hover_links_color":"","ocean_disable_title":"default","ocean_disable_heading":"default","ocean_post_title":"","ocean_post_subheading":"","ocean_post_title_style":"","ocean_post_title_background_color":"","ocean_post_title_background":0,"ocean_post_title_bg_image_position":"","ocean_post_title_bg_image_attachment":"","ocean_post_title_bg_image_repeat":"","ocean_post_title_bg_image_size":"","ocean_post_title_height":0,"ocean_post_title_bg_overlay":0.5,"ocean_post_title_bg_overlay_color":"","ocean_disable_breadcrumbs":"default","ocean_breadcrumbs_color":"","ocean_breadcrumbs_separator_color":"","ocean_breadcrumbs_links_color":"","ocean_breadcrumbs_links_hover_color":"","ocean_display_footer_widgets":"default","ocean_display_footer_bottom":"default","ocean_custom_footer_template":"","_themeisle_gutenberg_block_has_review":false,"footnotes":""},"class_list":["post-774","page","type-page","status-publish","hentry","entry"],"pgc_meta":"","_links":{"self":[{"href":"https:\/\/blog.ufba.br\/nelsonpretto\/wp-json\/wp\/v2\/pages\/774"}],"collection":[{"href":"https:\/\/blog.ufba.br\/nelsonpretto\/wp-json\/wp\/v2\/pages"}],"about":[{"href":"https:\/\/blog.ufba.br\/nelsonpretto\/wp-json\/wp\/v2\/types\/page"}],"author":[{"embeddable":true,"href":"https:\/\/blog.ufba.br\/nelsonpretto\/wp-json\/wp\/v2\/users\/9"}],"replies":[{"embeddable":true,"href":"https:\/\/blog.ufba.br\/nelsonpretto\/wp-json\/wp\/v2\/comments?post=774"}],"version-history":[{"count":0,"href":"https:\/\/blog.ufba.br\/nelsonpretto\/wp-json\/wp\/v2\/pages\/774\/revisions"}],"up":[{"embeddable":true,"href":"https:\/\/blog.ufba.br\/nelsonpretto\/wp-json\/wp\/v2\/pages\/227"}],"wp:attachment":[{"href":"https:\/\/blog.ufba.br\/nelsonpretto\/wp-json\/wp\/v2\/media?parent=774"}],"curies":[{"name":"wp","href":"https:\/\/api.w.org\/{rel}","templated":true}]}}