{"id":717,"date":"2010-03-18T19:31:22","date_gmt":"2010-03-18T22:31:22","guid":{"rendered":"http:\/\/blog.ufba.br\/nlpretto\/?page_id=717"},"modified":"2010-03-18T19:31:22","modified_gmt":"2010-03-18T22:31:22","slug":"onde-esta-pretto-em-1996","status":"publish","type":"page","link":"https:\/\/blog.ufba.br\/nelsonpretto\/onde-esta-pretto\/onde-esta-pretto-em-1996\/","title":{"rendered":"Onde est\u00e1 Pretto em 1996?"},"content":{"rendered":"<table>\n<tbody>\n<tr>\n<td>\n<h1><a href=\"http:\/\/blog.ufba.br\/nlpretto\/files\/2010\/02\/onde_pretto.gif\"><img decoding=\"async\" class=\"alignleft size-full wp-image-225\" title=\"Onde est\u00e1 Pretto\" src=\"http:\/\/blog.ufba.br\/nlpretto\/files\/2010\/02\/onde_pretto.gif\" alt=\"\" width=\"219\" height=\"165\" \/><\/a><\/h1>\n<\/td>\n<\/tr>\n<\/tbody>\n<\/table>\n<h3>Mar\u00e7o<\/h3>\n<ul>\n<li>22 = Blumenau\/SC = <em>Curso: Criatividade como Elemento do Fazer pedag\u00f3gico<\/em>. Prefeitura Muncipal de Blumenau. Carga hor\u00e1ria: 8 horas.<\/li>\n<li>24 = Curtiba\/PR = Participante da Mesa redonda: <em>O Ensino de ci\u00eancias no 1\u00b0 grau: para onde ir?<\/em>. Semin\u00e1rio Estadual sobre o ensino e pesquisa em ci\u00eancias e matem\u00e1tica. Secretaria de Educa\u00e7\u00e3o do Estado do Paran\u00e1.<\/li>\n<\/ul>\n<h3>Abril<\/h3>\n<ul>\n<li>18 = Feira de Santana\/BA = Palestra de abertura do Congresso dos Professores da Rede Particular da Regi\u00e3o de Feira de Santana. Tema: <em>A Educa\u00e7\u00e3o e as novas tecnologias<\/em><\/li>\n<li>24 = Salvador\/BA = Palestra na Escola Lua Nova. Tema: <em>Uma escola sem\/com futuro &#8211; os computadores est\u00e3o chegando&#8230;.<\/em><\/li>\n<li>29 = Salvador\/BA = Bar Alambique &#8211; Lan\u00e7amento do livro <strong><em>Uma escola sem\/com Futuro &#8211; educa\u00e7\u00e3o e multimedia<\/em><\/strong>, editado pela Papirus\/Campinas.<\/li>\n<\/ul>\n<h3>Maio<\/h3>\n<ul>\n<li>7 a 10 = Florian\u00f3polis\/SC = VIII Encontro nacional de Did\u00e1tica e Pr\u00e1tica de Ensino (VIII ENDIPE). Coordenador e debatedor no Simp\u00f3sio: <em>pol\u00edtica Educacional e Inova\u00e7\u00f5es Tecnol\u00f3gicas<\/em>.<\/li>\n<li>21 = Conselho de Cultura do Estado da Bahia: <em>Depoimento sobre a problem\u00e1tica da Internet no Estado da Bahia<\/em>, conforme indica\u00e7\u00e3o n\u00b0 010\/96, do conselheiro Manuel Veiga.<\/li>\n<li>22 = Salvador\/BA = Secretaria de Educa\u00e7\u00e3o\/Instituto Anisio Teixieira\/Centro de Aperfei\u00e7oamento de Professores. Palestrante no <em>1\u00b0 Workshop Regional do TV Escola na Bahia<\/em><\/li>\n<li>24 = Blumenau\/SC = <a href=\"http:\/\/www.ctai.rct-sc.br\/fiesc\/ctai.html\">SENAI\/SC<\/a> e Centro de Educa\u00e7\u00e3o e Tecnologia Blumenau. Palestra <strong>Uma escola sem\/com Futuro<\/strong> no <em>2\u00b0 Workshop de Tecnologia Educacional<\/em>.Contatos: <a href=\"mailto:selma@ctai.rct-sc.br\">Selma Kovalski Fernandes<\/a><\/li>\n<\/ul>\n<h3>Junho<\/h3>\n<ul>\n<li>03 = Salvador\/BA = Faculdade Salvador. Palestra <strong>A Educa\u00e7\u00e3o e as novas tecnologias<\/strong><\/li>\n<li>17 a 21 = Boston\/Mass\/EUA. <a href=\"http:\/\/curry.edschool.virginia.edu\/aace\/conf\/edmedia.html\">EDMEDIA&#8217;96<\/a>, promovido pela <a href=\"http:\/\/curry.edschool.virginia.edu\/aace\/\">AACE<\/a>.<\/li>\n<\/ul>\n<h3>Julho<\/h3>\n<ul>\n<li>01 = Aracaju\/SE = Palestra <strong>A Internet e a Educa\u00e7\u00e3o <\/strong>no semin\u00e1rio de implanta\u00e7\u00e0o da Internet em Sergipe. Contatos <a href=\"mailto:henrique@sergipe.ufes.br\">Henrique Von Scheneider<\/a><\/li>\n<li>05 = Salvador\/BA = Congresso Internacional sobre a Educa\u00e7\u00e3o no Futuro. Palestra: <em>Educa\u00e7\u00e3o e as novas tecnologias <\/em><\/li>\n<li>10 = Salvador\/BA = Universidade do Estado da Bahia. Palestra na semana Pedag\u00f3gica sobre Educa\u00e7\u00e3o e as novas tecnologias.<\/li>\n<li>10 = Salvador\/BA = UFBA\/<a href=\"http:\/\/www.facom.ufba.br\/\">FACOM<\/a>. <strong>Conversa de viajantes<\/strong> no Grupo de Pesquisa sobre Novas Tecnologias da Comunica\u00e7\u00e3o.<\/li>\n<li>19 = Rede de Televis\u00e3o Educativa do Brasil. Participa\u00e7\u00e3o no Programa <strong>Um Santo para o Futuro<\/strong> sobre Televis\u00e3o e Educa\u00e7\u00e3o.<\/li>\n<li>25 = Reuni\u00e3o com as professoras e professores da <a href=\"http:\/\/lencois.ufba.br\/%7Eprodasal\">Prefeitura Muncipal de Salvador <\/a>participantes do <strong>Projeto Internet nas Escolas<\/strong>. Contato com a <a href=\"mailto:lynn@ufba.br\">Profa. Lynn Rosalina Alves.<\/a><\/li>\n<\/ul>\n<h3>Agosto<\/h3>\n<ul>\n<li>01 = Salvador\/BA &#8211; Instituto Anisio Teixeira. Palestra <em>I Multimedia na Escola<\/em> no Encontro <strong>Avaliando uma Caminhada &#8211; Um Salto para o Futuro<\/strong> promovido pelo IRDEB\/IAT\/SEC.BA<\/li>\n<li>05 = Salvador\/BA &#8211; Alambique Cacha\u00e7aria: <a href=\"http:\/\/www2.ufba.br\/%7Epretto\/images\/segunda.gif\"><strong>Segunda do Vereador<\/strong><\/a> <img decoding=\"async\" src=\"http:\/\/www2.ufba.br\/%7Epretto\/images\/alamb.gif\" border=\"0\" alt=\"\" width=\"54\" height=\"40\" \/>Nelson Pretto entrevista o candidato a vereador Z\u00e9zeu Ribeiro. Jornalista convidada: Wanda Chase (TVBahia)<\/li>\n<li>19 = Salvador\/BA &#8211; Alambique Cacha\u00e7aria: <a href=\"http:\/\/www2.ufba.br\/%7Epretto\/images\/segunda.gif\"><strong>Segunda do Vereador<\/strong><\/a> <img decoding=\"async\" src=\"http:\/\/www2.ufba.br\/%7Epretto\/images\/alamb.gif\" border=\"0\" alt=\"\" width=\"54\" height=\"40\" \/>Nelson Pretto entrevista o candidato a vereador Jos\u00e9 Carlos Bacelar. Jornalista convidada: Maria Jos\u00e9 Quadros (Gazeta Mercantil)<\/li>\n<li>22 = Salvador\/BA &#8211; L\u00edceu de Artes e Of\u00edcio da Bahia. Abertura da exposi\u00e7\u00e3o <strong>Navio\u00a0Negreiro<\/strong> e <strong>Batuque no Quilombo<\/strong> organizada pelo Esta\u00e7\u00e3o Ci\u00eancia &#8211; Projeto em Torno de Zumbi. Promo\u00e7\u00e3o da UFBA e do Liceu. Uma belissima exposi\u00e7\u00e3o.<\/li>\n<li>23 = Salvador\/BA &#8211; Solar do Unh\u00e3o. Lan\u00e7amento das novas vinhetas da TVE\/Bahia, criadas por Carib\u00e9. Magn\u00edficas!!!<\/li>\n<li>26 = Salvador\/BA &#8211; Alambique Cacha\u00e7aria: <a href=\"http:\/\/www2.ufba.br\/%7Epretto\/images\/segunda.gif\"><strong>Segunda do Vereador<\/strong><\/a> <img decoding=\"async\" src=\"http:\/\/www2.ufba.br\/%7Epretto\/images\/alamb.gif\" border=\"0\" alt=\"\" width=\"54\" height=\"40\" \/>Nelson Pretto entrevista o candidato a vereador Juca Ferreira. Jornalista Jornalista convidada: Jeane Borges (A Tarde)<\/li>\n<li>29 = Aracaju\/SE = Palestra <strong>O mundo moderno e a Tecnologia, a escola e a constru\u00e7\u00e3o do saber<\/strong>, no Workshop <a href=\"http:\/\/www2.ufba.br\/%7Epretto\/videscse.htm\">Estadual: Tecnologia, Imagem e Informa\u00e7\u00e3o a Servi\u00e7o da Escola<\/a>, promo\u00e7\u00e3o da Secretaria de Educa\u00e7\u00e3o do estado de Sergipe.<\/li>\n<li>30 = Aracaju\/SE = Palestra <strong>Computadores, novas tecnologias e educa\u00e7\u00e3o: desafios do final do milenio&#8230;<\/strong> &#8211; Encontro Nacional de Inform\u00e1tica das Escolas T\u00e9cnicas Federais. Coordena\u00e7\u00e3o <a href=\"mailto:etfse@intlg2.eribeiro.com.br\">Prof. Jos\u00e9 Luciano M. Morais<\/a><\/li>\n<\/ul>\n<h3>Setembro<\/h3>\n<ul>\n<li>02 = Salvador\/BA &#8211; Alambique Cacha\u00e7aria: <a href=\"http:\/\/www2.ufba.br\/%7Epretto\/images\/segunda.gif\"><strong>Segunda do Vereador<\/strong><\/a> <img decoding=\"async\" src=\"http:\/\/www2.ufba.br\/%7Epretto\/images\/alamb.gif\" border=\"0\" alt=\"\" width=\"54\" height=\"40\" \/>Nelson Pretto entrevista o candidato a vereador Paulo F\u00e1bio. Jornalista convidado: Carlos Navarro (O Estado de S\u00e3o Paulo)<\/li>\n<li>03 = Salvador\/BA &#8211; Instituto Anisio Teixeira: Palestra no Encontro Estadual do V\u00eddeo-Escola.<\/li>\n<li>04 = Salvador\/BA &#8211; Faculdade de Educa\u00e7\u00e3o\/UFBA &#8211; PROEXT\/96. Palestra de abertura do <a href=\"http:\/\/www2.ufba.br\/%7Epretto\/proext\/projeto1.htm\">Grupo de Estudos sobre Novas Tecnologias da Comunica\u00e7\u00e3o e a Educa\u00e7\u00e3o<\/a>, como parte do Programa Institucional de Extens\u00e3o da UFBA, envolvendo professores da UFBA (Educa\u00e7\u00e3o, Biologia, Matem\u00e1tica, Biblioteconomia, Dan\u00e7a, Nutri\u00e7\u00e3o, Letras), das redes estadual e municipais (Salvador e Itaparica). Atividade organizada pelo N\u00facleo Educa\u00e7\u00e3o &amp; Comunica\u00e7\u00e3o\/FACED.<\/li>\n<li>05 = Rio de Janeiro\/RJ = Casa da Ci\u00eancia\/UFRJ. Semin\u00e1rio <strong>O uso da Infomr\u00e1tica na Educa\u00e7\u00e3o<\/strong>. Demais palestrantes: <a href=\"mailto:%20fernando@edugraf.ufsc.br\">Luis Fernando Melgarejo <\/a>UFSC e Rodrigo Baggio &#8211; Comit\u00ea para Democratiza\u00e7\u00e3o da Inform\u00e1tica [021 542.1436]. Informa\u00e7\u00f5es sobre o Educa\u00e7\u00e3o em Bytes: 021 5427494. Visite o <a href=\"http:\/\/www.hipernet.ufsc.br\/\">Projeto HiperNet<\/a> que Melgarejo apresentou neste evento!<\/li>\n<li>06 = Rio de Janeiro\/RJ &#8211; AAhhhhh! show MAGNIF\u00cdCO de <strong>Lou Red<\/strong>!!!!<\/li>\n<li>13 &#8211; Gurupi\/Tocantins &#8211; Faculdade Municipal de Gurupi. Palestra sobre Novas Tecnologias e Educa\u00e7\u00e3o.<\/li>\n<li>22 a 26 = Caxambu\/MG = Reuni\u00e3o Anual da Associa\u00e7\u00e3o Nacional de Pesquisa e P\u00f3s-Gradua\u00e7\u00e3o em Educa\u00e7\u00e3o (ANPEd). Debatedor, juntamente com Paulo Speller (UFMT, da Sess\u00e3o Especial <strong>Ensino \u00e0 Dist\u00e2ncia como pr\u00e1tica de Forma\u00e7\u00e3o de Professores<\/strong>, dia 24\/09 \u00e0s 15:30 horas. Conferencista convidado Prof. Armando Trintade, Reitor da Universidade Aberta de Portugual.<\/li>\n<\/ul>\n<h3>Outubro<\/h3>\n<ul>\n<li>7 e 8 = Goiania\/GO = Reuni\u00e3o com a equipe do Programa de A\u00c7\u00e3o Conjunta entre gredua\u00e7\u00e3o e p\u00f3s-gradua\u00e7\u00e3o: <strong>Ensino B\u00e1sico de gradua\u00e7\u00e3o e novas tecnologias<\/strong> sob a coordne\u00e7\u00e3o da Profa. <a href=\"mailto:mariliag@netline.com.br\">Mar\u00edlia Gouveia de Miran da<\/a> e <a href=\"mailto:mariliag@netline.com.br\">Maria Herm\u00ednia M.S. Domingues<\/a>.<\/li>\n<li>8 = Goiania\/GO = Universidade Federal de Goias\/V Semana da Faculdade de Educa\u00e7\u00e3o. Mesa Redonda: <strong>Reforma do Estado, Inova\u00e7\u00f5es Tecnol\u00f3gicas: uma escola com ou sem futuro?<\/strong>Participantes: Profa. Mind\u00e9 Badauy de menezes &#8211; MEC\/Depto. de Inova\u00e7\u00f5es Tecnol\u00f3gicas, Prof. Jos\u00e9 Manoel Moran &#8211; USP\/Escola do Futuro.<\/li>\n<li>8 = Goiania\/GO = Palestra no curso de P\u00f3s-Gradua\u00e7\u00e3o da Universidade Cat\u00f3lica de Goias. Tema: <strong>A Educa\u00e7\u00e3o e o novo mil\u00eanio<\/strong><\/li>\n<li>15 a 17 = Salvador\/BA &#8211; Semin\u00e1rio do PIBIC. Trabalhos dos bolsistas <a href=\"http:\/\/www.ufba.br\/%7Emarcionf\">Marcio da Nova Fonseca<\/a> e <a href=\"http:\/\/www.ufba.br\/%7Eramizul\">Luzimar Luz<\/a><\/li>\n<li>21 = Salvador\/BA = Salvador\/Ba &#8211; Instituto Anisio Teixeira. Curso: <em>Novas Abordagens da Comunica\u00e7\u00e3o no Ensino Fundamental<\/em>. Professor da etapa inicial e final com o tema: <strong>Novas Tecnologias e Educa\u00e7\u00e3o<\/strong>. Atividade integrada ao PROEXT\/96 (Inte gra\u00e7\u00e3o da UFBA com as Redes P\u00fablicas de Ensino Fundamnetal do Estado da Bahia)<\/li>\n<\/ul>\n<h3>Novembro<\/h3>\n<ul>\n<li>8 = Salvador\/BA = Salvador\/Ba &#8211; Instituto Anisio Teixeira. Curso: <em>Novas Abordagens da Comunica\u00e7\u00e3o no Ensino Fundamental<\/em>. Professor da etapa inicial e final com o tema: <strong>Novas Tecnologias e Educa\u00e7\u00e3o<\/strong>. Atividade integrada ao PROEXT\/96 (Integ ra\u00e7\u00e3o da UFBA com as Redes P\u00fablicas de Ensino Fundamnetal do Estado da Bahia)<\/li>\n<li>13 = Coordenador da ultima atividade do <a href=\"http:\/\/www2.ufba.br\/%7Epretto\/proext\/projeto1.htm\">Grupo de Estudos <strong>Novas Tecnologias de Comunica\u00e7\u00e3o e Informa\u00e7\u00e3o e a Educa\u00e7\u00e3o<\/strong><\/a>. Atividade integrada ao PROEXT\/96 (Integra\u00e7\u00e3o da UFBA com as Redes P \u00fablicas de Ensino Fundamental do Estado da Bahia)<\/li>\n<li>25 = de Salvador\/BA, estarei na Net discutindo com os participantes do chat <a href=\"http:\/\/www.e-net.com.br\/enet830\">E-Net Oito e Trinta<\/a> sobre Internet.<\/li>\n<li>29 = Salvador\/BA &#8211; Curso de Gerenciamento Estrat\u00e9gico com \u00eanfase em inova\u00e7\u00e3o tecnol\u00f3gica. Organizado pela <a href=\"http:\/\/www.adm.ufba.br\/\">Escola de Administra\u00e7\u00e3o da UFBA <\/a>em conjunto com a UNICAMP. M\u00f3dulo V &#8211; A Infrom\u00e1tica como Ferramenta Estrat\u00e9gica\/ <strong>A Internet e suas implica\u00e7\u00f5es estrat\u00e9gicas<\/strong>. Contatos <a href=\"mailto:%20rog%C3%A9rio@ufba.br\">Prof. Rog\u00e9rio Hermida Quintella<\/a><\/li>\n<\/ul>\n<h3>Dezembro<\/h3>\n<ul>\n<li>06 = Campinas\/SP &#8211; Curso de Gerenciamento Estrat\u00e9gico com \u00eanfase em inova\u00e7\u00e3o tecnol\u00f3gica. Organizado pela <a href=\"http:\/\/www.adm.ufba.br\/\">Escola de Administra\u00e7\u00e3o da UFBA <\/a>em conjunto com a UNICAMP. M\u00f3dulo V &#8211; A Infrom\u00e1tica como Ferramenta Estrat\u00e9gica\/ <strong>A Internet e suas implica\u00e7\u00f5es estrat\u00e9gicas<\/strong>. Contatos <a href=\"mailto:%20rog%C3%A9rio@ufba.br\">Prof. Rog\u00e9rio Hermida Quintella<\/a><\/li>\n<li>18 = Rio de Janeiro\/RJ &#8211; Funda\u00e7\u00e3o Roquete Pinto &#8211; TVE\/RJ &#8211; Reuni\u00e3o de avalia\u00e7\u00e3o do Programa Um Salto para o Futuro, em conjunto com Maria Luiza Belloni (UFSC) e <a href=\"mailto:\">Maria Laura Coutinho<\/a> (FEDF\/UnB)<\/li>\n<\/ul>\n<h3 style=\"text-align: right\">ufa!!! <a href=\"http:\/\/www2.ufba.br\/%7Epretto\/images\/euufa.htm\">cansa\u00e7o!!!<\/a><\/h3>\n","protected":false},"excerpt":{"rendered":"<p>Mar\u00e7o 22 = Blumenau\/SC = Curso: Criatividade como Elemento do Fazer pedag\u00f3gico. Prefeitura Muncipal de Blumenau. Carga hor\u00e1ria: 8 horas. 24 = Curtiba\/PR = Participante da Mesa redonda: O Ensino de ci\u00eancias no 1\u00b0 grau: para onde ir?. Semin\u00e1rio Estadual sobre o ensino e pesquisa em ci\u00eancias e matem\u00e1tica. Secretaria de Educa\u00e7\u00e3o do Estado do Paran\u00e1. Abril 18 = Feira de Santana\/BA = Palestra de abertura do Congresso dos Professores da Rede Particular da Regi\u00e3o de Feira de Santana. Tema: A Educa\u00e7\u00e3o e as novas tecnologias 24 = Salvador\/BA = Palestra na Escola Lua Nova. Tema: Uma escola sem\/com futuro &#8211; os computadores est\u00e3o chegando&#8230;. 29 = Salvador\/BA = Bar Alambique &#8211; Lan\u00e7amento do livro Uma escola sem\/com Futuro &#8211; educa\u00e7\u00e3o e multimedia, editado pela Papirus\/Campinas. Maio 7 a 10 = Florian\u00f3polis\/SC = VIII Encontro nacional de Did\u00e1tica e Pr\u00e1tica de Ensino (VIII ENDIPE). Coordenador e debatedor no Simp\u00f3sio: pol\u00edtica Educacional e Inova\u00e7\u00f5es Tecnol\u00f3gicas. 21 = Conselho de Cultura do Estado da Bahia: Depoimento sobre a problem\u00e1tica da Internet no Estado da Bahia, conforme indica\u00e7\u00e3o n\u00b0 010\/96, do conselheiro Manuel Veiga. 22 = Salvador\/BA = Secretaria de Educa\u00e7\u00e3o\/Instituto Anisio Teixieira\/Centro de Aperfei\u00e7oamento de Professores. Palestrante no 1\u00b0 Workshop Regional do TV Escola na Bahia 24 = Blumenau\/SC = SENAI\/SC e Centro de Educa\u00e7\u00e3o e Tecnologia Blumenau. Palestra Uma escola sem\/com Futuro no 2\u00b0 Workshop de Tecnologia Educacional.Contatos: Selma Kovalski Fernandes Junho 03 = Salvador\/BA = Faculdade Salvador. Palestra A Educa\u00e7\u00e3o e as novas tecnologias 17 a 21 = Boston\/Mass\/EUA. EDMEDIA&#8217;96, promovido pela AACE. Julho 01 = Aracaju\/SE = Palestra A Internet e a Educa\u00e7\u00e3o no semin\u00e1rio de implanta\u00e7\u00e0o da Internet em Sergipe. Contatos Henrique Von Scheneider 05 = Salvador\/BA = Congresso Internacional sobre a Educa\u00e7\u00e3o no Futuro. Palestra: Educa\u00e7\u00e3o e as novas tecnologias 10 = Salvador\/BA = Universidade do Estado da Bahia. Palestra na semana Pedag\u00f3gica sobre Educa\u00e7\u00e3o e as novas tecnologias. 10 = Salvador\/BA = UFBA\/FACOM. Conversa de viajantes no Grupo de Pesquisa sobre Novas Tecnologias da Comunica\u00e7\u00e3o. 19 = Rede de Televis\u00e3o Educativa do Brasil. Participa\u00e7\u00e3o no Programa Um Santo para o Futuro sobre Televis\u00e3o e Educa\u00e7\u00e3o. 25 = Reuni\u00e3o com as professoras e professores da Prefeitura Muncipal de Salvador participantes do Projeto Internet nas Escolas. Contato com a Profa. Lynn Rosalina Alves. Agosto 01 = Salvador\/BA &#8211; Instituto Anisio Teixeira. Palestra I Multimedia na Escola no Encontro Avaliando uma Caminhada &#8211; Um Salto para o Futuro promovido pelo IRDEB\/IAT\/SEC.BA 05 = Salvador\/BA &#8211; Alambique Cacha\u00e7aria: Segunda do Vereador Nelson Pretto entrevista o candidato a vereador Z\u00e9zeu Ribeiro. Jornalista convidada: Wanda Chase (TVBahia) 19 = Salvador\/BA &#8211; Alambique Cacha\u00e7aria: Segunda do Vereador Nelson Pretto entrevista o candidato a vereador Jos\u00e9 Carlos Bacelar. Jornalista convidada: Maria Jos\u00e9 Quadros (Gazeta Mercantil) 22 = Salvador\/BA &#8211; L\u00edceu de Artes e Of\u00edcio da Bahia. Abertura da exposi\u00e7\u00e3o Navio\u00a0Negreiro e Batuque no Quilombo organizada pelo Esta\u00e7\u00e3o Ci\u00eancia &#8211; Projeto em Torno de Zumbi. Promo\u00e7\u00e3o da UFBA e do Liceu. Uma belissima exposi\u00e7\u00e3o. 23 = Salvador\/BA &#8211; Solar do Unh\u00e3o. Lan\u00e7amento das novas vinhetas da TVE\/Bahia, criadas por Carib\u00e9. Magn\u00edficas!!! 26 = Salvador\/BA &#8211; Alambique Cacha\u00e7aria: Segunda do Vereador Nelson Pretto entrevista o candidato a vereador Juca Ferreira. Jornalista Jornalista convidada: Jeane Borges (A Tarde) 29 = Aracaju\/SE = Palestra O mundo moderno e a Tecnologia, a escola e a constru\u00e7\u00e3o do saber, no Workshop Estadual: Tecnologia, Imagem e Informa\u00e7\u00e3o a Servi\u00e7o da Escola, promo\u00e7\u00e3o da Secretaria de Educa\u00e7\u00e3o do estado de Sergipe. 30 = Aracaju\/SE = Palestra Computadores, novas tecnologias e educa\u00e7\u00e3o: desafios do final do milenio&#8230; &#8211; Encontro Nacional de Inform\u00e1tica das Escolas T\u00e9cnicas Federais. Coordena\u00e7\u00e3o Prof. Jos\u00e9 Luciano M. Morais Setembro 02 = Salvador\/BA &#8211; Alambique Cacha\u00e7aria: Segunda do Vereador Nelson Pretto entrevista o candidato a vereador Paulo F\u00e1bio. Jornalista convidado: Carlos Navarro (O Estado de S\u00e3o Paulo) 03 = Salvador\/BA &#8211; Instituto Anisio Teixeira: Palestra no Encontro Estadual do V\u00eddeo-Escola. 04 = Salvador\/BA &#8211; Faculdade de Educa\u00e7\u00e3o\/UFBA &#8211; PROEXT\/96. Palestra de abertura do Grupo de Estudos sobre Novas Tecnologias da Comunica\u00e7\u00e3o e a Educa\u00e7\u00e3o, como parte do Programa Institucional de Extens\u00e3o da UFBA, envolvendo professores da UFBA (Educa\u00e7\u00e3o, Biologia, Matem\u00e1tica, Biblioteconomia, Dan\u00e7a, Nutri\u00e7\u00e3o, Letras), das redes estadual e municipais (Salvador e Itaparica). Atividade organizada pelo N\u00facleo Educa\u00e7\u00e3o &amp; Comunica\u00e7\u00e3o\/FACED. 05 = Rio de Janeiro\/RJ = Casa da Ci\u00eancia\/UFRJ. Semin\u00e1rio O uso da Infomr\u00e1tica na Educa\u00e7\u00e3o. Demais palestrantes: Luis Fernando Melgarejo UFSC e Rodrigo Baggio &#8211; Comit\u00ea para Democratiza\u00e7\u00e3o da Inform\u00e1tica [021 542.1436]. Informa\u00e7\u00f5es sobre o Educa\u00e7\u00e3o em Bytes: 021 5427494. Visite o Projeto HiperNet que Melgarejo apresentou neste evento! 06 = Rio de Janeiro\/RJ &#8211; AAhhhhh! show MAGNIF\u00cdCO de Lou Red!!!! 13 &#8211; Gurupi\/Tocantins &#8211; Faculdade Municipal de Gurupi. Palestra sobre Novas Tecnologias e Educa\u00e7\u00e3o. 22 a 26 = Caxambu\/MG = Reuni\u00e3o Anual da Associa\u00e7\u00e3o Nacional de Pesquisa e P\u00f3s-Gradua\u00e7\u00e3o em Educa\u00e7\u00e3o (ANPEd). Debatedor, juntamente com Paulo Speller (UFMT, da Sess\u00e3o Especial Ensino \u00e0 Dist\u00e2ncia como pr\u00e1tica de Forma\u00e7\u00e3o de Professores, dia 24\/09 \u00e0s 15:30 horas. Conferencista convidado Prof. Armando Trintade, Reitor da Universidade Aberta de Portugual. Outubro 7 e 8 = Goiania\/GO = Reuni\u00e3o com a equipe do Programa de A\u00c7\u00e3o Conjunta entre gredua\u00e7\u00e3o e p\u00f3s-gradua\u00e7\u00e3o: Ensino B\u00e1sico de gradua\u00e7\u00e3o e novas tecnologias sob a coordne\u00e7\u00e3o da Profa. Mar\u00edlia Gouveia de Miran da e Maria Herm\u00ednia M.S. Domingues. 8 = Goiania\/GO = Universidade Federal de Goias\/V Semana da Faculdade de Educa\u00e7\u00e3o. Mesa Redonda: Reforma do Estado, Inova\u00e7\u00f5es Tecnol\u00f3gicas: uma escola com ou sem futuro?Participantes: Profa. Mind\u00e9 Badauy de menezes &#8211; MEC\/Depto. de Inova\u00e7\u00f5es Tecnol\u00f3gicas, Prof. Jos\u00e9 Manoel Moran &#8211; USP\/Escola do Futuro. 8 = Goiania\/GO = Palestra no curso de P\u00f3s-Gradua\u00e7\u00e3o da Universidade Cat\u00f3lica de Goias. Tema: A Educa\u00e7\u00e3o e o novo mil\u00eanio 15 a 17 = Salvador\/BA &#8211; Semin\u00e1rio do PIBIC. Trabalhos dos bolsistas Marcio da Nova Fonseca e Luzimar Luz 21 = Salvador\/BA = Salvador\/Ba &#8211; Instituto Anisio Teixeira. Curso: Novas Abordagens da Comunica\u00e7\u00e3o no Ensino Fundamental. Professor da etapa inicial e final com o tema: Novas Tecnologias e Educa\u00e7\u00e3o. Atividade integrada ao PROEXT\/96 (Inte gra\u00e7\u00e3o da UFBA com as Redes P\u00fablicas de Ensino Fundamnetal do<\/p>\n","protected":false},"author":9,"featured_media":0,"parent":227,"menu_order":0,"comment_status":"closed","ping_status":"closed","template":"page-2col-left.php","meta":{"pgc_meta":"","_coblocks_attr":"","_coblocks_dimensions":"","_coblocks_responsive_height":"","_coblocks_accordion_ie_support":"","ocean_post_layout":"","ocean_both_sidebars_style":"","ocean_both_sidebars_content_width":0,"ocean_both_sidebars_sidebars_width":0,"ocean_sidebar":"","ocean_second_sidebar":"","ocean_disable_margins":"enable","ocean_add_body_class":"","ocean_shortcode_before_top_bar":"","ocean_shortcode_after_top_bar":"","ocean_shortcode_before_header":"","ocean_shortcode_after_header":"","ocean_has_shortcode":"","ocean_shortcode_after_title":"","ocean_shortcode_before_footer_widgets":"","ocean_shortcode_after_footer_widgets":"","ocean_shortcode_before_footer_bottom":"","ocean_shortcode_after_footer_bottom":"","ocean_display_top_bar":"default","ocean_display_header":"default","ocean_header_style":"","ocean_center_header_left_menu":"","ocean_custom_header_template":"","ocean_custom_logo":0,"ocean_custom_retina_logo":0,"ocean_custom_logo_max_width":0,"ocean_custom_logo_tablet_max_width":0,"ocean_custom_logo_mobile_max_width":0,"ocean_custom_logo_max_height":0,"ocean_custom_logo_tablet_max_height":0,"ocean_custom_logo_mobile_max_height":0,"ocean_header_custom_menu":"","ocean_menu_typo_font_family":"","ocean_menu_typo_font_subset":"","ocean_menu_typo_font_size":0,"ocean_menu_typo_font_size_tablet":0,"ocean_menu_typo_font_size_mobile":0,"ocean_menu_typo_font_size_unit":"px","ocean_menu_typo_font_weight":"","ocean_menu_typo_font_weight_tablet":"","ocean_menu_typo_font_weight_mobile":"","ocean_menu_typo_transform":"","ocean_menu_typo_transform_tablet":"","ocean_menu_typo_transform_mobile":"","ocean_menu_typo_line_height":0,"ocean_menu_typo_line_height_tablet":0,"ocean_menu_typo_line_height_mobile":0,"ocean_menu_typo_line_height_unit":"","ocean_menu_typo_spacing":0,"ocean_menu_typo_spacing_tablet":0,"ocean_menu_typo_spacing_mobile":0,"ocean_menu_typo_spacing_unit":"","ocean_menu_link_color":"","ocean_menu_link_color_hover":"","ocean_menu_link_color_active":"","ocean_menu_link_background":"","ocean_menu_link_hover_background":"","ocean_menu_link_active_background":"","ocean_menu_social_links_bg":"","ocean_menu_social_hover_links_bg":"","ocean_menu_social_links_color":"","ocean_menu_social_hover_links_color":"","ocean_disable_title":"default","ocean_disable_heading":"default","ocean_post_title":"","ocean_post_subheading":"","ocean_post_title_style":"","ocean_post_title_background_color":"","ocean_post_title_background":0,"ocean_post_title_bg_image_position":"","ocean_post_title_bg_image_attachment":"","ocean_post_title_bg_image_repeat":"","ocean_post_title_bg_image_size":"","ocean_post_title_height":0,"ocean_post_title_bg_overlay":0.5,"ocean_post_title_bg_overlay_color":"","ocean_disable_breadcrumbs":"default","ocean_breadcrumbs_color":"","ocean_breadcrumbs_separator_color":"","ocean_breadcrumbs_links_color":"","ocean_breadcrumbs_links_hover_color":"","ocean_display_footer_widgets":"default","ocean_display_footer_bottom":"default","ocean_custom_footer_template":"","_themeisle_gutenberg_block_has_review":false,"footnotes":""},"class_list":["post-717","page","type-page","status-publish","hentry","entry"],"pgc_meta":"","_links":{"self":[{"href":"https:\/\/blog.ufba.br\/nelsonpretto\/wp-json\/wp\/v2\/pages\/717"}],"collection":[{"href":"https:\/\/blog.ufba.br\/nelsonpretto\/wp-json\/wp\/v2\/pages"}],"about":[{"href":"https:\/\/blog.ufba.br\/nelsonpretto\/wp-json\/wp\/v2\/types\/page"}],"author":[{"embeddable":true,"href":"https:\/\/blog.ufba.br\/nelsonpretto\/wp-json\/wp\/v2\/users\/9"}],"replies":[{"embeddable":true,"href":"https:\/\/blog.ufba.br\/nelsonpretto\/wp-json\/wp\/v2\/comments?post=717"}],"version-history":[{"count":0,"href":"https:\/\/blog.ufba.br\/nelsonpretto\/wp-json\/wp\/v2\/pages\/717\/revisions"}],"up":[{"embeddable":true,"href":"https:\/\/blog.ufba.br\/nelsonpretto\/wp-json\/wp\/v2\/pages\/227"}],"wp:attachment":[{"href":"https:\/\/blog.ufba.br\/nelsonpretto\/wp-json\/wp\/v2\/media?parent=717"}],"curies":[{"name":"wp","href":"https:\/\/api.w.org\/{rel}","templated":true}]}}