{"id":68,"date":"2009-12-15T14:28:07","date_gmt":"2009-12-15T17:28:07","guid":{"rendered":"http:\/\/blog.ufba.br\/nlpretto\/?page_id=68"},"modified":"2009-12-15T14:28:07","modified_gmt":"2009-12-15T17:28:07","slug":"cursos-eventos-de-nelson-pretto","status":"publish","type":"page","link":"https:\/\/blog.ufba.br\/nelsonpretto\/cursos-eventos-de-nelson-pretto\/","title":{"rendered":"Disciplinas, Cursos e Palestras"},"content":{"rendered":"<h1>Disciplinas, cursos e palestras<\/h1>\n<h2>Para as apresenta\u00e7\u00f5es em palestras, v\u00e1 para a\u00a0<a href=\"https:\/\/blog.ufba.br\/nlpretto\/?page_id=548\" target=\"_blank\" rel=\"noopener\">p\u00e1gina dos slides<\/a>.<span style=\"font-size: medium\"><br \/>\n<\/span><\/h2>\n<h2>2018.1<\/h2>\n<p>EDC321: <a title=\"Pol\u00eamicas\" href=\"http:\/\/www.polemicas.faced.ufba.br\" target=\"_blank\" rel=\"noopener\">Pol\u00eamicas Contempor\u00e2neas<\/a>.<\/p>\n<p>EDCC61: Mem\u00f3ria em v\u00eddeo da educa\u00e7\u00e3o na Bahia<\/p>\n<h2>2017.2<\/h2>\n<p>EDC321:\u00a0<a title=\"Pol\u00eamicas\" href=\"http:\/\/www.polemicas.faced.ufba.br\" target=\"_blank\" rel=\"noopener\">Pol\u00eamicas Contempor\u00e2neas<\/a>.<\/p>\n<h2>2017.1<\/h2>\n<p>EDC321:\u00a0<a title=\"Pol\u00eamicas\" href=\"http:\/\/www.polemicas.faced.ufba.br\" target=\"_blank\" rel=\"noopener\">Pol\u00eamicas Contempor\u00e2neas<\/a>.<\/p>\n<h2>2016.2<\/h2>\n<p>EDCA38 &#8211; <a title=\"EDCA38 2016.2\" href=\"https:\/\/blog.ufba.br\/nlpretto\/?page_id=4398\" target=\"_blank\" rel=\"noopener\">Projeto de Tese II<\/a>.<\/p>\n<h2>2015.1<\/h2>\n<h3>Gradua\u00e7\u00e3o UFBA<\/h3>\n<p>EDC381:\u00a0<a title=\"Polemicas Contempor\u00e2neas\" href=\"http:\/\/www.polemicas.faced.ufba.br\/\" target=\"_blank\" rel=\"noopener\">Pol\u00eamicas Contempor\u00e2neas<\/a>.<\/p>\n<p>EDCC61: Mem\u00f3ria em V\u00eddeo da Educa\u00e7\u00e3o na Bahia<\/p>\n<h2>2010.1<\/h2>\n<h3>Gradua\u00e7\u00e3o UFBA<\/h3>\n<p>EDC381: <a title=\"Polemicas Contempor\u00e2neas\" href=\"http:\/\/www.polemicas.faced.ufba.br\/\" target=\"_blank\" rel=\"noopener\">Pol\u00eamicas Contempor\u00e2neas<\/a>.<\/p>\n<p>EDC287: <a title=\"Educa\u00e7\u00e3o e Tecnologias Contempor\u00e2neas\" href=\"http:\/\/www.moodle.ufba.br\/course\/view.php?id=11\" target=\"_blank\" rel=\"noopener\">Educa\u00e7\u00e3o e Tecnologias Contempor\u00e2neas<\/a>.<\/p>\n<p><a href=\"http:\/\/www.irece.faced.ufba.br\" target=\"_blank\" rel=\"noopener\">Projeto Irec\u00ea<\/a>: atividade <a title=\"Projeto Irec\u00ea\" href=\"http:\/\/www.moodle.ufba.br\/course\/view.php?id=10061\" target=\"_blank\" rel=\"noopener\">Cidades Digitais<\/a>.<\/p>\n<h2>2009<\/h2>\n<p><span style=\"text-decoration: underline\"><strong>Na UFBA<\/strong><\/span><\/p>\n<p>Sem atividades did\u00e1ticas em 2009.1<\/p>\n<h2>2008<\/h2>\n<p><span style=\"text-decoration: underline\"><strong>Na UFBA<\/strong><\/span><\/p>\n<p>Sem atividades did\u00e1ticas em 2008.2<\/p>\n<p><strong>Em 2008.1<\/strong><\/p>\n<p>ED A33: <a href=\"https:\/\/www.twiki.ufba.br\/twiki\/bin\/view\/EDC\/EDCA33EdcComTec\">Educa\u00e7\u00e3o, Comunica\u00e7\u00e3o e Tecnologias<\/a>, com Edvaldo Couto e Maria Helena Bonilla. Quarta das 14 as 18 horas.<\/p>\n<p>Gradua\u00e7\u00e3o: Pol\u00eamicas Contempor\u00e2neas.<\/p>\n<h2>2007<\/h2>\n<p><span style=\"text-decoration: underline\"><strong>Na UFBA<\/strong><\/span><\/p>\n<p><strong>Em 2007.2<\/strong><\/p>\n<p><a href=\"https:\/\/twiki.ufba.br\/twiki\/bin\/login\/Pretto\/EducacaoCibercultura?origurl=%2Ftwiki%2Fbin%2Fview%2FPretto%2FEducacaoCibercultura\" target=\"_blank\" rel=\"noopener\">Educa\u00e7\u00e3o e Cibercultura<\/a> \u2013 Na FACOM\/UFBA \u2013 desculpa, ainda n\u00e3o dispon\u00edvel<\/p>\n<p><strong>Em 2007.1<\/strong><\/p>\n<p>ED A33: <a href=\"https:\/\/www.twiki.ufba.br\/twiki\/bin\/view\/EDC\/EDCA33EdcComTec\" target=\"_blank\" rel=\"noopener\">Educa\u00e7\u00e3o, Comunica\u00e7\u00e3o e Tecnologias<\/a>, com Edvaldo Couto e Maria Helena Bonilla. Quarta das 14 as 18 horas.<\/p>\n<p>EDC381: Pol\u00eamicas Contempor\u00e2neas, com Mary Arapiraca<\/p>\n<h2>2006<\/h2>\n<p><span style=\"text-decoration: underline\"><strong>Na UFBA<\/strong><\/span><\/p>\n<p><strong>Em 2006.1<\/strong><\/p>\n<p>EDC708: <a href=\"http:\/\/www.twiki.ufba.br\/twiki\/bin\/view\/EDC\/EDC708EdcComTec\" target=\"_blank\" rel=\"noopener\">Educa\u00e7\u00e3o, Comunica\u00e7\u00e3o e Tecnologias<\/a>, com Edvaldo Couto e Maria Helena Bonilla. Ter\u00e7a das 18 as 22 horas.<\/p>\n<p>EDC266: Introdu\u00e7\u00e3o a Inform\u00e1tica na Educa\u00e7\u00e3o<\/p>\n<p>EDC287: Educa\u00e7\u00e3o e Tecnologias Contempor\u00e2neas<\/p>\n<p>EDC381: Pol\u00eamicas Contempor\u00e2neas<\/p>\n<p>EDC708: Educa\u00e7\u00e3o, Comunica\u00e7\u00e3o e Tecnologias<\/p>\n<p>EDC 703 TEE: topicos especiais de educacao \u2013 o ensino virtual \u2013 Ensino Virtual<a href=\"http:\/\/twiki.ufba.br\/twiki\/bin\/login\/Trash\/EnsinoVirtual?topicparent=Pretto.WebHome;origurl=%2Ftwiki%2Fbin%2Fedit%2FTrash%2FEnsinoVirtual%3Ftopicparent%3DPretto.WebHome\" target=\"_blank\" rel=\"noopener\">?<\/a> \u2013 com Roberto Aparici, Nelson Pretto e Maria Helena Bonilla<\/p>\n<p><span style=\"text-decoration: underline\"><strong>Em outras institui\u00e7\u00f5es<\/strong><\/span><\/p>\n<p><a href=\"http:\/\/twiki.ufba.br\/twiki\/bin\/view\/Pretto\/PrettoSlides\" target=\"_blank\" rel=\"noopener\">Curso Novas Tecnologias em Informa\u00e7\u00e3o e Comunica\u00e7\u00e3o na Sala de Aula<\/a>, na UNITINS \u2013 jun.2006.<\/p>\n<p>&nbsp;<\/p>\n<p>&nbsp;<\/p>\n<p>&nbsp;<\/p>\n","protected":false},"excerpt":{"rendered":"<p>Disciplinas, cursos e palestras Para as apresenta\u00e7\u00f5es em palestras, v\u00e1 para a\u00a0p\u00e1gina dos slides. 2018.1 EDC321: Pol\u00eamicas Contempor\u00e2neas. EDCC61: Mem\u00f3ria em v\u00eddeo da educa\u00e7\u00e3o na Bahia 2017.2 EDC321:\u00a0Pol\u00eamicas Contempor\u00e2neas. 2017.1 EDC321:\u00a0Pol\u00eamicas Contempor\u00e2neas. 2016.2 EDCA38 &#8211; Projeto de Tese II. 2015.1 Gradua\u00e7\u00e3o UFBA EDC381:\u00a0Pol\u00eamicas Contempor\u00e2neas. EDCC61: Mem\u00f3ria em V\u00eddeo da Educa\u00e7\u00e3o na Bahia 2010.1 Gradua\u00e7\u00e3o UFBA EDC381: Pol\u00eamicas Contempor\u00e2neas. EDC287: Educa\u00e7\u00e3o e Tecnologias Contempor\u00e2neas. Projeto Irec\u00ea: atividade Cidades Digitais. 2009 Na UFBA Sem atividades did\u00e1ticas em 2009.1 2008 Na UFBA Sem atividades did\u00e1ticas em 2008.2 Em 2008.1 ED A33: Educa\u00e7\u00e3o, Comunica\u00e7\u00e3o e Tecnologias, com Edvaldo Couto e Maria Helena Bonilla. Quarta das 14 as 18 horas. Gradua\u00e7\u00e3o: Pol\u00eamicas Contempor\u00e2neas. 2007 Na UFBA Em 2007.2 Educa\u00e7\u00e3o e Cibercultura \u2013 Na FACOM\/UFBA \u2013 desculpa, ainda n\u00e3o dispon\u00edvel Em 2007.1 ED A33: Educa\u00e7\u00e3o, Comunica\u00e7\u00e3o e Tecnologias, com Edvaldo Couto e Maria Helena Bonilla. Quarta das 14 as 18 horas. EDC381: Pol\u00eamicas Contempor\u00e2neas, com Mary Arapiraca 2006 Na UFBA Em 2006.1 EDC708: Educa\u00e7\u00e3o, Comunica\u00e7\u00e3o e Tecnologias, com Edvaldo Couto e Maria Helena Bonilla. Ter\u00e7a das 18 as 22 horas. EDC266: Introdu\u00e7\u00e3o a Inform\u00e1tica na Educa\u00e7\u00e3o EDC287: Educa\u00e7\u00e3o e Tecnologias Contempor\u00e2neas EDC381: Pol\u00eamicas Contempor\u00e2neas EDC708: Educa\u00e7\u00e3o, Comunica\u00e7\u00e3o e Tecnologias EDC 703 TEE: topicos especiais de educacao \u2013 o ensino virtual \u2013 Ensino Virtual? \u2013 com Roberto Aparici, Nelson Pretto e Maria Helena Bonilla Em outras institui\u00e7\u00f5es Curso Novas Tecnologias em Informa\u00e7\u00e3o e Comunica\u00e7\u00e3o na Sala de Aula, na UNITINS \u2013 jun.2006. &nbsp; &nbsp; &nbsp;<\/p>\n","protected":false},"author":9,"featured_media":0,"parent":0,"menu_order":1,"comment_status":"closed","ping_status":"closed","template":"","meta":{"pgc_meta":"","_coblocks_attr":"","_coblocks_dimensions":"","_coblocks_responsive_height":"","_coblocks_accordion_ie_support":"","ocean_post_layout":"","ocean_both_sidebars_style":"","ocean_both_sidebars_content_width":0,"ocean_both_sidebars_sidebars_width":0,"ocean_sidebar":"","ocean_second_sidebar":"","ocean_disable_margins":"enable","ocean_add_body_class":"","ocean_shortcode_before_top_bar":"","ocean_shortcode_after_top_bar":"","ocean_shortcode_before_header":"","ocean_shortcode_after_header":"","ocean_has_shortcode":"","ocean_shortcode_after_title":"","ocean_shortcode_before_footer_widgets":"","ocean_shortcode_after_footer_widgets":"","ocean_shortcode_before_footer_bottom":"","ocean_shortcode_after_footer_bottom":"","ocean_display_top_bar":"default","ocean_display_header":"default","ocean_header_style":"","ocean_center_header_left_menu":"","ocean_custom_header_template":"","ocean_custom_logo":0,"ocean_custom_retina_logo":0,"ocean_custom_logo_max_width":0,"ocean_custom_logo_tablet_max_width":0,"ocean_custom_logo_mobile_max_width":0,"ocean_custom_logo_max_height":0,"ocean_custom_logo_tablet_max_height":0,"ocean_custom_logo_mobile_max_height":0,"ocean_header_custom_menu":"","ocean_menu_typo_font_family":"","ocean_menu_typo_font_subset":"","ocean_menu_typo_font_size":0,"ocean_menu_typo_font_size_tablet":0,"ocean_menu_typo_font_size_mobile":0,"ocean_menu_typo_font_size_unit":"px","ocean_menu_typo_font_weight":"","ocean_menu_typo_font_weight_tablet":"","ocean_menu_typo_font_weight_mobile":"","ocean_menu_typo_transform":"","ocean_menu_typo_transform_tablet":"","ocean_menu_typo_transform_mobile":"","ocean_menu_typo_line_height":0,"ocean_menu_typo_line_height_tablet":0,"ocean_menu_typo_line_height_mobile":0,"ocean_menu_typo_line_height_unit":"","ocean_menu_typo_spacing":0,"ocean_menu_typo_spacing_tablet":0,"ocean_menu_typo_spacing_mobile":0,"ocean_menu_typo_spacing_unit":"","ocean_menu_link_color":"","ocean_menu_link_color_hover":"","ocean_menu_link_color_active":"","ocean_menu_link_background":"","ocean_menu_link_hover_background":"","ocean_menu_link_active_background":"","ocean_menu_social_links_bg":"","ocean_menu_social_hover_links_bg":"","ocean_menu_social_links_color":"","ocean_menu_social_hover_links_color":"","ocean_disable_title":"default","ocean_disable_heading":"default","ocean_post_title":"","ocean_post_subheading":"","ocean_post_title_style":"","ocean_post_title_background_color":"","ocean_post_title_background":0,"ocean_post_title_bg_image_position":"","ocean_post_title_bg_image_attachment":"","ocean_post_title_bg_image_repeat":"","ocean_post_title_bg_image_size":"","ocean_post_title_height":0,"ocean_post_title_bg_overlay":0.5,"ocean_post_title_bg_overlay_color":"","ocean_disable_breadcrumbs":"default","ocean_breadcrumbs_color":"","ocean_breadcrumbs_separator_color":"","ocean_breadcrumbs_links_color":"","ocean_breadcrumbs_links_hover_color":"","ocean_display_footer_widgets":"default","ocean_display_footer_bottom":"default","ocean_custom_footer_template":"","_themeisle_gutenberg_block_has_review":false,"footnotes":""},"class_list":["post-68","page","type-page","status-publish","hentry","entry"],"pgc_meta":"","_links":{"self":[{"href":"https:\/\/blog.ufba.br\/nelsonpretto\/wp-json\/wp\/v2\/pages\/68"}],"collection":[{"href":"https:\/\/blog.ufba.br\/nelsonpretto\/wp-json\/wp\/v2\/pages"}],"about":[{"href":"https:\/\/blog.ufba.br\/nelsonpretto\/wp-json\/wp\/v2\/types\/page"}],"author":[{"embeddable":true,"href":"https:\/\/blog.ufba.br\/nelsonpretto\/wp-json\/wp\/v2\/users\/9"}],"replies":[{"embeddable":true,"href":"https:\/\/blog.ufba.br\/nelsonpretto\/wp-json\/wp\/v2\/comments?post=68"}],"version-history":[{"count":0,"href":"https:\/\/blog.ufba.br\/nelsonpretto\/wp-json\/wp\/v2\/pages\/68\/revisions"}],"wp:attachment":[{"href":"https:\/\/blog.ufba.br\/nelsonpretto\/wp-json\/wp\/v2\/media?parent=68"}],"curies":[{"name":"wp","href":"https:\/\/api.w.org\/{rel}","templated":true}]}}