{"id":586,"date":"2010-03-12T17:32:34","date_gmt":"2010-03-12T20:32:34","guid":{"rendered":"http:\/\/blog.ufba.br\/nlpretto\/?page_id=586"},"modified":"2010-03-12T17:32:34","modified_gmt":"2010-03-12T20:32:34","slug":"conteudo-para-a-tv-publica","status":"publish","type":"page","link":"https:\/\/blog.ufba.br\/nelsonpretto\/publicacoes\/artigos-de-divulgacao\/conteudo-para-a-tv-publica\/","title":{"rendered":"Conte\u00fado para a Tv P\u00fablica"},"content":{"rendered":"<p><img decoding=\"async\" class=\"alignleft\" title=\"a tarde\" src=\"http:\/\/twiki.ufba.br\/twiki\/pub\/Pretto\/PrettoArtigos\/atradelogo.gif\" alt=\"\" width=\"147\" height=\"38\" \/><span style=\"color: #000000\"> <\/span><\/p>\n<p><span style=\"color: #000000\">A Tarde, 22\/08\/2007, p\u00e1gina 03. <\/span><\/p>\n<p><span style=\"color: #000000\"> Nelson Pretto &#8211; Diretor da Faculdade de Educa\u00e7\u00e3o da UFBA &#8211; www.pretto.info <\/span><\/p>\n<p><span style=\"color: #000000\"> Dois importantes temas est\u00e3o na ordem do dia e afetam diretamente o nosso processo democr\u00e1tico: a implanta\u00e7\u00e3o da Tv Digital e a rede de Tv P\u00fablica, anunciada para j\u00e1 estar no ar em dezembro pr\u00f3ximo. Esfor\u00e7os para a sua implanta\u00e7\u00e3o est\u00e3o sendo feitos por diversos atores desse processo, com debates e semin\u00e1rios, incluindo a realiza\u00e7\u00e3o aqui em Salvador de uma oficina que discutir\u00e1 o conte\u00fado para a Tv P\u00fablica. As pesquisas para a cria\u00e7\u00e3o de um Sistema Brasileiro de TV Digital mobilizaram nos \u00faltimos anos cerca de 80 institui\u00e7\u00f5es envolvendo mais de 1400 pesquisadores brasileiros, tendo sido gastos 54 milh\u00f5es de reais, proveniente do FUNTEL, um fundo de telecomunica\u00e7\u00f5es justamente criado para apoiar a pesquisa na \u00e1rea. Regina Mota, professora da UFMG, que estar\u00e1 no evento daqui, destaca que o que foi feito por esse grupo, e que lamentavelmente foi praticamente desconsiderado com a decis\u00e3o de adotar o modelo japon\u00eas, possibilitou que soub\u00e9ssemos que o Brasil poderia criar o seu pr\u00f3prio sistema de Tv Digital. Segundo ela, ficou evidenciada a criatividade e a dimens\u00e3o inovadora dos pesquisadores brasileiros ao proporem um sistema &#8220;mais avan\u00e7ado do que os atuais existentes no mundo&#8221; porque tinha presente, de forma intensa, a id\u00e9ia da interatividade. Interatividade essa que certamente modificaria o rumo da discuss\u00e3o sobre a programa\u00e7\u00e3o da Tv Digital e, claro, da futura Tv P\u00fablica, constituindo-se, assim, num marco para o debate, visando a democratiza\u00e7\u00e3o da comunica\u00e7\u00e3o brasileira. Nesse universo da comunica\u00e7\u00e3o controlada por meia d\u00fazia de fam\u00edlias e de pol\u00edticos, a pergunta que n\u00e3o sai do ar \u00e9: o que queremos com a Tv P\u00fablica? O que tem se repetido, mesmo com todas as possibilidades trazidas pela converg\u00eancia tecnol\u00f3gica, \u00e9 a efetiva\u00e7\u00e3o de um sistema que privilegia a produ\u00e7\u00e3o e a distribui\u00e7\u00e3o de conte\u00fados e informa\u00e7\u00f5es do centro para a periferia. \u00c0queles que n\u00e3o est\u00e3o no centro, a palavra de ordem \u00e9 consumir. Consumir mercadorias, filmes, programas de tv, m\u00fasica, enfim, tudo, como se, fora do centro, nada pudesse ser criado. E quando essas cria\u00e7\u00f5es surgem, ocupam, apenas, o lugar do pitoresco ou folcl\u00f3rico. <\/span><\/p>\n<p><span style=\"color: #000000\">As possibilidades trazidas por essas tecnologias precisam ser apropriadas pela popula\u00e7\u00e3o, numa esp\u00e9cie de movimento contracultural, como mais uma forma, e talvez uma das mais importantes, de democratiza\u00e7\u00e3o da sociedade brasileira. Muitas id\u00e9ias nas cabe\u00e7as, e n\u00e3o s\u00f3 uma. Muitas c\u00e2meras na m\u00e3o, muito acesso \u00e0 internet, com banda larga, muito mais na m\u00e3o do cidad\u00e3o, para que ele possa, finalmente, deixar de ser um mero consumidor e se tornar, efetivamente, um produtor de culturas e conhecimentos. Necessitamos de condi\u00e7\u00f5es para a produ\u00e7\u00e3o e circula\u00e7\u00e3o (nem falo mais em distribui\u00e7\u00e3o!) de conte\u00fados. Esse, seguramente, n\u00e3o \u00e9 o \u00fanico, mas, certamente, \u00e9 um bom come\u00e7o para pensarmos uma TV P\u00fablica numa Na\u00e7\u00e3o, com ene ma\u00edsculo. <\/span><\/p>\n","protected":false},"excerpt":{"rendered":"<p>A Tarde, 22\/08\/2007, p\u00e1gina 03. Nelson Pretto &#8211; Diretor da Faculdade de Educa\u00e7\u00e3o da UFBA &#8211; www.pretto.info Dois importantes temas est\u00e3o na ordem do dia e afetam diretamente o nosso processo democr\u00e1tico: a implanta\u00e7\u00e3o da Tv Digital e a rede de Tv P\u00fablica, anunciada para j\u00e1 estar no ar em dezembro pr\u00f3ximo. Esfor\u00e7os para a sua implanta\u00e7\u00e3o est\u00e3o sendo feitos por diversos atores desse processo, com debates e semin\u00e1rios, incluindo a realiza\u00e7\u00e3o aqui em Salvador de uma oficina que discutir\u00e1 o conte\u00fado para a Tv P\u00fablica. As pesquisas para a cria\u00e7\u00e3o de um Sistema Brasileiro de TV Digital mobilizaram nos \u00faltimos anos cerca de 80 institui\u00e7\u00f5es envolvendo mais de 1400 pesquisadores brasileiros, tendo sido gastos 54 milh\u00f5es de reais, proveniente do FUNTEL, um fundo de telecomunica\u00e7\u00f5es justamente criado para apoiar a pesquisa na \u00e1rea. Regina Mota, professora da UFMG, que estar\u00e1 no evento daqui, destaca que o que foi feito por esse grupo, e que lamentavelmente foi praticamente desconsiderado com a decis\u00e3o de adotar o modelo japon\u00eas, possibilitou que soub\u00e9ssemos que o Brasil poderia criar o seu pr\u00f3prio sistema de Tv Digital. Segundo ela, ficou evidenciada a criatividade e a dimens\u00e3o inovadora dos pesquisadores brasileiros ao proporem um sistema &#8220;mais avan\u00e7ado do que os atuais existentes no mundo&#8221; porque tinha presente, de forma intensa, a id\u00e9ia da interatividade. Interatividade essa que certamente modificaria o rumo da discuss\u00e3o sobre a programa\u00e7\u00e3o da Tv Digital e, claro, da futura Tv P\u00fablica, constituindo-se, assim, num marco para o debate, visando a democratiza\u00e7\u00e3o da comunica\u00e7\u00e3o brasileira. Nesse universo da comunica\u00e7\u00e3o controlada por meia d\u00fazia de fam\u00edlias e de pol\u00edticos, a pergunta que n\u00e3o sai do ar \u00e9: o que queremos com a Tv P\u00fablica? O que tem se repetido, mesmo com todas as possibilidades trazidas pela converg\u00eancia tecnol\u00f3gica, \u00e9 a efetiva\u00e7\u00e3o de um sistema que privilegia a produ\u00e7\u00e3o e a distribui\u00e7\u00e3o de conte\u00fados e informa\u00e7\u00f5es do centro para a periferia. \u00c0queles que n\u00e3o est\u00e3o no centro, a palavra de ordem \u00e9 consumir. Consumir mercadorias, filmes, programas de tv, m\u00fasica, enfim, tudo, como se, fora do centro, nada pudesse ser criado. E quando essas cria\u00e7\u00f5es surgem, ocupam, apenas, o lugar do pitoresco ou folcl\u00f3rico. As possibilidades trazidas por essas tecnologias precisam ser apropriadas pela popula\u00e7\u00e3o, numa esp\u00e9cie de movimento contracultural, como mais uma forma, e talvez uma das mais importantes, de democratiza\u00e7\u00e3o da sociedade brasileira. Muitas id\u00e9ias nas cabe\u00e7as, e n\u00e3o s\u00f3 uma. Muitas c\u00e2meras na m\u00e3o, muito acesso \u00e0 internet, com banda larga, muito mais na m\u00e3o do cidad\u00e3o, para que ele possa, finalmente, deixar de ser um mero consumidor e se tornar, efetivamente, um produtor de culturas e conhecimentos. Necessitamos de condi\u00e7\u00f5es para a produ\u00e7\u00e3o e circula\u00e7\u00e3o (nem falo mais em distribui\u00e7\u00e3o!) de conte\u00fados. Esse, seguramente, n\u00e3o \u00e9 o \u00fanico, mas, certamente, \u00e9 um bom come\u00e7o para pensarmos uma TV P\u00fablica numa Na\u00e7\u00e3o, com ene ma\u00edsculo.<\/p>\n","protected":false},"author":9,"featured_media":0,"parent":297,"menu_order":0,"comment_status":"closed","ping_status":"closed","template":"page-1col.php","meta":{"pgc_meta":"","_coblocks_attr":"","_coblocks_dimensions":"","_coblocks_responsive_height":"","_coblocks_accordion_ie_support":"","ocean_post_layout":"","ocean_both_sidebars_style":"","ocean_both_sidebars_content_width":0,"ocean_both_sidebars_sidebars_width":0,"ocean_sidebar":"","ocean_second_sidebar":"","ocean_disable_margins":"enable","ocean_add_body_class":"","ocean_shortcode_before_top_bar":"","ocean_shortcode_after_top_bar":"","ocean_shortcode_before_header":"","ocean_shortcode_after_header":"","ocean_has_shortcode":"","ocean_shortcode_after_title":"","ocean_shortcode_before_footer_widgets":"","ocean_shortcode_after_footer_widgets":"","ocean_shortcode_before_footer_bottom":"","ocean_shortcode_after_footer_bottom":"","ocean_display_top_bar":"default","ocean_display_header":"default","ocean_header_style":"","ocean_center_header_left_menu":"","ocean_custom_header_template":"","ocean_custom_logo":0,"ocean_custom_retina_logo":0,"ocean_custom_logo_max_width":0,"ocean_custom_logo_tablet_max_width":0,"ocean_custom_logo_mobile_max_width":0,"ocean_custom_logo_max_height":0,"ocean_custom_logo_tablet_max_height":0,"ocean_custom_logo_mobile_max_height":0,"ocean_header_custom_menu":"","ocean_menu_typo_font_family":"","ocean_menu_typo_font_subset":"","ocean_menu_typo_font_size":0,"ocean_menu_typo_font_size_tablet":0,"ocean_menu_typo_font_size_mobile":0,"ocean_menu_typo_font_size_unit":"px","ocean_menu_typo_font_weight":"","ocean_menu_typo_font_weight_tablet":"","ocean_menu_typo_font_weight_mobile":"","ocean_menu_typo_transform":"","ocean_menu_typo_transform_tablet":"","ocean_menu_typo_transform_mobile":"","ocean_menu_typo_line_height":0,"ocean_menu_typo_line_height_tablet":0,"ocean_menu_typo_line_height_mobile":0,"ocean_menu_typo_line_height_unit":"","ocean_menu_typo_spacing":0,"ocean_menu_typo_spacing_tablet":0,"ocean_menu_typo_spacing_mobile":0,"ocean_menu_typo_spacing_unit":"","ocean_menu_link_color":"","ocean_menu_link_color_hover":"","ocean_menu_link_color_active":"","ocean_menu_link_background":"","ocean_menu_link_hover_background":"","ocean_menu_link_active_background":"","ocean_menu_social_links_bg":"","ocean_menu_social_hover_links_bg":"","ocean_menu_social_links_color":"","ocean_menu_social_hover_links_color":"","ocean_disable_title":"default","ocean_disable_heading":"default","ocean_post_title":"","ocean_post_subheading":"","ocean_post_title_style":"","ocean_post_title_background_color":"","ocean_post_title_background":0,"ocean_post_title_bg_image_position":"","ocean_post_title_bg_image_attachment":"","ocean_post_title_bg_image_repeat":"","ocean_post_title_bg_image_size":"","ocean_post_title_height":0,"ocean_post_title_bg_overlay":0.5,"ocean_post_title_bg_overlay_color":"","ocean_disable_breadcrumbs":"default","ocean_breadcrumbs_color":"","ocean_breadcrumbs_separator_color":"","ocean_breadcrumbs_links_color":"","ocean_breadcrumbs_links_hover_color":"","ocean_display_footer_widgets":"default","ocean_display_footer_bottom":"default","ocean_custom_footer_template":"","_themeisle_gutenberg_block_has_review":false,"footnotes":""},"class_list":["post-586","page","type-page","status-publish","hentry","entry"],"pgc_meta":"","_links":{"self":[{"href":"https:\/\/blog.ufba.br\/nelsonpretto\/wp-json\/wp\/v2\/pages\/586"}],"collection":[{"href":"https:\/\/blog.ufba.br\/nelsonpretto\/wp-json\/wp\/v2\/pages"}],"about":[{"href":"https:\/\/blog.ufba.br\/nelsonpretto\/wp-json\/wp\/v2\/types\/page"}],"author":[{"embeddable":true,"href":"https:\/\/blog.ufba.br\/nelsonpretto\/wp-json\/wp\/v2\/users\/9"}],"replies":[{"embeddable":true,"href":"https:\/\/blog.ufba.br\/nelsonpretto\/wp-json\/wp\/v2\/comments?post=586"}],"version-history":[{"count":0,"href":"https:\/\/blog.ufba.br\/nelsonpretto\/wp-json\/wp\/v2\/pages\/586\/revisions"}],"up":[{"embeddable":true,"href":"https:\/\/blog.ufba.br\/nelsonpretto\/wp-json\/wp\/v2\/pages\/297"}],"wp:attachment":[{"href":"https:\/\/blog.ufba.br\/nelsonpretto\/wp-json\/wp\/v2\/media?parent=586"}],"curies":[{"name":"wp","href":"https:\/\/api.w.org\/{rel}","templated":true}]}}