{"id":544,"date":"2010-03-12T16:11:07","date_gmt":"2010-03-12T19:11:07","guid":{"rendered":"http:\/\/blog.ufba.br\/nlpretto\/?page_id=544"},"modified":"2023-04-11T00:21:47","modified_gmt":"2023-04-11T03:21:47","slug":"palestra-no-sinpro","status":"publish","type":"page","link":"https:\/\/blog.ufba.br\/nelsonpretto\/home\/palestra-no-sinpro\/","title":{"rendered":"Palestra no SINPRO"},"content":{"rendered":"<p><span style=\"color: #800040\"><big><big><big><strong>SINPRO, trinta e cinco anos<\/strong><\/big><\/big><\/big><\/span> <span style=\"font-family: Arial;font-size: xx-large\"><strong> <\/strong><\/span><\/p>\n<p><span style=\"color: #800040\">palestra de abertura do congresso estadual de professores, com nelson pretto &#8211; faculdade de educa\u00e7\u00e3o\/ufba<\/span><\/p>\n<p><strong><span style=\"font-family: Arial;font-size: xx-large\">escavucar a mem\u00f3ria<\/span><\/strong><\/p>\n<p><strong><span style=\"font-family: Arial;font-size: medium\"><em>trinta e cinco anos de sinpro e o futuro da escola<\/em><\/span><\/strong><\/p>\n<p><span style=\"font-size: medium\">A escola de samba da Mangueira constr\u00f3i, h\u00e1 anos, um Centro de Mem\u00f3ria da Esta\u00e7\u00e3o Primeira. Chico lan\u00e7ou um lindo disco &#8211; ah! A gente n\u00e3o fala mais isso&#8230; &#8211; Chico lan\u00e7ou um lindo CD: Chico Buarque de Mangueira. No encarte, o grande Herm\u00ednio Bello de Carvalho escreveu que o Centro ser\u00e1<\/span><\/p>\n<p><span style=\"font-size: medium\"> <\/span><\/p>\n<blockquote><p><span style=\"font-size: medium\"> <em>um grande banco de dados armazenador de tudo aquilo que a         Verde-e-Rosa j\u00e1 produziu culturalmente. Atrav\u00e9s dele, a na\u00e7\u00e3o mangueirense poder\u00e1         reconstituir sua pr\u00f3pria hist\u00f3ria, atrav\u00e9s de suportes tecnol\u00f3gicos dos mais variados,         criando outro modelo de singular exemplaridade e excepcionalidade como \u00e9 a sua Vila         Ol\u00edmpica, uma esmeralda engastada em seu cora\u00e7\u00e3o. E aproveitar as li\u00e7\u00f5es de M\u00e1rio de         Andrade (tombar patrimonialmente, quem sabe? O sentimento da gente do morro), escavucar a         mem\u00f3ria, provocar registros, buscar documenta\u00e7\u00e3o. Aprender a Mangueira, para ensin\u00e1-la         depois. Escola foi feita para isso.<\/p>\n<p><\/em><\/span><\/p><\/blockquote>\n<p><span style=\"font-size: medium\">Escavucar a mem\u00f3ria! As tecnologias de comunica\u00e7\u00e3o &#8211; que estamos chamando de novas &#8211; est\u00e3o a\u00ed, chegando aos sindicatos, \u00e0s escolas &#8211; as de samba, do Yl\u00ea, do Olodum, do Ax\u00e9, do Tendas de Olorum&#8230; &#8211; mas n\u00e3o como mais um recurso&#8230; Est\u00e3o chegando &#8211; deveriam, \u00e9 verdade! &#8211; para transformar. Para resgatar. Resgatar o passado. E o futuro. Que futuro? Dos professores, da escolas, dos sindicatos&#8230;<\/span><\/p>\n<p><span style=\"font-size: medium\">Vamos discutir tudo isso!<\/span><\/p>\n","protected":false},"excerpt":{"rendered":"<p>SINPRO, trinta e cinco anos palestra de abertura do congresso estadual de professores, com nelson pretto &#8211; faculdade de educa\u00e7\u00e3o\/ufba escavucar a mem\u00f3ria trinta e cinco anos de sinpro e o futuro da escola A escola de samba da Mangueira constr\u00f3i, h\u00e1 anos, um Centro de Mem\u00f3ria da Esta\u00e7\u00e3o Primeira. Chico lan\u00e7ou um lindo disco &#8211; ah! A gente n\u00e3o fala mais isso&#8230; &#8211; Chico lan\u00e7ou um lindo CD: Chico Buarque de Mangueira. No encarte, o grande Herm\u00ednio Bello de Carvalho escreveu que o Centro ser\u00e1 um grande banco de dados armazenador de tudo aquilo que a Verde-e-Rosa j\u00e1 produziu culturalmente. Atrav\u00e9s dele, a na\u00e7\u00e3o mangueirense poder\u00e1 reconstituir sua pr\u00f3pria hist\u00f3ria, atrav\u00e9s de suportes tecnol\u00f3gicos dos mais variados, criando outro modelo de singular exemplaridade e excepcionalidade como \u00e9 a sua Vila Ol\u00edmpica, uma esmeralda engastada em seu cora\u00e7\u00e3o. E aproveitar as li\u00e7\u00f5es de M\u00e1rio de Andrade (tombar patrimonialmente, quem sabe? O sentimento da gente do morro), escavucar a mem\u00f3ria, provocar registros, buscar documenta\u00e7\u00e3o. Aprender a Mangueira, para ensin\u00e1-la depois. Escola foi feita para isso. Escavucar a mem\u00f3ria! As tecnologias de comunica\u00e7\u00e3o &#8211; que estamos chamando de novas &#8211; est\u00e3o a\u00ed, chegando aos sindicatos, \u00e0s escolas &#8211; as de samba, do Yl\u00ea, do Olodum, do Ax\u00e9, do Tendas de Olorum&#8230; &#8211; mas n\u00e3o como mais um recurso&#8230; Est\u00e3o chegando &#8211; deveriam, \u00e9 verdade! &#8211; para transformar. Para resgatar. Resgatar o passado. E o futuro. Que futuro? Dos professores, da escolas, dos sindicatos&#8230; Vamos discutir tudo isso!<\/p>\n","protected":false},"author":9,"featured_media":0,"parent":1365,"menu_order":0,"comment_status":"closed","ping_status":"closed","template":"page-2col-left.php","meta":{"pgc_meta":"","_coblocks_attr":"","_coblocks_dimensions":"","_coblocks_responsive_height":"","_coblocks_accordion_ie_support":"","ocean_post_layout":"","ocean_both_sidebars_style":"","ocean_both_sidebars_content_width":0,"ocean_both_sidebars_sidebars_width":0,"ocean_sidebar":"","ocean_second_sidebar":"","ocean_disable_margins":"enable","ocean_add_body_class":"","ocean_shortcode_before_top_bar":"","ocean_shortcode_after_top_bar":"","ocean_shortcode_before_header":"","ocean_shortcode_after_header":"","ocean_has_shortcode":"","ocean_shortcode_after_title":"","ocean_shortcode_before_footer_widgets":"","ocean_shortcode_after_footer_widgets":"","ocean_shortcode_before_footer_bottom":"","ocean_shortcode_after_footer_bottom":"","ocean_display_top_bar":"default","ocean_display_header":"default","ocean_header_style":"","ocean_center_header_left_menu":"","ocean_custom_header_template":"","ocean_custom_logo":0,"ocean_custom_retina_logo":0,"ocean_custom_logo_max_width":0,"ocean_custom_logo_tablet_max_width":0,"ocean_custom_logo_mobile_max_width":0,"ocean_custom_logo_max_height":0,"ocean_custom_logo_tablet_max_height":0,"ocean_custom_logo_mobile_max_height":0,"ocean_header_custom_menu":"","ocean_menu_typo_font_family":"","ocean_menu_typo_font_subset":"","ocean_menu_typo_font_size":0,"ocean_menu_typo_font_size_tablet":0,"ocean_menu_typo_font_size_mobile":0,"ocean_menu_typo_font_size_unit":"px","ocean_menu_typo_font_weight":"","ocean_menu_typo_font_weight_tablet":"","ocean_menu_typo_font_weight_mobile":"","ocean_menu_typo_transform":"","ocean_menu_typo_transform_tablet":"","ocean_menu_typo_transform_mobile":"","ocean_menu_typo_line_height":0,"ocean_menu_typo_line_height_tablet":0,"ocean_menu_typo_line_height_mobile":0,"ocean_menu_typo_line_height_unit":"","ocean_menu_typo_spacing":0,"ocean_menu_typo_spacing_tablet":0,"ocean_menu_typo_spacing_mobile":0,"ocean_menu_typo_spacing_unit":"","ocean_menu_link_color":"","ocean_menu_link_color_hover":"","ocean_menu_link_color_active":"","ocean_menu_link_background":"","ocean_menu_link_hover_background":"","ocean_menu_link_active_background":"","ocean_menu_social_links_bg":"","ocean_menu_social_hover_links_bg":"","ocean_menu_social_links_color":"","ocean_menu_social_hover_links_color":"","ocean_disable_title":"default","ocean_disable_heading":"default","ocean_post_title":"","ocean_post_subheading":"","ocean_post_title_style":"","ocean_post_title_background_color":"","ocean_post_title_background":0,"ocean_post_title_bg_image_position":"","ocean_post_title_bg_image_attachment":"","ocean_post_title_bg_image_repeat":"","ocean_post_title_bg_image_size":"","ocean_post_title_height":0,"ocean_post_title_bg_overlay":0.5,"ocean_post_title_bg_overlay_color":"","ocean_disable_breadcrumbs":"default","ocean_breadcrumbs_color":"","ocean_breadcrumbs_separator_color":"","ocean_breadcrumbs_links_color":"","ocean_breadcrumbs_links_hover_color":"","ocean_display_footer_widgets":"default","ocean_display_footer_bottom":"default","ocean_custom_footer_template":"","_themeisle_gutenberg_block_has_review":false,"footnotes":""},"class_list":["post-544","page","type-page","status-publish","hentry","entry"],"pgc_meta":"","_links":{"self":[{"href":"https:\/\/blog.ufba.br\/nelsonpretto\/wp-json\/wp\/v2\/pages\/544"}],"collection":[{"href":"https:\/\/blog.ufba.br\/nelsonpretto\/wp-json\/wp\/v2\/pages"}],"about":[{"href":"https:\/\/blog.ufba.br\/nelsonpretto\/wp-json\/wp\/v2\/types\/page"}],"author":[{"embeddable":true,"href":"https:\/\/blog.ufba.br\/nelsonpretto\/wp-json\/wp\/v2\/users\/9"}],"replies":[{"embeddable":true,"href":"https:\/\/blog.ufba.br\/nelsonpretto\/wp-json\/wp\/v2\/comments?post=544"}],"version-history":[{"count":0,"href":"https:\/\/blog.ufba.br\/nelsonpretto\/wp-json\/wp\/v2\/pages\/544\/revisions"}],"up":[{"embeddable":true,"href":"https:\/\/blog.ufba.br\/nelsonpretto\/wp-json\/wp\/v2\/pages\/1365"}],"wp:attachment":[{"href":"https:\/\/blog.ufba.br\/nelsonpretto\/wp-json\/wp\/v2\/media?parent=544"}],"curies":[{"name":"wp","href":"https:\/\/api.w.org\/{rel}","templated":true}]}}