{"id":5405,"date":"2011-07-05T21:33:25","date_gmt":"2011-07-05T21:33:25","guid":{"rendered":"http:\/\/abobrinhasdepretto.wordpress.com\/?page_id=2"},"modified":"2011-07-05T21:33:25","modified_gmt":"2011-07-05T21:33:25","slug":"sobre","status":"publish","type":"page","link":"https:\/\/blog.ufba.br\/nelsonpretto\/sobre\/","title":{"rendered":"Sobre"},"content":{"rendered":"<p><img decoding=\"async\" class=\"alignleft\" style=\"margin: 1px\" src=\"http:\/\/www.ufba.br\/%7Epretto\/eubabypq.gif\" alt=\"eubabypq.gif\" width=\"124\" height=\"158\" \/>eu nasci assim&#8230; l\u00e1 pelas bandas do rio grande do sul.<br \/>\ndepois vivi em joa\u00e7aba, santa catarina.<br \/>\ntipo com uns onze anos me mudei com meus pais para a deliciosa s\u00e3o salvador da bahia.<\/p>\n<p>pronto. rapidinho, n\u00e3o?! de l\u00e1 pr\u00e1 c\u00e1\u2026 bom\u2026 fiz \u2013 e continuo fazendo! \u2013 um <em>bucado<\/em> de coisa\u2026<\/p>\n<p>tem um pouco desta hist\u00f3ria em alguns v\u00eddeos e programas de tv. Um dia digitalizo tudo e ponho aqui. tenha paci\u00eancia! mas aqui voc\u00ea j\u00e1 pode ver uma entrevista que dei para a web tv do jornal a tarde, aqui da bahia. s\u00e3o cinco partes: <a href=\"http:\/\/www.atarde.com.br\/videos\/index.jsf?id=1223980\" target=\"_blank\" rel=\"noopener\">parte um<\/a> &#8211; <a href=\"http:\/\/www.atarde.com.br\/videos\/index.jsf?id=1223978\" target=\"_blank\" rel=\"noopener\">parte dois<\/a> &#8211; <a href=\"http:\/\/www.atarde.com.br\/videos\/index.jsf?id=1223976\" target=\"_blank\" rel=\"noopener\">parte tr\u00eas<\/a> &#8211; <a href=\"http:\/\/www.atarde.com.br\/videos\/index.jsf?id=1223975\" target=\"_blank\" rel=\"noopener\">parte quatro<\/a> &#8211; <a href=\"http:\/\/www.atarde.com.br\/videos\/index.jsf?id=1223974\" target=\"_blank\" rel=\"noopener\">parte cinco<\/a>.<\/p>\n<p><img fetchpriority=\"high\" decoding=\"async\" class=\"alignright\" style=\"margin: 0px\" src=\"http:\/\/twiki.ufba.br\/twiki\/pub\/Pretto\/WebHome\/pretto_family.jpg\" alt=\"pretto_family.jpg\" width=\"320\" height=\"213\" \/><\/p>\n<p>na foto ao lado: minha fam\u00edlia querida, em foto do in\u00edcio de 60, em porto alegre, na rua souza d\u00f3ca &#8211; bairro de petr\u00f3polis &#8211; l\u00e1 pelas bandas do rio grande do sul. nessa casa vivi meus primeiros anos at\u00e9 ir para joa\u00e7aba.<br \/>\n<a href=\"http:\/\/maps.google.com\/maps?f=q&amp;source=embed&amp;hl=pt-BR&amp;q=R.+Gen.+Souza+Doca+-+Petr%C3%B3polis,+Porto+Alegre+-+Rio+Grande+do+Sul,+90630-050,+Brasil&amp;sll=37.0625,-95.677068&amp;sspn=44.879582,79.013672&amp;ie=UTF8&amp;cd=1&amp;geocode=FTmGNf4doPTy_A&amp;split=0&amp;hq=&amp;hnear=R.+Gen.+Souza+Doca+-+Petr%C3%B3polis,+Porto+Alegre+-+Rio+Grande+do+Sul,+90630-050,+Brasil&amp;t=h&amp;ll=-30.044082,-51.185866&amp;spn=0.000813,0.00114&amp;z=19&amp;iwloc=A\">Exibir mapa ampliado<\/a><\/p>\n<p>sou professor titular com dedica\u00e7\u00e3o exclusiva da <a href=\"http:\/\/www.faced.ufba.br\/\" target=\"_blank\" rel=\"noopener\">faculdade de Eeuca\u00e7\u00e3o<\/a> da <a href=\"http:\/\/www.ufba.br\/\" target=\"_top\" rel=\"noopener\">universidade federal da bahia<\/a>, onde entrei em 19.04.1978.<\/p>\n<p>at\u00e9 o m\u00eas de mar\u00e7o de 1996 estava no departamento de f\u00edsica geral do <a href=\"http:\/\/www.fis.ufba.br\/\" target=\"_top\" rel=\"noopener\">instituto de f\u00edsica<\/a>.<\/p>\n<p>me transferi para faculdade de educa\u00e7\u00e3o neste ano de 96, para o departamento de educa\u00e7\u00e3o II.<\/p>\n<p style=\"text-align: justify\">fui diretor da <em>faced<\/em> por dois per\u00edodos consecutivos, entre 2000 e 2004 e entre 2004 e 2008, tendo como vice-diretora a minha querida colega mary arapiraca. que bela experi\u00eancia, viu?!<\/p>\n<p style=\"text-align: justify\">sou licenciado em f\u00edsica e mestre em educa\u00e7\u00e3o pela universidade federal da bahia. meu doutorado foi na escola de comunica\u00e7\u00f5es e artes (eca) da universidade de s\u00e3o paulo (1994), com um est\u00e1gio no centro de televis\u00e3o universit\u00e1ria da universidade de mil\u00e3o\/it\u00e1lia. belo tempo esse de sampa e milano&#8230;<\/p>\n<p style=\"text-align: justify\">fui da diretoria do <a href=\"http:\/\/svn.br.inter.net\/sinpro\/\" target=\"_top\" rel=\"noopener\">sindicato dos professores no estado da bahia<\/a> (sinpro.ba). foi uma pauleira retomar este sindicato dos pelegos mas&#8230; um dia conto melhor esta hist\u00f3ria. ali\u00e1s, <a href=\"http:\/\/blog.ufba.br\/nlpretto\/formacao\/palestra-no-sinpro\/\" target=\"_blank;\" rel=\"noopener\">j\u00e1 comecei foi no congresso do sinpro de 98<\/a>.<\/p>\n<p style=\"text-align: justify\">no mais, bom, no mais voc\u00ea vai vendo aqui no meu saite.<\/p>\n<p style=\"text-align: justify\">alguns links da minha vida acad\u00eamica:<\/p>\n<p style=\"text-align: justify\"><a href=\"http:\/\/buscatextual.cnpq.br\/buscatextual\/visualizacv.jsp?id=K4788646J1\" target=\"_top\" rel=\"noopener\">curr\u00edculo lattes de nelson de luca pretto<\/a> &#8211; http:\/\/lattes.cnpq.br\/1504621070252946<\/p>\n<p style=\"text-align: justify\"><a href=\"http:\/\/dgp.cnpq.br\/buscaoperacional\/detalhepesq.jsp?pesq=1504621070252946\" target=\"_top\" rel=\"noopener\">grupo de pesquisa educa\u00e7\u00e3o, comunica\u00e7\u00e3o e tecnologias<\/a><\/p>\n<p style=\"text-align: justify\">Fotos em boa resolu\u00e7\u00e3o para imprensa<\/p>\n<p style=\"text-align: justify\"><a href=\"http:\/\/blog.ufba.br\/nlpretto\/files\/2009\/11\/25_071015_alemredes_bossa_IA1.jpg\"><img decoding=\"async\" class=\"alignnone size-thumbnail wp-image-1300\" src=\"http:\/\/blog.ufba.br\/nlpretto\/files\/2009\/11\/25_071015_alemredes_bossa_IA1-150x150.jpg\" alt=\"\" width=\"150\" height=\"150\" \/><\/a><a href=\"http:\/\/blog.ufba.br\/nlpretto\/files\/2009\/11\/imagem_streaming_corte.png\"><img loading=\"lazy\" decoding=\"async\" class=\"alignnone size-thumbnail wp-image-1302\" src=\"http:\/\/blog.ufba.br\/nlpretto\/files\/2009\/11\/imagem_streaming_corte-150x150.png\" alt=\"\" width=\"150\" height=\"150\" \/><\/a><a href=\"http:\/\/blog.ufba.br\/nlpretto\/files\/2009\/11\/pretto_fr_lado.jpg\"><img loading=\"lazy\" decoding=\"async\" class=\"alignnone size-thumbnail wp-image-1304\" src=\"http:\/\/blog.ufba.br\/nlpretto\/files\/2009\/11\/pretto_fr_lado-150x150.jpg\" alt=\"\" width=\"150\" height=\"150\" \/><\/a><a href=\"http:\/\/blog.ufba.br\/nlpretto\/files\/2009\/11\/pretto_oculos_red.jpg\"><img loading=\"lazy\" decoding=\"async\" class=\"alignnone size-thumbnail wp-image-1305\" src=\"http:\/\/blog.ufba.br\/nlpretto\/files\/2009\/11\/pretto_oculos_red-150x150.jpg\" alt=\"\" width=\"150\" height=\"150\" \/><\/a><a href=\"http:\/\/blog.ufba.br\/nlpretto\/files\/2009\/11\/pretto_poa_10_2007_lado.jpg\"><img loading=\"lazy\" decoding=\"async\" class=\"alignnone size-thumbnail wp-image-1306\" src=\"http:\/\/blog.ufba.br\/nlpretto\/files\/2009\/11\/pretto_poa_10_2007_lado-150x150.jpg\" alt=\"\" width=\"150\" height=\"150\" srcset=\"https:\/\/blog.ufba.br\/nelsonpretto\/wp-content\/uploads\/sites\/106\/2009\/11\/pretto_poa_10_2007_lado-150x150.jpg 150w, https:\/\/blog.ufba.br\/nelsonpretto\/wp-content\/uploads\/sites\/106\/2009\/11\/pretto_poa_10_2007_lado.jpg 283w\" sizes=\"(max-width: 150px) 100vw, 150px\" \/><\/a><a href=\"http:\/\/blog.ufba.br\/nlpretto\/files\/2009\/11\/np_ld_01vga.jpg\"><img loading=\"lazy\" decoding=\"async\" class=\"alignnone size-thumbnail wp-image-1307\" src=\"http:\/\/blog.ufba.br\/nlpretto\/files\/2009\/11\/np_ld_01vga-150x150.jpg\" alt=\"\" width=\"150\" height=\"150\" \/><\/a><a href=\"http:\/\/blog.ufba.br\/nlpretto\/files\/2009\/11\/pretto_corte_rindo0323.jpg\"><img loading=\"lazy\" decoding=\"async\" class=\"alignnone size-thumbnail wp-image-1308\" src=\"http:\/\/blog.ufba.br\/nlpretto\/files\/2009\/11\/pretto_corte_rindo0323-150x150.jpg\" alt=\"\" width=\"150\" height=\"150\" \/><\/a><a href=\"http:\/\/blog.ufba.br\/nlpretto\/files\/2009\/11\/nl_valencia_pb.jpg\"><img loading=\"lazy\" decoding=\"async\" class=\"alignnone size-thumbnail wp-image-1309\" src=\"http:\/\/blog.ufba.br\/nlpretto\/files\/2009\/11\/nl_valencia_pb-150x150.jpg\" alt=\"\" width=\"150\" height=\"150\" \/><\/a><\/p>\n<p style=\"text-align: justify\">Algumas fotos familiares<\/p>\n","protected":false},"excerpt":{"rendered":"<p>eu nasci assim&#8230; l\u00e1 pelas bandas do rio grande do sul. depois vivi em joa\u00e7aba, santa catarina. tipo com uns onze anos me mudei com meus pais para a deliciosa s\u00e3o salvador da bahia. pronto. rapidinho, n\u00e3o?! de l\u00e1 pr\u00e1 c\u00e1\u2026 bom\u2026 fiz \u2013 e continuo fazendo! \u2013 um bucado de coisa\u2026 tem um pouco desta hist\u00f3ria em alguns v\u00eddeos e programas de tv. Um dia digitalizo tudo e ponho aqui. tenha paci\u00eancia! mas aqui voc\u00ea j\u00e1 pode ver uma entrevista que dei para a web tv do jornal a tarde, aqui da bahia. s\u00e3o cinco partes: parte um &#8211; parte dois &#8211; parte tr\u00eas &#8211; parte quatro &#8211; parte cinco. na foto ao lado: minha fam\u00edlia querida, em foto do in\u00edcio de 60, em porto alegre, na rua souza d\u00f3ca &#8211; bairro de petr\u00f3polis &#8211; l\u00e1 pelas bandas do rio grande do sul. nessa casa vivi meus primeiros anos at\u00e9 ir para joa\u00e7aba. Exibir mapa ampliado sou professor titular com dedica\u00e7\u00e3o exclusiva da faculdade de Eeuca\u00e7\u00e3o da universidade federal da bahia, onde entrei em 19.04.1978. at\u00e9 o m\u00eas de mar\u00e7o de 1996 estava no departamento de f\u00edsica geral do instituto de f\u00edsica. me transferi para faculdade de educa\u00e7\u00e3o neste ano de 96, para o departamento de educa\u00e7\u00e3o II. fui diretor da faced por dois per\u00edodos consecutivos, entre 2000 e 2004 e entre 2004 e 2008, tendo como vice-diretora a minha querida colega mary arapiraca. que bela experi\u00eancia, viu?! sou licenciado em f\u00edsica e mestre em educa\u00e7\u00e3o pela universidade federal da bahia. meu doutorado foi na escola de comunica\u00e7\u00f5es e artes (eca) da universidade de s\u00e3o paulo (1994), com um est\u00e1gio no centro de televis\u00e3o universit\u00e1ria da universidade de mil\u00e3o\/it\u00e1lia. belo tempo esse de sampa e milano&#8230; fui da diretoria do sindicato dos professores no estado da bahia (sinpro.ba). foi uma pauleira retomar este sindicato dos pelegos mas&#8230; um dia conto melhor esta hist\u00f3ria. ali\u00e1s, j\u00e1 comecei foi no congresso do sinpro de 98. no mais, bom, no mais voc\u00ea vai vendo aqui no meu saite. alguns links da minha vida acad\u00eamica: curr\u00edculo lattes de nelson de luca pretto &#8211; http:\/\/lattes.cnpq.br\/1504621070252946 grupo de pesquisa educa\u00e7\u00e3o, comunica\u00e7\u00e3o e tecnologias Fotos em boa resolu\u00e7\u00e3o para imprensa Algumas fotos familiares<\/p>\n","protected":false},"author":9,"featured_media":0,"parent":0,"menu_order":0,"comment_status":"closed","ping_status":"open","template":"","meta":{"pgc_meta":"","_coblocks_attr":"","_coblocks_dimensions":"","_coblocks_responsive_height":"","_coblocks_accordion_ie_support":"","ocean_post_layout":"","ocean_both_sidebars_style":"","ocean_both_sidebars_content_width":0,"ocean_both_sidebars_sidebars_width":0,"ocean_sidebar":"","ocean_second_sidebar":"","ocean_disable_margins":"enable","ocean_add_body_class":"","ocean_shortcode_before_top_bar":"","ocean_shortcode_after_top_bar":"","ocean_shortcode_before_header":"","ocean_shortcode_after_header":"","ocean_has_shortcode":"","ocean_shortcode_after_title":"","ocean_shortcode_before_footer_widgets":"","ocean_shortcode_after_footer_widgets":"","ocean_shortcode_before_footer_bottom":"","ocean_shortcode_after_footer_bottom":"","ocean_display_top_bar":"default","ocean_display_header":"default","ocean_header_style":"","ocean_center_header_left_menu":"","ocean_custom_header_template":"","ocean_custom_logo":0,"ocean_custom_retina_logo":0,"ocean_custom_logo_max_width":0,"ocean_custom_logo_tablet_max_width":0,"ocean_custom_logo_mobile_max_width":0,"ocean_custom_logo_max_height":0,"ocean_custom_logo_tablet_max_height":0,"ocean_custom_logo_mobile_max_height":0,"ocean_header_custom_menu":"","ocean_menu_typo_font_family":"","ocean_menu_typo_font_subset":"","ocean_menu_typo_font_size":0,"ocean_menu_typo_font_size_tablet":0,"ocean_menu_typo_font_size_mobile":0,"ocean_menu_typo_font_size_unit":"px","ocean_menu_typo_font_weight":"","ocean_menu_typo_font_weight_tablet":"","ocean_menu_typo_font_weight_mobile":"","ocean_menu_typo_transform":"","ocean_menu_typo_transform_tablet":"","ocean_menu_typo_transform_mobile":"","ocean_menu_typo_line_height":0,"ocean_menu_typo_line_height_tablet":0,"ocean_menu_typo_line_height_mobile":0,"ocean_menu_typo_line_height_unit":"","ocean_menu_typo_spacing":0,"ocean_menu_typo_spacing_tablet":0,"ocean_menu_typo_spacing_mobile":0,"ocean_menu_typo_spacing_unit":"","ocean_menu_link_color":"","ocean_menu_link_color_hover":"","ocean_menu_link_color_active":"","ocean_menu_link_background":"","ocean_menu_link_hover_background":"","ocean_menu_link_active_background":"","ocean_menu_social_links_bg":"","ocean_menu_social_hover_links_bg":"","ocean_menu_social_links_color":"","ocean_menu_social_hover_links_color":"","ocean_disable_title":"default","ocean_disable_heading":"default","ocean_post_title":"","ocean_post_subheading":"","ocean_post_title_style":"","ocean_post_title_background_color":"","ocean_post_title_background":0,"ocean_post_title_bg_image_position":"","ocean_post_title_bg_image_attachment":"","ocean_post_title_bg_image_repeat":"","ocean_post_title_bg_image_size":"","ocean_post_title_height":0,"ocean_post_title_bg_overlay":0.5,"ocean_post_title_bg_overlay_color":"","ocean_disable_breadcrumbs":"default","ocean_breadcrumbs_color":"","ocean_breadcrumbs_separator_color":"","ocean_breadcrumbs_links_color":"","ocean_breadcrumbs_links_hover_color":"","ocean_display_footer_widgets":"default","ocean_display_footer_bottom":"default","ocean_custom_footer_template":"","_themeisle_gutenberg_block_has_review":false,"footnotes":""},"class_list":["post-5405","page","type-page","status-publish","hentry","entry"],"pgc_meta":"","_links":{"self":[{"href":"https:\/\/blog.ufba.br\/nelsonpretto\/wp-json\/wp\/v2\/pages\/5405"}],"collection":[{"href":"https:\/\/blog.ufba.br\/nelsonpretto\/wp-json\/wp\/v2\/pages"}],"about":[{"href":"https:\/\/blog.ufba.br\/nelsonpretto\/wp-json\/wp\/v2\/types\/page"}],"author":[{"embeddable":true,"href":"https:\/\/blog.ufba.br\/nelsonpretto\/wp-json\/wp\/v2\/users\/9"}],"replies":[{"embeddable":true,"href":"https:\/\/blog.ufba.br\/nelsonpretto\/wp-json\/wp\/v2\/comments?post=5405"}],"version-history":[{"count":0,"href":"https:\/\/blog.ufba.br\/nelsonpretto\/wp-json\/wp\/v2\/pages\/5405\/revisions"}],"wp:attachment":[{"href":"https:\/\/blog.ufba.br\/nelsonpretto\/wp-json\/wp\/v2\/media?parent=5405"}],"curies":[{"name":"wp","href":"https:\/\/api.w.org\/{rel}","templated":true}]}}