{"id":5332,"date":"2021-07-04T12:40:42","date_gmt":"2021-07-04T15:40:42","guid":{"rendered":"http:\/\/blog.ufba.br\/nlpretto\/?page_id=5332"},"modified":"2021-07-04T12:40:42","modified_gmt":"2021-07-04T15:40:42","slug":"memoria-da-faced-gestoes-2000-a-2008","status":"publish","type":"page","link":"https:\/\/blog.ufba.br\/nelsonpretto\/memoria-da-faced-gestoes-2000-a-2008\/","title":{"rendered":"Mem\u00f3ria da Faced &#8211; gest\u00f5es 2000 a 2008"},"content":{"rendered":"<h1 style=\"text-align: center\"><span style=\"color: #ff0000\">Apresenta\u00e7\u00e3o<\/span><\/h1>\n<p>Nesse tempo de recolhimento compuls\u00f3rio por conta da pandemia provocada pelo novo Coronavirus Sars-CoV-2 (COVID-19), apesar do trabalho remoto intensificado e exaustivo, tamb\u00e9m tem sido tempo de futucar os ba\u00fas f\u00edsicos e digitais e, com isso, trazer nossas lembran\u00e7as de tempos vividos plenamente. Tempos de desafios, de realiza\u00e7\u00f5es e de alegrias.<\/p>\n<p>Associado com o nosso projeto <a title=\"Mem\u00f3ria em V\u00eddeo da Educa\u00e7\u00e3o na Bahia\" href=\"http:\/\/memoriaeducacaobahia.ufba.br\/\" target=\"_blank\" rel=\"noopener\">Mem\u00f3ria em V\u00eddeo da Educa\u00e7\u00e3o na Bahia<\/a>, um projeto que coordeno que articula de forma intensa Ensino, Pesquisa e Extens\u00e3o, com apoio do CNPq, a contribui\u00e7\u00e3o dessa p\u00e1gina e seus links tem dois objetivos maiores: primeiro, resgatar e j\u00e1 publicizar um per\u00edodo da Faculdade de Educa\u00e7\u00e3o (FACED) da Universidade Federal da Bahia (UFBA) que foi o tempo de nossa gest\u00e3o, minha e da queria colega Profa Mary Arapiraca (2000-2004 e 2004-2008). Foi um rico per\u00edodo e s\u00e3o muitos os materias dispersos que precisam ser organizados, o que estou fazendo lentamente. Um segundo objetivo \u00e9 o de contribuir para, num fruto que espero n\u00e3o seja muito distante, a pr\u00f3pria FACED retome o projeto que iniciamos do nosso Centro de Mem\u00f3ria, instalado no 3\u00ba andar do nosso predio (me recuso a aceitar a nova nomenclatura dos andares dada pelo &#8220;elevador&#8221;), o qual est\u00e1 localizado, no Plano Diretor que realizamos (e que lamentavelmente est\u00e1 perdido) ocupando duas salas ao lado e para ser integrado \u00e0 nossa Biblioteca An\u00edsio Teixeira. Esse Centro de Mem\u00f3ria deveria, depois de retomada a sua organiza\u00e7\u00e3o, iniciada pelas professoras Antonietta Aguiar Nunes e Maria Tereza Navarro de Brito, ter todo seus documentos digitalizados para ser disponibilizado em um site integrado \u00e0 nossa p\u00e1gina institucional da Faculdade.<\/p>\n<p>Portanto, aqui vamos recuperando, de forma calma e lenta como os tempos exigem, imagens, v\u00eddeos, falas, documentos e tudo mais que for aparecendo para que fique o registro de forma aberta para ser utilizado por aqueles que desejarem conhecer um pouco da nossa hist\u00f3ria.<\/p>\n<p>Por raz\u00f5es \u00f3bvias, essa site cont\u00e9m os documentos do nosso per\u00edodo de gest\u00e3o, entre 2000 e 2008. Boas viagens no tempo.<\/p>\n<p>nelson pretto, 04\/07\/2021.<\/p>\n<h1 style=\"text-align: center\"><span style=\"color: #ff0000\">Mapa de Navega\u00e7\u00e3o<\/span><\/h1>\n<p>V\u00eddeo da posse dos novos diretores da Faced, Nelson Pretto (Diretor) e Mary Arapiraca (vice-diretora), em 12\/01\/2000.<\/p>\n<div id=\"wpfp_3ae957eab79d8cfeb2dd268ae4e3b3b9\" data-item=\"{&quot;sources&quot;:[{&quot;src&quot;:&quot;https:\\\/\\\/media-prd.eduplay.rnp.br\\\/media\\\/Fo5z0bQaDmw\\\/1625363975840.mp4&quot;,&quot;type&quot;:&quot;video\\\/mp4&quot;}]}\" class=\"flowplayer no-brand is-splash is-paused skin-slim no-svg fp-slim fp-edgy\" data-fv-embed=\"https:\/\/blog.ufba.br\/nelsonpretto\/memoria-da-faced-gestoes-2000-a-2008\/fvp\/\" style=\"position:relative; max-width: 640px; max-height: 360px; \" data-ratio=\"0.5625\">\n\t<div class=\"fp-ratio\" style=\"padding-top: 56.25%\"><\/div>\n\t<div class=\"fp-ui\"><noscript>Please enable JavaScript<\/noscript><div class=\"fp-play fp-visible\"><svg class=\"fp-play-sharp-fill\" xmlns=\"http:\/\/www.w3.org\/2000\/svg\" viewBox=\"0 0 100 100\"><defs><style>.fp-color-play{opacity:0.65;}.controlbutton{fill:#fff;}<\/style><\/defs><title>play-sharp-fill<\/title><path class=\"fp-color-play\" d=\"M49.9217-.078a50,50,0,1,0,50,50A50.0564,50.0564,0,0,0,49.9217-.078Z\"\/><polygon class=\"controlbutton\" points=\"73.601 50 37.968 70.573 37.968 29.427 73.601 50\" filter=\"url(#f1)\"\/><\/svg><\/div><div class=\"fp-preload\"><b><\/b><b><\/b><b><\/b><b><\/b><\/div><\/div>\n<div class='fvp-share-bar'><ul class=\"fvp-sharing\">\r\n    <li><a class=\"sharing-facebook\" href=\"https:\/\/www.facebook.com\/sharer\/sharer.php?u=https%3A%2F%2Fblog.ufba.br%2Fnelsonpretto%2Fmemoria-da-faced-gestoes-2000-a-2008%2F\" target=\"_blank\"><\/a><\/li>\r\n    <li><a class=\"sharing-twitter\" href=\"https:\/\/twitter.com\/intent\/tweet?text=Nelson+Pretto+&url=https%3A%2F%2Fblog.ufba.br%2Fnelsonpretto%2Fmemoria-da-faced-gestoes-2000-a-2008%2F\" target=\"_blank\"><\/a><\/li>\r\n    <li><a class=\"sharing-email\" href=\"mailto:?body=Check%20out%20the%20amazing%20video%20here%3A%20https%3A%2F%2Fblog.ufba.br%2Fnelsonpretto%2Fmemoria-da-faced-gestoes-2000-a-2008%2F\" target=\"_blank\"><\/a><\/li><\/ul><div><a class=\"sharing-link\" href=\"https:\/\/blog.ufba.br\/nelsonpretto\/memoria-da-faced-gestoes-2000-a-2008\/\" target=\"_blank\">Link<\/a><\/div><div><label><a class=\"embed-code-toggle\" href=\"#\"><strong>Embed<\/strong><\/a><\/label><\/div><div class=\"embed-code\"><label>Copy and paste this HTML code into your webpage to embed.<\/label><textarea><\/textarea><\/div><\/div>\n<\/div>\n\n","protected":false},"excerpt":{"rendered":"<p>Apresenta\u00e7\u00e3o Nesse tempo de recolhimento compuls\u00f3rio por conta da pandemia provocada pelo novo Coronavirus Sars-CoV-2 (COVID-19), apesar do trabalho remoto intensificado e exaustivo, tamb\u00e9m tem sido tempo de futucar os ba\u00fas f\u00edsicos e digitais e, com isso, trazer nossas lembran\u00e7as de tempos vividos plenamente. Tempos de desafios, de realiza\u00e7\u00f5es e de alegrias. Associado com o nosso projeto Mem\u00f3ria em V\u00eddeo da Educa\u00e7\u00e3o na Bahia, um projeto que coordeno que articula de forma intensa Ensino, Pesquisa e Extens\u00e3o, com apoio do CNPq, a contribui\u00e7\u00e3o dessa p\u00e1gina e seus links tem dois objetivos maiores: primeiro, resgatar e j\u00e1 publicizar um per\u00edodo da Faculdade de Educa\u00e7\u00e3o (FACED) da Universidade Federal da Bahia (UFBA) que foi o tempo de nossa gest\u00e3o, minha e da queria colega Profa Mary Arapiraca (2000-2004 e 2004-2008). Foi um rico per\u00edodo e s\u00e3o muitos os materias dispersos que precisam ser organizados, o que estou fazendo lentamente. Um segundo objetivo \u00e9 o de contribuir para, num fruto que espero n\u00e3o seja muito distante, a pr\u00f3pria FACED retome o projeto que iniciamos do nosso Centro de Mem\u00f3ria, instalado no 3\u00ba andar do nosso predio (me recuso a aceitar a nova nomenclatura dos andares dada pelo &#8220;elevador&#8221;), o qual est\u00e1 localizado, no Plano Diretor que realizamos (e que lamentavelmente est\u00e1 perdido) ocupando duas salas ao lado e para ser integrado \u00e0 nossa Biblioteca An\u00edsio Teixeira. Esse Centro de Mem\u00f3ria deveria, depois de retomada a sua organiza\u00e7\u00e3o, iniciada pelas professoras Antonietta Aguiar Nunes e Maria Tereza Navarro de Brito, ter todo seus documentos digitalizados para ser disponibilizado em um site integrado \u00e0 nossa p\u00e1gina institucional da Faculdade. Portanto, aqui vamos recuperando, de forma calma e lenta como os tempos exigem, imagens, v\u00eddeos, falas, documentos e tudo mais que for aparecendo para que fique o registro de forma aberta para ser utilizado por aqueles que desejarem conhecer um pouco da nossa hist\u00f3ria. Por raz\u00f5es \u00f3bvias, essa site cont\u00e9m os documentos do nosso per\u00edodo de gest\u00e3o, entre 2000 e 2008. Boas viagens no tempo. nelson pretto, 04\/07\/2021. Mapa de Navega\u00e7\u00e3o V\u00eddeo da posse dos novos diretores da Faced, Nelson Pretto (Diretor) e Mary Arapiraca (vice-diretora), em 12\/01\/2000.<\/p>\n","protected":false},"author":9,"featured_media":4471,"parent":0,"menu_order":0,"comment_status":"open","ping_status":"open","template":"","meta":{"pgc_meta":"","_coblocks_attr":"","_coblocks_dimensions":"","_coblocks_responsive_height":"","_coblocks_accordion_ie_support":"","ocean_post_layout":"","ocean_both_sidebars_style":"","ocean_both_sidebars_content_width":0,"ocean_both_sidebars_sidebars_width":0,"ocean_sidebar":"","ocean_second_sidebar":"","ocean_disable_margins":"enable","ocean_add_body_class":"","ocean_shortcode_before_top_bar":"","ocean_shortcode_after_top_bar":"","ocean_shortcode_before_header":"","ocean_shortcode_after_header":"","ocean_has_shortcode":"","ocean_shortcode_after_title":"","ocean_shortcode_before_footer_widgets":"","ocean_shortcode_after_footer_widgets":"","ocean_shortcode_before_footer_bottom":"","ocean_shortcode_after_footer_bottom":"","ocean_display_top_bar":"default","ocean_display_header":"default","ocean_header_style":"","ocean_center_header_left_menu":"","ocean_custom_header_template":"","ocean_custom_logo":0,"ocean_custom_retina_logo":0,"ocean_custom_logo_max_width":0,"ocean_custom_logo_tablet_max_width":0,"ocean_custom_logo_mobile_max_width":0,"ocean_custom_logo_max_height":0,"ocean_custom_logo_tablet_max_height":0,"ocean_custom_logo_mobile_max_height":0,"ocean_header_custom_menu":"","ocean_menu_typo_font_family":"","ocean_menu_typo_font_subset":"","ocean_menu_typo_font_size":0,"ocean_menu_typo_font_size_tablet":0,"ocean_menu_typo_font_size_mobile":0,"ocean_menu_typo_font_size_unit":"px","ocean_menu_typo_font_weight":"","ocean_menu_typo_font_weight_tablet":"","ocean_menu_typo_font_weight_mobile":"","ocean_menu_typo_transform":"","ocean_menu_typo_transform_tablet":"","ocean_menu_typo_transform_mobile":"","ocean_menu_typo_line_height":0,"ocean_menu_typo_line_height_tablet":0,"ocean_menu_typo_line_height_mobile":0,"ocean_menu_typo_line_height_unit":"","ocean_menu_typo_spacing":0,"ocean_menu_typo_spacing_tablet":0,"ocean_menu_typo_spacing_mobile":0,"ocean_menu_typo_spacing_unit":"","ocean_menu_link_color":"","ocean_menu_link_color_hover":"","ocean_menu_link_color_active":"","ocean_menu_link_background":"","ocean_menu_link_hover_background":"","ocean_menu_link_active_background":"","ocean_menu_social_links_bg":"","ocean_menu_social_hover_links_bg":"","ocean_menu_social_links_color":"","ocean_menu_social_hover_links_color":"","ocean_disable_title":"default","ocean_disable_heading":"default","ocean_post_title":"","ocean_post_subheading":"","ocean_post_title_style":"","ocean_post_title_background_color":"","ocean_post_title_background":0,"ocean_post_title_bg_image_position":"","ocean_post_title_bg_image_attachment":"","ocean_post_title_bg_image_repeat":"","ocean_post_title_bg_image_size":"","ocean_post_title_height":0,"ocean_post_title_bg_overlay":0.5,"ocean_post_title_bg_overlay_color":"","ocean_disable_breadcrumbs":"default","ocean_breadcrumbs_color":"","ocean_breadcrumbs_separator_color":"","ocean_breadcrumbs_links_color":"","ocean_breadcrumbs_links_hover_color":"","ocean_display_footer_widgets":"default","ocean_display_footer_bottom":"default","ocean_custom_footer_template":"","_themeisle_gutenberg_block_has_review":false,"footnotes":""},"class_list":["post-5332","page","type-page","status-publish","has-post-thumbnail","hentry","entry","has-media"],"pgc_meta":"","_links":{"self":[{"href":"https:\/\/blog.ufba.br\/nelsonpretto\/wp-json\/wp\/v2\/pages\/5332"}],"collection":[{"href":"https:\/\/blog.ufba.br\/nelsonpretto\/wp-json\/wp\/v2\/pages"}],"about":[{"href":"https:\/\/blog.ufba.br\/nelsonpretto\/wp-json\/wp\/v2\/types\/page"}],"author":[{"embeddable":true,"href":"https:\/\/blog.ufba.br\/nelsonpretto\/wp-json\/wp\/v2\/users\/9"}],"replies":[{"embeddable":true,"href":"https:\/\/blog.ufba.br\/nelsonpretto\/wp-json\/wp\/v2\/comments?post=5332"}],"version-history":[{"count":0,"href":"https:\/\/blog.ufba.br\/nelsonpretto\/wp-json\/wp\/v2\/pages\/5332\/revisions"}],"wp:featuredmedia":[{"embeddable":true,"href":"https:\/\/blog.ufba.br\/nelsonpretto\/wp-json\/wp\/v2\/media\/4471"}],"wp:attachment":[{"href":"https:\/\/blog.ufba.br\/nelsonpretto\/wp-json\/wp\/v2\/media?parent=5332"}],"curies":[{"name":"wp","href":"https:\/\/api.w.org\/{rel}","templated":true}]}}