{"id":511,"date":"2010-03-09T19:39:04","date_gmt":"2010-03-09T22:39:04","guid":{"rendered":"http:\/\/blog.ufba.br\/nlpretto\/?page_id=511"},"modified":"2023-04-11T00:21:47","modified_gmt":"2023-04-11T03:21:47","slug":"endereco","status":"publish","type":"page","link":"https:\/\/blog.ufba.br\/nelsonpretto\/home\/endereco\/","title":{"rendered":"endereco"},"content":{"rendered":"<h2><a title=\"Permanent Link: contatos\" href=\"http:\/\/blog.ufba.br\/nlpretto\/2010\/02\/03\/115\/\" rel=\"bookmark\">contatos<\/a><\/h2>\n<address>nelson at pretto.pro.br<\/address>\n<address>\u00a0<\/address>\n<address><a style=\"vertical-align: top\" href=\"https:\/\/orcid.org\/0000-0001-8152-8963\" target=\"orcid.widget\" rel=\"noopener noreferrer\">orcid.org\/0000-0001-8152-8963<\/a><\/address>\n<address>\u00a0<\/address>\n<address>Universidade Federal da Bahia \u2013 Faculdade de Educa\u00e7\u00e3o<\/address>\n<address>Av. Reitor Miguel Calmon, s\/n \u2013 3 andar \u2013 sala GEC \u2013 Vale do Canela<\/address>\n<address>40110-100 \u2013 Salvador \u2013 Bahia \u2013 Brasil<\/address>\n<address>\u00a0<\/address>\n<address>Fones: +55 71 32837205<\/address>\n<address>\u00a0<\/address>\n<address>skype: nlpretto<\/address>\n<address>www.pretto.info \u00a0| www.blog.pretto.info | \u00a0www.viagensde.pretto.info | http:\/\/twitter.com\/nelsonpretto<\/address>\n<address>\u00a0<\/address>\n<address><strong>Grupo de Pesquisa Educa\u00e7\u00e3o, Comunica\u00e7\u00e3o e Tecnologias<\/strong><\/address>\n<address>link para o <a title=\"Diret\u00f3rio de Pesquisa do CNPq\" href=\"http:\/\/lattes.cnpq.br\/buscaoperacional\/detalhegrupo.jsp?grupo=0291708B48IPKS\" target=\"_blank\" rel=\"noopener\">Diret\u00f3rio do CNPq<\/a> | <a title=\"Blogue do GEC\" href=\"http:\/\/educacoes.livejournal.com\/\" target=\"_blank\" rel=\"noopener\">blogue do GEC<\/a> |<\/address>\n<h2><\/h2>\n<h2 style=\"text-align: center\">Meus coment\u00e1rios nas r\u00e1dio est\u00e3o em v\u00e1rios tocadores (Deezer, Spotify e outros) e aqui no <a title=\"Coment\u00e1riod e Nelson Pretto na m\u00eddia\" href=\"https:\/\/www.spreaker.com\/show\/3532773\/episodes\/feed\" target=\"_blank\" rel=\"noopener\">Spreaker<\/a><\/h2>\n","protected":false},"excerpt":{"rendered":"<p>contatos nelson at pretto.pro.br \u00a0 orcid.org\/0000-0001-8152-8963 \u00a0 Universidade Federal da Bahia \u2013 Faculdade de Educa\u00e7\u00e3o Av. Reitor Miguel Calmon, s\/n \u2013 3 andar \u2013 sala GEC \u2013 Vale do Canela 40110-100 \u2013 Salvador \u2013 Bahia \u2013 Brasil \u00a0 Fones: +55 71 32837205 \u00a0 skype: nlpretto www.pretto.info \u00a0| www.blog.pretto.info | \u00a0www.viagensde.pretto.info | http:\/\/twitter.com\/nelsonpretto \u00a0 Grupo de Pesquisa Educa\u00e7\u00e3o, Comunica\u00e7\u00e3o e Tecnologias link para o Diret\u00f3rio do CNPq | blogue do GEC | Meus coment\u00e1rios nas r\u00e1dio est\u00e3o em v\u00e1rios tocadores (Deezer, Spotify e outros) e aqui no Spreaker<\/p>\n","protected":false},"author":9,"featured_media":0,"parent":1365,"menu_order":0,"comment_status":"closed","ping_status":"closed","template":"","meta":{"pgc_meta":"","_coblocks_attr":"","_coblocks_dimensions":"","_coblocks_responsive_height":"","_coblocks_accordion_ie_support":"","ocean_post_layout":"","ocean_both_sidebars_style":"","ocean_both_sidebars_content_width":0,"ocean_both_sidebars_sidebars_width":0,"ocean_sidebar":"","ocean_second_sidebar":"","ocean_disable_margins":"enable","ocean_add_body_class":"","ocean_shortcode_before_top_bar":"","ocean_shortcode_after_top_bar":"","ocean_shortcode_before_header":"","ocean_shortcode_after_header":"","ocean_has_shortcode":"","ocean_shortcode_after_title":"","ocean_shortcode_before_footer_widgets":"","ocean_shortcode_after_footer_widgets":"","ocean_shortcode_before_footer_bottom":"","ocean_shortcode_after_footer_bottom":"","ocean_display_top_bar":"default","ocean_display_header":"default","ocean_header_style":"","ocean_center_header_left_menu":"","ocean_custom_header_template":"","ocean_custom_logo":0,"ocean_custom_retina_logo":0,"ocean_custom_logo_max_width":0,"ocean_custom_logo_tablet_max_width":0,"ocean_custom_logo_mobile_max_width":0,"ocean_custom_logo_max_height":0,"ocean_custom_logo_tablet_max_height":0,"ocean_custom_logo_mobile_max_height":0,"ocean_header_custom_menu":"","ocean_menu_typo_font_family":"","ocean_menu_typo_font_subset":"","ocean_menu_typo_font_size":0,"ocean_menu_typo_font_size_tablet":0,"ocean_menu_typo_font_size_mobile":0,"ocean_menu_typo_font_size_unit":"px","ocean_menu_typo_font_weight":"","ocean_menu_typo_font_weight_tablet":"","ocean_menu_typo_font_weight_mobile":"","ocean_menu_typo_transform":"","ocean_menu_typo_transform_tablet":"","ocean_menu_typo_transform_mobile":"","ocean_menu_typo_line_height":0,"ocean_menu_typo_line_height_tablet":0,"ocean_menu_typo_line_height_mobile":0,"ocean_menu_typo_line_height_unit":"","ocean_menu_typo_spacing":0,"ocean_menu_typo_spacing_tablet":0,"ocean_menu_typo_spacing_mobile":0,"ocean_menu_typo_spacing_unit":"","ocean_menu_link_color":"","ocean_menu_link_color_hover":"","ocean_menu_link_color_active":"","ocean_menu_link_background":"","ocean_menu_link_hover_background":"","ocean_menu_link_active_background":"","ocean_menu_social_links_bg":"","ocean_menu_social_hover_links_bg":"","ocean_menu_social_links_color":"","ocean_menu_social_hover_links_color":"","ocean_disable_title":"default","ocean_disable_heading":"default","ocean_post_title":"","ocean_post_subheading":"","ocean_post_title_style":"","ocean_post_title_background_color":"","ocean_post_title_background":0,"ocean_post_title_bg_image_position":"","ocean_post_title_bg_image_attachment":"","ocean_post_title_bg_image_repeat":"","ocean_post_title_bg_image_size":"","ocean_post_title_height":0,"ocean_post_title_bg_overlay":0.5,"ocean_post_title_bg_overlay_color":"","ocean_disable_breadcrumbs":"default","ocean_breadcrumbs_color":"","ocean_breadcrumbs_separator_color":"","ocean_breadcrumbs_links_color":"","ocean_breadcrumbs_links_hover_color":"","ocean_display_footer_widgets":"default","ocean_display_footer_bottom":"default","ocean_custom_footer_template":"","_themeisle_gutenberg_block_has_review":false,"footnotes":""},"class_list":["post-511","page","type-page","status-publish","hentry","entry"],"pgc_meta":"","_links":{"self":[{"href":"https:\/\/blog.ufba.br\/nelsonpretto\/wp-json\/wp\/v2\/pages\/511"}],"collection":[{"href":"https:\/\/blog.ufba.br\/nelsonpretto\/wp-json\/wp\/v2\/pages"}],"about":[{"href":"https:\/\/blog.ufba.br\/nelsonpretto\/wp-json\/wp\/v2\/types\/page"}],"author":[{"embeddable":true,"href":"https:\/\/blog.ufba.br\/nelsonpretto\/wp-json\/wp\/v2\/users\/9"}],"replies":[{"embeddable":true,"href":"https:\/\/blog.ufba.br\/nelsonpretto\/wp-json\/wp\/v2\/comments?post=511"}],"version-history":[{"count":1,"href":"https:\/\/blog.ufba.br\/nelsonpretto\/wp-json\/wp\/v2\/pages\/511\/revisions"}],"predecessor-version":[{"id":5409,"href":"https:\/\/blog.ufba.br\/nelsonpretto\/wp-json\/wp\/v2\/pages\/511\/revisions\/5409"}],"up":[{"embeddable":true,"href":"https:\/\/blog.ufba.br\/nelsonpretto\/wp-json\/wp\/v2\/pages\/1365"}],"wp:attachment":[{"href":"https:\/\/blog.ufba.br\/nelsonpretto\/wp-json\/wp\/v2\/media?parent=511"}],"curies":[{"name":"wp","href":"https:\/\/api.w.org\/{rel}","templated":true}]}}