{"id":4740,"date":"2017-12-01T12:53:39","date_gmt":"2017-12-01T15:53:39","guid":{"rendered":"http:\/\/blog.ufba.br\/nlpretto\/?page_id=4740"},"modified":"2017-12-01T12:53:39","modified_gmt":"2017-12-01T15:53:39","slug":"comentarios-radio-metropole-2017","status":"publish","type":"page","link":"https:\/\/blog.ufba.br\/nelsonpretto\/mr_blacck_radio\/comentarios-radio-metropole-2017\/","title":{"rendered":"Coment\u00e1rios Radio Metr\u00f3pole: 2017"},"content":{"rendered":"<h1>Coment\u00e1rios semanais de Nelson Pretto na r\u00e1dio Metr\u00f3pole (100.1) de Salvador &#8211; 2017<\/h1>\n<p>&nbsp;<\/p>\n<p>004: 22\/12\/2017 &#8211; Neutralidade de internet.\u00a0<a href=\"http:\/\/blog.ufba.br\/nlpretto\/files\/2017\/12\/2017_12_22NeutralidadeInternet.mp3\">Ou\u00e7a no tocador abaixo ou baixe aqui<\/a><\/p>\n<p>003: 15\/12\/2017 &#8211; Ataques \u00e0 Universidade P\u00fablica, condu\u00e7\u00e3o coercitiva dos dirigentes da UFMG.\u00a0<a href=\"http:\/\/blog.ufba.br\/nlpretto\/files\/2017\/12\/14-12-17-COMENTARIO-NELSON-PRETO.mp3\">Ou\u00e7a no tocador abaixo ou baixe aqui<\/a><\/p>\n<p>002: 08\/12\/2017 &#8211; \u00a0Lan\u00e7amentos de livros da EDUFBA. Pol\u00edtica editorial. Lan\u00e7amento do meu livro.\u00a0<a href=\"http:\/\/blog.ufba.br\/nlpretto\/files\/2017\/12\/06-12-17-COMENTARIO-NELSON-PRETO.mp3\">Ou\u00e7a no tocador abaixo ou baixe aqui<\/a><\/p>\n<p>001: 30\/11\/2017 &#8211; Primeiro coment\u00e1rio, tema central Relat\u00f3rio do do Banco Mundial sobre a educa\u00e7\u00e3o no Brasil.\u00a0<a href=\"http:\/\/blog.ufba.br\/nlpretto\/files\/2017\/12\/2017_12_01MetropoleNelsonPretto2.mp3\">Ou\u00e7a no tocador abaixo ou baixe aqui<\/a><\/p>\n<p>&nbsp;<\/p>\n","protected":false},"excerpt":{"rendered":"<p>Coment\u00e1rios semanais de Nelson Pretto na r\u00e1dio Metr\u00f3pole (100.1) de Salvador &#8211; 2017 &nbsp; 004: 22\/12\/2017 &#8211; Neutralidade de internet.\u00a0Ou\u00e7a no tocador abaixo ou baixe aqui 003: 15\/12\/2017 &#8211; Ataques \u00e0 Universidade P\u00fablica, condu\u00e7\u00e3o coercitiva dos dirigentes da UFMG.\u00a0Ou\u00e7a no tocador abaixo ou baixe aqui 002: 08\/12\/2017 &#8211; \u00a0Lan\u00e7amentos de livros da EDUFBA. Pol\u00edtica editorial. Lan\u00e7amento do meu livro.\u00a0Ou\u00e7a no tocador abaixo ou baixe aqui 001: 30\/11\/2017 &#8211; Primeiro coment\u00e1rio, tema central Relat\u00f3rio do do Banco Mundial sobre a educa\u00e7\u00e3o no Brasil.\u00a0Ou\u00e7a no tocador abaixo ou baixe aqui &nbsp;<\/p>\n","protected":false},"author":9,"featured_media":0,"parent":348,"menu_order":0,"comment_status":"open","ping_status":"open","template":"","meta":{"pgc_meta":"","_coblocks_attr":"","_coblocks_dimensions":"","_coblocks_responsive_height":"","_coblocks_accordion_ie_support":"","ocean_post_layout":"","ocean_both_sidebars_style":"","ocean_both_sidebars_content_width":0,"ocean_both_sidebars_sidebars_width":0,"ocean_sidebar":"","ocean_second_sidebar":"","ocean_disable_margins":"enable","ocean_add_body_class":"","ocean_shortcode_before_top_bar":"","ocean_shortcode_after_top_bar":"","ocean_shortcode_before_header":"","ocean_shortcode_after_header":"","ocean_has_shortcode":"","ocean_shortcode_after_title":"","ocean_shortcode_before_footer_widgets":"","ocean_shortcode_after_footer_widgets":"","ocean_shortcode_before_footer_bottom":"","ocean_shortcode_after_footer_bottom":"","ocean_display_top_bar":"default","ocean_display_header":"default","ocean_header_style":"","ocean_center_header_left_menu":"","ocean_custom_header_template":"","ocean_custom_logo":0,"ocean_custom_retina_logo":0,"ocean_custom_logo_max_width":0,"ocean_custom_logo_tablet_max_width":0,"ocean_custom_logo_mobile_max_width":0,"ocean_custom_logo_max_height":0,"ocean_custom_logo_tablet_max_height":0,"ocean_custom_logo_mobile_max_height":0,"ocean_header_custom_menu":"","ocean_menu_typo_font_family":"","ocean_menu_typo_font_subset":"","ocean_menu_typo_font_size":0,"ocean_menu_typo_font_size_tablet":0,"ocean_menu_typo_font_size_mobile":0,"ocean_menu_typo_font_size_unit":"px","ocean_menu_typo_font_weight":"","ocean_menu_typo_font_weight_tablet":"","ocean_menu_typo_font_weight_mobile":"","ocean_menu_typo_transform":"","ocean_menu_typo_transform_tablet":"","ocean_menu_typo_transform_mobile":"","ocean_menu_typo_line_height":0,"ocean_menu_typo_line_height_tablet":0,"ocean_menu_typo_line_height_mobile":0,"ocean_menu_typo_line_height_unit":"","ocean_menu_typo_spacing":0,"ocean_menu_typo_spacing_tablet":0,"ocean_menu_typo_spacing_mobile":0,"ocean_menu_typo_spacing_unit":"","ocean_menu_link_color":"","ocean_menu_link_color_hover":"","ocean_menu_link_color_active":"","ocean_menu_link_background":"","ocean_menu_link_hover_background":"","ocean_menu_link_active_background":"","ocean_menu_social_links_bg":"","ocean_menu_social_hover_links_bg":"","ocean_menu_social_links_color":"","ocean_menu_social_hover_links_color":"","ocean_disable_title":"default","ocean_disable_heading":"default","ocean_post_title":"","ocean_post_subheading":"","ocean_post_title_style":"","ocean_post_title_background_color":"","ocean_post_title_background":0,"ocean_post_title_bg_image_position":"","ocean_post_title_bg_image_attachment":"","ocean_post_title_bg_image_repeat":"","ocean_post_title_bg_image_size":"","ocean_post_title_height":0,"ocean_post_title_bg_overlay":0.5,"ocean_post_title_bg_overlay_color":"","ocean_disable_breadcrumbs":"default","ocean_breadcrumbs_color":"","ocean_breadcrumbs_separator_color":"","ocean_breadcrumbs_links_color":"","ocean_breadcrumbs_links_hover_color":"","ocean_display_footer_widgets":"default","ocean_display_footer_bottom":"default","ocean_custom_footer_template":"","_themeisle_gutenberg_block_has_review":false,"footnotes":""},"class_list":["post-4740","page","type-page","status-publish","hentry","entry"],"pgc_meta":"","_links":{"self":[{"href":"https:\/\/blog.ufba.br\/nelsonpretto\/wp-json\/wp\/v2\/pages\/4740"}],"collection":[{"href":"https:\/\/blog.ufba.br\/nelsonpretto\/wp-json\/wp\/v2\/pages"}],"about":[{"href":"https:\/\/blog.ufba.br\/nelsonpretto\/wp-json\/wp\/v2\/types\/page"}],"author":[{"embeddable":true,"href":"https:\/\/blog.ufba.br\/nelsonpretto\/wp-json\/wp\/v2\/users\/9"}],"replies":[{"embeddable":true,"href":"https:\/\/blog.ufba.br\/nelsonpretto\/wp-json\/wp\/v2\/comments?post=4740"}],"version-history":[{"count":0,"href":"https:\/\/blog.ufba.br\/nelsonpretto\/wp-json\/wp\/v2\/pages\/4740\/revisions"}],"up":[{"embeddable":true,"href":"https:\/\/blog.ufba.br\/nelsonpretto\/wp-json\/wp\/v2\/pages\/348"}],"wp:attachment":[{"href":"https:\/\/blog.ufba.br\/nelsonpretto\/wp-json\/wp\/v2\/media?parent=4740"}],"curies":[{"name":"wp","href":"https:\/\/api.w.org\/{rel}","templated":true}]}}