{"id":4717,"date":"2017-11-30T13:02:37","date_gmt":"2017-11-30T16:02:37","guid":{"rendered":"http:\/\/blog.ufba.br\/nlpretto\/?page_id=4717"},"modified":"2017-11-30T13:02:37","modified_gmt":"2017-11-30T16:02:37","slug":"educacoes-culturas-e-hackers","status":"publish","type":"page","link":"https:\/\/blog.ufba.br\/nelsonpretto\/publicacoes\/livros-e-capitulos-publicados\/educacoes-culturas-e-hackers\/","title":{"rendered":"Educa\u00e7\u00f5es, culturas e hackers &#8211; novo livro em Dez.2017"},"content":{"rendered":"<h1 style=\"text-align: center\"><a href=\"http:\/\/blog.ufba.br\/nlpretto\/files\/2017\/11\/Capa-com-orleha-samadeu.png\"><img fetchpriority=\"high\" decoding=\"async\" class=\"aligncenter wp-image-4720 size-full\" src=\"http:\/\/blog.ufba.br\/nlpretto\/files\/2017\/11\/Capa-com-orleha-samadeu.png\" alt=\"Capa com orelha samadeu\" width=\"826\" height=\"743\" srcset=\"https:\/\/blog.ufba.br\/nelsonpretto\/wp-content\/uploads\/sites\/106\/2017\/11\/Capa-com-orleha-samadeu.png 826w, https:\/\/blog.ufba.br\/nelsonpretto\/wp-content\/uploads\/sites\/106\/2017\/11\/Capa-com-orleha-samadeu-300x270.png 300w, https:\/\/blog.ufba.br\/nelsonpretto\/wp-content\/uploads\/sites\/106\/2017\/11\/Capa-com-orleha-samadeu-768x691.png 768w\" sizes=\"(max-width: 826px) 100vw, 826px\" \/><\/a><\/h1>\n<h1 style=\"text-align: center\">Para comprar:<\/h1>\n<p>Direto no site da <a href=\"https:\/\/www.ciadoslivros.com.br\/educacoes-culturas-e-hackers-escritos-e-reflexoes-1078252-p688534\" target=\"_blank\" rel=\"noopener\">Cia do Livros<\/a><\/p>\n<p>Direto no site da <a title=\"edufba\" href=\"http:\/\/www.edufba.ufba.br\/\" target=\"_blank\" rel=\"noopener\">Eduba<\/a><\/p>\n<p>Em Salvador, j\u00e1 dispon\u00edvel na Livraria da Faced (Rosane).\u00a0 Fone:\u00a007132837290 Email: livrariaespacodecultura AT gmail.com<\/p>\n<p style=\"text-align: left\"><strong>Apresenta\u00e7\u00e3o, pref\u00e1cio e orelha do livro:<\/strong><\/p>\n<p style=\"text-align: left\"><strong><a title=\"Sergio Amadeu - texto para livro\" href=\"https:\/\/blog.ufba.br\/nlpretto\/publicacoes\/livros-e-capitulos-publicados\/educacoes-culturas-e-hackers\/apresentacao-de-sergio-amadeu\" target=\"_blank\" rel=\"noopener\">Sergio Amadeu<\/a><\/strong><\/p>\n<p style=\"text-align: left\"><a title=\"Pref\u00e1cio de Rivoltella\" href=\"https:\/\/blog.ufba.br\/nlpretto\/?page_id=4781\" target=\"_blank\" rel=\"noopener\"><strong>Pier Cesare Rivoltela<\/strong><\/a><\/p>\n<p style=\"text-align: left\"><a title=\"Apresenta\u00e7\u00e3o de Cury\" href=\"https:\/\/blog.ufba.br\/nlpretto\/?page_id=4772\" target=\"_blank\" rel=\"noopener\"><strong>Carlos Roberto Jamil Cury<\/strong><\/a><\/p>\n<p style=\"text-align: left\"><strong>Lan\u00e7amentos<\/strong><\/p>\n<p style=\"text-align: left\"><a title=\"Mat\u00e9rias imprensa livro Educa\u00e7\u00f5es 2017\" href=\"https:\/\/blog.ufba.br\/nlpretto\/?page_id=4746\" target=\"_blank\" rel=\"noopener\"><strong>Mat\u00e9rias na imprensa<\/strong><\/a><\/p>\n<h2 style=\"text-align: left\">pdf do livro j\u00e1 dispon\u00edvel no <a title=\"Reposit\u00f3rio UFBA: Educa\u00e7\u00f5es, culturas e hackers\" href=\"https:\/\/repositorio.ufba.br\/ri\/handle\/ri\/25327\" target=\"_blank\" rel=\"noopener\">reposit\u00f3rio da UFBA\/EDUFBA<\/a><strong><br \/>\n<\/strong><\/h2>\n<h2 style=\"text-align: left\"><a title=\"Fotos do lan\u00e7amento SSA\" href=\"https:\/\/blog.ufba.br\/nlpretto\/?page_id=4788\" target=\"_blank\" rel=\"noopener\">Fotos do Lan\u00e7amento em Salvador<\/a><\/h2>\n","protected":false},"excerpt":{"rendered":"<p>Para comprar: Direto no site da Cia do Livros Direto no site da Eduba Em Salvador, j\u00e1 dispon\u00edvel na Livraria da Faced (Rosane).\u00a0 Fone:\u00a007132837290 Email: livrariaespacodecultura AT gmail.com Apresenta\u00e7\u00e3o, pref\u00e1cio e orelha do livro: Sergio Amadeu Pier Cesare Rivoltela Carlos Roberto Jamil Cury Lan\u00e7amentos Mat\u00e9rias na imprensa pdf do livro j\u00e1 dispon\u00edvel no reposit\u00f3rio da UFBA\/EDUFBA Fotos do Lan\u00e7amento em Salvador<\/p>\n","protected":false},"author":9,"featured_media":0,"parent":273,"menu_order":0,"comment_status":"open","ping_status":"open","template":"","meta":{"pgc_meta":"","_coblocks_attr":"","_coblocks_dimensions":"","_coblocks_responsive_height":"","_coblocks_accordion_ie_support":"","ocean_post_layout":"","ocean_both_sidebars_style":"","ocean_both_sidebars_content_width":0,"ocean_both_sidebars_sidebars_width":0,"ocean_sidebar":"","ocean_second_sidebar":"","ocean_disable_margins":"enable","ocean_add_body_class":"","ocean_shortcode_before_top_bar":"","ocean_shortcode_after_top_bar":"","ocean_shortcode_before_header":"","ocean_shortcode_after_header":"","ocean_has_shortcode":"","ocean_shortcode_after_title":"","ocean_shortcode_before_footer_widgets":"","ocean_shortcode_after_footer_widgets":"","ocean_shortcode_before_footer_bottom":"","ocean_shortcode_after_footer_bottom":"","ocean_display_top_bar":"default","ocean_display_header":"default","ocean_header_style":"","ocean_center_header_left_menu":"","ocean_custom_header_template":"","ocean_custom_logo":0,"ocean_custom_retina_logo":0,"ocean_custom_logo_max_width":0,"ocean_custom_logo_tablet_max_width":0,"ocean_custom_logo_mobile_max_width":0,"ocean_custom_logo_max_height":0,"ocean_custom_logo_tablet_max_height":0,"ocean_custom_logo_mobile_max_height":0,"ocean_header_custom_menu":"","ocean_menu_typo_font_family":"","ocean_menu_typo_font_subset":"","ocean_menu_typo_font_size":0,"ocean_menu_typo_font_size_tablet":0,"ocean_menu_typo_font_size_mobile":0,"ocean_menu_typo_font_size_unit":"px","ocean_menu_typo_font_weight":"","ocean_menu_typo_font_weight_tablet":"","ocean_menu_typo_font_weight_mobile":"","ocean_menu_typo_transform":"","ocean_menu_typo_transform_tablet":"","ocean_menu_typo_transform_mobile":"","ocean_menu_typo_line_height":0,"ocean_menu_typo_line_height_tablet":0,"ocean_menu_typo_line_height_mobile":0,"ocean_menu_typo_line_height_unit":"","ocean_menu_typo_spacing":0,"ocean_menu_typo_spacing_tablet":0,"ocean_menu_typo_spacing_mobile":0,"ocean_menu_typo_spacing_unit":"","ocean_menu_link_color":"","ocean_menu_link_color_hover":"","ocean_menu_link_color_active":"","ocean_menu_link_background":"","ocean_menu_link_hover_background":"","ocean_menu_link_active_background":"","ocean_menu_social_links_bg":"","ocean_menu_social_hover_links_bg":"","ocean_menu_social_links_color":"","ocean_menu_social_hover_links_color":"","ocean_disable_title":"default","ocean_disable_heading":"default","ocean_post_title":"","ocean_post_subheading":"","ocean_post_title_style":"","ocean_post_title_background_color":"","ocean_post_title_background":0,"ocean_post_title_bg_image_position":"","ocean_post_title_bg_image_attachment":"","ocean_post_title_bg_image_repeat":"","ocean_post_title_bg_image_size":"","ocean_post_title_height":0,"ocean_post_title_bg_overlay":0.5,"ocean_post_title_bg_overlay_color":"","ocean_disable_breadcrumbs":"default","ocean_breadcrumbs_color":"","ocean_breadcrumbs_separator_color":"","ocean_breadcrumbs_links_color":"","ocean_breadcrumbs_links_hover_color":"","ocean_display_footer_widgets":"default","ocean_display_footer_bottom":"default","ocean_custom_footer_template":"","_themeisle_gutenberg_block_has_review":false,"footnotes":""},"class_list":["post-4717","page","type-page","status-publish","hentry","entry"],"pgc_meta":"","_links":{"self":[{"href":"https:\/\/blog.ufba.br\/nelsonpretto\/wp-json\/wp\/v2\/pages\/4717"}],"collection":[{"href":"https:\/\/blog.ufba.br\/nelsonpretto\/wp-json\/wp\/v2\/pages"}],"about":[{"href":"https:\/\/blog.ufba.br\/nelsonpretto\/wp-json\/wp\/v2\/types\/page"}],"author":[{"embeddable":true,"href":"https:\/\/blog.ufba.br\/nelsonpretto\/wp-json\/wp\/v2\/users\/9"}],"replies":[{"embeddable":true,"href":"https:\/\/blog.ufba.br\/nelsonpretto\/wp-json\/wp\/v2\/comments?post=4717"}],"version-history":[{"count":0,"href":"https:\/\/blog.ufba.br\/nelsonpretto\/wp-json\/wp\/v2\/pages\/4717\/revisions"}],"up":[{"embeddable":true,"href":"https:\/\/blog.ufba.br\/nelsonpretto\/wp-json\/wp\/v2\/pages\/273"}],"wp:attachment":[{"href":"https:\/\/blog.ufba.br\/nelsonpretto\/wp-json\/wp\/v2\/media?parent=4717"}],"curies":[{"name":"wp","href":"https:\/\/api.w.org\/{rel}","templated":true}]}}