{"id":4527,"date":"2017-05-26T11:52:07","date_gmt":"2017-05-26T14:52:07","guid":{"rendered":"http:\/\/blog.ufba.br\/nlpretto\/?page_id=4527"},"modified":"2017-05-26T11:52:07","modified_gmt":"2017-05-26T14:52:07","slug":"audios-de-entrevistas-e-debates","status":"publish","type":"page","link":"https:\/\/blog.ufba.br\/nelsonpretto\/mr_blacck_radio\/audios-de-entrevistas-e-debates\/","title":{"rendered":"\u00c1udios de entrevistas e debates"},"content":{"rendered":"<p style=\"text-align: center\">Aqui na <em>R\u00e1dio Mr. Blacck<\/em> voc\u00ea encontra minhas entrevistas, debates e muito soutros \u00e1udios.<\/p>\n<h1 style=\"text-align: center\">Outros \u00e1udios: palestras, entrevistas e\u00a0<em>otras cositas mas<\/em>!<\/h1>\n<p>&nbsp;<\/p>\n<p style=\"text-align: left\">Daqui voc\u00ea pode tamb\u00e9m voltar para:<\/p>\n<p style=\"text-align: left;padding-left: 90px\"><a title=\"Quadro BandNews FM\" href=\"http:\/\/blog.ufba.br\/nlpretto\/?page_id=4230\" target=\"_blank\" rel=\"noopener\">Coluna da Band News<\/a>\u00a0(quadros antigos)<\/p>\n<p style=\"text-align: left;padding-left: 90px\"><a href=\"#culunaconexaoes\">Coluna Conex\u00f5es no programa Multicultura \u00a0na R\u00e1dio Educadora da Bahia.<\/a><\/p>\n<p style=\"text-align: left;padding-left: 90px\">Canal de V\u00eddeos no RIPE<\/p>\n<p style=\"text-align: left;padding-left: 90px\"><a title=\"Canal de NO Youtube\" href=\"http:\/\/www.youtube.com\/watch?v=t4UvwEC4rns\" target=\"_blank\" rel=\"noopener\">Canal de V\u00eddeos no Youtbe<\/a><\/p>\n<p style=\"text-align: center\"><a href=\"http:\/\/blog.ufba.br\/nlpretto\/files\/2010\/03\/divisor-cobra.png\"><img decoding=\"async\" class=\"aligncenter  wp-image-3207\" src=\"http:\/\/blog.ufba.br\/nlpretto\/files\/2010\/03\/divisor-cobra.png\" alt=\"\" width=\"437\" height=\"54\" srcset=\"https:\/\/blog.ufba.br\/nelsonpretto\/wp-content\/uploads\/sites\/106\/2010\/03\/divisor-cobra.png 728w, https:\/\/blog.ufba.br\/nelsonpretto\/wp-content\/uploads\/sites\/106\/2010\/03\/divisor-cobra-300x37.png 300w\" sizes=\"(max-width: 437px) 100vw, 437px\" \/><\/a><\/p>\n<p>&nbsp;<\/p>\n<h1 style=\"text-align: center\">Outros \u00e1udios: palestras, entrevistas e <em>otras cositas mas<\/em>!<\/h1>\n<p>Fui entrevistado na \u00faltima sexta, dia 03.11.2017, por Mario Kert\u00e9sz\u00a0no Jornal do Meio dia da <a title=\"R\u00e1dio Metr\u00f3pole\" href=\"http:\/\/www.metro1.com.br\/\" target=\"_blank\" rel=\"noopener\">R\u00e1dio Metr\u00f3pole<\/a>. O \u00e1udio postado pela r\u00e1dio <a title=\"Entrevista Nelson Pretto a MK trecho\" href=\"http:\/\/www.metro1.com.br\/audios\/13654,nelson-pretto.html\" target=\"_blank\" rel=\"noopener\">est\u00e1 aqui<\/a>. Tenho ela gravada do ar na \u00edntegra,\u00a0<a href=\"http:\/\/blog.ufba.br\/nlpretto\/files\/2017\/05\/2017_11_03NPentrevistaMariaKertz.mp3\">ou\u00e7a aqui no tocador, ou baixe o arquivo<\/a><\/p>\n<p>Entrevista com Andrez\u00e3o Sim\u00f5es no Programa Roda Baiana\/R\u00e1dio Metr\u00f3pole, quadro Rodando na Intimidade, no dia 24.10.2017. Foi muito bacana&#8230; Ou\u00e7a aqui, em duas partes.\u00a0<a href=\"http:\/\/blog.ufba.br\/nlpretto\/files\/2017\/05\/2017-10-24RodaBaianaNPparte1.mp3\">Parte 1: ou\u00e7a no tocador ou baixe<\/a><\/p>\n<p><a href=\"http:\/\/blog.ufba.br\/nlpretto\/files\/2017\/05\/2017-10-24RodaBaianaNPparte2.mp3\">Parte2: ou\u00e7a no tocador ou baixe<\/a><\/p>\n<p>Programa A For\u00e7a do Povo com Moises Biset, na R\u00e1dio Cruzeiro 590 AM, dia 28.07.2017. Conversa sobre a 68\u00aa Reuni\u00e3o Anual da SBPC, cortes nos or\u00e7amentos de C&amp;T, crise pol\u00edtica e mais coisas.\u00a0<a href=\"http:\/\/blog.ufba.br\/nlpretto\/files\/2017\/05\/2017_07_28FORCAdoPOvoENTREVISTA-NELSON-PRETO-MOISES.mp3\">2017_07_28FORCAdoPOvoENTREVISTA NELSON PRETO &#8211; MOISES<\/a><\/p>\n<p><strong>Programa Roda Baiana<\/strong>, com Fernando Guerreiro. Partiucipa\u00e7\u00e3o de Nelson Pretto, Messias Bandeira e Adolfo Transinetti. Ao vivo no dia 25\/05\/2017. <strong>Tema: P\u00f3s verdade e <em>mucho mas<\/em>!<\/strong> &#8211;\u00a0<a href=\"http:\/\/blog.ufba.br\/nlpretto\/files\/2017\/05\/RodaBaiana_PosVerdade2017-05-25_130047.mp3\">ou\u00e7a o \u00e1udio aqui<\/a><\/p>\n<p>Entrevista ao programa Multicultura, Educadora FM da Bahia, sobre o lan\u00e7amento do livro <strong>Uma dobra no Tempo &#8211; um memorial (quase) acad\u00eamico<\/strong>.<\/p>\n<!--[if lt IE 9]><script>document.createElement('audio');<\/script><![endif]-->\n<audio class=\"wp-audio-shortcode\" id=\"audio-4527-1\" preload=\"none\" style=\"width: 100%;\" controls=\"controls\"><source type=\"audio\/mpeg\" src=\"http:\/\/blog.ufba.br\/nlpretto\/files\/2010\/03\/multicultura_np_lcto_livro1.mp3?_=1\" \/><a href=\"http:\/\/blog.ufba.br\/nlpretto\/files\/2010\/03\/multicultura_np_lcto_livro1.mp3\">http:\/\/blog.ufba.br\/nlpretto\/files\/2010\/03\/multicultura_np_lcto_livro1.mp3<\/a><\/audio>\n<p>Entrevista, bom papo, com Andrez\u00e3o Sim\u00f5es e Fernando Guerreiro no Roda Baiana &#8211; R\u00e1dio Metr\u00f3pole, \u00a0sobre o lan\u00e7amento do livro <em>Uma dobra no Tempo &#8211; um memorial (quase) acad\u00eamico<\/em>. Fiz uma editada para centrar na minha fala sobre o livro e educa\u00e7\u00e3o. Ou\u00e7a aqui:<\/p>\n<audio class=\"wp-audio-shortcode\" id=\"audio-4527-2\" preload=\"none\" style=\"width: 100%;\" controls=\"controls\"><source type=\"audio\/mpeg\" src=\"http:\/\/blog.ufba.br\/nlpretto\/files\/2010\/03\/roda-baiana13-10-2015-np-lanca-livro.mp3?_=2\" \/><a href=\"http:\/\/blog.ufba.br\/nlpretto\/files\/2010\/03\/roda-baiana13-10-2015-np-lanca-livro.mp3\">http:\/\/blog.ufba.br\/nlpretto\/files\/2010\/03\/roda-baiana13-10-2015-np-lanca-livro.mp3<\/a><\/audio>\n<p>Fala de Nelson Pretto no V F\u00f3rum da Internet no Brasil, realizado em Salvador, Bahia em 17\/07\/2015. <a href=\"http:\/\/blog.ufba.br\/nlpretto\/files\/2010\/03\/2015-07-17_fala_nelson_pretto2.mp3\">Ou\u00e7a aqui<\/a> Entrevista a M\u00e1rio K\u00e9rtesz dia 14 de junho de 2013, sobre lan\u00e7amento do meu livro Reflex\u00f5es&#8230; e as manifesta\u00e7\u00f5es dos jovens em todo o Brasil naqueles dias. No <a href=\"http:\/\/www.metro1.com.br\/?bid=3&amp;pid=4934\" target=\"_blank\" rel=\"noopener\">site da R\u00e1dio Metropole<\/a>. Entrevista, bom papo, com Andrez\u00e3o Sim\u00f5es e Fernando Guerreiro no Roda Baiana &#8211; R\u00e1dio Metr\u00f3pole, \u00a0sobre o lan\u00e7amento do livro <em>Uma dobra no Tempo &#8211; um memorial (quase) acad\u00eamico<\/em>. Fiz uma editada para centrar na minha fala sobre o livro e educa\u00e7\u00e3o. Fala de Nelson Pretto no V F\u00f3rum da Internet no Brasil, realizado em Salvador, Bahia em clique aqui para a p\u00e1gina de v\u00eddeos. http:\/\/www.youtube.com\/watch?v=t4UvwEC4rns 17\/07\/2015. <a href=\"http:\/\/blog.ufba.br\/nlpretto\/files\/2010\/03\/2015-07-17_fala_nelson_pretto2.mp3\">Ou\u00e7a aqui<\/a> Entrevista a M\u00e1rio K\u00e9rtesz dia 14 de junho de 2013, sobre lan\u00e7amento do meu livro Reflex\u00f5es&#8230; e as manifesta\u00e7\u00f5es dos jovens em todo o Brasil naqueles dias. No <a href=\"http:\/\/www.metro1.com.br\/?bid=3&amp;pid=4934\" target=\"_blank\" rel=\"noopener\">site da R\u00e1dio Metropole<\/a>. Entrevista a Renato Cordeiro, programa Frequ\u00eancia Baiana, na Band News FM de Salvador, dia 17.06.2013, sobre lan\u00e7amento do livro Reflex\u00f5es&#8230; e as manifesta\u00e7\u00f5es dos jovens no Brasil. <a href=\"http:\/\/blog.ufba.br\/nlpretto\/files\/2010\/03\/bandnews17062013lctop-livroFREQUENCIA-BAIANA-NELSON-PRETTO-1706.mp3\">Ou\u00e7a aqui<\/a> Debate na BandNews FM de Salvador sobre Livro Did\u00e1tico. Em 18.05.2011 com Nelson Pretto e Nildon Pitombo. Apresenta\u00e7\u00e3o Gabriela de Paulo e Renato Cordeiro. <a href=\"http:\/\/blog.ufba.br\/nlpretto\/files\/2010\/03\/tardeird.mp3\">Entrevista \u00e0 jornalista Eduarda Uzeda (A Tarde) sobre a mudan\u00e7a do IRDEB para a Secretaria de Governo.<\/a> <a href=\"http:\/\/blog.ufba.br\/nlpretto\/files\/2010\/03\/data-2011-4-12-11-38-28.mp3\">Entrevista com Aquiles Alencar da Britsh Library, em 12.04.2011, em Londres, por Nelson Pretto.<\/a> <a href=\"http:\/\/blog.ufba.br\/nlpretto\/files\/2010\/03\/pretto_sinpro_14052010.mp3\">Depoimento sobre a hist\u00f3ria do SINPRO-BA para a disserta\u00e7\u00e3o de Cristina Kavalk.<\/a> <a href=\"http:\/\/blog.ufba.br\/nlpretto\/files\/2010\/03\/DD_0101pretto_cncti13042010.mp3\">Fala na na Confer\u00eancia Peparat\u00f3ria da 4a CNCTI &#8211; 20 min.<\/a> Spots criados pelos estudantes da <a href=\"http:\/\/www.radio.faced.ufba.br\" target=\"_blank\" rel=\"noopener\">R\u00e1dio Faced Web<\/a> para o lan\u00e7amento do livro Do WEB \u00e0 WEB livro:\u00a0<a href=\"http:\/\/blog.ufba.br\/nlpretto\/files\/2010\/03\/vinheta_01_livro_np.mp3\">Spot 01<\/a>\u00a0 | \u00a0<a href=\"http:\/\/blog.ufba.br\/nlpretto\/files\/2010\/03\/vinheta_02_livro_np.mp3\">Spot 02<\/a><\/p>\n","protected":false},"excerpt":{"rendered":"<p>Aqui na R\u00e1dio Mr. Blacck voc\u00ea encontra minhas entrevistas, debates e muito soutros \u00e1udios. Outros \u00e1udios: palestras, entrevistas e\u00a0otras cositas mas! &nbsp; Daqui voc\u00ea pode tamb\u00e9m voltar para: Coluna da Band News\u00a0(quadros antigos) Coluna Conex\u00f5es no programa Multicultura \u00a0na R\u00e1dio Educadora da Bahia. Canal de V\u00eddeos no RIPE Canal de V\u00eddeos no Youtbe &nbsp; Outros \u00e1udios: palestras, entrevistas e otras cositas mas! Fui entrevistado na \u00faltima sexta, dia 03.11.2017, por Mario Kert\u00e9sz\u00a0no Jornal do Meio dia da R\u00e1dio Metr\u00f3pole. O \u00e1udio postado pela r\u00e1dio est\u00e1 aqui. Tenho ela gravada do ar na \u00edntegra,\u00a0ou\u00e7a aqui no tocador, ou baixe o arquivo Entrevista com Andrez\u00e3o Sim\u00f5es no Programa Roda Baiana\/R\u00e1dio Metr\u00f3pole, quadro Rodando na Intimidade, no dia 24.10.2017. Foi muito bacana&#8230; Ou\u00e7a aqui, em duas partes.\u00a0Parte 1: ou\u00e7a no tocador ou baixe Parte2: ou\u00e7a no tocador ou baixe Programa A For\u00e7a do Povo com Moises Biset, na R\u00e1dio Cruzeiro 590 AM, dia 28.07.2017. Conversa sobre a 68\u00aa Reuni\u00e3o Anual da SBPC, cortes nos or\u00e7amentos de C&amp;T, crise pol\u00edtica e mais coisas.\u00a02017_07_28FORCAdoPOvoENTREVISTA NELSON PRETO &#8211; MOISES Programa Roda Baiana, com Fernando Guerreiro. Partiucipa\u00e7\u00e3o de Nelson Pretto, Messias Bandeira e Adolfo Transinetti. Ao vivo no dia 25\/05\/2017. Tema: P\u00f3s verdade e mucho mas! &#8211;\u00a0ou\u00e7a o \u00e1udio aqui Entrevista ao programa Multicultura, Educadora FM da Bahia, sobre o lan\u00e7amento do livro Uma dobra no Tempo &#8211; um memorial (quase) acad\u00eamico. Entrevista, bom papo, com Andrez\u00e3o Sim\u00f5es e Fernando Guerreiro no Roda Baiana &#8211; R\u00e1dio Metr\u00f3pole, \u00a0sobre o lan\u00e7amento do livro Uma dobra no Tempo &#8211; um memorial (quase) acad\u00eamico. Fiz uma editada para centrar na minha fala sobre o livro e educa\u00e7\u00e3o. Ou\u00e7a aqui: Fala de Nelson Pretto no V F\u00f3rum da Internet no Brasil, realizado em Salvador, Bahia em 17\/07\/2015. Ou\u00e7a aqui Entrevista a M\u00e1rio K\u00e9rtesz dia 14 de junho de 2013, sobre lan\u00e7amento do meu livro Reflex\u00f5es&#8230; e as manifesta\u00e7\u00f5es dos jovens em todo o Brasil naqueles dias. No site da R\u00e1dio Metropole. Entrevista, bom papo, com Andrez\u00e3o Sim\u00f5es e Fernando Guerreiro no Roda Baiana &#8211; R\u00e1dio Metr\u00f3pole, \u00a0sobre o lan\u00e7amento do livro Uma dobra no Tempo &#8211; um memorial (quase) acad\u00eamico. Fiz uma editada para centrar na minha fala sobre o livro e educa\u00e7\u00e3o. Fala de Nelson Pretto no V F\u00f3rum da Internet no Brasil, realizado em Salvador, Bahia em clique aqui para a p\u00e1gina de v\u00eddeos. http:\/\/www.youtube.com\/watch?v=t4UvwEC4rns 17\/07\/2015. Ou\u00e7a aqui Entrevista a M\u00e1rio K\u00e9rtesz dia 14 de junho de 2013, sobre lan\u00e7amento do meu livro Reflex\u00f5es&#8230; e as manifesta\u00e7\u00f5es dos jovens em todo o Brasil naqueles dias. No site da R\u00e1dio Metropole. Entrevista a Renato Cordeiro, programa Frequ\u00eancia Baiana, na Band News FM de Salvador, dia 17.06.2013, sobre lan\u00e7amento do livro Reflex\u00f5es&#8230; e as manifesta\u00e7\u00f5es dos jovens no Brasil. Ou\u00e7a aqui Debate na BandNews FM de Salvador sobre Livro Did\u00e1tico. Em 18.05.2011 com Nelson Pretto e Nildon Pitombo. Apresenta\u00e7\u00e3o Gabriela de Paulo e Renato Cordeiro. Entrevista \u00e0 jornalista Eduarda Uzeda (A Tarde) sobre a mudan\u00e7a do IRDEB para a Secretaria de Governo. Entrevista com Aquiles Alencar da Britsh Library, em 12.04.2011, em Londres, por Nelson Pretto. Depoimento sobre a hist\u00f3ria do SINPRO-BA para a disserta\u00e7\u00e3o de Cristina Kavalk. Fala na na Confer\u00eancia Peparat\u00f3ria da 4a CNCTI &#8211; 20 min. Spots criados pelos estudantes da R\u00e1dio Faced Web para o lan\u00e7amento do livro Do WEB \u00e0 WEB livro:\u00a0Spot 01\u00a0 | \u00a0Spot 02<\/p>\n","protected":false},"author":9,"featured_media":0,"parent":348,"menu_order":3,"comment_status":"open","ping_status":"open","template":"","meta":{"pgc_meta":"","_coblocks_attr":"","_coblocks_dimensions":"","_coblocks_responsive_height":"","_coblocks_accordion_ie_support":"","ocean_post_layout":"","ocean_both_sidebars_style":"","ocean_both_sidebars_content_width":0,"ocean_both_sidebars_sidebars_width":0,"ocean_sidebar":"","ocean_second_sidebar":"","ocean_disable_margins":"enable","ocean_add_body_class":"","ocean_shortcode_before_top_bar":"","ocean_shortcode_after_top_bar":"","ocean_shortcode_before_header":"","ocean_shortcode_after_header":"","ocean_has_shortcode":"","ocean_shortcode_after_title":"","ocean_shortcode_before_footer_widgets":"","ocean_shortcode_after_footer_widgets":"","ocean_shortcode_before_footer_bottom":"","ocean_shortcode_after_footer_bottom":"","ocean_display_top_bar":"default","ocean_display_header":"default","ocean_header_style":"","ocean_center_header_left_menu":"","ocean_custom_header_template":"","ocean_custom_logo":0,"ocean_custom_retina_logo":0,"ocean_custom_logo_max_width":0,"ocean_custom_logo_tablet_max_width":0,"ocean_custom_logo_mobile_max_width":0,"ocean_custom_logo_max_height":0,"ocean_custom_logo_tablet_max_height":0,"ocean_custom_logo_mobile_max_height":0,"ocean_header_custom_menu":"","ocean_menu_typo_font_family":"","ocean_menu_typo_font_subset":"","ocean_menu_typo_font_size":0,"ocean_menu_typo_font_size_tablet":0,"ocean_menu_typo_font_size_mobile":0,"ocean_menu_typo_font_size_unit":"px","ocean_menu_typo_font_weight":"","ocean_menu_typo_font_weight_tablet":"","ocean_menu_typo_font_weight_mobile":"","ocean_menu_typo_transform":"","ocean_menu_typo_transform_tablet":"","ocean_menu_typo_transform_mobile":"","ocean_menu_typo_line_height":0,"ocean_menu_typo_line_height_tablet":0,"ocean_menu_typo_line_height_mobile":0,"ocean_menu_typo_line_height_unit":"","ocean_menu_typo_spacing":0,"ocean_menu_typo_spacing_tablet":0,"ocean_menu_typo_spacing_mobile":0,"ocean_menu_typo_spacing_unit":"","ocean_menu_link_color":"","ocean_menu_link_color_hover":"","ocean_menu_link_color_active":"","ocean_menu_link_background":"","ocean_menu_link_hover_background":"","ocean_menu_link_active_background":"","ocean_menu_social_links_bg":"","ocean_menu_social_hover_links_bg":"","ocean_menu_social_links_color":"","ocean_menu_social_hover_links_color":"","ocean_disable_title":"default","ocean_disable_heading":"default","ocean_post_title":"","ocean_post_subheading":"","ocean_post_title_style":"","ocean_post_title_background_color":"","ocean_post_title_background":0,"ocean_post_title_bg_image_position":"","ocean_post_title_bg_image_attachment":"","ocean_post_title_bg_image_repeat":"","ocean_post_title_bg_image_size":"","ocean_post_title_height":0,"ocean_post_title_bg_overlay":0.5,"ocean_post_title_bg_overlay_color":"","ocean_disable_breadcrumbs":"default","ocean_breadcrumbs_color":"","ocean_breadcrumbs_separator_color":"","ocean_breadcrumbs_links_color":"","ocean_breadcrumbs_links_hover_color":"","ocean_display_footer_widgets":"default","ocean_display_footer_bottom":"default","ocean_custom_footer_template":"","_themeisle_gutenberg_block_has_review":false,"footnotes":""},"class_list":["post-4527","page","type-page","status-publish","hentry","entry"],"pgc_meta":"","_links":{"self":[{"href":"https:\/\/blog.ufba.br\/nelsonpretto\/wp-json\/wp\/v2\/pages\/4527"}],"collection":[{"href":"https:\/\/blog.ufba.br\/nelsonpretto\/wp-json\/wp\/v2\/pages"}],"about":[{"href":"https:\/\/blog.ufba.br\/nelsonpretto\/wp-json\/wp\/v2\/types\/page"}],"author":[{"embeddable":true,"href":"https:\/\/blog.ufba.br\/nelsonpretto\/wp-json\/wp\/v2\/users\/9"}],"replies":[{"embeddable":true,"href":"https:\/\/blog.ufba.br\/nelsonpretto\/wp-json\/wp\/v2\/comments?post=4527"}],"version-history":[{"count":0,"href":"https:\/\/blog.ufba.br\/nelsonpretto\/wp-json\/wp\/v2\/pages\/4527\/revisions"}],"up":[{"embeddable":true,"href":"https:\/\/blog.ufba.br\/nelsonpretto\/wp-json\/wp\/v2\/pages\/348"}],"wp:attachment":[{"href":"https:\/\/blog.ufba.br\/nelsonpretto\/wp-json\/wp\/v2\/media?parent=4527"}],"curies":[{"name":"wp","href":"https:\/\/api.w.org\/{rel}","templated":true}]}}