{"id":3437,"date":"2013-03-18T17:26:50","date_gmt":"2013-03-18T20:26:50","guid":{"rendered":"http:\/\/blog.ufba.br\/nlpretto\/?page_id=3437"},"modified":"2013-03-18T17:26:50","modified_gmt":"2013-03-18T20:26:50","slug":"smog-primeira-edicao","status":"publish","type":"page","link":"https:\/\/blog.ufba.br\/nelsonpretto\/publicacoes\/smog\/smog-primeira-edicao\/","title":{"rendered":"Smog &#8211; primeira edi\u00e7\u00e3o"},"content":{"rendered":"<p align=\"center\">[por uma imagem da capa do livro aqui]<\/p>\n<p align=\"center\">O lan\u00e7amento da primeira vers\u00e3o impressa foi no dia 13.12.2004 na Varanda do Centro Cultural do SESI\/Rio Vermelho.<\/p>\n<p>Foi uma bela festa com show do Grupo Mandaia, com Lula Gazineu, Ailton Reiner, Sergio Coentro, Cl\u00e1udia Cunha, H\u00e9lio Gazineo e Tuz\u00e9 de Abreu.<\/p>\n<p>Tamb\u00e9m houve uma linda proje\u00e7\u00e3o de slides de viagens sob o comando do arquiteto e artista gr\u00e1fico Paulo Canuto, com a sonoriza\u00e7\u00e3o alucinante d DJ Nadja Vladi.<\/p>\n<p>Uma conversa entre imagens e sons, yeah!.<\/p>\n<p>&nbsp;<\/p>\n<p>[as imagens podem ser postas aqui Ka, ou mistrurada com o texto acima&#8230;]<\/p>\n","protected":false},"excerpt":{"rendered":"<p>[por uma imagem da capa do livro aqui] O lan\u00e7amento da primeira vers\u00e3o impressa foi no dia 13.12.2004 na Varanda do Centro Cultural do SESI\/Rio Vermelho. Foi uma bela festa com show do Grupo Mandaia, com Lula Gazineu, Ailton Reiner, Sergio Coentro, Cl\u00e1udia Cunha, H\u00e9lio Gazineo e Tuz\u00e9 de Abreu. Tamb\u00e9m houve uma linda proje\u00e7\u00e3o de slides de viagens sob o comando do arquiteto e artista gr\u00e1fico Paulo Canuto, com a sonoriza\u00e7\u00e3o alucinante d DJ Nadja Vladi. Uma conversa entre imagens e sons, yeah!. &nbsp; [as imagens podem ser postas aqui Ka, ou mistrurada com o texto acima&#8230;]<\/p>\n","protected":false},"author":9,"featured_media":0,"parent":3297,"menu_order":0,"comment_status":"open","ping_status":"open","template":"","meta":{"pgc_meta":"","_coblocks_attr":"","_coblocks_dimensions":"","_coblocks_responsive_height":"","_coblocks_accordion_ie_support":"","ocean_post_layout":"","ocean_both_sidebars_style":"","ocean_both_sidebars_content_width":0,"ocean_both_sidebars_sidebars_width":0,"ocean_sidebar":"","ocean_second_sidebar":"","ocean_disable_margins":"enable","ocean_add_body_class":"","ocean_shortcode_before_top_bar":"","ocean_shortcode_after_top_bar":"","ocean_shortcode_before_header":"","ocean_shortcode_after_header":"","ocean_has_shortcode":"","ocean_shortcode_after_title":"","ocean_shortcode_before_footer_widgets":"","ocean_shortcode_after_footer_widgets":"","ocean_shortcode_before_footer_bottom":"","ocean_shortcode_after_footer_bottom":"","ocean_display_top_bar":"default","ocean_display_header":"default","ocean_header_style":"","ocean_center_header_left_menu":"","ocean_custom_header_template":"","ocean_custom_logo":0,"ocean_custom_retina_logo":0,"ocean_custom_logo_max_width":0,"ocean_custom_logo_tablet_max_width":0,"ocean_custom_logo_mobile_max_width":0,"ocean_custom_logo_max_height":0,"ocean_custom_logo_tablet_max_height":0,"ocean_custom_logo_mobile_max_height":0,"ocean_header_custom_menu":"","ocean_menu_typo_font_family":"","ocean_menu_typo_font_subset":"","ocean_menu_typo_font_size":0,"ocean_menu_typo_font_size_tablet":0,"ocean_menu_typo_font_size_mobile":0,"ocean_menu_typo_font_size_unit":"px","ocean_menu_typo_font_weight":"","ocean_menu_typo_font_weight_tablet":"","ocean_menu_typo_font_weight_mobile":"","ocean_menu_typo_transform":"","ocean_menu_typo_transform_tablet":"","ocean_menu_typo_transform_mobile":"","ocean_menu_typo_line_height":0,"ocean_menu_typo_line_height_tablet":0,"ocean_menu_typo_line_height_mobile":0,"ocean_menu_typo_line_height_unit":"","ocean_menu_typo_spacing":0,"ocean_menu_typo_spacing_tablet":0,"ocean_menu_typo_spacing_mobile":0,"ocean_menu_typo_spacing_unit":"","ocean_menu_link_color":"","ocean_menu_link_color_hover":"","ocean_menu_link_color_active":"","ocean_menu_link_background":"","ocean_menu_link_hover_background":"","ocean_menu_link_active_background":"","ocean_menu_social_links_bg":"","ocean_menu_social_hover_links_bg":"","ocean_menu_social_links_color":"","ocean_menu_social_hover_links_color":"","ocean_disable_title":"default","ocean_disable_heading":"default","ocean_post_title":"","ocean_post_subheading":"","ocean_post_title_style":"","ocean_post_title_background_color":"","ocean_post_title_background":0,"ocean_post_title_bg_image_position":"","ocean_post_title_bg_image_attachment":"","ocean_post_title_bg_image_repeat":"","ocean_post_title_bg_image_size":"","ocean_post_title_height":0,"ocean_post_title_bg_overlay":0.5,"ocean_post_title_bg_overlay_color":"","ocean_disable_breadcrumbs":"default","ocean_breadcrumbs_color":"","ocean_breadcrumbs_separator_color":"","ocean_breadcrumbs_links_color":"","ocean_breadcrumbs_links_hover_color":"","ocean_display_footer_widgets":"default","ocean_display_footer_bottom":"default","ocean_custom_footer_template":"","_themeisle_gutenberg_block_has_review":false,"footnotes":""},"class_list":["post-3437","page","type-page","status-publish","hentry","entry"],"pgc_meta":"","_links":{"self":[{"href":"https:\/\/blog.ufba.br\/nelsonpretto\/wp-json\/wp\/v2\/pages\/3437"}],"collection":[{"href":"https:\/\/blog.ufba.br\/nelsonpretto\/wp-json\/wp\/v2\/pages"}],"about":[{"href":"https:\/\/blog.ufba.br\/nelsonpretto\/wp-json\/wp\/v2\/types\/page"}],"author":[{"embeddable":true,"href":"https:\/\/blog.ufba.br\/nelsonpretto\/wp-json\/wp\/v2\/users\/9"}],"replies":[{"embeddable":true,"href":"https:\/\/blog.ufba.br\/nelsonpretto\/wp-json\/wp\/v2\/comments?post=3437"}],"version-history":[{"count":0,"href":"https:\/\/blog.ufba.br\/nelsonpretto\/wp-json\/wp\/v2\/pages\/3437\/revisions"}],"up":[{"embeddable":true,"href":"https:\/\/blog.ufba.br\/nelsonpretto\/wp-json\/wp\/v2\/pages\/3297"}],"wp:attachment":[{"href":"https:\/\/blog.ufba.br\/nelsonpretto\/wp-json\/wp\/v2\/media?parent=3437"}],"curies":[{"name":"wp","href":"https:\/\/api.w.org\/{rel}","templated":true}]}}