{"id":3297,"date":"2013-02-14T09:51:27","date_gmt":"2013-02-14T12:51:27","guid":{"rendered":"http:\/\/blog.ufba.br\/nlpretto\/?page_id=3297"},"modified":"2013-02-14T09:51:27","modified_gmt":"2013-02-14T12:51:27","slug":"smog","status":"publish","type":"page","link":"https:\/\/blog.ufba.br\/nelsonpretto\/publicacoes\/smog\/","title":{"rendered":"Smog"},"content":{"rendered":"<table width=\"1340\" border=\"0\">\n<tbody>\n<tr>\n<td><a href=\"http:\/\/blog.ufba.br\/nlpretto\/files\/2013\/04\/smog_pretto2013.epub_.zip\"><img fetchpriority=\"high\" decoding=\"async\" src=\"http:\/\/blog.ufba.br\/nlpretto\/files\/2013\/04\/parte1.png\" alt=\"smog_parte1\" width=\"221\" height=\"487\" \/><\/a><a href=\"http:\/\/blog.ufba.br\/nlpretto\/files\/2013\/02\/smog-20-02-13.pdf\"><img decoding=\"async\" src=\"http:\/\/blog.ufba.br\/nlpretto\/files\/2013\/04\/parte2.png\" alt=\"smog_parte2\" width=\"207\" height=\"487\" \/><\/a><a href=\"http:\/\/fotolog.terra.com.br\/smog_cronicas:A\"><img decoding=\"async\" src=\"http:\/\/blog.ufba.br\/nlpretto\/files\/2013\/04\/parte3.png\" alt=\"smog_parte3\" width=\"212\" height=\"487\" \/><\/a><a href=\"http:\/\/www3.faced.ufba.br\/~pretto\/london\/smog\/smog.htm\"><img loading=\"lazy\" decoding=\"async\" src=\"http:\/\/blog.ufba.br\/nlpretto\/files\/2013\/04\/parte4.png\" alt=\"smog_parte4\" width=\"214\" height=\"487\" \/><\/a><\/td>\n<\/tr>\n<\/tbody>\n<\/table>\n<p align=\"center\">\u00a0| <a title=\"Ebup Compactado\" href=\"http:\/\/blog.ufba.br\/nlpretto\/files\/2013\/04\/smog_pretto2013.epub_.zip\">descarregue em epub.2013<\/a> | <a href=\"http:\/\/blog.ufba.br\/nlpretto\/files\/2013\/02\/smog-20-02-13.pdf\" target=\"_blank\" rel=\"noopener\">descarregue o pdf.2013<\/a> | <a href=\"http:\/\/www3.faced.ufba.br\/~pretto\/london\/smog\/smog.htm\" target=\"_blank\" rel=\"noopener\">p\u00e1gina do <em>smog<\/em> original<\/a> | <a title=\"nelson pretto\" href=\"http:\/\/www.pretto.info\" target=\"_blank\" rel=\"noopener\">p\u00e1gina inicial de nelson pretto<\/a> |<\/p>\n<p style=\"text-align: center\"><strong><span style=\"font-size: xx-large;color: #ff0000\">Relan\u00e7amento <\/span><\/strong><strong><span style=\"font-size: xx-large;color: #ff0000\">em vers\u00e3o eletr\u00f4nica <\/span><\/strong><strong><span style=\"font-size: xx-large;color: #ff0000\">em maio de 2013. aguarde!<\/span><\/strong><\/p>\n<p style=\"text-align: center\" dir=\"ltr\">vers\u00e3o <em>epub<\/em> gratuita: ISBN 978-85-89283-18-2<\/p>\n<p dir=\"ltr\"><img decoding=\"async\" class=\"aligncenter\" src=\"https:\/\/lh3.googleusercontent.com\/dwsAZOwaKRcDIo71sWs5sOqtOHKbhaJZLckx-W3IK4PNM6dy3qQT_5YXo07_V4_kKGWUluB2da82c4tTCHL_oOxa9Jok2hvwfXSNzmGzPzuRYM1yPzi9leTn9A\" alt=\"\" width=\"136px;\" height=\"65px;\" \/><\/p>\n<p style=\"text-align: center\">vers\u00e3o <em>pdf<\/em> gratuita: ISBN: 978-85-89283-19-9<\/p>\n<p style=\"text-align: center\"><img decoding=\"async\" src=\"https:\/\/lh5.googleusercontent.com\/E5ulqa7CjqAfqIvD7ukzIAuQ_ff6Mzw_uUBM_R_nyb1DyiBpe2lpPBGm1KK34UqKXU-MFJDjPjhj89EHkWz4pLMbAazy_zmUsqyt4BAz7InCCFhbZCQJ6lsbbw\" alt=\"\" width=\"136px;\" height=\"65px;\" \/><\/p>\n<p style=\"text-align: center\"><span style=\"font-size: x-large;color: #000080\">\u00a0<a title=\"Lan\u00e7amento da 1a edi\u00e7\u00e3o de Smog\" href=\"https:\/\/blog.ufba.br\/nlpretto\/?page_id=3437\" target=\"_blank\" rel=\"noopener\"><span style=\"color: #000080\">veja aqui<\/span><\/a> lan\u00e7amento da primeira edi\u00e7\u00e3o em 2004.<\/span><\/p>\n","protected":false},"excerpt":{"rendered":"<p>\u00a0| descarregue em epub.2013 | descarregue o pdf.2013 | p\u00e1gina do smog original | p\u00e1gina inicial de nelson pretto | Relan\u00e7amento em vers\u00e3o eletr\u00f4nica em maio de 2013. aguarde! vers\u00e3o epub gratuita: ISBN 978-85-89283-18-2 vers\u00e3o pdf gratuita: ISBN: 978-85-89283-19-9 \u00a0veja aqui lan\u00e7amento da primeira edi\u00e7\u00e3o em 2004.<\/p>\n","protected":false},"author":9,"featured_media":0,"parent":31,"menu_order":1,"comment_status":"open","ping_status":"open","template":"","meta":{"pgc_meta":"","_coblocks_attr":"","_coblocks_dimensions":"","_coblocks_responsive_height":"","_coblocks_accordion_ie_support":"","ocean_post_layout":"","ocean_both_sidebars_style":"","ocean_both_sidebars_content_width":0,"ocean_both_sidebars_sidebars_width":0,"ocean_sidebar":"","ocean_second_sidebar":"","ocean_disable_margins":"enable","ocean_add_body_class":"","ocean_shortcode_before_top_bar":"","ocean_shortcode_after_top_bar":"","ocean_shortcode_before_header":"","ocean_shortcode_after_header":"","ocean_has_shortcode":"","ocean_shortcode_after_title":"","ocean_shortcode_before_footer_widgets":"","ocean_shortcode_after_footer_widgets":"","ocean_shortcode_before_footer_bottom":"","ocean_shortcode_after_footer_bottom":"","ocean_display_top_bar":"default","ocean_display_header":"default","ocean_header_style":"","ocean_center_header_left_menu":"","ocean_custom_header_template":"","ocean_custom_logo":0,"ocean_custom_retina_logo":0,"ocean_custom_logo_max_width":0,"ocean_custom_logo_tablet_max_width":0,"ocean_custom_logo_mobile_max_width":0,"ocean_custom_logo_max_height":0,"ocean_custom_logo_tablet_max_height":0,"ocean_custom_logo_mobile_max_height":0,"ocean_header_custom_menu":"","ocean_menu_typo_font_family":"","ocean_menu_typo_font_subset":"","ocean_menu_typo_font_size":0,"ocean_menu_typo_font_size_tablet":0,"ocean_menu_typo_font_size_mobile":0,"ocean_menu_typo_font_size_unit":"px","ocean_menu_typo_font_weight":"","ocean_menu_typo_font_weight_tablet":"","ocean_menu_typo_font_weight_mobile":"","ocean_menu_typo_transform":"","ocean_menu_typo_transform_tablet":"","ocean_menu_typo_transform_mobile":"","ocean_menu_typo_line_height":0,"ocean_menu_typo_line_height_tablet":0,"ocean_menu_typo_line_height_mobile":0,"ocean_menu_typo_line_height_unit":"","ocean_menu_typo_spacing":0,"ocean_menu_typo_spacing_tablet":0,"ocean_menu_typo_spacing_mobile":0,"ocean_menu_typo_spacing_unit":"","ocean_menu_link_color":"","ocean_menu_link_color_hover":"","ocean_menu_link_color_active":"","ocean_menu_link_background":"","ocean_menu_link_hover_background":"","ocean_menu_link_active_background":"","ocean_menu_social_links_bg":"","ocean_menu_social_hover_links_bg":"","ocean_menu_social_links_color":"","ocean_menu_social_hover_links_color":"","ocean_disable_title":"default","ocean_disable_heading":"default","ocean_post_title":"","ocean_post_subheading":"","ocean_post_title_style":"","ocean_post_title_background_color":"","ocean_post_title_background":0,"ocean_post_title_bg_image_position":"","ocean_post_title_bg_image_attachment":"","ocean_post_title_bg_image_repeat":"","ocean_post_title_bg_image_size":"","ocean_post_title_height":0,"ocean_post_title_bg_overlay":0.5,"ocean_post_title_bg_overlay_color":"","ocean_disable_breadcrumbs":"default","ocean_breadcrumbs_color":"","ocean_breadcrumbs_separator_color":"","ocean_breadcrumbs_links_color":"","ocean_breadcrumbs_links_hover_color":"","ocean_display_footer_widgets":"default","ocean_display_footer_bottom":"default","ocean_custom_footer_template":"","_themeisle_gutenberg_block_has_review":false,"footnotes":""},"class_list":["post-3297","page","type-page","status-publish","hentry","entry"],"pgc_meta":"","_links":{"self":[{"href":"https:\/\/blog.ufba.br\/nelsonpretto\/wp-json\/wp\/v2\/pages\/3297"}],"collection":[{"href":"https:\/\/blog.ufba.br\/nelsonpretto\/wp-json\/wp\/v2\/pages"}],"about":[{"href":"https:\/\/blog.ufba.br\/nelsonpretto\/wp-json\/wp\/v2\/types\/page"}],"author":[{"embeddable":true,"href":"https:\/\/blog.ufba.br\/nelsonpretto\/wp-json\/wp\/v2\/users\/9"}],"replies":[{"embeddable":true,"href":"https:\/\/blog.ufba.br\/nelsonpretto\/wp-json\/wp\/v2\/comments?post=3297"}],"version-history":[{"count":0,"href":"https:\/\/blog.ufba.br\/nelsonpretto\/wp-json\/wp\/v2\/pages\/3297\/revisions"}],"up":[{"embeddable":true,"href":"https:\/\/blog.ufba.br\/nelsonpretto\/wp-json\/wp\/v2\/pages\/31"}],"wp:attachment":[{"href":"https:\/\/blog.ufba.br\/nelsonpretto\/wp-json\/wp\/v2\/media?parent=3297"}],"curies":[{"name":"wp","href":"https:\/\/api.w.org\/{rel}","templated":true}]}}