{"id":254,"date":"2010-03-03T19:13:02","date_gmt":"2010-03-03T22:13:02","guid":{"rendered":"http:\/\/blog.ufba.br\/nlpretto\/?page_id=254"},"modified":"2023-04-11T00:21:47","modified_gmt":"2023-04-11T03:21:47","slug":"escritos-sobre-educacao-comunicacao-e-culturas","status":"publish","type":"page","link":"https:\/\/blog.ufba.br\/nelsonpretto\/publicacoes\/livros-e-capitulos-publicados\/escritos-sobre-educacao-comunicacao-e-culturas\/","title":{"rendered":"Escritos sobre Educa\u00e7\u00e3o, Comunica\u00e7\u00e3o e Culturas"},"content":{"rendered":"<p style=\"text-align: center\"><span style=\"color: #000000\"> <\/span><\/p>\n<p style=\"text-align: center\"><span style=\"color: #000000\"><a href=\"http:\/\/blog.ufba.br\/nlpretto\/files\/2010\/03\/pretto_capa1.jpg\"><img fetchpriority=\"high\" decoding=\"async\" class=\"aligncenter size-medium wp-image-1044\" title=\"pretto_capa1\" src=\"http:\/\/blog.ufba.br\/nlpretto\/files\/2010\/03\/pretto_capa1-200x300.jpg\" alt=\"\" width=\"200\" height=\"300\" \/><\/a> <\/span><\/p>\n<p style=\"text-align: center\"><span style=\"color: #000000\">link para o <a href=\"http:\/\/books.google.co.uk\/books?hl=en&amp;lr=&amp;id=O61px4DISOkC&amp;oi=fnd&amp;pg=PA9&amp;dq=%22Escritos+sobre+educa%C3%A7%C3%A3o,+comunica%C3%A7%C3%A3o+e+cultura%22&amp;ots=8JMhpJqy0C&amp;sig=d12CKZyT0zmGKXjQwr1VeZKLIGA#PPA13,M1\" target=\"_top\" rel=\"noopener\">Google Scholar<\/a><\/span><\/p>\n<p style=\"text-align: center\"><span style=\"color: #000000\"><img decoding=\"async\" src=\"http:\/\/twiki.ufba.br\/twiki\/pub\/Pretto\/WebHome\/folder_papirus_pretto.gif\" alt=\"folder_papirus_pretto.gif\" \/> <\/span><\/p>\n<p style=\"text-align: center\"><span style=\"color: #000000\"><img decoding=\"async\" src=\"http:\/\/twiki.ufba.br\/twiki\/pub\/Pretto\/PrettoArtigos\/escritos_convite.gif\" alt=\"escritos_convite.gif\" width=\"360\" height=\"690\" \/><\/span><\/p>\n<h3>Fotos do lan\u00e7amento do livro<\/h3>\n<p><a href=\"http:\/\/blog.ufba.br\/nlpretto\/files\/2010\/03\/LctoEscritos01.jpg\"><img decoding=\"async\" class=\"alignnone size-full wp-image-1045\" title=\"LctoEscritos01\" src=\"http:\/\/blog.ufba.br\/nlpretto\/files\/2010\/03\/LctoEscritos01.jpg\" alt=\"\" width=\"160\" height=\"160\" srcset=\"https:\/\/blog.ufba.br\/nelsonpretto\/wp-content\/uploads\/sites\/106\/2010\/03\/LctoEscritos01.jpg 160w, https:\/\/blog.ufba.br\/nelsonpretto\/wp-content\/uploads\/sites\/106\/2010\/03\/LctoEscritos01-150x150.jpg 150w\" sizes=\"(max-width: 160px) 100vw, 160px\" \/><\/a><\/p>\n","protected":false},"excerpt":{"rendered":"<p>link para o Google Scholar Fotos do lan\u00e7amento do livro<\/p>\n","protected":false},"author":9,"featured_media":0,"parent":273,"menu_order":0,"comment_status":"closed","ping_status":"closed","template":"page-2col-left.php","meta":{"pgc_meta":"","_coblocks_attr":"","_coblocks_dimensions":"","_coblocks_responsive_height":"","_coblocks_accordion_ie_support":"","ocean_post_layout":"","ocean_both_sidebars_style":"","ocean_both_sidebars_content_width":0,"ocean_both_sidebars_sidebars_width":0,"ocean_sidebar":"","ocean_second_sidebar":"","ocean_disable_margins":"enable","ocean_add_body_class":"","ocean_shortcode_before_top_bar":"","ocean_shortcode_after_top_bar":"","ocean_shortcode_before_header":"","ocean_shortcode_after_header":"","ocean_has_shortcode":"","ocean_shortcode_after_title":"","ocean_shortcode_before_footer_widgets":"","ocean_shortcode_after_footer_widgets":"","ocean_shortcode_before_footer_bottom":"","ocean_shortcode_after_footer_bottom":"","ocean_display_top_bar":"default","ocean_display_header":"default","ocean_header_style":"","ocean_center_header_left_menu":"","ocean_custom_header_template":"","ocean_custom_logo":0,"ocean_custom_retina_logo":0,"ocean_custom_logo_max_width":0,"ocean_custom_logo_tablet_max_width":0,"ocean_custom_logo_mobile_max_width":0,"ocean_custom_logo_max_height":0,"ocean_custom_logo_tablet_max_height":0,"ocean_custom_logo_mobile_max_height":0,"ocean_header_custom_menu":"","ocean_menu_typo_font_family":"","ocean_menu_typo_font_subset":"","ocean_menu_typo_font_size":0,"ocean_menu_typo_font_size_tablet":0,"ocean_menu_typo_font_size_mobile":0,"ocean_menu_typo_font_size_unit":"px","ocean_menu_typo_font_weight":"","ocean_menu_typo_font_weight_tablet":"","ocean_menu_typo_font_weight_mobile":"","ocean_menu_typo_transform":"","ocean_menu_typo_transform_tablet":"","ocean_menu_typo_transform_mobile":"","ocean_menu_typo_line_height":0,"ocean_menu_typo_line_height_tablet":0,"ocean_menu_typo_line_height_mobile":0,"ocean_menu_typo_line_height_unit":"","ocean_menu_typo_spacing":0,"ocean_menu_typo_spacing_tablet":0,"ocean_menu_typo_spacing_mobile":0,"ocean_menu_typo_spacing_unit":"","ocean_menu_link_color":"","ocean_menu_link_color_hover":"","ocean_menu_link_color_active":"","ocean_menu_link_background":"","ocean_menu_link_hover_background":"","ocean_menu_link_active_background":"","ocean_menu_social_links_bg":"","ocean_menu_social_hover_links_bg":"","ocean_menu_social_links_color":"","ocean_menu_social_hover_links_color":"","ocean_disable_title":"default","ocean_disable_heading":"default","ocean_post_title":"","ocean_post_subheading":"","ocean_post_title_style":"","ocean_post_title_background_color":"","ocean_post_title_background":0,"ocean_post_title_bg_image_position":"","ocean_post_title_bg_image_attachment":"","ocean_post_title_bg_image_repeat":"","ocean_post_title_bg_image_size":"","ocean_post_title_height":0,"ocean_post_title_bg_overlay":0.5,"ocean_post_title_bg_overlay_color":"","ocean_disable_breadcrumbs":"default","ocean_breadcrumbs_color":"","ocean_breadcrumbs_separator_color":"","ocean_breadcrumbs_links_color":"","ocean_breadcrumbs_links_hover_color":"","ocean_display_footer_widgets":"default","ocean_display_footer_bottom":"default","ocean_custom_footer_template":"","_themeisle_gutenberg_block_has_review":false,"footnotes":""},"class_list":["post-254","page","type-page","status-publish","hentry","entry"],"pgc_meta":"","_links":{"self":[{"href":"https:\/\/blog.ufba.br\/nelsonpretto\/wp-json\/wp\/v2\/pages\/254"}],"collection":[{"href":"https:\/\/blog.ufba.br\/nelsonpretto\/wp-json\/wp\/v2\/pages"}],"about":[{"href":"https:\/\/blog.ufba.br\/nelsonpretto\/wp-json\/wp\/v2\/types\/page"}],"author":[{"embeddable":true,"href":"https:\/\/blog.ufba.br\/nelsonpretto\/wp-json\/wp\/v2\/users\/9"}],"replies":[{"embeddable":true,"href":"https:\/\/blog.ufba.br\/nelsonpretto\/wp-json\/wp\/v2\/comments?post=254"}],"version-history":[{"count":0,"href":"https:\/\/blog.ufba.br\/nelsonpretto\/wp-json\/wp\/v2\/pages\/254\/revisions"}],"up":[{"embeddable":true,"href":"https:\/\/blog.ufba.br\/nelsonpretto\/wp-json\/wp\/v2\/pages\/273"}],"wp:attachment":[{"href":"https:\/\/blog.ufba.br\/nelsonpretto\/wp-json\/wp\/v2\/media?parent=254"}],"curies":[{"name":"wp","href":"https:\/\/api.w.org\/{rel}","templated":true}]}}